{"id":9738,"date":"2019-03-21T14:13:39","date_gmt":"2019-03-21T13:13:41","guid":{"rendered":"https:\/\/floore.se\/?post_type=product&#038;p=9738"},"modified":"2020-05-11T14:37:44","modified_gmt":"2020-05-11T12:37:44","slug":"manifold-cabinet-ext-for-surface-mounting","status":"publish","type":"product","link":"https:\/\/floore.se\/en\/butik\/installation-cabinets\/manifold-cabinet-ext-for-surface-mounting\/","title":{"rendered":"Manifold cabinet for surface mounting"},"content":{"rendered":"","protected":false},"excerpt":{"rendered":"<p class=\"p1\">Our installation cabinets for underfloor heating make it easy to hide the underfloor heating system fittings. The cabinets are made of white painted sheet metal and the indoor variant in accordance with the S\u00e4ker Vatten safe water regulations, with a sealed base with rubber grommets for the underfloor heating pipes and a recess in the base for any water that might leak to be directed to a location where it can quickly be detected.<\/p>\n<p class=\"p1\">The cabinets have space to install a heating control unit above the manifold.<\/p>\n<p class=\"p1\">Space for the bypass and ball valve is included in the above calculation for underfloor heating manifolds.<\/p>\n","protected":false},"featured_media":10364,"comment_status":"closed","ping_status":"closed","template":"","meta":{"_acf_changed":false},"product_brand":[],"product_cat":[1262],"product_tag":[],"class_list":{"0":"post-9738","1":"product","2":"type-product","3":"status-publish","4":"has-post-thumbnail","6":"product_cat-installation-cabinets","9":"first","10":"instock","11":"taxable","12":"shipping-taxable","13":"purchasable","14":"product-type-variable"},"acf":[],"yoast_head":"<!-- This site is optimized with the Yoast SEO Premium plugin v26.3 (Yoast SEO v27.4) - https:\/\/yoast.com\/product\/yoast-seo-premium-wordpress\/ -->\n<title>Manifold cabinet for surface mounting &#8211; Floor\u00e9 V\u00e4rmegolv<\/title>\n<meta name=\"robots\" content=\"index, follow, max-snippet:-1, max-image-preview:large, max-video-preview:-1\" \/>\n<link rel=\"canonical\" href=\"https:\/\/floore.se\/en\/butik\/installation-cabinets\/manifold-cabinet-ext-for-surface-mounting\/\" \/>\n<meta property=\"og:locale\" content=\"en_US\" \/>\n<meta property=\"og:type\" content=\"article\" \/>\n<meta property=\"og:title\" content=\"Manifold cabinet for surface mounting\" \/>\n<meta property=\"og:description\" content=\"Our installation cabinets for underfloor heating make it easy to hide the underfloor heating system fittings. The cabinets are made of white painted sheet metal and the indoor variant in accordance with the S\u00e4ker Vatten safe water regulations, with a sealed base with rubber grommets for the underfloor heating pipes and a recess in the base for any water that might leak to be directed to a location where it can quickly be detected. The cabinets have space to install a heating control unit above the manifold. Space for the bypass and ball valve is included in the above calculation for underfloor heating manifolds.\" \/>\n<meta property=\"og:url\" content=\"https:\/\/floore.se\/en\/butik\/installation-cabinets\/manifold-cabinet-ext-for-surface-mounting\/\" \/>\n<meta property=\"og:site_name\" content=\"Floor\u00e9 V\u00e4rmegolv\" \/>\n<meta property=\"article:modified_time\" content=\"2020-05-11T12:37:44+00:00\" \/>\n<meta property=\"og:image\" content=\"https:\/\/floore.se\/wp-content\/uploads\/41586-1.jpg\" \/>\n\t<meta property=\"og:image:width\" content=\"1000\" \/>\n\t<meta property=\"og:image:height\" content=\"1000\" \/>\n\t<meta property=\"og:image:type\" content=\"image\/jpeg\" \/>\n<script type=\"application\/ld+json\" class=\"yoast-schema-graph\">{\"@context\":\"https:\\\/\\\/schema.org\",\"@graph\":[{\"@type\":\"WebPage\",\"@id\":\"https:\\\/\\\/floore.se\\\/en\\\/butik\\\/installation-cabinets\\\/manifold-cabinet-ext-for-surface-mounting\\\/\",\"url\":\"https:\\\/\\\/floore.se\\\/en\\\/butik\\\/installation-cabinets\\\/manifold-cabinet-ext-for-surface-mounting\\\/\",\"name\":\"Manifold cabinet for surface mounting &#8211; Floor\u00e9 V\u00e4rmegolv\",\"isPartOf\":{\"@id\":\"https:\\\/\\\/floore.se\\\/#website\"},\"primaryImageOfPage\":{\"@id\":\"https:\\\/\\\/floore.se\\\/en\\\/butik\\\/installation-cabinets\\\/manifold-cabinet-ext-for-surface-mounting\\\/#primaryimage\"},\"image\":{\"@id\":\"https:\\\/\\\/floore.se\\\/en\\\/butik\\\/installation-cabinets\\\/manifold-cabinet-ext-for-surface-mounting\\\/#primaryimage\"},\"thumbnailUrl\":\"https:\\\/\\\/floore.se\\\/wp-content\\\/uploads\\\/41586-1.jpg\",\"datePublished\":\"2019-03-21T13:13:41+00:00\",\"dateModified\":\"2020-05-11T12:37:44+00:00\",\"breadcrumb\":{\"@id\":\"https:\\\/\\\/floore.se\\\/en\\\/butik\\\/installation-cabinets\\\/manifold-cabinet-ext-for-surface-mounting\\\/#breadcrumb\"},\"inLanguage\":\"en-US\",\"potentialAction\":[{\"@type\":\"ReadAction\",\"target\":[\"https:\\\/\\\/floore.se\\\/en\\\/butik\\\/installation-cabinets\\\/manifold-cabinet-ext-for-surface-mounting\\\/\"]}]},{\"@type\":\"ImageObject\",\"inLanguage\":\"en-US\",\"@id\":\"https:\\\/\\\/floore.se\\\/en\\\/butik\\\/installation-cabinets\\\/manifold-cabinet-ext-for-surface-mounting\\\/#primaryimage\",\"url\":\"https:\\\/\\\/floore.se\\\/wp-content\\\/uploads\\\/41586-1.jpg\",\"contentUrl\":\"https:\\\/\\\/floore.se\\\/wp-content\\\/uploads\\\/41586-1.jpg\",\"width\":1000,\"height\":1000},{\"@type\":\"BreadcrumbList\",\"@id\":\"https:\\\/\\\/floore.se\\\/en\\\/butik\\\/installation-cabinets\\\/manifold-cabinet-ext-for-surface-mounting\\\/#breadcrumb\",\"itemListElement\":[{\"@type\":\"ListItem\",\"position\":1,\"name\":\"Hem\",\"item\":\"https:\\\/\\\/floore.se\\\/en\\\/golvvarme-unik-vattenburen-golvvarme-floore-varmegolv\\\/\"},{\"@type\":\"ListItem\",\"position\":2,\"name\":\"Shop\",\"item\":\"https:\\\/\\\/floore.se\\\/en\\\/shop\\\/\"},{\"@type\":\"ListItem\",\"position\":3,\"name\":\"Manifold cabinet for surface mounting\"}]},{\"@type\":\"WebSite\",\"@id\":\"https:\\\/\\\/floore.se\\\/#website\",\"url\":\"https:\\\/\\\/floore.se\\\/\",\"name\":\"Floor\u00e9 V\u00e4rmegolv\",\"description\":\"Vattenburen golvv\u00e4rme \u2013 ett av marknadens tunnaste\",\"potentialAction\":[{\"@type\":\"SearchAction\",\"target\":{\"@type\":\"EntryPoint\",\"urlTemplate\":\"https:\\\/\\\/floore.se\\\/?s={search_term_string}\"},\"query-input\":{\"@type\":\"PropertyValueSpecification\",\"valueRequired\":true,\"valueName\":\"search_term_string\"}}],\"inLanguage\":\"en-US\"}]}<\/script>\n<!-- \/ Yoast SEO Premium plugin. -->","yoast_head_json":{"title":"Manifold cabinet for surface mounting &#8211; Floor\u00e9 V\u00e4rmegolv","robots":{"index":"index","follow":"follow","max-snippet":"max-snippet:-1","max-image-preview":"max-image-preview:large","max-video-preview":"max-video-preview:-1"},"canonical":"https:\/\/floore.se\/en\/butik\/installation-cabinets\/manifold-cabinet-ext-for-surface-mounting\/","og_locale":"en_US","og_type":"article","og_title":"Manifold cabinet for surface mounting","og_description":"Our installation cabinets for underfloor heating make it easy to hide the underfloor heating system fittings. The cabinets are made of white painted sheet metal and the indoor variant in accordance with the S\u00e4ker Vatten safe water regulations, with a sealed base with rubber grommets for the underfloor heating pipes and a recess in the base for any water that might leak to be directed to a location where it can quickly be detected. The cabinets have space to install a heating control unit above the manifold. Space for the bypass and ball valve is included in the above calculation for underfloor heating manifolds.","og_url":"https:\/\/floore.se\/en\/butik\/installation-cabinets\/manifold-cabinet-ext-for-surface-mounting\/","og_site_name":"Floor\u00e9 V\u00e4rmegolv","article_modified_time":"2020-05-11T12:37:44+00:00","og_image":[{"width":1000,"height":1000,"url":"https:\/\/floore.se\/wp-content\/uploads\/41586-1.jpg","type":"image\/jpeg"}],"schema":{"@context":"https:\/\/schema.org","@graph":[{"@type":"WebPage","@id":"https:\/\/floore.se\/en\/butik\/installation-cabinets\/manifold-cabinet-ext-for-surface-mounting\/","url":"https:\/\/floore.se\/en\/butik\/installation-cabinets\/manifold-cabinet-ext-for-surface-mounting\/","name":"Manifold cabinet for surface mounting &#8211; Floor\u00e9 V\u00e4rmegolv","isPartOf":{"@id":"https:\/\/floore.se\/#website"},"primaryImageOfPage":{"@id":"https:\/\/floore.se\/en\/butik\/installation-cabinets\/manifold-cabinet-ext-for-surface-mounting\/#primaryimage"},"image":{"@id":"https:\/\/floore.se\/en\/butik\/installation-cabinets\/manifold-cabinet-ext-for-surface-mounting\/#primaryimage"},"thumbnailUrl":"https:\/\/floore.se\/wp-content\/uploads\/41586-1.jpg","datePublished":"2019-03-21T13:13:41+00:00","dateModified":"2020-05-11T12:37:44+00:00","breadcrumb":{"@id":"https:\/\/floore.se\/en\/butik\/installation-cabinets\/manifold-cabinet-ext-for-surface-mounting\/#breadcrumb"},"inLanguage":"en-US","potentialAction":[{"@type":"ReadAction","target":["https:\/\/floore.se\/en\/butik\/installation-cabinets\/manifold-cabinet-ext-for-surface-mounting\/"]}]},{"@type":"ImageObject","inLanguage":"en-US","@id":"https:\/\/floore.se\/en\/butik\/installation-cabinets\/manifold-cabinet-ext-for-surface-mounting\/#primaryimage","url":"https:\/\/floore.se\/wp-content\/uploads\/41586-1.jpg","contentUrl":"https:\/\/floore.se\/wp-content\/uploads\/41586-1.jpg","width":1000,"height":1000},{"@type":"BreadcrumbList","@id":"https:\/\/floore.se\/en\/butik\/installation-cabinets\/manifold-cabinet-ext-for-surface-mounting\/#breadcrumb","itemListElement":[{"@type":"ListItem","position":1,"name":"Hem","item":"https:\/\/floore.se\/en\/golvvarme-unik-vattenburen-golvvarme-floore-varmegolv\/"},{"@type":"ListItem","position":2,"name":"Shop","item":"https:\/\/floore.se\/en\/shop\/"},{"@type":"ListItem","position":3,"name":"Manifold cabinet for surface mounting"}]},{"@type":"WebSite","@id":"https:\/\/floore.se\/#website","url":"https:\/\/floore.se\/","name":"Floor\u00e9 V\u00e4rmegolv","description":"Vattenburen golvv\u00e4rme \u2013 ett av marknadens tunnaste","potentialAction":[{"@type":"SearchAction","target":{"@type":"EntryPoint","urlTemplate":"https:\/\/floore.se\/?s={search_term_string}"},"query-input":{"@type":"PropertyValueSpecification","valueRequired":true,"valueName":"search_term_string"}}],"inLanguage":"en-US"}]}},"_links":{"self":[{"href":"https:\/\/floore.se\/en\/wp-json\/wp\/v2\/product\/9738","targetHints":{"allow":["GET"]}}],"collection":[{"href":"https:\/\/floore.se\/en\/wp-json\/wp\/v2\/product"}],"about":[{"href":"https:\/\/floore.se\/en\/wp-json\/wp\/v2\/types\/product"}],"replies":[{"embeddable":true,"href":"https:\/\/floore.se\/en\/wp-json\/wp\/v2\/comments?post=9738"}],"wp:featuredmedia":[{"embeddable":true,"href":"https:\/\/floore.se\/en\/wp-json\/wp\/v2\/media\/10364"}],"wp:attachment":[{"href":"https:\/\/floore.se\/en\/wp-json\/wp\/v2\/media?parent=9738"}],"wp:term":[{"taxonomy":"product_brand","embeddable":true,"href":"https:\/\/floore.se\/en\/wp-json\/wp\/v2\/product_brand?post=9738"},{"taxonomy":"product_cat","embeddable":true,"href":"https:\/\/floore.se\/en\/wp-json\/wp\/v2\/product_cat?post=9738"},{"taxonomy":"product_tag","embeddable":true,"href":"https:\/\/floore.se\/en\/wp-json\/wp\/v2\/product_tag?post=9738"}],"curies":[{"name":"wp","href":"https:\/\/api.w.org\/{rel}","templated":true}]}}