{"id":9716,"date":"2021-08-21T15:00:29","date_gmt":"2018-08-21T13:00:29","guid":{"rendered":"https:\/\/floore.se\/produkt\/mixing-unit-fs-65\/"},"modified":"2019-08-27T11:01:58","modified_gmt":"2019-08-27T09:01:58","slug":"mixing-unit-fs-65","status":"publish","type":"product","link":"https:\/\/floore.se\/en\/butik\/mixing-units-en\/several-rooms-up-to-65-sqm\/mixing-unit-fs-65\/","title":{"rendered":"Mixing unit FS 65"},"content":{"rendered":"<p>DIMENSIONS REFER TO MIXING VALVE FS 65 WITH MANIFOLD:<\/p>\n<table>\n<tbody>\n<tr>\n<th>Outlets<\/th>\n<th>Width<\/th>\n<\/tr>\n<tr>\n<td>2<\/td>\n<td>400 mm<\/td>\n<\/tr>\n<tr>\n<td>3<\/td>\n<td>450 mm<\/td>\n<\/tr>\n<tr>\n<td>4<\/td>\n<td>500 mm<\/td>\n<\/tr>\n<tr>\n<td>5<\/td>\n<td>550 mm<\/td>\n<\/tr>\n<tr>\n<td>6<\/td>\n<td>600 mm<\/td>\n<\/tr>\n<tr>\n<td>7<\/td>\n<td>650 mm<\/td>\n<\/tr>\n<tr>\n<td>8<\/td>\n<td>700 mm<\/td>\n<\/tr>\n<tr>\n<td>9<\/td>\n<td>750 mm<\/td>\n<\/tr>\n<tr>\n<td>10<\/td>\n<td>800 mm<\/td>\n<\/tr>\n<\/tbody>\n<\/table>\n","protected":false},"excerpt":{"rendered":"<p class=\"p1\">Underfloor heating mixing unit with a maximum temperature restrictor.\u00a0Fitted to the underfloor heating manifold, 1&#8243; stainless steel.\u00a0&#8221; Eurocone fittings on the primary side.<\/p>\n","protected":false},"featured_media":16311,"comment_status":"closed","ping_status":"closed","template":"","meta":{"_acf_changed":false},"product_brand":[],"product_cat":[409],"product_tag":[465],"class_list":{"0":"post-9716","1":"product","2":"type-product","3":"status-publish","4":"has-post-thumbnail","6":"product_cat-several-rooms-up-to-65-sqm","7":"product_tag-mixing-units","10":"first","11":"instock","12":"taxable","13":"shipping-taxable","14":"purchasable","15":"product-type-simple"},"acf":[],"yoast_head":"<!-- This site is optimized with the Yoast SEO Premium plugin v26.3 (Yoast SEO v27.4) - https:\/\/yoast.com\/product\/yoast-seo-premium-wordpress\/ -->\n<title>Mixing unit FS 65 &#8211; Floor\u00e9 V\u00e4rmegolv<\/title>\n<meta name=\"robots\" content=\"index, follow, max-snippet:-1, max-image-preview:large, max-video-preview:-1\" \/>\n<link rel=\"canonical\" href=\"https:\/\/floore.se\/en\/butik\/mixing-units-en\/several-rooms-up-to-65-sqm\/mixing-unit-fs-65\/\" \/>\n<meta property=\"og:locale\" content=\"en_US\" \/>\n<meta property=\"og:type\" content=\"article\" \/>\n<meta property=\"og:title\" content=\"Mixing unit FS 65\" \/>\n<meta property=\"og:description\" content=\"Underfloor heating mixing unit with a maximum temperature restrictor.\u00a0Fitted to the underfloor heating manifold, 1&quot; stainless steel.\u00a0&quot; Eurocone fittings on the primary side.\" \/>\n<meta property=\"og:url\" content=\"https:\/\/floore.se\/en\/butik\/mixing-units-en\/several-rooms-up-to-65-sqm\/mixing-unit-fs-65\/\" \/>\n<meta property=\"og:site_name\" content=\"Floor\u00e9 V\u00e4rmegolv\" \/>\n<meta property=\"article:modified_time\" content=\"2019-08-27T09:01:58+00:00\" \/>\n<meta property=\"og:image\" content=\"https:\/\/floore.se\/wp-content\/uploads\/41366-2.jpg\" \/>\n\t<meta property=\"og:image:width\" content=\"1200\" \/>\n\t<meta property=\"og:image:height\" content=\"1200\" \/>\n\t<meta property=\"og:image:type\" content=\"image\/jpeg\" \/>\n<script type=\"application\/ld+json\" class=\"yoast-schema-graph\">{\"@context\":\"https:\\\/\\\/schema.org\",\"@graph\":[{\"@type\":\"WebPage\",\"@id\":\"https:\\\/\\\/floore.se\\\/en\\\/butik\\\/mixing-units-en\\\/several-rooms-up-to-65-sqm\\\/mixing-unit-fs-65\\\/\",\"url\":\"https:\\\/\\\/floore.se\\\/en\\\/butik\\\/mixing-units-en\\\/several-rooms-up-to-65-sqm\\\/mixing-unit-fs-65\\\/\",\"name\":\"Mixing unit FS 65 &#8211; Floor\u00e9 V\u00e4rmegolv\",\"isPartOf\":{\"@id\":\"https:\\\/\\\/floore.se\\\/#website\"},\"primaryImageOfPage\":{\"@id\":\"https:\\\/\\\/floore.se\\\/en\\\/butik\\\/mixing-units-en\\\/several-rooms-up-to-65-sqm\\\/mixing-unit-fs-65\\\/#primaryimage\"},\"image\":{\"@id\":\"https:\\\/\\\/floore.se\\\/en\\\/butik\\\/mixing-units-en\\\/several-rooms-up-to-65-sqm\\\/mixing-unit-fs-65\\\/#primaryimage\"},\"thumbnailUrl\":\"https:\\\/\\\/floore.se\\\/wp-content\\\/uploads\\\/41366-2.jpg\",\"datePublished\":\"2018-08-21T13:00:29+00:00\",\"dateModified\":\"2019-08-27T09:01:58+00:00\",\"breadcrumb\":{\"@id\":\"https:\\\/\\\/floore.se\\\/en\\\/butik\\\/mixing-units-en\\\/several-rooms-up-to-65-sqm\\\/mixing-unit-fs-65\\\/#breadcrumb\"},\"inLanguage\":\"en-US\",\"potentialAction\":[{\"@type\":\"ReadAction\",\"target\":[\"https:\\\/\\\/floore.se\\\/en\\\/butik\\\/mixing-units-en\\\/several-rooms-up-to-65-sqm\\\/mixing-unit-fs-65\\\/\"]}]},{\"@type\":\"ImageObject\",\"inLanguage\":\"en-US\",\"@id\":\"https:\\\/\\\/floore.se\\\/en\\\/butik\\\/mixing-units-en\\\/several-rooms-up-to-65-sqm\\\/mixing-unit-fs-65\\\/#primaryimage\",\"url\":\"https:\\\/\\\/floore.se\\\/wp-content\\\/uploads\\\/41366-2.jpg\",\"contentUrl\":\"https:\\\/\\\/floore.se\\\/wp-content\\\/uploads\\\/41366-2.jpg\",\"width\":1200,\"height\":1200},{\"@type\":\"BreadcrumbList\",\"@id\":\"https:\\\/\\\/floore.se\\\/en\\\/butik\\\/mixing-units-en\\\/several-rooms-up-to-65-sqm\\\/mixing-unit-fs-65\\\/#breadcrumb\",\"itemListElement\":[{\"@type\":\"ListItem\",\"position\":1,\"name\":\"Hem\",\"item\":\"https:\\\/\\\/floore.se\\\/en\\\/golvvarme-unik-vattenburen-golvvarme-floore-varmegolv\\\/\"},{\"@type\":\"ListItem\",\"position\":2,\"name\":\"Shop\",\"item\":\"https:\\\/\\\/floore.se\\\/en\\\/shop\\\/\"},{\"@type\":\"ListItem\",\"position\":3,\"name\":\"Mixing unit FS 65\"}]},{\"@type\":\"WebSite\",\"@id\":\"https:\\\/\\\/floore.se\\\/#website\",\"url\":\"https:\\\/\\\/floore.se\\\/\",\"name\":\"Floor\u00e9 V\u00e4rmegolv\",\"description\":\"Vattenburen golvv\u00e4rme \u2013 ett av marknadens tunnaste\",\"potentialAction\":[{\"@type\":\"SearchAction\",\"target\":{\"@type\":\"EntryPoint\",\"urlTemplate\":\"https:\\\/\\\/floore.se\\\/?s={search_term_string}\"},\"query-input\":{\"@type\":\"PropertyValueSpecification\",\"valueRequired\":true,\"valueName\":\"search_term_string\"}}],\"inLanguage\":\"en-US\"}]}<\/script>\n<!-- \/ Yoast SEO Premium plugin. -->","yoast_head_json":{"title":"Mixing unit FS 65 &#8211; Floor\u00e9 V\u00e4rmegolv","robots":{"index":"index","follow":"follow","max-snippet":"max-snippet:-1","max-image-preview":"max-image-preview:large","max-video-preview":"max-video-preview:-1"},"canonical":"https:\/\/floore.se\/en\/butik\/mixing-units-en\/several-rooms-up-to-65-sqm\/mixing-unit-fs-65\/","og_locale":"en_US","og_type":"article","og_title":"Mixing unit FS 65","og_description":"Underfloor heating mixing unit with a maximum temperature restrictor.\u00a0Fitted to the underfloor heating manifold, 1\" stainless steel.\u00a0\" Eurocone fittings on the primary side.","og_url":"https:\/\/floore.se\/en\/butik\/mixing-units-en\/several-rooms-up-to-65-sqm\/mixing-unit-fs-65\/","og_site_name":"Floor\u00e9 V\u00e4rmegolv","article_modified_time":"2019-08-27T09:01:58+00:00","og_image":[{"width":1200,"height":1200,"url":"https:\/\/floore.se\/wp-content\/uploads\/41366-2.jpg","type":"image\/jpeg"}],"schema":{"@context":"https:\/\/schema.org","@graph":[{"@type":"WebPage","@id":"https:\/\/floore.se\/en\/butik\/mixing-units-en\/several-rooms-up-to-65-sqm\/mixing-unit-fs-65\/","url":"https:\/\/floore.se\/en\/butik\/mixing-units-en\/several-rooms-up-to-65-sqm\/mixing-unit-fs-65\/","name":"Mixing unit FS 65 &#8211; Floor\u00e9 V\u00e4rmegolv","isPartOf":{"@id":"https:\/\/floore.se\/#website"},"primaryImageOfPage":{"@id":"https:\/\/floore.se\/en\/butik\/mixing-units-en\/several-rooms-up-to-65-sqm\/mixing-unit-fs-65\/#primaryimage"},"image":{"@id":"https:\/\/floore.se\/en\/butik\/mixing-units-en\/several-rooms-up-to-65-sqm\/mixing-unit-fs-65\/#primaryimage"},"thumbnailUrl":"https:\/\/floore.se\/wp-content\/uploads\/41366-2.jpg","datePublished":"2018-08-21T13:00:29+00:00","dateModified":"2019-08-27T09:01:58+00:00","breadcrumb":{"@id":"https:\/\/floore.se\/en\/butik\/mixing-units-en\/several-rooms-up-to-65-sqm\/mixing-unit-fs-65\/#breadcrumb"},"inLanguage":"en-US","potentialAction":[{"@type":"ReadAction","target":["https:\/\/floore.se\/en\/butik\/mixing-units-en\/several-rooms-up-to-65-sqm\/mixing-unit-fs-65\/"]}]},{"@type":"ImageObject","inLanguage":"en-US","@id":"https:\/\/floore.se\/en\/butik\/mixing-units-en\/several-rooms-up-to-65-sqm\/mixing-unit-fs-65\/#primaryimage","url":"https:\/\/floore.se\/wp-content\/uploads\/41366-2.jpg","contentUrl":"https:\/\/floore.se\/wp-content\/uploads\/41366-2.jpg","width":1200,"height":1200},{"@type":"BreadcrumbList","@id":"https:\/\/floore.se\/en\/butik\/mixing-units-en\/several-rooms-up-to-65-sqm\/mixing-unit-fs-65\/#breadcrumb","itemListElement":[{"@type":"ListItem","position":1,"name":"Hem","item":"https:\/\/floore.se\/en\/golvvarme-unik-vattenburen-golvvarme-floore-varmegolv\/"},{"@type":"ListItem","position":2,"name":"Shop","item":"https:\/\/floore.se\/en\/shop\/"},{"@type":"ListItem","position":3,"name":"Mixing unit FS 65"}]},{"@type":"WebSite","@id":"https:\/\/floore.se\/#website","url":"https:\/\/floore.se\/","name":"Floor\u00e9 V\u00e4rmegolv","description":"Vattenburen golvv\u00e4rme \u2013 ett av marknadens tunnaste","potentialAction":[{"@type":"SearchAction","target":{"@type":"EntryPoint","urlTemplate":"https:\/\/floore.se\/?s={search_term_string}"},"query-input":{"@type":"PropertyValueSpecification","valueRequired":true,"valueName":"search_term_string"}}],"inLanguage":"en-US"}]}},"_links":{"self":[{"href":"https:\/\/floore.se\/en\/wp-json\/wp\/v2\/product\/9716","targetHints":{"allow":["GET"]}}],"collection":[{"href":"https:\/\/floore.se\/en\/wp-json\/wp\/v2\/product"}],"about":[{"href":"https:\/\/floore.se\/en\/wp-json\/wp\/v2\/types\/product"}],"replies":[{"embeddable":true,"href":"https:\/\/floore.se\/en\/wp-json\/wp\/v2\/comments?post=9716"}],"wp:featuredmedia":[{"embeddable":true,"href":"https:\/\/floore.se\/en\/wp-json\/wp\/v2\/media\/16311"}],"wp:attachment":[{"href":"https:\/\/floore.se\/en\/wp-json\/wp\/v2\/media?parent=9716"}],"wp:term":[{"taxonomy":"product_brand","embeddable":true,"href":"https:\/\/floore.se\/en\/wp-json\/wp\/v2\/product_brand?post=9716"},{"taxonomy":"product_cat","embeddable":true,"href":"https:\/\/floore.se\/en\/wp-json\/wp\/v2\/product_cat?post=9716"},{"taxonomy":"product_tag","embeddable":true,"href":"https:\/\/floore.se\/en\/wp-json\/wp\/v2\/product_tag?post=9716"}],"curies":[{"name":"wp","href":"https:\/\/api.w.org\/{rel}","templated":true}]}}