{"id":9336,"date":"2021-08-21T11:55:16","date_gmt":"2018-08-21T09:55:16","guid":{"rendered":"https:\/\/floore.se\/produkt\/premium-underfloor-heating-pipes\/"},"modified":"2019-07-05T12:45:23","modified_gmt":"2019-07-05T10:45:23","slug":"premium-underfloor-heating-pipes","status":"publish","type":"product","link":"https:\/\/floore.se\/en\/butik\/our-heating-pipes\/premium-en\/premium-underfloor-heating-pipes\/","title":{"rendered":"Premium underfloor heating pipes"},"content":{"rendered":"<p>Floor\u00e9\u2019s multilayer pipe is our premium heating pipe and its core of fully-welded aluminium gives the pipe unique qualities that are perfectly suited for underfloor heating.<\/p>\n<p>The fully-welded aluminium casing seals the pipe 100 per cent against the oxygen that would otherwise enter the heating system and lead to corrosion of the iron parts over time.<\/p>\n<p>Length expansion occurs to a much lesser degree than in pipes without aluminium, which is ideal for pipes that are integrated into a floor, where unwanted movement is particularly undesirable.<\/p>\n<p>The heat transfer in the pipe takes place from the inside out, which is ideal for underfloor heating.<\/p>\n<p>The pipes must always be calibrated at the ends during installation to ensure that they are completely round and will not destroy the O-ring in the fitting. As the pipe retains its shape when bent, you can easily create stylish installations without the need for bulky brackets.<\/p>\n","protected":false},"excerpt":{"rendered":"<p><strong>Pipe with an aluminium core<\/strong><br \/>\nPremium pipes to suit all forms of warm water underfloor heating<br \/>\nWorking temperature of up to 95\u00b0C<br \/>\nWorking pressure 6\u00a0bar<br \/>\nDimensionally stable, no bracket required<br \/>\n100 per cent sealed, giving your heating system a longer service life<br \/>\nConducts heat better, making your heat pump more efficient<\/p>\n<p>Material consumption<br \/>\nc\/c 125\u00a0mm \t8\u00a0m\/m<sup>2<\/sup><br \/>\nc\/c 150\u00a0mm \t6,7\u00a0m\/m<sup>2<\/sup><br \/>\nc\/c 192\u00a0mm \t5,25\u00a0m\/m<sup>2<\/sup><br \/>\nc\/c 200\u00a0mm \t5\u00a0m\/m<sup>2<\/sup><br \/>\nc\/c 300\u00a0mm \t3,4\u00a0m\/m<sup>2<\/sup><\/p>\n<p>Maximum length per loop<br \/>\n12 x 1.6\u00a0mm \t65\u00a0m<br \/>\n16&#215;2,0 mm\t90 m<br \/>\n20&#215;2,0 mm\t120 m<\/p>\n","protected":false},"featured_media":8294,"comment_status":"closed","ping_status":"closed","template":"","meta":{"_acf_changed":false},"product_brand":[],"product_cat":[1259],"product_tag":[],"class_list":{"0":"post-9336","1":"product","2":"type-product","3":"status-publish","4":"has-post-thumbnail","6":"product_cat-premium-en","9":"first","10":"instock","11":"taxable","12":"shipping-taxable","13":"purchasable","14":"product-type-variable"},"acf":[],"yoast_head":"<!-- This site is optimized with the Yoast SEO Premium plugin v26.3 (Yoast SEO v27.5) - https:\/\/yoast.com\/product\/yoast-seo-premium-wordpress\/ -->\n<title>Premium underfloor heating pipes &#8211; Floor\u00e9 V\u00e4rmegolv<\/title>\n<meta name=\"robots\" content=\"index, follow, max-snippet:-1, max-image-preview:large, max-video-preview:-1\" \/>\n<link rel=\"canonical\" href=\"https:\/\/floore.se\/en\/butik\/our-heating-pipes\/premium-en\/premium-underfloor-heating-pipes\/\" \/>\n<meta property=\"og:locale\" content=\"en_US\" \/>\n<meta property=\"og:type\" content=\"article\" \/>\n<meta property=\"og:title\" content=\"Premium underfloor heating pipes\" \/>\n<meta property=\"og:description\" content=\"Pipe with an aluminium core Premium pipes to suit all forms of warm water underfloor heating Working temperature of up to 95\u00b0C Working pressure 6\u00a0bar Dimensionally stable, no bracket required 100 per cent sealed, giving your heating system a longer service life Conducts heat better, making your heat pump more efficient  Material consumption c\/c 125\u00a0mm 8\u00a0m\/m2 c\/c 150\u00a0mm 6,7\u00a0m\/m2 c\/c 192\u00a0mm 5,25\u00a0m\/m2  c\/c 200\u00a0mm 5\u00a0m\/m2  c\/c 300\u00a0mm 3,4\u00a0m\/m2  Maximum length per loop 12 x 1.6\u00a0mm 65\u00a0m 16x2,0 mm 90 m 20x2,0 mm 120 m\" \/>\n<meta property=\"og:url\" content=\"https:\/\/floore.se\/en\/butik\/our-heating-pipes\/premium-en\/premium-underfloor-heating-pipes\/\" \/>\n<meta property=\"og:site_name\" content=\"Floor\u00e9 V\u00e4rmegolv\" \/>\n<meta property=\"article:modified_time\" content=\"2019-07-05T10:45:23+00:00\" \/>\n<meta property=\"og:image\" content=\"https:\/\/floore.se\/wp-content\/uploads\/41641.jpg\" \/>\n\t<meta property=\"og:image:width\" content=\"1000\" \/>\n\t<meta property=\"og:image:height\" content=\"1000\" \/>\n\t<meta property=\"og:image:type\" content=\"image\/jpeg\" \/>\n<meta name=\"twitter:label1\" content=\"Est. reading time\" \/>\n\t<meta name=\"twitter:data1\" content=\"1 minute\" \/>\n<script type=\"application\/ld+json\" class=\"yoast-schema-graph\">{\"@context\":\"https:\\\/\\\/schema.org\",\"@graph\":[{\"@type\":\"WebPage\",\"@id\":\"https:\\\/\\\/floore.se\\\/en\\\/butik\\\/our-heating-pipes\\\/premium-en\\\/premium-underfloor-heating-pipes\\\/\",\"url\":\"https:\\\/\\\/floore.se\\\/en\\\/butik\\\/our-heating-pipes\\\/premium-en\\\/premium-underfloor-heating-pipes\\\/\",\"name\":\"Premium underfloor heating pipes &#8211; Floor\u00e9 V\u00e4rmegolv\",\"isPartOf\":{\"@id\":\"https:\\\/\\\/floore.se\\\/#website\"},\"primaryImageOfPage\":{\"@id\":\"https:\\\/\\\/floore.se\\\/en\\\/butik\\\/our-heating-pipes\\\/premium-en\\\/premium-underfloor-heating-pipes\\\/#primaryimage\"},\"image\":{\"@id\":\"https:\\\/\\\/floore.se\\\/en\\\/butik\\\/our-heating-pipes\\\/premium-en\\\/premium-underfloor-heating-pipes\\\/#primaryimage\"},\"thumbnailUrl\":\"https:\\\/\\\/floore.se\\\/wp-content\\\/uploads\\\/41641.jpg\",\"datePublished\":\"2018-08-21T09:55:16+00:00\",\"dateModified\":\"2019-07-05T10:45:23+00:00\",\"breadcrumb\":{\"@id\":\"https:\\\/\\\/floore.se\\\/en\\\/butik\\\/our-heating-pipes\\\/premium-en\\\/premium-underfloor-heating-pipes\\\/#breadcrumb\"},\"inLanguage\":\"en-US\",\"potentialAction\":[{\"@type\":\"ReadAction\",\"target\":[\"https:\\\/\\\/floore.se\\\/en\\\/butik\\\/our-heating-pipes\\\/premium-en\\\/premium-underfloor-heating-pipes\\\/\"]}]},{\"@type\":\"ImageObject\",\"inLanguage\":\"en-US\",\"@id\":\"https:\\\/\\\/floore.se\\\/en\\\/butik\\\/our-heating-pipes\\\/premium-en\\\/premium-underfloor-heating-pipes\\\/#primaryimage\",\"url\":\"https:\\\/\\\/floore.se\\\/wp-content\\\/uploads\\\/41641.jpg\",\"contentUrl\":\"https:\\\/\\\/floore.se\\\/wp-content\\\/uploads\\\/41641.jpg\",\"width\":1000,\"height\":1000,\"caption\":\"41641 V\u00e5ra golvv\u00e4rmer\u00f6r\"},{\"@type\":\"BreadcrumbList\",\"@id\":\"https:\\\/\\\/floore.se\\\/en\\\/butik\\\/our-heating-pipes\\\/premium-en\\\/premium-underfloor-heating-pipes\\\/#breadcrumb\",\"itemListElement\":[{\"@type\":\"ListItem\",\"position\":1,\"name\":\"Hem\",\"item\":\"https:\\\/\\\/floore.se\\\/en\\\/golvvarme-unik-vattenburen-golvvarme-floore-varmegolv\\\/\"},{\"@type\":\"ListItem\",\"position\":2,\"name\":\"Shop\",\"item\":\"https:\\\/\\\/floore.se\\\/en\\\/shop\\\/\"},{\"@type\":\"ListItem\",\"position\":3,\"name\":\"Premium underfloor heating pipes\"}]},{\"@type\":\"WebSite\",\"@id\":\"https:\\\/\\\/floore.se\\\/#website\",\"url\":\"https:\\\/\\\/floore.se\\\/\",\"name\":\"Floor\u00e9 V\u00e4rmegolv\",\"description\":\"Vattenburen golvv\u00e4rme \u2013 ett av marknadens tunnaste\",\"potentialAction\":[{\"@type\":\"SearchAction\",\"target\":{\"@type\":\"EntryPoint\",\"urlTemplate\":\"https:\\\/\\\/floore.se\\\/?s={search_term_string}\"},\"query-input\":{\"@type\":\"PropertyValueSpecification\",\"valueRequired\":true,\"valueName\":\"search_term_string\"}}],\"inLanguage\":\"en-US\"}]}<\/script>\n<!-- \/ Yoast SEO Premium plugin. -->","yoast_head_json":{"title":"Premium underfloor heating pipes &#8211; Floor\u00e9 V\u00e4rmegolv","robots":{"index":"index","follow":"follow","max-snippet":"max-snippet:-1","max-image-preview":"max-image-preview:large","max-video-preview":"max-video-preview:-1"},"canonical":"https:\/\/floore.se\/en\/butik\/our-heating-pipes\/premium-en\/premium-underfloor-heating-pipes\/","og_locale":"en_US","og_type":"article","og_title":"Premium underfloor heating pipes","og_description":"Pipe with an aluminium core Premium pipes to suit all forms of warm water underfloor heating Working temperature of up to 95\u00b0C Working pressure 6\u00a0bar Dimensionally stable, no bracket required 100 per cent sealed, giving your heating system a longer service life Conducts heat better, making your heat pump more efficient  Material consumption c\/c 125\u00a0mm 8\u00a0m\/m2 c\/c 150\u00a0mm 6,7\u00a0m\/m2 c\/c 192\u00a0mm 5,25\u00a0m\/m2  c\/c 200\u00a0mm 5\u00a0m\/m2  c\/c 300\u00a0mm 3,4\u00a0m\/m2  Maximum length per loop 12 x 1.6\u00a0mm 65\u00a0m 16x2,0 mm 90 m 20x2,0 mm 120 m","og_url":"https:\/\/floore.se\/en\/butik\/our-heating-pipes\/premium-en\/premium-underfloor-heating-pipes\/","og_site_name":"Floor\u00e9 V\u00e4rmegolv","article_modified_time":"2019-07-05T10:45:23+00:00","og_image":[{"width":1000,"height":1000,"url":"https:\/\/floore.se\/wp-content\/uploads\/41641.jpg","type":"image\/jpeg"}],"twitter_misc":{"Est. reading time":"1 minute"},"schema":{"@context":"https:\/\/schema.org","@graph":[{"@type":"WebPage","@id":"https:\/\/floore.se\/en\/butik\/our-heating-pipes\/premium-en\/premium-underfloor-heating-pipes\/","url":"https:\/\/floore.se\/en\/butik\/our-heating-pipes\/premium-en\/premium-underfloor-heating-pipes\/","name":"Premium underfloor heating pipes &#8211; Floor\u00e9 V\u00e4rmegolv","isPartOf":{"@id":"https:\/\/floore.se\/#website"},"primaryImageOfPage":{"@id":"https:\/\/floore.se\/en\/butik\/our-heating-pipes\/premium-en\/premium-underfloor-heating-pipes\/#primaryimage"},"image":{"@id":"https:\/\/floore.se\/en\/butik\/our-heating-pipes\/premium-en\/premium-underfloor-heating-pipes\/#primaryimage"},"thumbnailUrl":"https:\/\/floore.se\/wp-content\/uploads\/41641.jpg","datePublished":"2018-08-21T09:55:16+00:00","dateModified":"2019-07-05T10:45:23+00:00","breadcrumb":{"@id":"https:\/\/floore.se\/en\/butik\/our-heating-pipes\/premium-en\/premium-underfloor-heating-pipes\/#breadcrumb"},"inLanguage":"en-US","potentialAction":[{"@type":"ReadAction","target":["https:\/\/floore.se\/en\/butik\/our-heating-pipes\/premium-en\/premium-underfloor-heating-pipes\/"]}]},{"@type":"ImageObject","inLanguage":"en-US","@id":"https:\/\/floore.se\/en\/butik\/our-heating-pipes\/premium-en\/premium-underfloor-heating-pipes\/#primaryimage","url":"https:\/\/floore.se\/wp-content\/uploads\/41641.jpg","contentUrl":"https:\/\/floore.se\/wp-content\/uploads\/41641.jpg","width":1000,"height":1000,"caption":"41641 V\u00e5ra golvv\u00e4rmer\u00f6r"},{"@type":"BreadcrumbList","@id":"https:\/\/floore.se\/en\/butik\/our-heating-pipes\/premium-en\/premium-underfloor-heating-pipes\/#breadcrumb","itemListElement":[{"@type":"ListItem","position":1,"name":"Hem","item":"https:\/\/floore.se\/en\/golvvarme-unik-vattenburen-golvvarme-floore-varmegolv\/"},{"@type":"ListItem","position":2,"name":"Shop","item":"https:\/\/floore.se\/en\/shop\/"},{"@type":"ListItem","position":3,"name":"Premium underfloor heating pipes"}]},{"@type":"WebSite","@id":"https:\/\/floore.se\/#website","url":"https:\/\/floore.se\/","name":"Floor\u00e9 V\u00e4rmegolv","description":"Vattenburen golvv\u00e4rme \u2013 ett av marknadens tunnaste","potentialAction":[{"@type":"SearchAction","target":{"@type":"EntryPoint","urlTemplate":"https:\/\/floore.se\/?s={search_term_string}"},"query-input":{"@type":"PropertyValueSpecification","valueRequired":true,"valueName":"search_term_string"}}],"inLanguage":"en-US"}]}},"_links":{"self":[{"href":"https:\/\/floore.se\/en\/wp-json\/wp\/v2\/product\/9336","targetHints":{"allow":["GET"]}}],"collection":[{"href":"https:\/\/floore.se\/en\/wp-json\/wp\/v2\/product"}],"about":[{"href":"https:\/\/floore.se\/en\/wp-json\/wp\/v2\/types\/product"}],"replies":[{"embeddable":true,"href":"https:\/\/floore.se\/en\/wp-json\/wp\/v2\/comments?post=9336"}],"wp:featuredmedia":[{"embeddable":true,"href":"https:\/\/floore.se\/en\/wp-json\/wp\/v2\/media\/8294"}],"wp:attachment":[{"href":"https:\/\/floore.se\/en\/wp-json\/wp\/v2\/media?parent=9336"}],"wp:term":[{"taxonomy":"product_brand","embeddable":true,"href":"https:\/\/floore.se\/en\/wp-json\/wp\/v2\/product_brand?post=9336"},{"taxonomy":"product_cat","embeddable":true,"href":"https:\/\/floore.se\/en\/wp-json\/wp\/v2\/product_cat?post=9336"},{"taxonomy":"product_tag","embeddable":true,"href":"https:\/\/floore.se\/en\/wp-json\/wp\/v2\/product_tag?post=9336"}],"curies":[{"name":"wp","href":"https:\/\/api.w.org\/{rel}","templated":true}]}}