{"id":9312,"date":"2022-03-01T14:30:57","date_gmt":"2019-02-05T13:30:59","guid":{"rendered":"https:\/\/floore.se\/?post_type=product&#038;p=9312"},"modified":"2019-12-19T13:14:17","modified_gmt":"2019-12-19T12:14:17","slug":"prices-by-sqm-for-floore-underfloor-heating-for-wooden-floors","status":"publish","type":"product","link":"https:\/\/floore.se\/en\/butik\/underfloor-heating\/underfloor-heating-m2-price-underfloor-heating\/prices-by-sqm-for-floore-underfloor-heating-for-wooden-floors\/","title":{"rendered":"Prices by sqm for Floor\u00e9 underfloor heating for wooden floors"},"content":{"rendered":"<p>Our kits, containing pipes and heat dispersing aluminium plates, are installed under the floor within a load-bearing structure made of either spaced scantling laid across the joists<br \/>\nor self-supporting particle boards with pre-milled grooves for underfloor heating.<br \/>\nFor the plates, we primarily recommend our premium pipes, which due to their aluminium core benefit from more than 600 per cent less length expansion when exposed to heat, which is advantageous in terms of minimising noise from the floor as pipes expand when the heating is switched on.<\/p>\n<p>Our Swedish-made products are available at prices comparable to those of all known underfloor heating panel brands.<br \/>\nWhen you buy materials from Floor\u00e9, you can feel secure in the knowledge that we are available to provide any support and technical calculations you may need, and that our complete square metre prices always include a design drawing for your specific situation.<\/p>\n","protected":false},"excerpt":{"rendered":"<p>Used with spaced mounting or grooved particle boards.<\/p>\n<p class=\"p1\"><strong>m<sup>2 <\/sup> price for complete kit:<\/strong><\/p>\n<ul>\n<li>Plates<\/li>\n<li>Pipes<\/li>\n<li>Pipe Fittings<\/li>\n<li>Design Drawing<\/li>\n<\/ul>\n","protected":false},"featured_media":10356,"comment_status":"closed","ping_status":"closed","template":"","meta":{"_acf_changed":false},"product_brand":[],"product_cat":[321,1258],"product_tag":[],"class_list":{"0":"post-9312","1":"product","2":"type-product","3":"status-publish","4":"has-post-thumbnail","6":"product_cat-underfloor-heating-m2-price-underfloor-heating","7":"product_cat-for-chipboards","10":"first","11":"instock","12":"taxable","13":"shipping-taxable","14":"purchasable","15":"product-type-variable"},"acf":[],"yoast_head":"<!-- This site is optimized with the Yoast SEO Premium plugin v26.3 (Yoast SEO v27.4) - https:\/\/yoast.com\/product\/yoast-seo-premium-wordpress\/ -->\n<title>Prices by sqm for Floor\u00e9 underfloor heating for wooden floors &#8211; Floor\u00e9 V\u00e4rmegolv<\/title>\n<meta name=\"robots\" content=\"index, follow, max-snippet:-1, max-image-preview:large, max-video-preview:-1\" \/>\n<link rel=\"canonical\" href=\"https:\/\/floore.se\/en\/butik\/underfloor-heating\/underfloor-heating-m2-price-underfloor-heating\/prices-by-sqm-for-floore-underfloor-heating-for-wooden-floors\/\" \/>\n<meta property=\"og:locale\" content=\"en_US\" \/>\n<meta property=\"og:type\" content=\"article\" \/>\n<meta property=\"og:title\" content=\"Prices by sqm for Floor\u00e9 underfloor heating for wooden floors\" \/>\n<meta property=\"og:description\" content=\"Used with spaced mounting or grooved particle boards. m2 price for complete kit:    Plates  Pipes  Pipe Fittings  Design Drawing\" \/>\n<meta property=\"og:url\" content=\"https:\/\/floore.se\/en\/butik\/underfloor-heating\/underfloor-heating-m2-price-underfloor-heating\/prices-by-sqm-for-floore-underfloor-heating-for-wooden-floors\/\" \/>\n<meta property=\"og:site_name\" content=\"Floor\u00e9 V\u00e4rmegolv\" \/>\n<meta property=\"article:modified_time\" content=\"2019-12-19T12:14:17+00:00\" \/>\n<meta property=\"og:image\" content=\"https:\/\/floore.se\/wp-content\/uploads\/41028-1.jpg\" \/>\n\t<meta property=\"og:image:width\" content=\"1000\" \/>\n\t<meta property=\"og:image:height\" content=\"1000\" \/>\n\t<meta property=\"og:image:type\" content=\"image\/jpeg\" \/>\n<meta name=\"twitter:label1\" content=\"Est. reading time\" \/>\n\t<meta name=\"twitter:data1\" content=\"1 minute\" \/>\n<script type=\"application\/ld+json\" class=\"yoast-schema-graph\">{\"@context\":\"https:\\\/\\\/schema.org\",\"@graph\":[{\"@type\":\"WebPage\",\"@id\":\"https:\\\/\\\/floore.se\\\/en\\\/butik\\\/underfloor-heating\\\/underfloor-heating-m2-price-underfloor-heating\\\/prices-by-sqm-for-floore-underfloor-heating-for-wooden-floors\\\/\",\"url\":\"https:\\\/\\\/floore.se\\\/en\\\/butik\\\/underfloor-heating\\\/underfloor-heating-m2-price-underfloor-heating\\\/prices-by-sqm-for-floore-underfloor-heating-for-wooden-floors\\\/\",\"name\":\"Prices by sqm for Floor\u00e9 underfloor heating for wooden floors &#8211; Floor\u00e9 V\u00e4rmegolv\",\"isPartOf\":{\"@id\":\"https:\\\/\\\/floore.se\\\/#website\"},\"primaryImageOfPage\":{\"@id\":\"https:\\\/\\\/floore.se\\\/en\\\/butik\\\/underfloor-heating\\\/underfloor-heating-m2-price-underfloor-heating\\\/prices-by-sqm-for-floore-underfloor-heating-for-wooden-floors\\\/#primaryimage\"},\"image\":{\"@id\":\"https:\\\/\\\/floore.se\\\/en\\\/butik\\\/underfloor-heating\\\/underfloor-heating-m2-price-underfloor-heating\\\/prices-by-sqm-for-floore-underfloor-heating-for-wooden-floors\\\/#primaryimage\"},\"thumbnailUrl\":\"https:\\\/\\\/floore.se\\\/wp-content\\\/uploads\\\/41028-1.jpg\",\"datePublished\":\"2019-02-05T13:30:59+00:00\",\"dateModified\":\"2019-12-19T12:14:17+00:00\",\"breadcrumb\":{\"@id\":\"https:\\\/\\\/floore.se\\\/en\\\/butik\\\/underfloor-heating\\\/underfloor-heating-m2-price-underfloor-heating\\\/prices-by-sqm-for-floore-underfloor-heating-for-wooden-floors\\\/#breadcrumb\"},\"inLanguage\":\"en-US\",\"potentialAction\":[{\"@type\":\"ReadAction\",\"target\":[\"https:\\\/\\\/floore.se\\\/en\\\/butik\\\/underfloor-heating\\\/underfloor-heating-m2-price-underfloor-heating\\\/prices-by-sqm-for-floore-underfloor-heating-for-wooden-floors\\\/\"]}]},{\"@type\":\"ImageObject\",\"inLanguage\":\"en-US\",\"@id\":\"https:\\\/\\\/floore.se\\\/en\\\/butik\\\/underfloor-heating\\\/underfloor-heating-m2-price-underfloor-heating\\\/prices-by-sqm-for-floore-underfloor-heating-for-wooden-floors\\\/#primaryimage\",\"url\":\"https:\\\/\\\/floore.se\\\/wp-content\\\/uploads\\\/41028-1.jpg\",\"contentUrl\":\"https:\\\/\\\/floore.se\\\/wp-content\\\/uploads\\\/41028-1.jpg\",\"width\":1000,\"height\":1000},{\"@type\":\"BreadcrumbList\",\"@id\":\"https:\\\/\\\/floore.se\\\/en\\\/butik\\\/underfloor-heating\\\/underfloor-heating-m2-price-underfloor-heating\\\/prices-by-sqm-for-floore-underfloor-heating-for-wooden-floors\\\/#breadcrumb\",\"itemListElement\":[{\"@type\":\"ListItem\",\"position\":1,\"name\":\"Hem\",\"item\":\"https:\\\/\\\/floore.se\\\/en\\\/golvvarme-unik-vattenburen-golvvarme-floore-varmegolv\\\/\"},{\"@type\":\"ListItem\",\"position\":2,\"name\":\"Shop\",\"item\":\"https:\\\/\\\/floore.se\\\/en\\\/shop\\\/\"},{\"@type\":\"ListItem\",\"position\":3,\"name\":\"Prices by sqm for Floor\u00e9 underfloor heating for wooden floors\"}]},{\"@type\":\"WebSite\",\"@id\":\"https:\\\/\\\/floore.se\\\/#website\",\"url\":\"https:\\\/\\\/floore.se\\\/\",\"name\":\"Floor\u00e9 V\u00e4rmegolv\",\"description\":\"Vattenburen golvv\u00e4rme \u2013 ett av marknadens tunnaste\",\"potentialAction\":[{\"@type\":\"SearchAction\",\"target\":{\"@type\":\"EntryPoint\",\"urlTemplate\":\"https:\\\/\\\/floore.se\\\/?s={search_term_string}\"},\"query-input\":{\"@type\":\"PropertyValueSpecification\",\"valueRequired\":true,\"valueName\":\"search_term_string\"}}],\"inLanguage\":\"en-US\"}]}<\/script>\n<!-- \/ Yoast SEO Premium plugin. -->","yoast_head_json":{"title":"Prices by sqm for Floor\u00e9 underfloor heating for wooden floors &#8211; Floor\u00e9 V\u00e4rmegolv","robots":{"index":"index","follow":"follow","max-snippet":"max-snippet:-1","max-image-preview":"max-image-preview:large","max-video-preview":"max-video-preview:-1"},"canonical":"https:\/\/floore.se\/en\/butik\/underfloor-heating\/underfloor-heating-m2-price-underfloor-heating\/prices-by-sqm-for-floore-underfloor-heating-for-wooden-floors\/","og_locale":"en_US","og_type":"article","og_title":"Prices by sqm for Floor\u00e9 underfloor heating for wooden floors","og_description":"Used with spaced mounting or grooved particle boards. m2 price for complete kit:    Plates  Pipes  Pipe Fittings  Design Drawing","og_url":"https:\/\/floore.se\/en\/butik\/underfloor-heating\/underfloor-heating-m2-price-underfloor-heating\/prices-by-sqm-for-floore-underfloor-heating-for-wooden-floors\/","og_site_name":"Floor\u00e9 V\u00e4rmegolv","article_modified_time":"2019-12-19T12:14:17+00:00","og_image":[{"width":1000,"height":1000,"url":"https:\/\/floore.se\/wp-content\/uploads\/41028-1.jpg","type":"image\/jpeg"}],"twitter_misc":{"Est. reading time":"1 minute"},"schema":{"@context":"https:\/\/schema.org","@graph":[{"@type":"WebPage","@id":"https:\/\/floore.se\/en\/butik\/underfloor-heating\/underfloor-heating-m2-price-underfloor-heating\/prices-by-sqm-for-floore-underfloor-heating-for-wooden-floors\/","url":"https:\/\/floore.se\/en\/butik\/underfloor-heating\/underfloor-heating-m2-price-underfloor-heating\/prices-by-sqm-for-floore-underfloor-heating-for-wooden-floors\/","name":"Prices by sqm for Floor\u00e9 underfloor heating for wooden floors &#8211; Floor\u00e9 V\u00e4rmegolv","isPartOf":{"@id":"https:\/\/floore.se\/#website"},"primaryImageOfPage":{"@id":"https:\/\/floore.se\/en\/butik\/underfloor-heating\/underfloor-heating-m2-price-underfloor-heating\/prices-by-sqm-for-floore-underfloor-heating-for-wooden-floors\/#primaryimage"},"image":{"@id":"https:\/\/floore.se\/en\/butik\/underfloor-heating\/underfloor-heating-m2-price-underfloor-heating\/prices-by-sqm-for-floore-underfloor-heating-for-wooden-floors\/#primaryimage"},"thumbnailUrl":"https:\/\/floore.se\/wp-content\/uploads\/41028-1.jpg","datePublished":"2019-02-05T13:30:59+00:00","dateModified":"2019-12-19T12:14:17+00:00","breadcrumb":{"@id":"https:\/\/floore.se\/en\/butik\/underfloor-heating\/underfloor-heating-m2-price-underfloor-heating\/prices-by-sqm-for-floore-underfloor-heating-for-wooden-floors\/#breadcrumb"},"inLanguage":"en-US","potentialAction":[{"@type":"ReadAction","target":["https:\/\/floore.se\/en\/butik\/underfloor-heating\/underfloor-heating-m2-price-underfloor-heating\/prices-by-sqm-for-floore-underfloor-heating-for-wooden-floors\/"]}]},{"@type":"ImageObject","inLanguage":"en-US","@id":"https:\/\/floore.se\/en\/butik\/underfloor-heating\/underfloor-heating-m2-price-underfloor-heating\/prices-by-sqm-for-floore-underfloor-heating-for-wooden-floors\/#primaryimage","url":"https:\/\/floore.se\/wp-content\/uploads\/41028-1.jpg","contentUrl":"https:\/\/floore.se\/wp-content\/uploads\/41028-1.jpg","width":1000,"height":1000},{"@type":"BreadcrumbList","@id":"https:\/\/floore.se\/en\/butik\/underfloor-heating\/underfloor-heating-m2-price-underfloor-heating\/prices-by-sqm-for-floore-underfloor-heating-for-wooden-floors\/#breadcrumb","itemListElement":[{"@type":"ListItem","position":1,"name":"Hem","item":"https:\/\/floore.se\/en\/golvvarme-unik-vattenburen-golvvarme-floore-varmegolv\/"},{"@type":"ListItem","position":2,"name":"Shop","item":"https:\/\/floore.se\/en\/shop\/"},{"@type":"ListItem","position":3,"name":"Prices by sqm for Floor\u00e9 underfloor heating for wooden floors"}]},{"@type":"WebSite","@id":"https:\/\/floore.se\/#website","url":"https:\/\/floore.se\/","name":"Floor\u00e9 V\u00e4rmegolv","description":"Vattenburen golvv\u00e4rme \u2013 ett av marknadens tunnaste","potentialAction":[{"@type":"SearchAction","target":{"@type":"EntryPoint","urlTemplate":"https:\/\/floore.se\/?s={search_term_string}"},"query-input":{"@type":"PropertyValueSpecification","valueRequired":true,"valueName":"search_term_string"}}],"inLanguage":"en-US"}]}},"_links":{"self":[{"href":"https:\/\/floore.se\/en\/wp-json\/wp\/v2\/product\/9312","targetHints":{"allow":["GET"]}}],"collection":[{"href":"https:\/\/floore.se\/en\/wp-json\/wp\/v2\/product"}],"about":[{"href":"https:\/\/floore.se\/en\/wp-json\/wp\/v2\/types\/product"}],"replies":[{"embeddable":true,"href":"https:\/\/floore.se\/en\/wp-json\/wp\/v2\/comments?post=9312"}],"wp:featuredmedia":[{"embeddable":true,"href":"https:\/\/floore.se\/en\/wp-json\/wp\/v2\/media\/10356"}],"wp:attachment":[{"href":"https:\/\/floore.se\/en\/wp-json\/wp\/v2\/media?parent=9312"}],"wp:term":[{"taxonomy":"product_brand","embeddable":true,"href":"https:\/\/floore.se\/en\/wp-json\/wp\/v2\/product_brand?post=9312"},{"taxonomy":"product_cat","embeddable":true,"href":"https:\/\/floore.se\/en\/wp-json\/wp\/v2\/product_cat?post=9312"},{"taxonomy":"product_tag","embeddable":true,"href":"https:\/\/floore.se\/en\/wp-json\/wp\/v2\/product_tag?post=9312"}],"curies":[{"name":"wp","href":"https:\/\/api.w.org\/{rel}","templated":true}]}}