{"id":9275,"date":"2018-07-04T14:22:26","date_gmt":"2018-07-04T12:22:26","guid":{"rendered":"https:\/\/floore.se\/produkt\/junction-box-master-six-zones\/"},"modified":"2019-12-19T13:19:23","modified_gmt":"2019-12-19T12:19:23","slug":"junction-box-master-six-zones","status":"publish","type":"product","link":"https:\/\/floore.se\/en\/butik\/heating-control\/analogue-heat-control\/junction-box-master-six-zones\/","title":{"rendered":"Junction box Master six zones"},"content":{"rendered":"","protected":false},"excerpt":{"rendered":"<p class=\"p1\">The master unit also controls the mixing unit\u2019s pump and has space for six room thermostats with individual actuators connected to each loop on the mixing unit. If there are more loops, the number of locations for thermostats\/actuators can be increased with slave units.<\/p>\n<ul>\n<li class=\"p1\">Master unit with pump relay<\/li>\n<li class=\"p1\">6 channels<\/li>\n<li class=\"p1\">4 LEDs indicate the statuses<\/li>\n<li class=\"p1\">Used with room thermostats<\/li>\n<\/ul>\n","protected":false},"featured_media":16179,"comment_status":"closed","ping_status":"closed","template":"","meta":{"_acf_changed":false},"product_brand":[],"product_cat":[398],"product_tag":[410,269],"class_list":{"0":"post-9275","1":"product","2":"type-product","3":"status-publish","4":"has-post-thumbnail","6":"product_cat-analogue-heat-control","7":"product_tag-heat-control","8":"product_tag-junction-box","11":"first","12":"instock","13":"taxable","14":"shipping-taxable","15":"purchasable","16":"product-type-variable"},"acf":[],"yoast_head":"<!-- This site is optimized with the Yoast SEO Premium plugin v26.3 (Yoast SEO v27.4) - https:\/\/yoast.com\/product\/yoast-seo-premium-wordpress\/ -->\n<title>Junction box Master six zones &#8211; Floor\u00e9 V\u00e4rmegolv<\/title>\n<meta name=\"robots\" content=\"index, follow, max-snippet:-1, max-image-preview:large, max-video-preview:-1\" \/>\n<link rel=\"canonical\" href=\"https:\/\/floore.se\/en\/butik\/heating-control\/analogue-heat-control\/junction-box-master-six-zones\/\" \/>\n<meta property=\"og:locale\" content=\"en_US\" \/>\n<meta property=\"og:type\" content=\"article\" \/>\n<meta property=\"og:title\" content=\"Junction box Master six zones\" \/>\n<meta property=\"og:description\" content=\"The master unit also controls the mixing unit\u2019s pump and has space for six room thermostats with individual actuators connected to each loop on the mixing unit. If there are more loops, the number of locations for thermostats\/actuators can be increased with slave units.    Master unit with pump relay  6 channels  4 LEDs indicate the statuses  Used with room thermostats\" \/>\n<meta property=\"og:url\" content=\"https:\/\/floore.se\/en\/butik\/heating-control\/analogue-heat-control\/junction-box-master-six-zones\/\" \/>\n<meta property=\"og:site_name\" content=\"Floor\u00e9 V\u00e4rmegolv\" \/>\n<meta property=\"article:modified_time\" content=\"2019-12-19T12:19:23+00:00\" \/>\n<meta property=\"og:image\" content=\"https:\/\/floore.se\/wp-content\/uploads\/41275-3.jpg\" \/>\n\t<meta property=\"og:image:width\" content=\"1000\" \/>\n\t<meta property=\"og:image:height\" content=\"1000\" \/>\n\t<meta property=\"og:image:type\" content=\"image\/jpeg\" \/>\n<script type=\"application\/ld+json\" class=\"yoast-schema-graph\">{\"@context\":\"https:\\\/\\\/schema.org\",\"@graph\":[{\"@type\":\"WebPage\",\"@id\":\"https:\\\/\\\/floore.se\\\/en\\\/butik\\\/heating-control\\\/analogue-heat-control\\\/junction-box-master-six-zones\\\/\",\"url\":\"https:\\\/\\\/floore.se\\\/en\\\/butik\\\/heating-control\\\/analogue-heat-control\\\/junction-box-master-six-zones\\\/\",\"name\":\"Junction box Master six zones &#8211; Floor\u00e9 V\u00e4rmegolv\",\"isPartOf\":{\"@id\":\"https:\\\/\\\/floore.se\\\/#website\"},\"primaryImageOfPage\":{\"@id\":\"https:\\\/\\\/floore.se\\\/en\\\/butik\\\/heating-control\\\/analogue-heat-control\\\/junction-box-master-six-zones\\\/#primaryimage\"},\"image\":{\"@id\":\"https:\\\/\\\/floore.se\\\/en\\\/butik\\\/heating-control\\\/analogue-heat-control\\\/junction-box-master-six-zones\\\/#primaryimage\"},\"thumbnailUrl\":\"https:\\\/\\\/floore.se\\\/wp-content\\\/uploads\\\/41275-3.jpg\",\"datePublished\":\"2018-07-04T12:22:26+00:00\",\"dateModified\":\"2019-12-19T12:19:23+00:00\",\"breadcrumb\":{\"@id\":\"https:\\\/\\\/floore.se\\\/en\\\/butik\\\/heating-control\\\/analogue-heat-control\\\/junction-box-master-six-zones\\\/#breadcrumb\"},\"inLanguage\":\"en-US\",\"potentialAction\":[{\"@type\":\"ReadAction\",\"target\":[\"https:\\\/\\\/floore.se\\\/en\\\/butik\\\/heating-control\\\/analogue-heat-control\\\/junction-box-master-six-zones\\\/\"]}]},{\"@type\":\"ImageObject\",\"inLanguage\":\"en-US\",\"@id\":\"https:\\\/\\\/floore.se\\\/en\\\/butik\\\/heating-control\\\/analogue-heat-control\\\/junction-box-master-six-zones\\\/#primaryimage\",\"url\":\"https:\\\/\\\/floore.se\\\/wp-content\\\/uploads\\\/41275-3.jpg\",\"contentUrl\":\"https:\\\/\\\/floore.se\\\/wp-content\\\/uploads\\\/41275-3.jpg\",\"width\":1000,\"height\":1000},{\"@type\":\"BreadcrumbList\",\"@id\":\"https:\\\/\\\/floore.se\\\/en\\\/butik\\\/heating-control\\\/analogue-heat-control\\\/junction-box-master-six-zones\\\/#breadcrumb\",\"itemListElement\":[{\"@type\":\"ListItem\",\"position\":1,\"name\":\"Hem\",\"item\":\"https:\\\/\\\/floore.se\\\/en\\\/golvvarme-unik-vattenburen-golvvarme-floore-varmegolv\\\/\"},{\"@type\":\"ListItem\",\"position\":2,\"name\":\"Shop\",\"item\":\"https:\\\/\\\/floore.se\\\/en\\\/shop\\\/\"},{\"@type\":\"ListItem\",\"position\":3,\"name\":\"Junction box Master six zones\"}]},{\"@type\":\"WebSite\",\"@id\":\"https:\\\/\\\/floore.se\\\/#website\",\"url\":\"https:\\\/\\\/floore.se\\\/\",\"name\":\"Floor\u00e9 V\u00e4rmegolv\",\"description\":\"Vattenburen golvv\u00e4rme \u2013 ett av marknadens tunnaste\",\"potentialAction\":[{\"@type\":\"SearchAction\",\"target\":{\"@type\":\"EntryPoint\",\"urlTemplate\":\"https:\\\/\\\/floore.se\\\/?s={search_term_string}\"},\"query-input\":{\"@type\":\"PropertyValueSpecification\",\"valueRequired\":true,\"valueName\":\"search_term_string\"}}],\"inLanguage\":\"en-US\"}]}<\/script>\n<!-- \/ Yoast SEO Premium plugin. -->","yoast_head_json":{"title":"Junction box Master six zones &#8211; Floor\u00e9 V\u00e4rmegolv","robots":{"index":"index","follow":"follow","max-snippet":"max-snippet:-1","max-image-preview":"max-image-preview:large","max-video-preview":"max-video-preview:-1"},"canonical":"https:\/\/floore.se\/en\/butik\/heating-control\/analogue-heat-control\/junction-box-master-six-zones\/","og_locale":"en_US","og_type":"article","og_title":"Junction box Master six zones","og_description":"The master unit also controls the mixing unit\u2019s pump and has space for six room thermostats with individual actuators connected to each loop on the mixing unit. If there are more loops, the number of locations for thermostats\/actuators can be increased with slave units.    Master unit with pump relay  6 channels  4 LEDs indicate the statuses  Used with room thermostats","og_url":"https:\/\/floore.se\/en\/butik\/heating-control\/analogue-heat-control\/junction-box-master-six-zones\/","og_site_name":"Floor\u00e9 V\u00e4rmegolv","article_modified_time":"2019-12-19T12:19:23+00:00","og_image":[{"width":1000,"height":1000,"url":"https:\/\/floore.se\/wp-content\/uploads\/41275-3.jpg","type":"image\/jpeg"}],"schema":{"@context":"https:\/\/schema.org","@graph":[{"@type":"WebPage","@id":"https:\/\/floore.se\/en\/butik\/heating-control\/analogue-heat-control\/junction-box-master-six-zones\/","url":"https:\/\/floore.se\/en\/butik\/heating-control\/analogue-heat-control\/junction-box-master-six-zones\/","name":"Junction box Master six zones &#8211; Floor\u00e9 V\u00e4rmegolv","isPartOf":{"@id":"https:\/\/floore.se\/#website"},"primaryImageOfPage":{"@id":"https:\/\/floore.se\/en\/butik\/heating-control\/analogue-heat-control\/junction-box-master-six-zones\/#primaryimage"},"image":{"@id":"https:\/\/floore.se\/en\/butik\/heating-control\/analogue-heat-control\/junction-box-master-six-zones\/#primaryimage"},"thumbnailUrl":"https:\/\/floore.se\/wp-content\/uploads\/41275-3.jpg","datePublished":"2018-07-04T12:22:26+00:00","dateModified":"2019-12-19T12:19:23+00:00","breadcrumb":{"@id":"https:\/\/floore.se\/en\/butik\/heating-control\/analogue-heat-control\/junction-box-master-six-zones\/#breadcrumb"},"inLanguage":"en-US","potentialAction":[{"@type":"ReadAction","target":["https:\/\/floore.se\/en\/butik\/heating-control\/analogue-heat-control\/junction-box-master-six-zones\/"]}]},{"@type":"ImageObject","inLanguage":"en-US","@id":"https:\/\/floore.se\/en\/butik\/heating-control\/analogue-heat-control\/junction-box-master-six-zones\/#primaryimage","url":"https:\/\/floore.se\/wp-content\/uploads\/41275-3.jpg","contentUrl":"https:\/\/floore.se\/wp-content\/uploads\/41275-3.jpg","width":1000,"height":1000},{"@type":"BreadcrumbList","@id":"https:\/\/floore.se\/en\/butik\/heating-control\/analogue-heat-control\/junction-box-master-six-zones\/#breadcrumb","itemListElement":[{"@type":"ListItem","position":1,"name":"Hem","item":"https:\/\/floore.se\/en\/golvvarme-unik-vattenburen-golvvarme-floore-varmegolv\/"},{"@type":"ListItem","position":2,"name":"Shop","item":"https:\/\/floore.se\/en\/shop\/"},{"@type":"ListItem","position":3,"name":"Junction box Master six zones"}]},{"@type":"WebSite","@id":"https:\/\/floore.se\/#website","url":"https:\/\/floore.se\/","name":"Floor\u00e9 V\u00e4rmegolv","description":"Vattenburen golvv\u00e4rme \u2013 ett av marknadens tunnaste","potentialAction":[{"@type":"SearchAction","target":{"@type":"EntryPoint","urlTemplate":"https:\/\/floore.se\/?s={search_term_string}"},"query-input":{"@type":"PropertyValueSpecification","valueRequired":true,"valueName":"search_term_string"}}],"inLanguage":"en-US"}]}},"_links":{"self":[{"href":"https:\/\/floore.se\/en\/wp-json\/wp\/v2\/product\/9275","targetHints":{"allow":["GET"]}}],"collection":[{"href":"https:\/\/floore.se\/en\/wp-json\/wp\/v2\/product"}],"about":[{"href":"https:\/\/floore.se\/en\/wp-json\/wp\/v2\/types\/product"}],"replies":[{"embeddable":true,"href":"https:\/\/floore.se\/en\/wp-json\/wp\/v2\/comments?post=9275"}],"wp:featuredmedia":[{"embeddable":true,"href":"https:\/\/floore.se\/en\/wp-json\/wp\/v2\/media\/16179"}],"wp:attachment":[{"href":"https:\/\/floore.se\/en\/wp-json\/wp\/v2\/media?parent=9275"}],"wp:term":[{"taxonomy":"product_brand","embeddable":true,"href":"https:\/\/floore.se\/en\/wp-json\/wp\/v2\/product_brand?post=9275"},{"taxonomy":"product_cat","embeddable":true,"href":"https:\/\/floore.se\/en\/wp-json\/wp\/v2\/product_cat?post=9275"},{"taxonomy":"product_tag","embeddable":true,"href":"https:\/\/floore.se\/en\/wp-json\/wp\/v2\/product_tag?post=9275"}],"curies":[{"name":"wp","href":"https:\/\/api.w.org\/{rel}","templated":true}]}}