{"id":9268,"date":"2022-03-01T15:56:51","date_gmt":"2018-08-13T13:56:51","guid":{"rendered":"https:\/\/floore.se\/produkt\/floore-embedded-m2-price\/"},"modified":"2019-08-28T10:57:47","modified_gmt":"2019-08-28T08:57:47","slug":"prices-by-sqm-floore-embedded-underfloor-heating","status":"publish","type":"product","link":"https:\/\/floore.se\/en\/butik\/underfloor-heating\/embedded\/prices-by-sqm-floore-embedded-underfloor-heating\/","title":{"rendered":"Prices by sqm for Floor\u00e9 embedded underfloor heating"},"content":{"rendered":"<p class=\"p1\">Embedded underfloor heating is the most common type of underfloor heating in new-build houses, where you can easily and affordably lay the underfloor heating tubes directly in the foundations. The tubes can be placed either directly on the insulation and attached to the connector strips or laid on top of the reinforcement and attached to the reinforcement mesh with cable ties or tying wire.<\/p>\n<p class=\"p1\"><strong>Trying to decide between embedded underfloor heating or a panel-based system?<\/strong><br \/>\nAn advantage of embedded underfloor heating is that it is often more affordable based on purchase price alone. Floor\u00e9\u2019s panels provide more efficient heating, which means reduced costs over time.<\/p>\n<p class=\"p2\">Embedded underfloor heating entails high flexibility in terms of installation, as you can easily place tubes under walls and at different distances.<\/p>\n<p class=\"p2\">The benefits of Floor\u00e9 panels are that they conduct heat more efficiently and react faster when you adjust the temperature of the underfloor heating (45\u00a0minutes instead of up to eight hours). With embedded underfloor heating, the heating pipes warm the entirety of the material used for the embedment, with heat radiating both upwards and downwards.<span class=\"Apple-converted-space\">\u00a0 \u00a0<\/span><\/p>\n<h3>We can help!<\/h3>\n<p class=\"p1\">Let our experts look at your floor plans. We can then provide you with an orientation drawing and a list of products that you can take to your local dealer, who can quote you a price.<\/p>\n<p class=\"p1\">\u2013 Produce a floor plan of your rooms and indicate the m2<sup><br \/>\n<\/sup>\u2013\u00a0Submit the floor plan at <a href=\"https:\/\/floore.se\/en\/underfloor-heating-guide\/\">floore.se\/offert<\/a><br \/>\n\u2013 You will receive a proposal to take to your local dealer for pricing.<\/p>\n","protected":false},"excerpt":{"rendered":"<p class=\"p1\"><strong>m<sup>2<\/sup> price for complete kit<\/strong><\/p>\n<ul>\n<li class=\"p2\">Pipe support rail or cable ties<\/li>\n<li class=\"p2\">Underfloor heating pipes<\/li>\n<li class=\"p2\">Pipe fittings<\/li>\n<li class=\"p2\"><span class=\"s1\">Design drawing provided at no extra charge<\/span><\/li>\n<\/ul>\n<p class=\"p2\">\u2013 16\u00a0mm pipe for smaller areas &lt;150\u00a0m<sup>2<br \/>\n<\/sup>\u2013 20\u00a0mm pipe for larger areas &gt; 150\u00a0m<sup>2<br \/>\n<\/sup>\u2013 c\/c 200\u00a0mm for living areas<br \/>\n\u2013 c\/c 300\u00a0mm for garages and industrial applications.<\/p>\n","protected":false},"featured_media":10231,"comment_status":"closed","ping_status":"closed","template":"","meta":{"_acf_changed":false},"product_brand":[],"product_cat":[321,309],"product_tag":[],"class_list":{"0":"post-9268","1":"product","2":"type-product","3":"status-publish","4":"has-post-thumbnail","6":"product_cat-underfloor-heating-m2-price-underfloor-heating","7":"product_cat-embedded","10":"first","11":"instock","12":"featured","13":"taxable","14":"shipping-taxable","15":"purchasable","16":"product-type-variable","17":"has-default-attributes"},"acf":[],"yoast_head":"<!-- This site is optimized with the Yoast SEO Premium plugin v26.3 (Yoast SEO v27.4) - https:\/\/yoast.com\/product\/yoast-seo-premium-wordpress\/ -->\n<title>Prices by sqm for Floor\u00e9 embedded underfloor heating &#8211; Floor\u00e9 V\u00e4rmegolv<\/title>\n<meta name=\"robots\" content=\"index, follow, max-snippet:-1, max-image-preview:large, max-video-preview:-1\" \/>\n<link rel=\"canonical\" href=\"https:\/\/floore.se\/en\/butik\/underfloor-heating\/embedded\/prices-by-sqm-floore-embedded-underfloor-heating\/\" \/>\n<meta property=\"og:locale\" content=\"en_US\" \/>\n<meta property=\"og:type\" content=\"article\" \/>\n<meta property=\"og:title\" content=\"Prices by sqm for Floor\u00e9 embedded underfloor heating\" \/>\n<meta property=\"og:description\" content=\"m2 price for complete kit    Pipe support rail or cable ties  Underfloor heating pipes  Pipe fittings  Design drawing provided at no extra charge  \u2013 16\u00a0mm pipe for smaller areas &lt;150\u00a0m2 \u2013 20\u00a0mm pipe for larger areas &gt; 150\u00a0m2 \u2013 c\/c 200\u00a0mm for living areas \u2013 c\/c 300\u00a0mm for garages and industrial applications.\" \/>\n<meta property=\"og:url\" content=\"https:\/\/floore.se\/en\/butik\/underfloor-heating\/embedded\/prices-by-sqm-floore-embedded-underfloor-heating\/\" \/>\n<meta property=\"og:site_name\" content=\"Floor\u00e9 V\u00e4rmegolv\" \/>\n<meta property=\"article:modified_time\" content=\"2019-08-28T08:57:47+00:00\" \/>\n<meta property=\"og:image\" content=\"https:\/\/floore.se\/wp-content\/uploads\/OmslagsbildFlooreIngjutet-1.jpg\" \/>\n\t<meta property=\"og:image:width\" content=\"1000\" \/>\n\t<meta property=\"og:image:height\" content=\"1000\" \/>\n\t<meta property=\"og:image:type\" content=\"image\/jpeg\" \/>\n<meta name=\"twitter:label1\" content=\"Est. reading time\" \/>\n\t<meta name=\"twitter:data1\" content=\"1 minute\" \/>\n<script type=\"application\/ld+json\" class=\"yoast-schema-graph\">{\"@context\":\"https:\\\/\\\/schema.org\",\"@graph\":[{\"@type\":\"WebPage\",\"@id\":\"https:\\\/\\\/floore.se\\\/en\\\/butik\\\/underfloor-heating\\\/embedded\\\/prices-by-sqm-floore-embedded-underfloor-heating\\\/\",\"url\":\"https:\\\/\\\/floore.se\\\/en\\\/butik\\\/underfloor-heating\\\/embedded\\\/prices-by-sqm-floore-embedded-underfloor-heating\\\/\",\"name\":\"Prices by sqm for Floor\u00e9 embedded underfloor heating &#8211; Floor\u00e9 V\u00e4rmegolv\",\"isPartOf\":{\"@id\":\"https:\\\/\\\/floore.se\\\/#website\"},\"primaryImageOfPage\":{\"@id\":\"https:\\\/\\\/floore.se\\\/en\\\/butik\\\/underfloor-heating\\\/embedded\\\/prices-by-sqm-floore-embedded-underfloor-heating\\\/#primaryimage\"},\"image\":{\"@id\":\"https:\\\/\\\/floore.se\\\/en\\\/butik\\\/underfloor-heating\\\/embedded\\\/prices-by-sqm-floore-embedded-underfloor-heating\\\/#primaryimage\"},\"thumbnailUrl\":\"https:\\\/\\\/floore.se\\\/wp-content\\\/uploads\\\/OmslagsbildFlooreIngjutet-1.jpg\",\"datePublished\":\"2018-08-13T13:56:51+00:00\",\"dateModified\":\"2019-08-28T08:57:47+00:00\",\"breadcrumb\":{\"@id\":\"https:\\\/\\\/floore.se\\\/en\\\/butik\\\/underfloor-heating\\\/embedded\\\/prices-by-sqm-floore-embedded-underfloor-heating\\\/#breadcrumb\"},\"inLanguage\":\"en-US\",\"potentialAction\":[{\"@type\":\"ReadAction\",\"target\":[\"https:\\\/\\\/floore.se\\\/en\\\/butik\\\/underfloor-heating\\\/embedded\\\/prices-by-sqm-floore-embedded-underfloor-heating\\\/\"]}]},{\"@type\":\"ImageObject\",\"inLanguage\":\"en-US\",\"@id\":\"https:\\\/\\\/floore.se\\\/en\\\/butik\\\/underfloor-heating\\\/embedded\\\/prices-by-sqm-floore-embedded-underfloor-heating\\\/#primaryimage\",\"url\":\"https:\\\/\\\/floore.se\\\/wp-content\\\/uploads\\\/OmslagsbildFlooreIngjutet-1.jpg\",\"contentUrl\":\"https:\\\/\\\/floore.se\\\/wp-content\\\/uploads\\\/OmslagsbildFlooreIngjutet-1.jpg\",\"width\":1000,\"height\":1000},{\"@type\":\"BreadcrumbList\",\"@id\":\"https:\\\/\\\/floore.se\\\/en\\\/butik\\\/underfloor-heating\\\/embedded\\\/prices-by-sqm-floore-embedded-underfloor-heating\\\/#breadcrumb\",\"itemListElement\":[{\"@type\":\"ListItem\",\"position\":1,\"name\":\"Hem\",\"item\":\"https:\\\/\\\/floore.se\\\/en\\\/golvvarme-unik-vattenburen-golvvarme-floore-varmegolv\\\/\"},{\"@type\":\"ListItem\",\"position\":2,\"name\":\"Shop\",\"item\":\"https:\\\/\\\/floore.se\\\/en\\\/shop\\\/\"},{\"@type\":\"ListItem\",\"position\":3,\"name\":\"Prices by sqm for Floor\u00e9 embedded underfloor heating\"}]},{\"@type\":\"WebSite\",\"@id\":\"https:\\\/\\\/floore.se\\\/#website\",\"url\":\"https:\\\/\\\/floore.se\\\/\",\"name\":\"Floor\u00e9 V\u00e4rmegolv\",\"description\":\"Vattenburen golvv\u00e4rme \u2013 ett av marknadens tunnaste\",\"potentialAction\":[{\"@type\":\"SearchAction\",\"target\":{\"@type\":\"EntryPoint\",\"urlTemplate\":\"https:\\\/\\\/floore.se\\\/?s={search_term_string}\"},\"query-input\":{\"@type\":\"PropertyValueSpecification\",\"valueRequired\":true,\"valueName\":\"search_term_string\"}}],\"inLanguage\":\"en-US\"}]}<\/script>\n<!-- \/ Yoast SEO Premium plugin. -->","yoast_head_json":{"title":"Prices by sqm for Floor\u00e9 embedded underfloor heating &#8211; Floor\u00e9 V\u00e4rmegolv","robots":{"index":"index","follow":"follow","max-snippet":"max-snippet:-1","max-image-preview":"max-image-preview:large","max-video-preview":"max-video-preview:-1"},"canonical":"https:\/\/floore.se\/en\/butik\/underfloor-heating\/embedded\/prices-by-sqm-floore-embedded-underfloor-heating\/","og_locale":"en_US","og_type":"article","og_title":"Prices by sqm for Floor\u00e9 embedded underfloor heating","og_description":"m2 price for complete kit    Pipe support rail or cable ties  Underfloor heating pipes  Pipe fittings  Design drawing provided at no extra charge  \u2013 16\u00a0mm pipe for smaller areas &lt;150\u00a0m2 \u2013 20\u00a0mm pipe for larger areas &gt; 150\u00a0m2 \u2013 c\/c 200\u00a0mm for living areas \u2013 c\/c 300\u00a0mm for garages and industrial applications.","og_url":"https:\/\/floore.se\/en\/butik\/underfloor-heating\/embedded\/prices-by-sqm-floore-embedded-underfloor-heating\/","og_site_name":"Floor\u00e9 V\u00e4rmegolv","article_modified_time":"2019-08-28T08:57:47+00:00","og_image":[{"width":1000,"height":1000,"url":"https:\/\/floore.se\/wp-content\/uploads\/OmslagsbildFlooreIngjutet-1.jpg","type":"image\/jpeg"}],"twitter_misc":{"Est. reading time":"1 minute"},"schema":{"@context":"https:\/\/schema.org","@graph":[{"@type":"WebPage","@id":"https:\/\/floore.se\/en\/butik\/underfloor-heating\/embedded\/prices-by-sqm-floore-embedded-underfloor-heating\/","url":"https:\/\/floore.se\/en\/butik\/underfloor-heating\/embedded\/prices-by-sqm-floore-embedded-underfloor-heating\/","name":"Prices by sqm for Floor\u00e9 embedded underfloor heating &#8211; Floor\u00e9 V\u00e4rmegolv","isPartOf":{"@id":"https:\/\/floore.se\/#website"},"primaryImageOfPage":{"@id":"https:\/\/floore.se\/en\/butik\/underfloor-heating\/embedded\/prices-by-sqm-floore-embedded-underfloor-heating\/#primaryimage"},"image":{"@id":"https:\/\/floore.se\/en\/butik\/underfloor-heating\/embedded\/prices-by-sqm-floore-embedded-underfloor-heating\/#primaryimage"},"thumbnailUrl":"https:\/\/floore.se\/wp-content\/uploads\/OmslagsbildFlooreIngjutet-1.jpg","datePublished":"2018-08-13T13:56:51+00:00","dateModified":"2019-08-28T08:57:47+00:00","breadcrumb":{"@id":"https:\/\/floore.se\/en\/butik\/underfloor-heating\/embedded\/prices-by-sqm-floore-embedded-underfloor-heating\/#breadcrumb"},"inLanguage":"en-US","potentialAction":[{"@type":"ReadAction","target":["https:\/\/floore.se\/en\/butik\/underfloor-heating\/embedded\/prices-by-sqm-floore-embedded-underfloor-heating\/"]}]},{"@type":"ImageObject","inLanguage":"en-US","@id":"https:\/\/floore.se\/en\/butik\/underfloor-heating\/embedded\/prices-by-sqm-floore-embedded-underfloor-heating\/#primaryimage","url":"https:\/\/floore.se\/wp-content\/uploads\/OmslagsbildFlooreIngjutet-1.jpg","contentUrl":"https:\/\/floore.se\/wp-content\/uploads\/OmslagsbildFlooreIngjutet-1.jpg","width":1000,"height":1000},{"@type":"BreadcrumbList","@id":"https:\/\/floore.se\/en\/butik\/underfloor-heating\/embedded\/prices-by-sqm-floore-embedded-underfloor-heating\/#breadcrumb","itemListElement":[{"@type":"ListItem","position":1,"name":"Hem","item":"https:\/\/floore.se\/en\/golvvarme-unik-vattenburen-golvvarme-floore-varmegolv\/"},{"@type":"ListItem","position":2,"name":"Shop","item":"https:\/\/floore.se\/en\/shop\/"},{"@type":"ListItem","position":3,"name":"Prices by sqm for Floor\u00e9 embedded underfloor heating"}]},{"@type":"WebSite","@id":"https:\/\/floore.se\/#website","url":"https:\/\/floore.se\/","name":"Floor\u00e9 V\u00e4rmegolv","description":"Vattenburen golvv\u00e4rme \u2013 ett av marknadens tunnaste","potentialAction":[{"@type":"SearchAction","target":{"@type":"EntryPoint","urlTemplate":"https:\/\/floore.se\/?s={search_term_string}"},"query-input":{"@type":"PropertyValueSpecification","valueRequired":true,"valueName":"search_term_string"}}],"inLanguage":"en-US"}]}},"_links":{"self":[{"href":"https:\/\/floore.se\/en\/wp-json\/wp\/v2\/product\/9268","targetHints":{"allow":["GET"]}}],"collection":[{"href":"https:\/\/floore.se\/en\/wp-json\/wp\/v2\/product"}],"about":[{"href":"https:\/\/floore.se\/en\/wp-json\/wp\/v2\/types\/product"}],"replies":[{"embeddable":true,"href":"https:\/\/floore.se\/en\/wp-json\/wp\/v2\/comments?post=9268"}],"wp:featuredmedia":[{"embeddable":true,"href":"https:\/\/floore.se\/en\/wp-json\/wp\/v2\/media\/10231"}],"wp:attachment":[{"href":"https:\/\/floore.se\/en\/wp-json\/wp\/v2\/media?parent=9268"}],"wp:term":[{"taxonomy":"product_brand","embeddable":true,"href":"https:\/\/floore.se\/en\/wp-json\/wp\/v2\/product_brand?post=9268"},{"taxonomy":"product_cat","embeddable":true,"href":"https:\/\/floore.se\/en\/wp-json\/wp\/v2\/product_cat?post=9268"},{"taxonomy":"product_tag","embeddable":true,"href":"https:\/\/floore.se\/en\/wp-json\/wp\/v2\/product_tag?post=9268"}],"curies":[{"name":"wp","href":"https:\/\/api.w.org\/{rel}","templated":true}]}}