{"id":9250,"date":"2022-03-01T16:10:57","date_gmt":"2018-08-14T14:10:57","guid":{"rendered":"https:\/\/floore.se\/produkt\/floore-underfloor-heating-panels\/"},"modified":"2019-07-05T12:45:23","modified_gmt":"2019-07-05T10:45:23","slug":"floore-underfloor-heating-panels","status":"publish","type":"product","link":"https:\/\/floore.se\/en\/butik\/underfloor-heating\/floore-panels\/floore-underfloor-heating-panels\/","title":{"rendered":"Floor\u00e9 underfloor heating panels"},"content":{"rendered":"<p class=\"p1\"><strong>Fast and efficient heating<\/strong><br \/>\nAluminium foil coated panels<\/p>\n<p class=\"p1\"><strong>Lay your new floor on top of the old one!<\/strong><br \/>\nUnderfloor heating can be laid on most subfloors<\/p>\n<p class=\"p1\"><strong>Save time and money with fewer steps<\/strong><br \/>\nTiles can be laid directly on the panels<\/p>\n<p class=\"p1\"><strong>Lowest building height or extra insulation?<\/strong><br \/>\nOur thinnest panel is only 13\u00a0mm, resulting in a minimal decrease in room height. Panels featuring extra insulation come in a thickness of 25\u00a0mm or 50\u00a0mm.<\/p>\n","protected":false},"excerpt":{"rendered":"<p class=\"p1\">Patented aluminium-coated EPS panel. Size: 1,175\u00a0x\u00a0768\u00a0mm.<br \/>\nDelivered folded in half in packaging containing 5 or 10 pieces<\/p>\n<p class=\"p1\">Floor\u00e9 panels can be easily cut with a standard craft knife. All panels have pre-cut grooves and turning grooves for the pipes. Our 25 and 50\u00a0mm panels also feature diagonal return grooves. Thanks to the aluminium-coated panels, you can heat almost 100 per cent of the room\u2019s surface.<br \/>\nCompare this with loose underfloor heating plates that offer just 70\u201380 per cent heat distribution. The panels can be easily secured with cementitious adhesives, floor adhesives or screws. At floore.se you can find instructions from the most common manufacturers of adhesives and cementitious adhesives.<\/p>\n","protected":false},"featured_media":10233,"comment_status":"closed","ping_status":"closed","template":"","meta":{"_acf_changed":false},"product_brand":[],"product_cat":[314],"product_tag":[],"class_list":{"0":"post-9250","1":"product","2":"type-product","3":"status-publish","4":"has-post-thumbnail","6":"product_cat-floore-panels","9":"first","10":"instock","11":"featured","12":"taxable","13":"shipping-taxable","14":"purchasable","15":"product-type-variable"},"acf":[],"yoast_head":"<!-- This site is optimized with the Yoast SEO Premium plugin v26.3 (Yoast SEO v27.5) - https:\/\/yoast.com\/product\/yoast-seo-premium-wordpress\/ -->\n<title>Floor\u00e9 underfloor heating panels &#8211; Floor\u00e9 V\u00e4rmegolv<\/title>\n<meta name=\"robots\" content=\"index, follow, max-snippet:-1, max-image-preview:large, max-video-preview:-1\" \/>\n<link rel=\"canonical\" href=\"https:\/\/floore.se\/en\/butik\/underfloor-heating\/floore-panels\/floore-underfloor-heating-panels\/\" \/>\n<meta property=\"og:locale\" content=\"en_US\" \/>\n<meta property=\"og:type\" content=\"article\" \/>\n<meta property=\"og:title\" content=\"Floor\u00e9 underfloor heating panels\" \/>\n<meta property=\"og:description\" content=\"Patented aluminium-coated EPS panel. Size: 1,175\u00a0x\u00a0768\u00a0mm. Delivered folded in half in packaging containing 5 or 10 pieces Floor\u00e9 panels can be easily cut with a standard craft knife. All panels have pre-cut grooves and turning grooves for the pipes. Our 25 and 50\u00a0mm panels also feature diagonal return grooves. Thanks to the aluminium-coated panels, you can heat almost 100 per cent of the room\u2019s surface. Compare this with loose underfloor heating plates that offer just 70\u201380 per cent heat distribution. The panels can be easily secured with cementitious adhesives, floor adhesives or screws. At floore.se you can find instructions from the most common manufacturers of adhesives and cementitious adhesives.\" \/>\n<meta property=\"og:url\" content=\"https:\/\/floore.se\/en\/butik\/underfloor-heating\/floore-panels\/floore-underfloor-heating-panels\/\" \/>\n<meta property=\"og:site_name\" content=\"Floor\u00e9 V\u00e4rmegolv\" \/>\n<meta property=\"article:modified_time\" content=\"2019-07-05T10:45:23+00:00\" \/>\n<meta property=\"og:image\" content=\"https:\/\/floore.se\/wp-content\/uploads\/skivor-1-1.jpg\" \/>\n\t<meta property=\"og:image:width\" content=\"1000\" \/>\n\t<meta property=\"og:image:height\" content=\"1000\" \/>\n\t<meta property=\"og:image:type\" content=\"image\/jpeg\" \/>\n<script type=\"application\/ld+json\" class=\"yoast-schema-graph\">{\"@context\":\"https:\\\/\\\/schema.org\",\"@graph\":[{\"@type\":\"WebPage\",\"@id\":\"https:\\\/\\\/floore.se\\\/en\\\/butik\\\/underfloor-heating\\\/floore-panels\\\/floore-underfloor-heating-panels\\\/\",\"url\":\"https:\\\/\\\/floore.se\\\/en\\\/butik\\\/underfloor-heating\\\/floore-panels\\\/floore-underfloor-heating-panels\\\/\",\"name\":\"Floor\u00e9 underfloor heating panels &#8211; Floor\u00e9 V\u00e4rmegolv\",\"isPartOf\":{\"@id\":\"https:\\\/\\\/floore.se\\\/#website\"},\"primaryImageOfPage\":{\"@id\":\"https:\\\/\\\/floore.se\\\/en\\\/butik\\\/underfloor-heating\\\/floore-panels\\\/floore-underfloor-heating-panels\\\/#primaryimage\"},\"image\":{\"@id\":\"https:\\\/\\\/floore.se\\\/en\\\/butik\\\/underfloor-heating\\\/floore-panels\\\/floore-underfloor-heating-panels\\\/#primaryimage\"},\"thumbnailUrl\":\"https:\\\/\\\/floore.se\\\/wp-content\\\/uploads\\\/skivor-1-1.jpg\",\"datePublished\":\"2018-08-14T14:10:57+00:00\",\"dateModified\":\"2019-07-05T10:45:23+00:00\",\"breadcrumb\":{\"@id\":\"https:\\\/\\\/floore.se\\\/en\\\/butik\\\/underfloor-heating\\\/floore-panels\\\/floore-underfloor-heating-panels\\\/#breadcrumb\"},\"inLanguage\":\"en-US\",\"potentialAction\":[{\"@type\":\"ReadAction\",\"target\":[\"https:\\\/\\\/floore.se\\\/en\\\/butik\\\/underfloor-heating\\\/floore-panels\\\/floore-underfloor-heating-panels\\\/\"]}]},{\"@type\":\"ImageObject\",\"inLanguage\":\"en-US\",\"@id\":\"https:\\\/\\\/floore.se\\\/en\\\/butik\\\/underfloor-heating\\\/floore-panels\\\/floore-underfloor-heating-panels\\\/#primaryimage\",\"url\":\"https:\\\/\\\/floore.se\\\/wp-content\\\/uploads\\\/skivor-1-1.jpg\",\"contentUrl\":\"https:\\\/\\\/floore.se\\\/wp-content\\\/uploads\\\/skivor-1-1.jpg\",\"width\":1000,\"height\":1000},{\"@type\":\"BreadcrumbList\",\"@id\":\"https:\\\/\\\/floore.se\\\/en\\\/butik\\\/underfloor-heating\\\/floore-panels\\\/floore-underfloor-heating-panels\\\/#breadcrumb\",\"itemListElement\":[{\"@type\":\"ListItem\",\"position\":1,\"name\":\"Hem\",\"item\":\"https:\\\/\\\/floore.se\\\/en\\\/golvvarme-unik-vattenburen-golvvarme-floore-varmegolv\\\/\"},{\"@type\":\"ListItem\",\"position\":2,\"name\":\"Shop\",\"item\":\"https:\\\/\\\/floore.se\\\/en\\\/shop\\\/\"},{\"@type\":\"ListItem\",\"position\":3,\"name\":\"Floor\u00e9 underfloor heating panels\"}]},{\"@type\":\"WebSite\",\"@id\":\"https:\\\/\\\/floore.se\\\/#website\",\"url\":\"https:\\\/\\\/floore.se\\\/\",\"name\":\"Floor\u00e9 V\u00e4rmegolv\",\"description\":\"Vattenburen golvv\u00e4rme \u2013 ett av marknadens tunnaste\",\"potentialAction\":[{\"@type\":\"SearchAction\",\"target\":{\"@type\":\"EntryPoint\",\"urlTemplate\":\"https:\\\/\\\/floore.se\\\/?s={search_term_string}\"},\"query-input\":{\"@type\":\"PropertyValueSpecification\",\"valueRequired\":true,\"valueName\":\"search_term_string\"}}],\"inLanguage\":\"en-US\"}]}<\/script>\n<!-- \/ Yoast SEO Premium plugin. -->","yoast_head_json":{"title":"Floor\u00e9 underfloor heating panels &#8211; Floor\u00e9 V\u00e4rmegolv","robots":{"index":"index","follow":"follow","max-snippet":"max-snippet:-1","max-image-preview":"max-image-preview:large","max-video-preview":"max-video-preview:-1"},"canonical":"https:\/\/floore.se\/en\/butik\/underfloor-heating\/floore-panels\/floore-underfloor-heating-panels\/","og_locale":"en_US","og_type":"article","og_title":"Floor\u00e9 underfloor heating panels","og_description":"Patented aluminium-coated EPS panel. Size: 1,175\u00a0x\u00a0768\u00a0mm. Delivered folded in half in packaging containing 5 or 10 pieces Floor\u00e9 panels can be easily cut with a standard craft knife. All panels have pre-cut grooves and turning grooves for the pipes. Our 25 and 50\u00a0mm panels also feature diagonal return grooves. Thanks to the aluminium-coated panels, you can heat almost 100 per cent of the room\u2019s surface. Compare this with loose underfloor heating plates that offer just 70\u201380 per cent heat distribution. The panels can be easily secured with cementitious adhesives, floor adhesives or screws. At floore.se you can find instructions from the most common manufacturers of adhesives and cementitious adhesives.","og_url":"https:\/\/floore.se\/en\/butik\/underfloor-heating\/floore-panels\/floore-underfloor-heating-panels\/","og_site_name":"Floor\u00e9 V\u00e4rmegolv","article_modified_time":"2019-07-05T10:45:23+00:00","og_image":[{"width":1000,"height":1000,"url":"https:\/\/floore.se\/wp-content\/uploads\/skivor-1-1.jpg","type":"image\/jpeg"}],"schema":{"@context":"https:\/\/schema.org","@graph":[{"@type":"WebPage","@id":"https:\/\/floore.se\/en\/butik\/underfloor-heating\/floore-panels\/floore-underfloor-heating-panels\/","url":"https:\/\/floore.se\/en\/butik\/underfloor-heating\/floore-panels\/floore-underfloor-heating-panels\/","name":"Floor\u00e9 underfloor heating panels &#8211; Floor\u00e9 V\u00e4rmegolv","isPartOf":{"@id":"https:\/\/floore.se\/#website"},"primaryImageOfPage":{"@id":"https:\/\/floore.se\/en\/butik\/underfloor-heating\/floore-panels\/floore-underfloor-heating-panels\/#primaryimage"},"image":{"@id":"https:\/\/floore.se\/en\/butik\/underfloor-heating\/floore-panels\/floore-underfloor-heating-panels\/#primaryimage"},"thumbnailUrl":"https:\/\/floore.se\/wp-content\/uploads\/skivor-1-1.jpg","datePublished":"2018-08-14T14:10:57+00:00","dateModified":"2019-07-05T10:45:23+00:00","breadcrumb":{"@id":"https:\/\/floore.se\/en\/butik\/underfloor-heating\/floore-panels\/floore-underfloor-heating-panels\/#breadcrumb"},"inLanguage":"en-US","potentialAction":[{"@type":"ReadAction","target":["https:\/\/floore.se\/en\/butik\/underfloor-heating\/floore-panels\/floore-underfloor-heating-panels\/"]}]},{"@type":"ImageObject","inLanguage":"en-US","@id":"https:\/\/floore.se\/en\/butik\/underfloor-heating\/floore-panels\/floore-underfloor-heating-panels\/#primaryimage","url":"https:\/\/floore.se\/wp-content\/uploads\/skivor-1-1.jpg","contentUrl":"https:\/\/floore.se\/wp-content\/uploads\/skivor-1-1.jpg","width":1000,"height":1000},{"@type":"BreadcrumbList","@id":"https:\/\/floore.se\/en\/butik\/underfloor-heating\/floore-panels\/floore-underfloor-heating-panels\/#breadcrumb","itemListElement":[{"@type":"ListItem","position":1,"name":"Hem","item":"https:\/\/floore.se\/en\/golvvarme-unik-vattenburen-golvvarme-floore-varmegolv\/"},{"@type":"ListItem","position":2,"name":"Shop","item":"https:\/\/floore.se\/en\/shop\/"},{"@type":"ListItem","position":3,"name":"Floor\u00e9 underfloor heating panels"}]},{"@type":"WebSite","@id":"https:\/\/floore.se\/#website","url":"https:\/\/floore.se\/","name":"Floor\u00e9 V\u00e4rmegolv","description":"Vattenburen golvv\u00e4rme \u2013 ett av marknadens tunnaste","potentialAction":[{"@type":"SearchAction","target":{"@type":"EntryPoint","urlTemplate":"https:\/\/floore.se\/?s={search_term_string}"},"query-input":{"@type":"PropertyValueSpecification","valueRequired":true,"valueName":"search_term_string"}}],"inLanguage":"en-US"}]}},"_links":{"self":[{"href":"https:\/\/floore.se\/en\/wp-json\/wp\/v2\/product\/9250","targetHints":{"allow":["GET"]}}],"collection":[{"href":"https:\/\/floore.se\/en\/wp-json\/wp\/v2\/product"}],"about":[{"href":"https:\/\/floore.se\/en\/wp-json\/wp\/v2\/types\/product"}],"replies":[{"embeddable":true,"href":"https:\/\/floore.se\/en\/wp-json\/wp\/v2\/comments?post=9250"}],"wp:featuredmedia":[{"embeddable":true,"href":"https:\/\/floore.se\/en\/wp-json\/wp\/v2\/media\/10233"}],"wp:attachment":[{"href":"https:\/\/floore.se\/en\/wp-json\/wp\/v2\/media?parent=9250"}],"wp:term":[{"taxonomy":"product_brand","embeddable":true,"href":"https:\/\/floore.se\/en\/wp-json\/wp\/v2\/product_brand?post=9250"},{"taxonomy":"product_cat","embeddable":true,"href":"https:\/\/floore.se\/en\/wp-json\/wp\/v2\/product_cat?post=9250"},{"taxonomy":"product_tag","embeddable":true,"href":"https:\/\/floore.se\/en\/wp-json\/wp\/v2\/product_tag?post=9250"}],"curies":[{"name":"wp","href":"https:\/\/api.w.org\/{rel}","templated":true}]}}