{"id":9247,"date":"2022-03-01T11:11:50","date_gmt":"2018-07-06T09:11:50","guid":{"rendered":"https:\/\/floore.se\/produkt\/floore-kit-embedded\/"},"modified":"2019-07-05T12:45:20","modified_gmt":"2019-07-05T10:45:20","slug":"floore-kit-embedded","status":"publish","type":"product","link":"https:\/\/floore.se\/en\/butik\/underfloor-heating\/embedded\/floore-kit-embedded\/","title":{"rendered":"Floor\u00e9 Kit Embedded"},"content":{"rendered":"","protected":false},"excerpt":{"rendered":"<p class=\"p2\"><span class=\"s1\">Contains:<\/span><\/p>\n<ul>\n<li class=\"p1\">Premium underfloor heating pipes<\/li>\n<li class=\"p1\">Edge insulation<\/li>\n<li class=\"p1\">Cable ties<\/li>\n<li class=\"p1\">Pipe fittings<\/li>\n<\/ul>\n<p class=\"p1\">Our embedded kit is particularly suitable for use when renovating existing rooms.\u00a0The heating pipes can be embedded in just 20\u00a0mm of putty or concrete.<\/p>\n<p class=\"p1\">12\u00a0mm Premium pipes.<br \/>\nc\/c distance between the pipes 125\u2013150\u00a0mm.<\/p>\n","protected":false},"featured_media":10203,"comment_status":"closed","ping_status":"closed","template":"","meta":{"_acf_changed":false},"product_brand":[],"product_cat":[309],"product_tag":[],"class_list":{"0":"post-9247","1":"product","2":"type-product","3":"status-publish","4":"has-post-thumbnail","6":"product_cat-embedded","9":"first","10":"instock","11":"featured","12":"taxable","13":"shipping-taxable","14":"purchasable","15":"product-type-variable"},"acf":[],"yoast_head":"<!-- This site is optimized with the Yoast SEO Premium plugin v26.3 (Yoast SEO v27.5) - https:\/\/yoast.com\/product\/yoast-seo-premium-wordpress\/ -->\n<title>Floor\u00e9 Kit Embedded &#8211; Floor\u00e9 V\u00e4rmegolv<\/title>\n<meta name=\"robots\" content=\"index, follow, max-snippet:-1, max-image-preview:large, max-video-preview:-1\" \/>\n<link rel=\"canonical\" href=\"https:\/\/floore.se\/en\/butik\/underfloor-heating\/embedded\/floore-kit-embedded\/\" \/>\n<meta property=\"og:locale\" content=\"en_US\" \/>\n<meta property=\"og:type\" content=\"article\" \/>\n<meta property=\"og:title\" content=\"Floor\u00e9 Kit Embedded\" \/>\n<meta property=\"og:description\" content=\"Contains:    Premium underfloor heating pipes  Edge insulation  Cable ties  Pipe fittings  Our embedded kit is particularly suitable for use when renovating existing rooms.\u00a0The heating pipes can be embedded in just 20\u00a0mm of putty or concrete. 12\u00a0mm Premium pipes. c\/c distance between the pipes 125\u2013150\u00a0mm.\" \/>\n<meta property=\"og:url\" content=\"https:\/\/floore.se\/en\/butik\/underfloor-heating\/embedded\/floore-kit-embedded\/\" \/>\n<meta property=\"og:site_name\" content=\"Floor\u00e9 V\u00e4rmegolv\" \/>\n<meta property=\"article:modified_time\" content=\"2019-07-05T10:45:20+00:00\" \/>\n<meta property=\"og:image\" content=\"https:\/\/floore.se\/wp-content\/uploads\/P-12ABB_03OMSLAGSBILD-1.jpg\" \/>\n\t<meta property=\"og:image:width\" content=\"1000\" \/>\n\t<meta property=\"og:image:height\" content=\"1000\" \/>\n\t<meta property=\"og:image:type\" content=\"image\/jpeg\" \/>\n<script type=\"application\/ld+json\" class=\"yoast-schema-graph\">{\"@context\":\"https:\\\/\\\/schema.org\",\"@graph\":[{\"@type\":\"WebPage\",\"@id\":\"https:\\\/\\\/floore.se\\\/en\\\/butik\\\/underfloor-heating\\\/embedded\\\/floore-kit-embedded\\\/\",\"url\":\"https:\\\/\\\/floore.se\\\/en\\\/butik\\\/underfloor-heating\\\/embedded\\\/floore-kit-embedded\\\/\",\"name\":\"Floor\u00e9 Kit Embedded &#8211; Floor\u00e9 V\u00e4rmegolv\",\"isPartOf\":{\"@id\":\"https:\\\/\\\/floore.se\\\/#website\"},\"primaryImageOfPage\":{\"@id\":\"https:\\\/\\\/floore.se\\\/en\\\/butik\\\/underfloor-heating\\\/embedded\\\/floore-kit-embedded\\\/#primaryimage\"},\"image\":{\"@id\":\"https:\\\/\\\/floore.se\\\/en\\\/butik\\\/underfloor-heating\\\/embedded\\\/floore-kit-embedded\\\/#primaryimage\"},\"thumbnailUrl\":\"https:\\\/\\\/floore.se\\\/wp-content\\\/uploads\\\/P-12ABB_03OMSLAGSBILD-1.jpg\",\"datePublished\":\"2018-07-06T09:11:50+00:00\",\"dateModified\":\"2019-07-05T10:45:20+00:00\",\"breadcrumb\":{\"@id\":\"https:\\\/\\\/floore.se\\\/en\\\/butik\\\/underfloor-heating\\\/embedded\\\/floore-kit-embedded\\\/#breadcrumb\"},\"inLanguage\":\"en-US\",\"potentialAction\":[{\"@type\":\"ReadAction\",\"target\":[\"https:\\\/\\\/floore.se\\\/en\\\/butik\\\/underfloor-heating\\\/embedded\\\/floore-kit-embedded\\\/\"]}]},{\"@type\":\"ImageObject\",\"inLanguage\":\"en-US\",\"@id\":\"https:\\\/\\\/floore.se\\\/en\\\/butik\\\/underfloor-heating\\\/embedded\\\/floore-kit-embedded\\\/#primaryimage\",\"url\":\"https:\\\/\\\/floore.se\\\/wp-content\\\/uploads\\\/P-12ABB_03OMSLAGSBILD-1.jpg\",\"contentUrl\":\"https:\\\/\\\/floore.se\\\/wp-content\\\/uploads\\\/P-12ABB_03OMSLAGSBILD-1.jpg\",\"width\":1000,\"height\":1000},{\"@type\":\"BreadcrumbList\",\"@id\":\"https:\\\/\\\/floore.se\\\/en\\\/butik\\\/underfloor-heating\\\/embedded\\\/floore-kit-embedded\\\/#breadcrumb\",\"itemListElement\":[{\"@type\":\"ListItem\",\"position\":1,\"name\":\"Hem\",\"item\":\"https:\\\/\\\/floore.se\\\/en\\\/golvvarme-unik-vattenburen-golvvarme-floore-varmegolv\\\/\"},{\"@type\":\"ListItem\",\"position\":2,\"name\":\"Shop\",\"item\":\"https:\\\/\\\/floore.se\\\/en\\\/shop\\\/\"},{\"@type\":\"ListItem\",\"position\":3,\"name\":\"Floor\u00e9 Kit Embedded\"}]},{\"@type\":\"WebSite\",\"@id\":\"https:\\\/\\\/floore.se\\\/#website\",\"url\":\"https:\\\/\\\/floore.se\\\/\",\"name\":\"Floor\u00e9 V\u00e4rmegolv\",\"description\":\"Vattenburen golvv\u00e4rme \u2013 ett av marknadens tunnaste\",\"potentialAction\":[{\"@type\":\"SearchAction\",\"target\":{\"@type\":\"EntryPoint\",\"urlTemplate\":\"https:\\\/\\\/floore.se\\\/?s={search_term_string}\"},\"query-input\":{\"@type\":\"PropertyValueSpecification\",\"valueRequired\":true,\"valueName\":\"search_term_string\"}}],\"inLanguage\":\"en-US\"}]}<\/script>\n<!-- \/ Yoast SEO Premium plugin. -->","yoast_head_json":{"title":"Floor\u00e9 Kit Embedded &#8211; Floor\u00e9 V\u00e4rmegolv","robots":{"index":"index","follow":"follow","max-snippet":"max-snippet:-1","max-image-preview":"max-image-preview:large","max-video-preview":"max-video-preview:-1"},"canonical":"https:\/\/floore.se\/en\/butik\/underfloor-heating\/embedded\/floore-kit-embedded\/","og_locale":"en_US","og_type":"article","og_title":"Floor\u00e9 Kit Embedded","og_description":"Contains:    Premium underfloor heating pipes  Edge insulation  Cable ties  Pipe fittings  Our embedded kit is particularly suitable for use when renovating existing rooms.\u00a0The heating pipes can be embedded in just 20\u00a0mm of putty or concrete. 12\u00a0mm Premium pipes. c\/c distance between the pipes 125\u2013150\u00a0mm.","og_url":"https:\/\/floore.se\/en\/butik\/underfloor-heating\/embedded\/floore-kit-embedded\/","og_site_name":"Floor\u00e9 V\u00e4rmegolv","article_modified_time":"2019-07-05T10:45:20+00:00","og_image":[{"width":1000,"height":1000,"url":"https:\/\/floore.se\/wp-content\/uploads\/P-12ABB_03OMSLAGSBILD-1.jpg","type":"image\/jpeg"}],"schema":{"@context":"https:\/\/schema.org","@graph":[{"@type":"WebPage","@id":"https:\/\/floore.se\/en\/butik\/underfloor-heating\/embedded\/floore-kit-embedded\/","url":"https:\/\/floore.se\/en\/butik\/underfloor-heating\/embedded\/floore-kit-embedded\/","name":"Floor\u00e9 Kit Embedded &#8211; Floor\u00e9 V\u00e4rmegolv","isPartOf":{"@id":"https:\/\/floore.se\/#website"},"primaryImageOfPage":{"@id":"https:\/\/floore.se\/en\/butik\/underfloor-heating\/embedded\/floore-kit-embedded\/#primaryimage"},"image":{"@id":"https:\/\/floore.se\/en\/butik\/underfloor-heating\/embedded\/floore-kit-embedded\/#primaryimage"},"thumbnailUrl":"https:\/\/floore.se\/wp-content\/uploads\/P-12ABB_03OMSLAGSBILD-1.jpg","datePublished":"2018-07-06T09:11:50+00:00","dateModified":"2019-07-05T10:45:20+00:00","breadcrumb":{"@id":"https:\/\/floore.se\/en\/butik\/underfloor-heating\/embedded\/floore-kit-embedded\/#breadcrumb"},"inLanguage":"en-US","potentialAction":[{"@type":"ReadAction","target":["https:\/\/floore.se\/en\/butik\/underfloor-heating\/embedded\/floore-kit-embedded\/"]}]},{"@type":"ImageObject","inLanguage":"en-US","@id":"https:\/\/floore.se\/en\/butik\/underfloor-heating\/embedded\/floore-kit-embedded\/#primaryimage","url":"https:\/\/floore.se\/wp-content\/uploads\/P-12ABB_03OMSLAGSBILD-1.jpg","contentUrl":"https:\/\/floore.se\/wp-content\/uploads\/P-12ABB_03OMSLAGSBILD-1.jpg","width":1000,"height":1000},{"@type":"BreadcrumbList","@id":"https:\/\/floore.se\/en\/butik\/underfloor-heating\/embedded\/floore-kit-embedded\/#breadcrumb","itemListElement":[{"@type":"ListItem","position":1,"name":"Hem","item":"https:\/\/floore.se\/en\/golvvarme-unik-vattenburen-golvvarme-floore-varmegolv\/"},{"@type":"ListItem","position":2,"name":"Shop","item":"https:\/\/floore.se\/en\/shop\/"},{"@type":"ListItem","position":3,"name":"Floor\u00e9 Kit Embedded"}]},{"@type":"WebSite","@id":"https:\/\/floore.se\/#website","url":"https:\/\/floore.se\/","name":"Floor\u00e9 V\u00e4rmegolv","description":"Vattenburen golvv\u00e4rme \u2013 ett av marknadens tunnaste","potentialAction":[{"@type":"SearchAction","target":{"@type":"EntryPoint","urlTemplate":"https:\/\/floore.se\/?s={search_term_string}"},"query-input":{"@type":"PropertyValueSpecification","valueRequired":true,"valueName":"search_term_string"}}],"inLanguage":"en-US"}]}},"_links":{"self":[{"href":"https:\/\/floore.se\/en\/wp-json\/wp\/v2\/product\/9247","targetHints":{"allow":["GET"]}}],"collection":[{"href":"https:\/\/floore.se\/en\/wp-json\/wp\/v2\/product"}],"about":[{"href":"https:\/\/floore.se\/en\/wp-json\/wp\/v2\/types\/product"}],"replies":[{"embeddable":true,"href":"https:\/\/floore.se\/en\/wp-json\/wp\/v2\/comments?post=9247"}],"wp:featuredmedia":[{"embeddable":true,"href":"https:\/\/floore.se\/en\/wp-json\/wp\/v2\/media\/10203"}],"wp:attachment":[{"href":"https:\/\/floore.se\/en\/wp-json\/wp\/v2\/media?parent=9247"}],"wp:term":[{"taxonomy":"product_brand","embeddable":true,"href":"https:\/\/floore.se\/en\/wp-json\/wp\/v2\/product_brand?post=9247"},{"taxonomy":"product_cat","embeddable":true,"href":"https:\/\/floore.se\/en\/wp-json\/wp\/v2\/product_cat?post=9247"},{"taxonomy":"product_tag","embeddable":true,"href":"https:\/\/floore.se\/en\/wp-json\/wp\/v2\/product_tag?post=9247"}],"curies":[{"name":"wp","href":"https:\/\/api.w.org\/{rel}","templated":true}]}}