{"id":9231,"date":"2022-03-01T10:41:58","date_gmt":"2018-07-05T08:41:58","guid":{"rendered":"https:\/\/floore.se\/produkt\/floore-kit-panel-13-mm\/"},"modified":"2019-07-05T12:45:20","modified_gmt":"2019-07-05T10:45:20","slug":"floore-kit-panel-13-mm","status":"publish","type":"product","link":"https:\/\/floore.se\/en\/butik\/underfloor-heating\/floore-panels\/floore-kit-panel-13-mm\/","title":{"rendered":"Floor\u00e9 Kit Panel 13\u00a0mm"},"content":{"rendered":"<p><strong>Fast and efficient heating<\/strong><br \/>\nAluminium foil coated panels<\/p>\n<p><strong>Lay your new floor on top of the old one!<br \/>\n<\/strong>Underfloor heating can be laid on most subfloors<\/p>\n<p><strong>Save time and money with fewer steps<\/strong><br \/>\nTiles can be laid directly on the panels<\/p>\n<p class=\"p1\"><strong>Retain as much room height as possible by choosing our ultra thin panel.<\/strong><\/p>\n","protected":false},"excerpt":{"rendered":"<p class=\"p1\">Contains:<\/p>\n<ul>\n<li>Floor panels<\/li>\n<li>Premium underfloor heating pipes<\/li>\n<li>Aluminium tape<\/li>\n<li>Pipe fittings<\/li>\n<\/ul>\n<p class=\"p1\">Our thinnest panel is only 13\u00a0mm, resulting in a minimal decrease in room height.<\/p>\n<p class=\"p1\"><span class=\"s1\">Best suited for:<\/span><\/p>\n<ul>\n<li class=\"p2\">Floors that are already insulated<\/li>\n<li class=\"p2\">Floors that do not need insulating<\/li>\n<li class=\"p2\">Rooms in which the floor height increase is to be as small as possible<\/li>\n<\/ul>\n","protected":false},"featured_media":10186,"comment_status":"closed","ping_status":"closed","template":"","meta":{"_acf_changed":false},"product_brand":[],"product_cat":[314],"product_tag":[],"class_list":{"0":"post-9231","1":"product","2":"type-product","3":"status-publish","4":"has-post-thumbnail","6":"product_cat-floore-panels","9":"first","10":"instock","11":"taxable","12":"shipping-taxable","13":"purchasable","14":"product-type-variable"},"acf":[],"yoast_head":"<!-- This site is optimized with the Yoast SEO Premium plugin v26.3 (Yoast SEO v27.4) - https:\/\/yoast.com\/product\/yoast-seo-premium-wordpress\/ -->\n<title>Floor\u00e9 Kit Panel 13\u00a0mm &#8211; Floor\u00e9 V\u00e4rmegolv<\/title>\n<meta name=\"robots\" content=\"index, follow, max-snippet:-1, max-image-preview:large, max-video-preview:-1\" \/>\n<link rel=\"canonical\" href=\"https:\/\/floore.se\/en\/butik\/underfloor-heating\/floore-panels\/floore-kit-panel-13-mm\/\" \/>\n<meta property=\"og:locale\" content=\"en_US\" \/>\n<meta property=\"og:type\" content=\"article\" \/>\n<meta property=\"og:title\" content=\"Floor\u00e9 Kit Panel 13\u00a0mm\" \/>\n<meta property=\"og:description\" content=\"Contains:    Floor panels  Premium underfloor heating pipes  Aluminium tape  Pipe fittings  Our thinnest panel is only 13\u00a0mm, resulting in a minimal decrease in room height. Best suited for:    Floors that are already insulated  Floors that do not need insulating  Rooms in which the floor height increase is to be as small as possible\" \/>\n<meta property=\"og:url\" content=\"https:\/\/floore.se\/en\/butik\/underfloor-heating\/floore-panels\/floore-kit-panel-13-mm\/\" \/>\n<meta property=\"og:site_name\" content=\"Floor\u00e9 V\u00e4rmegolv\" \/>\n<meta property=\"article:modified_time\" content=\"2019-07-05T10:45:20+00:00\" \/>\n<meta property=\"og:image\" content=\"https:\/\/floore.se\/wp-content\/uploads\/Floore13mm-1.jpg\" \/>\n\t<meta property=\"og:image:width\" content=\"1000\" \/>\n\t<meta property=\"og:image:height\" content=\"1000\" \/>\n\t<meta property=\"og:image:type\" content=\"image\/jpeg\" \/>\n<script type=\"application\/ld+json\" class=\"yoast-schema-graph\">{\"@context\":\"https:\\\/\\\/schema.org\",\"@graph\":[{\"@type\":\"WebPage\",\"@id\":\"https:\\\/\\\/floore.se\\\/en\\\/butik\\\/underfloor-heating\\\/floore-panels\\\/floore-kit-panel-13-mm\\\/\",\"url\":\"https:\\\/\\\/floore.se\\\/en\\\/butik\\\/underfloor-heating\\\/floore-panels\\\/floore-kit-panel-13-mm\\\/\",\"name\":\"Floor\u00e9 Kit Panel 13\u00a0mm &#8211; Floor\u00e9 V\u00e4rmegolv\",\"isPartOf\":{\"@id\":\"https:\\\/\\\/floore.se\\\/#website\"},\"primaryImageOfPage\":{\"@id\":\"https:\\\/\\\/floore.se\\\/en\\\/butik\\\/underfloor-heating\\\/floore-panels\\\/floore-kit-panel-13-mm\\\/#primaryimage\"},\"image\":{\"@id\":\"https:\\\/\\\/floore.se\\\/en\\\/butik\\\/underfloor-heating\\\/floore-panels\\\/floore-kit-panel-13-mm\\\/#primaryimage\"},\"thumbnailUrl\":\"https:\\\/\\\/floore.se\\\/wp-content\\\/uploads\\\/Floore13mm-1.jpg\",\"datePublished\":\"2018-07-05T08:41:58+00:00\",\"dateModified\":\"2019-07-05T10:45:20+00:00\",\"breadcrumb\":{\"@id\":\"https:\\\/\\\/floore.se\\\/en\\\/butik\\\/underfloor-heating\\\/floore-panels\\\/floore-kit-panel-13-mm\\\/#breadcrumb\"},\"inLanguage\":\"en-US\",\"potentialAction\":[{\"@type\":\"ReadAction\",\"target\":[\"https:\\\/\\\/floore.se\\\/en\\\/butik\\\/underfloor-heating\\\/floore-panels\\\/floore-kit-panel-13-mm\\\/\"]}]},{\"@type\":\"ImageObject\",\"inLanguage\":\"en-US\",\"@id\":\"https:\\\/\\\/floore.se\\\/en\\\/butik\\\/underfloor-heating\\\/floore-panels\\\/floore-kit-panel-13-mm\\\/#primaryimage\",\"url\":\"https:\\\/\\\/floore.se\\\/wp-content\\\/uploads\\\/Floore13mm-1.jpg\",\"contentUrl\":\"https:\\\/\\\/floore.se\\\/wp-content\\\/uploads\\\/Floore13mm-1.jpg\",\"width\":1000,\"height\":1000},{\"@type\":\"BreadcrumbList\",\"@id\":\"https:\\\/\\\/floore.se\\\/en\\\/butik\\\/underfloor-heating\\\/floore-panels\\\/floore-kit-panel-13-mm\\\/#breadcrumb\",\"itemListElement\":[{\"@type\":\"ListItem\",\"position\":1,\"name\":\"Hem\",\"item\":\"https:\\\/\\\/floore.se\\\/en\\\/golvvarme-unik-vattenburen-golvvarme-floore-varmegolv\\\/\"},{\"@type\":\"ListItem\",\"position\":2,\"name\":\"Shop\",\"item\":\"https:\\\/\\\/floore.se\\\/en\\\/shop\\\/\"},{\"@type\":\"ListItem\",\"position\":3,\"name\":\"Floor\u00e9 Kit Panel 13\u00a0mm\"}]},{\"@type\":\"WebSite\",\"@id\":\"https:\\\/\\\/floore.se\\\/#website\",\"url\":\"https:\\\/\\\/floore.se\\\/\",\"name\":\"Floor\u00e9 V\u00e4rmegolv\",\"description\":\"Vattenburen golvv\u00e4rme \u2013 ett av marknadens tunnaste\",\"potentialAction\":[{\"@type\":\"SearchAction\",\"target\":{\"@type\":\"EntryPoint\",\"urlTemplate\":\"https:\\\/\\\/floore.se\\\/?s={search_term_string}\"},\"query-input\":{\"@type\":\"PropertyValueSpecification\",\"valueRequired\":true,\"valueName\":\"search_term_string\"}}],\"inLanguage\":\"en-US\"}]}<\/script>\n<!-- \/ Yoast SEO Premium plugin. -->","yoast_head_json":{"title":"Floor\u00e9 Kit Panel 13\u00a0mm &#8211; Floor\u00e9 V\u00e4rmegolv","robots":{"index":"index","follow":"follow","max-snippet":"max-snippet:-1","max-image-preview":"max-image-preview:large","max-video-preview":"max-video-preview:-1"},"canonical":"https:\/\/floore.se\/en\/butik\/underfloor-heating\/floore-panels\/floore-kit-panel-13-mm\/","og_locale":"en_US","og_type":"article","og_title":"Floor\u00e9 Kit Panel 13\u00a0mm","og_description":"Contains:    Floor panels  Premium underfloor heating pipes  Aluminium tape  Pipe fittings  Our thinnest panel is only 13\u00a0mm, resulting in a minimal decrease in room height. Best suited for:    Floors that are already insulated  Floors that do not need insulating  Rooms in which the floor height increase is to be as small as possible","og_url":"https:\/\/floore.se\/en\/butik\/underfloor-heating\/floore-panels\/floore-kit-panel-13-mm\/","og_site_name":"Floor\u00e9 V\u00e4rmegolv","article_modified_time":"2019-07-05T10:45:20+00:00","og_image":[{"width":1000,"height":1000,"url":"https:\/\/floore.se\/wp-content\/uploads\/Floore13mm-1.jpg","type":"image\/jpeg"}],"schema":{"@context":"https:\/\/schema.org","@graph":[{"@type":"WebPage","@id":"https:\/\/floore.se\/en\/butik\/underfloor-heating\/floore-panels\/floore-kit-panel-13-mm\/","url":"https:\/\/floore.se\/en\/butik\/underfloor-heating\/floore-panels\/floore-kit-panel-13-mm\/","name":"Floor\u00e9 Kit Panel 13\u00a0mm &#8211; Floor\u00e9 V\u00e4rmegolv","isPartOf":{"@id":"https:\/\/floore.se\/#website"},"primaryImageOfPage":{"@id":"https:\/\/floore.se\/en\/butik\/underfloor-heating\/floore-panels\/floore-kit-panel-13-mm\/#primaryimage"},"image":{"@id":"https:\/\/floore.se\/en\/butik\/underfloor-heating\/floore-panels\/floore-kit-panel-13-mm\/#primaryimage"},"thumbnailUrl":"https:\/\/floore.se\/wp-content\/uploads\/Floore13mm-1.jpg","datePublished":"2018-07-05T08:41:58+00:00","dateModified":"2019-07-05T10:45:20+00:00","breadcrumb":{"@id":"https:\/\/floore.se\/en\/butik\/underfloor-heating\/floore-panels\/floore-kit-panel-13-mm\/#breadcrumb"},"inLanguage":"en-US","potentialAction":[{"@type":"ReadAction","target":["https:\/\/floore.se\/en\/butik\/underfloor-heating\/floore-panels\/floore-kit-panel-13-mm\/"]}]},{"@type":"ImageObject","inLanguage":"en-US","@id":"https:\/\/floore.se\/en\/butik\/underfloor-heating\/floore-panels\/floore-kit-panel-13-mm\/#primaryimage","url":"https:\/\/floore.se\/wp-content\/uploads\/Floore13mm-1.jpg","contentUrl":"https:\/\/floore.se\/wp-content\/uploads\/Floore13mm-1.jpg","width":1000,"height":1000},{"@type":"BreadcrumbList","@id":"https:\/\/floore.se\/en\/butik\/underfloor-heating\/floore-panels\/floore-kit-panel-13-mm\/#breadcrumb","itemListElement":[{"@type":"ListItem","position":1,"name":"Hem","item":"https:\/\/floore.se\/en\/golvvarme-unik-vattenburen-golvvarme-floore-varmegolv\/"},{"@type":"ListItem","position":2,"name":"Shop","item":"https:\/\/floore.se\/en\/shop\/"},{"@type":"ListItem","position":3,"name":"Floor\u00e9 Kit Panel 13\u00a0mm"}]},{"@type":"WebSite","@id":"https:\/\/floore.se\/#website","url":"https:\/\/floore.se\/","name":"Floor\u00e9 V\u00e4rmegolv","description":"Vattenburen golvv\u00e4rme \u2013 ett av marknadens tunnaste","potentialAction":[{"@type":"SearchAction","target":{"@type":"EntryPoint","urlTemplate":"https:\/\/floore.se\/?s={search_term_string}"},"query-input":{"@type":"PropertyValueSpecification","valueRequired":true,"valueName":"search_term_string"}}],"inLanguage":"en-US"}]}},"_links":{"self":[{"href":"https:\/\/floore.se\/en\/wp-json\/wp\/v2\/product\/9231","targetHints":{"allow":["GET"]}}],"collection":[{"href":"https:\/\/floore.se\/en\/wp-json\/wp\/v2\/product"}],"about":[{"href":"https:\/\/floore.se\/en\/wp-json\/wp\/v2\/types\/product"}],"replies":[{"embeddable":true,"href":"https:\/\/floore.se\/en\/wp-json\/wp\/v2\/comments?post=9231"}],"wp:featuredmedia":[{"embeddable":true,"href":"https:\/\/floore.se\/en\/wp-json\/wp\/v2\/media\/10186"}],"wp:attachment":[{"href":"https:\/\/floore.se\/en\/wp-json\/wp\/v2\/media?parent=9231"}],"wp:term":[{"taxonomy":"product_brand","embeddable":true,"href":"https:\/\/floore.se\/en\/wp-json\/wp\/v2\/product_brand?post=9231"},{"taxonomy":"product_cat","embeddable":true,"href":"https:\/\/floore.se\/en\/wp-json\/wp\/v2\/product_cat?post=9231"},{"taxonomy":"product_tag","embeddable":true,"href":"https:\/\/floore.se\/en\/wp-json\/wp\/v2\/product_tag?post=9231"}],"curies":[{"name":"wp","href":"https:\/\/api.w.org\/{rel}","templated":true}]}}