{"id":9223,"date":"2018-07-06T12:38:53","date_gmt":"2018-07-06T10:38:53","guid":{"rendered":"https:\/\/floore.se\/produkt\/fs-36-expansion-kit\/"},"modified":"2019-08-27T11:00:30","modified_gmt":"2019-08-27T09:00:30","slug":"fs-36-expansion-kit","status":"publish","type":"product","link":"https:\/\/floore.se\/en\/butik\/pipe-fittings-and-accessories\/fs-36-expansion-kit\/","title":{"rendered":"FS 36 expansion kit"},"content":{"rendered":"","protected":false},"excerpt":{"rendered":"<p class=\"p1\">The extension package is a small manifold that enables expansion to two loops with a Mixing unit FS 36 mini.<br \/>\nUsed with Mixing unit FS 36 mini or Electric mixing unit FS 36<\/p>\n","protected":false},"featured_media":10211,"comment_status":"closed","ping_status":"closed","template":"","meta":{"_acf_changed":false},"product_brand":[],"product_cat":[1273],"product_tag":[],"class_list":{"0":"post-9223","1":"product","2":"type-product","3":"status-publish","4":"has-post-thumbnail","6":"product_cat-pipe-fittings-and-accessories","9":"first","10":"instock","11":"taxable","12":"shipping-taxable","13":"purchasable","14":"product-type-simple"},"acf":[],"yoast_head":"<!-- This site is optimized with the Yoast SEO Premium plugin v26.3 (Yoast SEO v27.5) - https:\/\/yoast.com\/product\/yoast-seo-premium-wordpress\/ -->\n<title>FS 36 expansion kit &#8211; Floor\u00e9 V\u00e4rmegolv<\/title>\n<meta name=\"robots\" content=\"index, follow, max-snippet:-1, max-image-preview:large, max-video-preview:-1\" \/>\n<link rel=\"canonical\" href=\"https:\/\/floore.se\/en\/butik\/pipe-fittings-and-accessories\/fs-36-expansion-kit\/\" \/>\n<meta property=\"og:locale\" content=\"en_US\" \/>\n<meta property=\"og:type\" content=\"article\" \/>\n<meta property=\"og:title\" content=\"FS 36 expansion kit\" \/>\n<meta property=\"og:description\" content=\"The extension package is a small manifold that enables expansion to two loops with a Mixing unit FS 36 mini. Used with Mixing unit FS 36 mini or Electric mixing unit FS 36\" \/>\n<meta property=\"og:url\" content=\"https:\/\/floore.se\/en\/butik\/pipe-fittings-and-accessories\/fs-36-expansion-kit\/\" \/>\n<meta property=\"og:site_name\" content=\"Floor\u00e9 V\u00e4rmegolv\" \/>\n<meta property=\"article:modified_time\" content=\"2019-08-27T09:00:30+00:00\" \/>\n<meta property=\"og:image\" content=\"https:\/\/floore.se\/wp-content\/uploads\/41322-1.jpg\" \/>\n\t<meta property=\"og:image:width\" content=\"1000\" \/>\n\t<meta property=\"og:image:height\" content=\"1000\" \/>\n\t<meta property=\"og:image:type\" content=\"image\/jpeg\" \/>\n<script type=\"application\/ld+json\" class=\"yoast-schema-graph\">{\"@context\":\"https:\\\/\\\/schema.org\",\"@graph\":[{\"@type\":\"WebPage\",\"@id\":\"https:\\\/\\\/floore.se\\\/en\\\/butik\\\/pipe-fittings-and-accessories\\\/fs-36-expansion-kit\\\/\",\"url\":\"https:\\\/\\\/floore.se\\\/en\\\/butik\\\/pipe-fittings-and-accessories\\\/fs-36-expansion-kit\\\/\",\"name\":\"FS 36 expansion kit &#8211; Floor\u00e9 V\u00e4rmegolv\",\"isPartOf\":{\"@id\":\"https:\\\/\\\/floore.se\\\/#website\"},\"primaryImageOfPage\":{\"@id\":\"https:\\\/\\\/floore.se\\\/en\\\/butik\\\/pipe-fittings-and-accessories\\\/fs-36-expansion-kit\\\/#primaryimage\"},\"image\":{\"@id\":\"https:\\\/\\\/floore.se\\\/en\\\/butik\\\/pipe-fittings-and-accessories\\\/fs-36-expansion-kit\\\/#primaryimage\"},\"thumbnailUrl\":\"https:\\\/\\\/floore.se\\\/wp-content\\\/uploads\\\/41322-1.jpg\",\"datePublished\":\"2018-07-06T10:38:53+00:00\",\"dateModified\":\"2019-08-27T09:00:30+00:00\",\"breadcrumb\":{\"@id\":\"https:\\\/\\\/floore.se\\\/en\\\/butik\\\/pipe-fittings-and-accessories\\\/fs-36-expansion-kit\\\/#breadcrumb\"},\"inLanguage\":\"en-US\",\"potentialAction\":[{\"@type\":\"ReadAction\",\"target\":[\"https:\\\/\\\/floore.se\\\/en\\\/butik\\\/pipe-fittings-and-accessories\\\/fs-36-expansion-kit\\\/\"]}]},{\"@type\":\"ImageObject\",\"inLanguage\":\"en-US\",\"@id\":\"https:\\\/\\\/floore.se\\\/en\\\/butik\\\/pipe-fittings-and-accessories\\\/fs-36-expansion-kit\\\/#primaryimage\",\"url\":\"https:\\\/\\\/floore.se\\\/wp-content\\\/uploads\\\/41322-1.jpg\",\"contentUrl\":\"https:\\\/\\\/floore.se\\\/wp-content\\\/uploads\\\/41322-1.jpg\",\"width\":1000,\"height\":1000},{\"@type\":\"BreadcrumbList\",\"@id\":\"https:\\\/\\\/floore.se\\\/en\\\/butik\\\/pipe-fittings-and-accessories\\\/fs-36-expansion-kit\\\/#breadcrumb\",\"itemListElement\":[{\"@type\":\"ListItem\",\"position\":1,\"name\":\"Hem\",\"item\":\"https:\\\/\\\/floore.se\\\/en\\\/golvvarme-unik-vattenburen-golvvarme-floore-varmegolv\\\/\"},{\"@type\":\"ListItem\",\"position\":2,\"name\":\"Shop\",\"item\":\"https:\\\/\\\/floore.se\\\/en\\\/shop\\\/\"},{\"@type\":\"ListItem\",\"position\":3,\"name\":\"FS 36 expansion kit\"}]},{\"@type\":\"WebSite\",\"@id\":\"https:\\\/\\\/floore.se\\\/#website\",\"url\":\"https:\\\/\\\/floore.se\\\/\",\"name\":\"Floor\u00e9 V\u00e4rmegolv\",\"description\":\"Vattenburen golvv\u00e4rme \u2013 ett av marknadens tunnaste\",\"potentialAction\":[{\"@type\":\"SearchAction\",\"target\":{\"@type\":\"EntryPoint\",\"urlTemplate\":\"https:\\\/\\\/floore.se\\\/?s={search_term_string}\"},\"query-input\":{\"@type\":\"PropertyValueSpecification\",\"valueRequired\":true,\"valueName\":\"search_term_string\"}}],\"inLanguage\":\"en-US\"}]}<\/script>\n<!-- \/ Yoast SEO Premium plugin. -->","yoast_head_json":{"title":"FS 36 expansion kit &#8211; Floor\u00e9 V\u00e4rmegolv","robots":{"index":"index","follow":"follow","max-snippet":"max-snippet:-1","max-image-preview":"max-image-preview:large","max-video-preview":"max-video-preview:-1"},"canonical":"https:\/\/floore.se\/en\/butik\/pipe-fittings-and-accessories\/fs-36-expansion-kit\/","og_locale":"en_US","og_type":"article","og_title":"FS 36 expansion kit","og_description":"The extension package is a small manifold that enables expansion to two loops with a Mixing unit FS 36 mini. Used with Mixing unit FS 36 mini or Electric mixing unit FS 36","og_url":"https:\/\/floore.se\/en\/butik\/pipe-fittings-and-accessories\/fs-36-expansion-kit\/","og_site_name":"Floor\u00e9 V\u00e4rmegolv","article_modified_time":"2019-08-27T09:00:30+00:00","og_image":[{"width":1000,"height":1000,"url":"https:\/\/floore.se\/wp-content\/uploads\/41322-1.jpg","type":"image\/jpeg"}],"schema":{"@context":"https:\/\/schema.org","@graph":[{"@type":"WebPage","@id":"https:\/\/floore.se\/en\/butik\/pipe-fittings-and-accessories\/fs-36-expansion-kit\/","url":"https:\/\/floore.se\/en\/butik\/pipe-fittings-and-accessories\/fs-36-expansion-kit\/","name":"FS 36 expansion kit &#8211; Floor\u00e9 V\u00e4rmegolv","isPartOf":{"@id":"https:\/\/floore.se\/#website"},"primaryImageOfPage":{"@id":"https:\/\/floore.se\/en\/butik\/pipe-fittings-and-accessories\/fs-36-expansion-kit\/#primaryimage"},"image":{"@id":"https:\/\/floore.se\/en\/butik\/pipe-fittings-and-accessories\/fs-36-expansion-kit\/#primaryimage"},"thumbnailUrl":"https:\/\/floore.se\/wp-content\/uploads\/41322-1.jpg","datePublished":"2018-07-06T10:38:53+00:00","dateModified":"2019-08-27T09:00:30+00:00","breadcrumb":{"@id":"https:\/\/floore.se\/en\/butik\/pipe-fittings-and-accessories\/fs-36-expansion-kit\/#breadcrumb"},"inLanguage":"en-US","potentialAction":[{"@type":"ReadAction","target":["https:\/\/floore.se\/en\/butik\/pipe-fittings-and-accessories\/fs-36-expansion-kit\/"]}]},{"@type":"ImageObject","inLanguage":"en-US","@id":"https:\/\/floore.se\/en\/butik\/pipe-fittings-and-accessories\/fs-36-expansion-kit\/#primaryimage","url":"https:\/\/floore.se\/wp-content\/uploads\/41322-1.jpg","contentUrl":"https:\/\/floore.se\/wp-content\/uploads\/41322-1.jpg","width":1000,"height":1000},{"@type":"BreadcrumbList","@id":"https:\/\/floore.se\/en\/butik\/pipe-fittings-and-accessories\/fs-36-expansion-kit\/#breadcrumb","itemListElement":[{"@type":"ListItem","position":1,"name":"Hem","item":"https:\/\/floore.se\/en\/golvvarme-unik-vattenburen-golvvarme-floore-varmegolv\/"},{"@type":"ListItem","position":2,"name":"Shop","item":"https:\/\/floore.se\/en\/shop\/"},{"@type":"ListItem","position":3,"name":"FS 36 expansion kit"}]},{"@type":"WebSite","@id":"https:\/\/floore.se\/#website","url":"https:\/\/floore.se\/","name":"Floor\u00e9 V\u00e4rmegolv","description":"Vattenburen golvv\u00e4rme \u2013 ett av marknadens tunnaste","potentialAction":[{"@type":"SearchAction","target":{"@type":"EntryPoint","urlTemplate":"https:\/\/floore.se\/?s={search_term_string}"},"query-input":{"@type":"PropertyValueSpecification","valueRequired":true,"valueName":"search_term_string"}}],"inLanguage":"en-US"}]}},"_links":{"self":[{"href":"https:\/\/floore.se\/en\/wp-json\/wp\/v2\/product\/9223","targetHints":{"allow":["GET"]}}],"collection":[{"href":"https:\/\/floore.se\/en\/wp-json\/wp\/v2\/product"}],"about":[{"href":"https:\/\/floore.se\/en\/wp-json\/wp\/v2\/types\/product"}],"replies":[{"embeddable":true,"href":"https:\/\/floore.se\/en\/wp-json\/wp\/v2\/comments?post=9223"}],"wp:featuredmedia":[{"embeddable":true,"href":"https:\/\/floore.se\/en\/wp-json\/wp\/v2\/media\/10211"}],"wp:attachment":[{"href":"https:\/\/floore.se\/en\/wp-json\/wp\/v2\/media?parent=9223"}],"wp:term":[{"taxonomy":"product_brand","embeddable":true,"href":"https:\/\/floore.se\/en\/wp-json\/wp\/v2\/product_brand?post=9223"},{"taxonomy":"product_cat","embeddable":true,"href":"https:\/\/floore.se\/en\/wp-json\/wp\/v2\/product_cat?post=9223"},{"taxonomy":"product_tag","embeddable":true,"href":"https:\/\/floore.se\/en\/wp-json\/wp\/v2\/product_tag?post=9223"}],"curies":[{"name":"wp","href":"https:\/\/api.w.org\/{rel}","templated":true}]}}