{"id":9222,"date":"2021-07-06T12:44:52","date_gmt":"2018-07-06T10:44:52","guid":{"rendered":"https:\/\/floore.se\/produkt\/mixing-unit-fs-36-mini\/"},"modified":"2021-11-09T14:45:22","modified_gmt":"2021-11-09T13:45:22","slug":"mixing-unit-fs-36-mini","status":"publish","type":"product","link":"https:\/\/floore.se\/en\/butik\/mixing-units-en\/single-rooms-up-to-24-m2\/mixing-unit-fs-36-mini\/","title":{"rendered":"Mixing unit FS 36 mini"},"content":{"rendered":"<p><a href=\"https:\/\/floore.se\/en\/produkt\/cross-connector\/\">Cross connector<\/a> required for single-pipe systems (Item No 413 25)<br \/>\nCan be fitted to an <a href=\"https:\/\/floore.se\/en\/produkt\/fs-36-expansion-kit\/\">FS 36 expansion kit<\/a> (Item No 413 22)<\/p>\n<p>Can be equipped with an RF single-zone kit wireless thermostat kit (Item No 412 63)<br \/>\n&nbsp;<\/p>\n","protected":false},"excerpt":{"rendered":"<p>Mixing unit for controlling single rooms up to 24\u00a0m<sup>2<br \/>\n<\/sup><\/p>\n<p class=\"p1\">Complete mixing unit for single rooms at the same temperature. Control via thermostat with capillary tube sensor.<br \/>\nShallow installation depth.<br \/>\nA maximum of two loops.<\/p>\n<p>&nbsp;<\/p>\n<p>&nbsp;<\/p>\n","protected":false},"featured_media":16287,"comment_status":"closed","ping_status":"closed","template":"","meta":{"_acf_changed":false},"product_brand":[],"product_cat":[318],"product_tag":[],"class_list":{"0":"post-9222","1":"product","2":"type-product","3":"status-publish","4":"has-post-thumbnail","6":"product_cat-single-rooms-up-to-24-m2","9":"first","10":"instock","11":"taxable","12":"shipping-taxable","13":"purchasable","14":"product-type-variable"},"acf":[],"yoast_head":"<!-- This site is optimized with the Yoast SEO Premium plugin v26.3 (Yoast SEO v27.5) - https:\/\/yoast.com\/product\/yoast-seo-premium-wordpress\/ -->\n<title>Mixing unit FS 36 mini &#8211; Floor\u00e9 V\u00e4rmegolv<\/title>\n<meta name=\"robots\" content=\"index, follow, max-snippet:-1, max-image-preview:large, max-video-preview:-1\" \/>\n<link rel=\"canonical\" href=\"https:\/\/floore.se\/en\/butik\/mixing-units-en\/single-rooms-up-to-24-m2\/mixing-unit-fs-36-mini\/\" \/>\n<meta property=\"og:locale\" content=\"en_US\" \/>\n<meta property=\"og:type\" content=\"article\" \/>\n<meta property=\"og:title\" content=\"Mixing unit FS 36 mini\" \/>\n<meta property=\"og:description\" content=\"Mixing unit for controlling single rooms up to 24\u00a0m2  Complete mixing unit for single rooms at the same temperature. Control via thermostat with capillary tube sensor. Shallow installation depth. A maximum of two loops. &nbsp;  &nbsp;\" \/>\n<meta property=\"og:url\" content=\"https:\/\/floore.se\/en\/butik\/mixing-units-en\/single-rooms-up-to-24-m2\/mixing-unit-fs-36-mini\/\" \/>\n<meta property=\"og:site_name\" content=\"Floor\u00e9 V\u00e4rmegolv\" \/>\n<meta property=\"article:modified_time\" content=\"2021-11-09T13:45:22+00:00\" \/>\n<meta property=\"og:image\" content=\"https:\/\/floore.se\/wp-content\/uploads\/41340-3.jpg\" \/>\n\t<meta property=\"og:image:width\" content=\"1200\" \/>\n\t<meta property=\"og:image:height\" content=\"1200\" \/>\n\t<meta property=\"og:image:type\" content=\"image\/jpeg\" \/>\n<script type=\"application\/ld+json\" class=\"yoast-schema-graph\">{\"@context\":\"https:\\\/\\\/schema.org\",\"@graph\":[{\"@type\":\"WebPage\",\"@id\":\"https:\\\/\\\/floore.se\\\/en\\\/butik\\\/mixing-units-en\\\/single-rooms-up-to-24-m2\\\/mixing-unit-fs-36-mini\\\/\",\"url\":\"https:\\\/\\\/floore.se\\\/en\\\/butik\\\/mixing-units-en\\\/single-rooms-up-to-24-m2\\\/mixing-unit-fs-36-mini\\\/\",\"name\":\"Mixing unit FS 36 mini &#8211; Floor\u00e9 V\u00e4rmegolv\",\"isPartOf\":{\"@id\":\"https:\\\/\\\/floore.se\\\/#website\"},\"primaryImageOfPage\":{\"@id\":\"https:\\\/\\\/floore.se\\\/en\\\/butik\\\/mixing-units-en\\\/single-rooms-up-to-24-m2\\\/mixing-unit-fs-36-mini\\\/#primaryimage\"},\"image\":{\"@id\":\"https:\\\/\\\/floore.se\\\/en\\\/butik\\\/mixing-units-en\\\/single-rooms-up-to-24-m2\\\/mixing-unit-fs-36-mini\\\/#primaryimage\"},\"thumbnailUrl\":\"https:\\\/\\\/floore.se\\\/wp-content\\\/uploads\\\/41340-3.jpg\",\"datePublished\":\"2018-07-06T10:44:52+00:00\",\"dateModified\":\"2021-11-09T13:45:22+00:00\",\"breadcrumb\":{\"@id\":\"https:\\\/\\\/floore.se\\\/en\\\/butik\\\/mixing-units-en\\\/single-rooms-up-to-24-m2\\\/mixing-unit-fs-36-mini\\\/#breadcrumb\"},\"inLanguage\":\"en-US\",\"potentialAction\":[{\"@type\":\"ReadAction\",\"target\":[\"https:\\\/\\\/floore.se\\\/en\\\/butik\\\/mixing-units-en\\\/single-rooms-up-to-24-m2\\\/mixing-unit-fs-36-mini\\\/\"]}]},{\"@type\":\"ImageObject\",\"inLanguage\":\"en-US\",\"@id\":\"https:\\\/\\\/floore.se\\\/en\\\/butik\\\/mixing-units-en\\\/single-rooms-up-to-24-m2\\\/mixing-unit-fs-36-mini\\\/#primaryimage\",\"url\":\"https:\\\/\\\/floore.se\\\/wp-content\\\/uploads\\\/41340-3.jpg\",\"contentUrl\":\"https:\\\/\\\/floore.se\\\/wp-content\\\/uploads\\\/41340-3.jpg\",\"width\":1200,\"height\":1200},{\"@type\":\"BreadcrumbList\",\"@id\":\"https:\\\/\\\/floore.se\\\/en\\\/butik\\\/mixing-units-en\\\/single-rooms-up-to-24-m2\\\/mixing-unit-fs-36-mini\\\/#breadcrumb\",\"itemListElement\":[{\"@type\":\"ListItem\",\"position\":1,\"name\":\"Hem\",\"item\":\"https:\\\/\\\/floore.se\\\/en\\\/golvvarme-unik-vattenburen-golvvarme-floore-varmegolv\\\/\"},{\"@type\":\"ListItem\",\"position\":2,\"name\":\"Shop\",\"item\":\"https:\\\/\\\/floore.se\\\/en\\\/shop\\\/\"},{\"@type\":\"ListItem\",\"position\":3,\"name\":\"Mixing unit FS 36 mini\"}]},{\"@type\":\"WebSite\",\"@id\":\"https:\\\/\\\/floore.se\\\/#website\",\"url\":\"https:\\\/\\\/floore.se\\\/\",\"name\":\"Floor\u00e9 V\u00e4rmegolv\",\"description\":\"Vattenburen golvv\u00e4rme \u2013 ett av marknadens tunnaste\",\"potentialAction\":[{\"@type\":\"SearchAction\",\"target\":{\"@type\":\"EntryPoint\",\"urlTemplate\":\"https:\\\/\\\/floore.se\\\/?s={search_term_string}\"},\"query-input\":{\"@type\":\"PropertyValueSpecification\",\"valueRequired\":true,\"valueName\":\"search_term_string\"}}],\"inLanguage\":\"en-US\"}]}<\/script>\n<!-- \/ Yoast SEO Premium plugin. -->","yoast_head_json":{"title":"Mixing unit FS 36 mini &#8211; Floor\u00e9 V\u00e4rmegolv","robots":{"index":"index","follow":"follow","max-snippet":"max-snippet:-1","max-image-preview":"max-image-preview:large","max-video-preview":"max-video-preview:-1"},"canonical":"https:\/\/floore.se\/en\/butik\/mixing-units-en\/single-rooms-up-to-24-m2\/mixing-unit-fs-36-mini\/","og_locale":"en_US","og_type":"article","og_title":"Mixing unit FS 36 mini","og_description":"Mixing unit for controlling single rooms up to 24\u00a0m2  Complete mixing unit for single rooms at the same temperature. Control via thermostat with capillary tube sensor. Shallow installation depth. A maximum of two loops. &nbsp;  &nbsp;","og_url":"https:\/\/floore.se\/en\/butik\/mixing-units-en\/single-rooms-up-to-24-m2\/mixing-unit-fs-36-mini\/","og_site_name":"Floor\u00e9 V\u00e4rmegolv","article_modified_time":"2021-11-09T13:45:22+00:00","og_image":[{"width":1200,"height":1200,"url":"https:\/\/floore.se\/wp-content\/uploads\/41340-3.jpg","type":"image\/jpeg"}],"schema":{"@context":"https:\/\/schema.org","@graph":[{"@type":"WebPage","@id":"https:\/\/floore.se\/en\/butik\/mixing-units-en\/single-rooms-up-to-24-m2\/mixing-unit-fs-36-mini\/","url":"https:\/\/floore.se\/en\/butik\/mixing-units-en\/single-rooms-up-to-24-m2\/mixing-unit-fs-36-mini\/","name":"Mixing unit FS 36 mini &#8211; Floor\u00e9 V\u00e4rmegolv","isPartOf":{"@id":"https:\/\/floore.se\/#website"},"primaryImageOfPage":{"@id":"https:\/\/floore.se\/en\/butik\/mixing-units-en\/single-rooms-up-to-24-m2\/mixing-unit-fs-36-mini\/#primaryimage"},"image":{"@id":"https:\/\/floore.se\/en\/butik\/mixing-units-en\/single-rooms-up-to-24-m2\/mixing-unit-fs-36-mini\/#primaryimage"},"thumbnailUrl":"https:\/\/floore.se\/wp-content\/uploads\/41340-3.jpg","datePublished":"2018-07-06T10:44:52+00:00","dateModified":"2021-11-09T13:45:22+00:00","breadcrumb":{"@id":"https:\/\/floore.se\/en\/butik\/mixing-units-en\/single-rooms-up-to-24-m2\/mixing-unit-fs-36-mini\/#breadcrumb"},"inLanguage":"en-US","potentialAction":[{"@type":"ReadAction","target":["https:\/\/floore.se\/en\/butik\/mixing-units-en\/single-rooms-up-to-24-m2\/mixing-unit-fs-36-mini\/"]}]},{"@type":"ImageObject","inLanguage":"en-US","@id":"https:\/\/floore.se\/en\/butik\/mixing-units-en\/single-rooms-up-to-24-m2\/mixing-unit-fs-36-mini\/#primaryimage","url":"https:\/\/floore.se\/wp-content\/uploads\/41340-3.jpg","contentUrl":"https:\/\/floore.se\/wp-content\/uploads\/41340-3.jpg","width":1200,"height":1200},{"@type":"BreadcrumbList","@id":"https:\/\/floore.se\/en\/butik\/mixing-units-en\/single-rooms-up-to-24-m2\/mixing-unit-fs-36-mini\/#breadcrumb","itemListElement":[{"@type":"ListItem","position":1,"name":"Hem","item":"https:\/\/floore.se\/en\/golvvarme-unik-vattenburen-golvvarme-floore-varmegolv\/"},{"@type":"ListItem","position":2,"name":"Shop","item":"https:\/\/floore.se\/en\/shop\/"},{"@type":"ListItem","position":3,"name":"Mixing unit FS 36 mini"}]},{"@type":"WebSite","@id":"https:\/\/floore.se\/#website","url":"https:\/\/floore.se\/","name":"Floor\u00e9 V\u00e4rmegolv","description":"Vattenburen golvv\u00e4rme \u2013 ett av marknadens tunnaste","potentialAction":[{"@type":"SearchAction","target":{"@type":"EntryPoint","urlTemplate":"https:\/\/floore.se\/?s={search_term_string}"},"query-input":{"@type":"PropertyValueSpecification","valueRequired":true,"valueName":"search_term_string"}}],"inLanguage":"en-US"}]}},"_links":{"self":[{"href":"https:\/\/floore.se\/en\/wp-json\/wp\/v2\/product\/9222","targetHints":{"allow":["GET"]}}],"collection":[{"href":"https:\/\/floore.se\/en\/wp-json\/wp\/v2\/product"}],"about":[{"href":"https:\/\/floore.se\/en\/wp-json\/wp\/v2\/types\/product"}],"replies":[{"embeddable":true,"href":"https:\/\/floore.se\/en\/wp-json\/wp\/v2\/comments?post=9222"}],"wp:featuredmedia":[{"embeddable":true,"href":"https:\/\/floore.se\/en\/wp-json\/wp\/v2\/media\/16287"}],"wp:attachment":[{"href":"https:\/\/floore.se\/en\/wp-json\/wp\/v2\/media?parent=9222"}],"wp:term":[{"taxonomy":"product_brand","embeddable":true,"href":"https:\/\/floore.se\/en\/wp-json\/wp\/v2\/product_brand?post=9222"},{"taxonomy":"product_cat","embeddable":true,"href":"https:\/\/floore.se\/en\/wp-json\/wp\/v2\/product_cat?post=9222"},{"taxonomy":"product_tag","embeddable":true,"href":"https:\/\/floore.se\/en\/wp-json\/wp\/v2\/product_tag?post=9222"}],"curies":[{"name":"wp","href":"https:\/\/api.w.org\/{rel}","templated":true}]}}