{"id":9221,"date":"2018-07-06T13:27:10","date_gmt":"2018-07-06T11:27:10","guid":{"rendered":"https:\/\/floore.se\/produkt\/cross-connector\/"},"modified":"2019-01-31T12:07:41","modified_gmt":"2019-01-31T11:07:41","slug":"cross-connector","status":"publish","type":"product","link":"https:\/\/floore.se\/en\/butik\/pipe-fittings-and-accessories\/cross-connector\/","title":{"rendered":"Cross connector"},"content":{"rendered":"<p class=\"p1\">Used with FS 36 or FS 65 in a single-pipe system.<\/p>\n<div class=\"woocommerce columns-4 \"><ul class=\"products columns-4\">\n<li class=\"has-post-thumbnail product type-product post-9220 status-publish first instock product_cat-single-rooms-up-to-24-m2 taxable shipping-taxable purchasable product-type-simple\">\n\t<div class=\"entry-product\"><div class=\"entry-featured\"><a href=\"https:\/\/floore.se\/en\/butik\/mixing-units-en\/single-rooms-up-to-24-m2\/electric-mixing-unit-fs-36\/\"><img loading=\"lazy\" decoding=\"async\" width=\"300\" height=\"300\" src=\"https:\/\/floore.se\/wp-content\/uploads\/41321-1-300x300.jpg\" class=\"attachment-woocommerce_thumbnail size-woocommerce_thumbnail wp-post-image\" alt=\"\" srcset=\"https:\/\/floore.se\/wp-content\/uploads\/41321-1-300x300.jpg 300w, https:\/\/floore.se\/wp-content\/uploads\/41321-1-100x100.jpg 100w, https:\/\/floore.se\/wp-content\/uploads\/41321-1-600x600.jpg 600w, https:\/\/floore.se\/wp-content\/uploads\/41321-1-660x660.jpg 660w, https:\/\/floore.se\/wp-content\/uploads\/41321-1-768x768.jpg 768w, https:\/\/floore.se\/wp-content\/uploads\/41321-1-777x777.jpg 777w, https:\/\/floore.se\/wp-content\/uploads\/41321-1.jpg 1000w\" sizes=\"auto, (max-width: 300px) 100vw, 300px\" \/><\/a><\/div><div class=\"entry-wrap\"><header class=\"entry-header\"><h3><a href=\"https:\/\/floore.se\/en\/butik\/mixing-units-en\/single-rooms-up-to-24-m2\/electric-mixing-unit-fs-36\/\">Electric mixing unit FS 36<\/a><\/h3>\n\t<span class=\"price\"><span class=\"woocommerce-Price-amount amount\"><bdi>10 495,00&nbsp;<span class=\"woocommerce-Price-currencySymbol\">&#107;&#114;<\/span><\/bdi><\/span><\/span>\n<center><\/center>\t<span id=\"woocommerce_loop_add_to_cart_link_describedby_9220\" class=\"screen-reader-text\">\n\t\t\t<\/span>\n<\/header><\/div><\/div><\/li>\n<li class=\"has-post-thumbnail product type-product post-9222 status-publish instock product_cat-single-rooms-up-to-24-m2 taxable shipping-taxable purchasable product-type-variable\">\n\t<div class=\"entry-product\"><div class=\"entry-featured\"><a href=\"https:\/\/floore.se\/en\/butik\/mixing-units-en\/single-rooms-up-to-24-m2\/mixing-unit-fs-36-mini\/\"><img loading=\"lazy\" decoding=\"async\" width=\"300\" height=\"300\" src=\"https:\/\/floore.se\/wp-content\/uploads\/41340-3-300x300.jpg\" class=\"attachment-woocommerce_thumbnail size-woocommerce_thumbnail wp-post-image\" alt=\"\" srcset=\"https:\/\/floore.se\/wp-content\/uploads\/41340-3-300x300.jpg 300w, https:\/\/floore.se\/wp-content\/uploads\/41340-3-660x660.jpg 660w, https:\/\/floore.se\/wp-content\/uploads\/41340-3-768x768.jpg 768w, https:\/\/floore.se\/wp-content\/uploads\/41340-3-100x100.jpg 100w, https:\/\/floore.se\/wp-content\/uploads\/41340-3-876x876.jpg 876w, https:\/\/floore.se\/wp-content\/uploads\/41340-3-600x600.jpg 600w, https:\/\/floore.se\/wp-content\/uploads\/41340-3.jpg 1200w\" sizes=\"auto, (max-width: 300px) 100vw, 300px\" \/><\/a><\/div><div class=\"entry-wrap\"><header class=\"entry-header\"><h3><a href=\"https:\/\/floore.se\/en\/butik\/mixing-units-en\/single-rooms-up-to-24-m2\/mixing-unit-fs-36-mini\/\">Mixing unit FS 36 mini<\/a><\/h3>\n\t<span class=\"price\">fr. <span class=\"woocommerce-Price-amount amount\"><bdi>4 358,00&nbsp;<span class=\"woocommerce-Price-currencySymbol\">&#107;&#114;<\/span><\/bdi><\/span><\/span>\n<a href=\"https:\/\/floore.se\/en\/butik\/mixing-units-en\/single-rooms-up-to-24-m2\/mixing-unit-fs-36-mini\/\" aria-describedby=\"woocommerce_loop_add_to_cart_link_describedby_9222\" data-quantity=\"1\" class=\"button product_type_variable add_to_cart_button\" data-product_id=\"9222\" data-product_sku=\"41340-L\" aria-label=\"Select options for &ldquo;Mixing unit FS 36 mini&rdquo;\" rel=\"nofollow\">Select options<\/a>\t<span id=\"woocommerce_loop_add_to_cart_link_describedby_9222\" class=\"screen-reader-text\">\n\t\tThis product has multiple variants. The options may be chosen on the product page\t<\/span>\n<\/header><\/div><\/div><\/li>\n<\/ul>\n<\/div>\n","protected":false},"excerpt":{"rendered":"<p>Used with FS 36 or FS 65 in a single-pipe system.<\/p>\n","protected":false},"featured_media":10217,"comment_status":"closed","ping_status":"closed","template":"","meta":{"_acf_changed":false},"product_brand":[],"product_cat":[1273],"product_tag":[],"class_list":{"0":"post-9221","1":"product","2":"type-product","3":"status-publish","4":"has-post-thumbnail","6":"product_cat-pipe-fittings-and-accessories","9":"first","10":"instock","11":"taxable","12":"shipping-taxable","13":"purchasable","14":"product-type-simple"},"acf":[],"yoast_head":"<!-- This site is optimized with the Yoast SEO Premium plugin v26.3 (Yoast SEO v27.4) - https:\/\/yoast.com\/product\/yoast-seo-premium-wordpress\/ -->\n<title>Cross connector &#8211; Floor\u00e9 V\u00e4rmegolv<\/title>\n<meta name=\"robots\" content=\"index, follow, max-snippet:-1, max-image-preview:large, max-video-preview:-1\" \/>\n<link rel=\"canonical\" href=\"https:\/\/floore.se\/en\/butik\/pipe-fittings-and-accessories\/cross-connector\/\" \/>\n<meta property=\"og:locale\" content=\"en_US\" \/>\n<meta property=\"og:type\" content=\"article\" \/>\n<meta property=\"og:title\" content=\"Cross connector\" \/>\n<meta property=\"og:description\" content=\"Used with FS 36 or FS 65 in a single-pipe system.\" \/>\n<meta property=\"og:url\" content=\"https:\/\/floore.se\/en\/butik\/pipe-fittings-and-accessories\/cross-connector\/\" \/>\n<meta property=\"og:site_name\" content=\"Floor\u00e9 V\u00e4rmegolv\" \/>\n<meta property=\"article:modified_time\" content=\"2019-01-31T11:07:41+00:00\" \/>\n<meta property=\"og:image\" content=\"https:\/\/floore.se\/wp-content\/uploads\/41325-1.jpg\" \/>\n\t<meta property=\"og:image:width\" content=\"1000\" \/>\n\t<meta property=\"og:image:height\" content=\"1000\" \/>\n\t<meta property=\"og:image:type\" content=\"image\/jpeg\" \/>\n<script type=\"application\/ld+json\" class=\"yoast-schema-graph\">{\"@context\":\"https:\\\/\\\/schema.org\",\"@graph\":[{\"@type\":\"WebPage\",\"@id\":\"https:\\\/\\\/floore.se\\\/en\\\/butik\\\/pipe-fittings-and-accessories\\\/cross-connector\\\/\",\"url\":\"https:\\\/\\\/floore.se\\\/en\\\/butik\\\/pipe-fittings-and-accessories\\\/cross-connector\\\/\",\"name\":\"Cross connector &#8211; Floor\u00e9 V\u00e4rmegolv\",\"isPartOf\":{\"@id\":\"https:\\\/\\\/floore.se\\\/#website\"},\"primaryImageOfPage\":{\"@id\":\"https:\\\/\\\/floore.se\\\/en\\\/butik\\\/pipe-fittings-and-accessories\\\/cross-connector\\\/#primaryimage\"},\"image\":{\"@id\":\"https:\\\/\\\/floore.se\\\/en\\\/butik\\\/pipe-fittings-and-accessories\\\/cross-connector\\\/#primaryimage\"},\"thumbnailUrl\":\"https:\\\/\\\/floore.se\\\/wp-content\\\/uploads\\\/41325-1.jpg\",\"datePublished\":\"2018-07-06T11:27:10+00:00\",\"dateModified\":\"2019-01-31T11:07:41+00:00\",\"breadcrumb\":{\"@id\":\"https:\\\/\\\/floore.se\\\/en\\\/butik\\\/pipe-fittings-and-accessories\\\/cross-connector\\\/#breadcrumb\"},\"inLanguage\":\"en-US\",\"potentialAction\":[{\"@type\":\"ReadAction\",\"target\":[\"https:\\\/\\\/floore.se\\\/en\\\/butik\\\/pipe-fittings-and-accessories\\\/cross-connector\\\/\"]}]},{\"@type\":\"ImageObject\",\"inLanguage\":\"en-US\",\"@id\":\"https:\\\/\\\/floore.se\\\/en\\\/butik\\\/pipe-fittings-and-accessories\\\/cross-connector\\\/#primaryimage\",\"url\":\"https:\\\/\\\/floore.se\\\/wp-content\\\/uploads\\\/41325-1.jpg\",\"contentUrl\":\"https:\\\/\\\/floore.se\\\/wp-content\\\/uploads\\\/41325-1.jpg\",\"width\":1000,\"height\":1000},{\"@type\":\"BreadcrumbList\",\"@id\":\"https:\\\/\\\/floore.se\\\/en\\\/butik\\\/pipe-fittings-and-accessories\\\/cross-connector\\\/#breadcrumb\",\"itemListElement\":[{\"@type\":\"ListItem\",\"position\":1,\"name\":\"Hem\",\"item\":\"https:\\\/\\\/floore.se\\\/en\\\/golvvarme-unik-vattenburen-golvvarme-floore-varmegolv\\\/\"},{\"@type\":\"ListItem\",\"position\":2,\"name\":\"Shop\",\"item\":\"https:\\\/\\\/floore.se\\\/en\\\/shop\\\/\"},{\"@type\":\"ListItem\",\"position\":3,\"name\":\"Cross connector\"}]},{\"@type\":\"WebSite\",\"@id\":\"https:\\\/\\\/floore.se\\\/#website\",\"url\":\"https:\\\/\\\/floore.se\\\/\",\"name\":\"Floor\u00e9 V\u00e4rmegolv\",\"description\":\"Vattenburen golvv\u00e4rme \u2013 ett av marknadens tunnaste\",\"potentialAction\":[{\"@type\":\"SearchAction\",\"target\":{\"@type\":\"EntryPoint\",\"urlTemplate\":\"https:\\\/\\\/floore.se\\\/?s={search_term_string}\"},\"query-input\":{\"@type\":\"PropertyValueSpecification\",\"valueRequired\":true,\"valueName\":\"search_term_string\"}}],\"inLanguage\":\"en-US\"}]}<\/script>\n<!-- \/ Yoast SEO Premium plugin. -->","yoast_head_json":{"title":"Cross connector &#8211; Floor\u00e9 V\u00e4rmegolv","robots":{"index":"index","follow":"follow","max-snippet":"max-snippet:-1","max-image-preview":"max-image-preview:large","max-video-preview":"max-video-preview:-1"},"canonical":"https:\/\/floore.se\/en\/butik\/pipe-fittings-and-accessories\/cross-connector\/","og_locale":"en_US","og_type":"article","og_title":"Cross connector","og_description":"Used with FS 36 or FS 65 in a single-pipe system.","og_url":"https:\/\/floore.se\/en\/butik\/pipe-fittings-and-accessories\/cross-connector\/","og_site_name":"Floor\u00e9 V\u00e4rmegolv","article_modified_time":"2019-01-31T11:07:41+00:00","og_image":[{"width":1000,"height":1000,"url":"https:\/\/floore.se\/wp-content\/uploads\/41325-1.jpg","type":"image\/jpeg"}],"schema":{"@context":"https:\/\/schema.org","@graph":[{"@type":"WebPage","@id":"https:\/\/floore.se\/en\/butik\/pipe-fittings-and-accessories\/cross-connector\/","url":"https:\/\/floore.se\/en\/butik\/pipe-fittings-and-accessories\/cross-connector\/","name":"Cross connector &#8211; Floor\u00e9 V\u00e4rmegolv","isPartOf":{"@id":"https:\/\/floore.se\/#website"},"primaryImageOfPage":{"@id":"https:\/\/floore.se\/en\/butik\/pipe-fittings-and-accessories\/cross-connector\/#primaryimage"},"image":{"@id":"https:\/\/floore.se\/en\/butik\/pipe-fittings-and-accessories\/cross-connector\/#primaryimage"},"thumbnailUrl":"https:\/\/floore.se\/wp-content\/uploads\/41325-1.jpg","datePublished":"2018-07-06T11:27:10+00:00","dateModified":"2019-01-31T11:07:41+00:00","breadcrumb":{"@id":"https:\/\/floore.se\/en\/butik\/pipe-fittings-and-accessories\/cross-connector\/#breadcrumb"},"inLanguage":"en-US","potentialAction":[{"@type":"ReadAction","target":["https:\/\/floore.se\/en\/butik\/pipe-fittings-and-accessories\/cross-connector\/"]}]},{"@type":"ImageObject","inLanguage":"en-US","@id":"https:\/\/floore.se\/en\/butik\/pipe-fittings-and-accessories\/cross-connector\/#primaryimage","url":"https:\/\/floore.se\/wp-content\/uploads\/41325-1.jpg","contentUrl":"https:\/\/floore.se\/wp-content\/uploads\/41325-1.jpg","width":1000,"height":1000},{"@type":"BreadcrumbList","@id":"https:\/\/floore.se\/en\/butik\/pipe-fittings-and-accessories\/cross-connector\/#breadcrumb","itemListElement":[{"@type":"ListItem","position":1,"name":"Hem","item":"https:\/\/floore.se\/en\/golvvarme-unik-vattenburen-golvvarme-floore-varmegolv\/"},{"@type":"ListItem","position":2,"name":"Shop","item":"https:\/\/floore.se\/en\/shop\/"},{"@type":"ListItem","position":3,"name":"Cross connector"}]},{"@type":"WebSite","@id":"https:\/\/floore.se\/#website","url":"https:\/\/floore.se\/","name":"Floor\u00e9 V\u00e4rmegolv","description":"Vattenburen golvv\u00e4rme \u2013 ett av marknadens tunnaste","potentialAction":[{"@type":"SearchAction","target":{"@type":"EntryPoint","urlTemplate":"https:\/\/floore.se\/?s={search_term_string}"},"query-input":{"@type":"PropertyValueSpecification","valueRequired":true,"valueName":"search_term_string"}}],"inLanguage":"en-US"}]}},"_links":{"self":[{"href":"https:\/\/floore.se\/en\/wp-json\/wp\/v2\/product\/9221","targetHints":{"allow":["GET"]}}],"collection":[{"href":"https:\/\/floore.se\/en\/wp-json\/wp\/v2\/product"}],"about":[{"href":"https:\/\/floore.se\/en\/wp-json\/wp\/v2\/types\/product"}],"replies":[{"embeddable":true,"href":"https:\/\/floore.se\/en\/wp-json\/wp\/v2\/comments?post=9221"}],"wp:featuredmedia":[{"embeddable":true,"href":"https:\/\/floore.se\/en\/wp-json\/wp\/v2\/media\/10217"}],"wp:attachment":[{"href":"https:\/\/floore.se\/en\/wp-json\/wp\/v2\/media?parent=9221"}],"wp:term":[{"taxonomy":"product_brand","embeddable":true,"href":"https:\/\/floore.se\/en\/wp-json\/wp\/v2\/product_brand?post=9221"},{"taxonomy":"product_cat","embeddable":true,"href":"https:\/\/floore.se\/en\/wp-json\/wp\/v2\/product_cat?post=9221"},{"taxonomy":"product_tag","embeddable":true,"href":"https:\/\/floore.se\/en\/wp-json\/wp\/v2\/product_tag?post=9221"}],"curies":[{"name":"wp","href":"https:\/\/api.w.org\/{rel}","templated":true}]}}