{"id":9211,"date":"2018-08-27T11:55:58","date_gmt":"2018-08-27T09:55:58","guid":{"rendered":"https:\/\/floore.se\/produkt\/aluminium-tape\/"},"modified":"2019-02-05T13:39:25","modified_gmt":"2019-02-05T12:39:25","slug":"aluminium-tape","status":"publish","type":"product","link":"https:\/\/floore.se\/en\/butik\/underfloor-heating\/floore-panels\/aluminium-tape\/","title":{"rendered":"Aluminium tape"},"content":{"rendered":"","protected":false},"excerpt":{"rendered":"<p class=\"p1\">Used to cover turning grooves and join underfloor heating panels. Thickness 50\u00a0\u00b5m, width 50\u00a0mm.<\/p>\n<p class=\"p1\">\n","protected":false},"featured_media":10265,"comment_status":"closed","ping_status":"closed","template":"","meta":{"_acf_changed":false},"product_brand":[],"product_cat":[314],"product_tag":[],"class_list":{"0":"post-9211","1":"product","2":"type-product","3":"status-publish","4":"has-post-thumbnail","6":"product_cat-floore-panels","9":"first","10":"instock","11":"taxable","12":"shipping-taxable","13":"purchasable","14":"product-type-simple"},"acf":[],"yoast_head":"<!-- This site is optimized with the Yoast SEO Premium plugin v26.3 (Yoast SEO v27.4) - https:\/\/yoast.com\/product\/yoast-seo-premium-wordpress\/ -->\n<title>Aluminium tape &#8211; Floor\u00e9 V\u00e4rmegolv<\/title>\n<meta name=\"robots\" content=\"index, follow, max-snippet:-1, max-image-preview:large, max-video-preview:-1\" \/>\n<link rel=\"canonical\" href=\"https:\/\/floore.se\/en\/butik\/underfloor-heating\/floore-panels\/aluminium-tape\/\" \/>\n<meta property=\"og:locale\" content=\"en_US\" \/>\n<meta property=\"og:type\" content=\"article\" \/>\n<meta property=\"og:title\" content=\"Aluminium tape\" \/>\n<meta property=\"og:description\" content=\"Used to cover turning grooves and join underfloor heating panels. Thickness 50\u00a0\u00b5m, width 50\u00a0mm.\" \/>\n<meta property=\"og:url\" content=\"https:\/\/floore.se\/en\/butik\/underfloor-heating\/floore-panels\/aluminium-tape\/\" \/>\n<meta property=\"og:site_name\" content=\"Floor\u00e9 V\u00e4rmegolv\" \/>\n<meta property=\"article:modified_time\" content=\"2019-02-05T12:39:25+00:00\" \/>\n<meta property=\"og:image\" content=\"https:\/\/floore.se\/wp-content\/uploads\/410-33-1.jpg\" \/>\n\t<meta property=\"og:image:width\" content=\"800\" \/>\n\t<meta property=\"og:image:height\" content=\"800\" \/>\n\t<meta property=\"og:image:type\" content=\"image\/jpeg\" \/>\n<script type=\"application\/ld+json\" class=\"yoast-schema-graph\">{\"@context\":\"https:\\\/\\\/schema.org\",\"@graph\":[{\"@type\":\"WebPage\",\"@id\":\"https:\\\/\\\/floore.se\\\/en\\\/butik\\\/underfloor-heating\\\/floore-panels\\\/aluminium-tape\\\/\",\"url\":\"https:\\\/\\\/floore.se\\\/en\\\/butik\\\/underfloor-heating\\\/floore-panels\\\/aluminium-tape\\\/\",\"name\":\"Aluminium tape &#8211; Floor\u00e9 V\u00e4rmegolv\",\"isPartOf\":{\"@id\":\"https:\\\/\\\/floore.se\\\/#website\"},\"primaryImageOfPage\":{\"@id\":\"https:\\\/\\\/floore.se\\\/en\\\/butik\\\/underfloor-heating\\\/floore-panels\\\/aluminium-tape\\\/#primaryimage\"},\"image\":{\"@id\":\"https:\\\/\\\/floore.se\\\/en\\\/butik\\\/underfloor-heating\\\/floore-panels\\\/aluminium-tape\\\/#primaryimage\"},\"thumbnailUrl\":\"https:\\\/\\\/floore.se\\\/wp-content\\\/uploads\\\/410-33-1.jpg\",\"datePublished\":\"2018-08-27T09:55:58+00:00\",\"dateModified\":\"2019-02-05T12:39:25+00:00\",\"breadcrumb\":{\"@id\":\"https:\\\/\\\/floore.se\\\/en\\\/butik\\\/underfloor-heating\\\/floore-panels\\\/aluminium-tape\\\/#breadcrumb\"},\"inLanguage\":\"en-US\",\"potentialAction\":[{\"@type\":\"ReadAction\",\"target\":[\"https:\\\/\\\/floore.se\\\/en\\\/butik\\\/underfloor-heating\\\/floore-panels\\\/aluminium-tape\\\/\"]}]},{\"@type\":\"ImageObject\",\"inLanguage\":\"en-US\",\"@id\":\"https:\\\/\\\/floore.se\\\/en\\\/butik\\\/underfloor-heating\\\/floore-panels\\\/aluminium-tape\\\/#primaryimage\",\"url\":\"https:\\\/\\\/floore.se\\\/wp-content\\\/uploads\\\/410-33-1.jpg\",\"contentUrl\":\"https:\\\/\\\/floore.se\\\/wp-content\\\/uploads\\\/410-33-1.jpg\",\"width\":800,\"height\":800},{\"@type\":\"BreadcrumbList\",\"@id\":\"https:\\\/\\\/floore.se\\\/en\\\/butik\\\/underfloor-heating\\\/floore-panels\\\/aluminium-tape\\\/#breadcrumb\",\"itemListElement\":[{\"@type\":\"ListItem\",\"position\":1,\"name\":\"Hem\",\"item\":\"https:\\\/\\\/floore.se\\\/en\\\/golvvarme-unik-vattenburen-golvvarme-floore-varmegolv\\\/\"},{\"@type\":\"ListItem\",\"position\":2,\"name\":\"Shop\",\"item\":\"https:\\\/\\\/floore.se\\\/en\\\/shop\\\/\"},{\"@type\":\"ListItem\",\"position\":3,\"name\":\"Aluminium tape\"}]},{\"@type\":\"WebSite\",\"@id\":\"https:\\\/\\\/floore.se\\\/#website\",\"url\":\"https:\\\/\\\/floore.se\\\/\",\"name\":\"Floor\u00e9 V\u00e4rmegolv\",\"description\":\"Vattenburen golvv\u00e4rme \u2013 ett av marknadens tunnaste\",\"potentialAction\":[{\"@type\":\"SearchAction\",\"target\":{\"@type\":\"EntryPoint\",\"urlTemplate\":\"https:\\\/\\\/floore.se\\\/?s={search_term_string}\"},\"query-input\":{\"@type\":\"PropertyValueSpecification\",\"valueRequired\":true,\"valueName\":\"search_term_string\"}}],\"inLanguage\":\"en-US\"}]}<\/script>\n<!-- \/ Yoast SEO Premium plugin. -->","yoast_head_json":{"title":"Aluminium tape &#8211; Floor\u00e9 V\u00e4rmegolv","robots":{"index":"index","follow":"follow","max-snippet":"max-snippet:-1","max-image-preview":"max-image-preview:large","max-video-preview":"max-video-preview:-1"},"canonical":"https:\/\/floore.se\/en\/butik\/underfloor-heating\/floore-panels\/aluminium-tape\/","og_locale":"en_US","og_type":"article","og_title":"Aluminium tape","og_description":"Used to cover turning grooves and join underfloor heating panels. Thickness 50\u00a0\u00b5m, width 50\u00a0mm.","og_url":"https:\/\/floore.se\/en\/butik\/underfloor-heating\/floore-panels\/aluminium-tape\/","og_site_name":"Floor\u00e9 V\u00e4rmegolv","article_modified_time":"2019-02-05T12:39:25+00:00","og_image":[{"width":800,"height":800,"url":"https:\/\/floore.se\/wp-content\/uploads\/410-33-1.jpg","type":"image\/jpeg"}],"schema":{"@context":"https:\/\/schema.org","@graph":[{"@type":"WebPage","@id":"https:\/\/floore.se\/en\/butik\/underfloor-heating\/floore-panels\/aluminium-tape\/","url":"https:\/\/floore.se\/en\/butik\/underfloor-heating\/floore-panels\/aluminium-tape\/","name":"Aluminium tape &#8211; Floor\u00e9 V\u00e4rmegolv","isPartOf":{"@id":"https:\/\/floore.se\/#website"},"primaryImageOfPage":{"@id":"https:\/\/floore.se\/en\/butik\/underfloor-heating\/floore-panels\/aluminium-tape\/#primaryimage"},"image":{"@id":"https:\/\/floore.se\/en\/butik\/underfloor-heating\/floore-panels\/aluminium-tape\/#primaryimage"},"thumbnailUrl":"https:\/\/floore.se\/wp-content\/uploads\/410-33-1.jpg","datePublished":"2018-08-27T09:55:58+00:00","dateModified":"2019-02-05T12:39:25+00:00","breadcrumb":{"@id":"https:\/\/floore.se\/en\/butik\/underfloor-heating\/floore-panels\/aluminium-tape\/#breadcrumb"},"inLanguage":"en-US","potentialAction":[{"@type":"ReadAction","target":["https:\/\/floore.se\/en\/butik\/underfloor-heating\/floore-panels\/aluminium-tape\/"]}]},{"@type":"ImageObject","inLanguage":"en-US","@id":"https:\/\/floore.se\/en\/butik\/underfloor-heating\/floore-panels\/aluminium-tape\/#primaryimage","url":"https:\/\/floore.se\/wp-content\/uploads\/410-33-1.jpg","contentUrl":"https:\/\/floore.se\/wp-content\/uploads\/410-33-1.jpg","width":800,"height":800},{"@type":"BreadcrumbList","@id":"https:\/\/floore.se\/en\/butik\/underfloor-heating\/floore-panels\/aluminium-tape\/#breadcrumb","itemListElement":[{"@type":"ListItem","position":1,"name":"Hem","item":"https:\/\/floore.se\/en\/golvvarme-unik-vattenburen-golvvarme-floore-varmegolv\/"},{"@type":"ListItem","position":2,"name":"Shop","item":"https:\/\/floore.se\/en\/shop\/"},{"@type":"ListItem","position":3,"name":"Aluminium tape"}]},{"@type":"WebSite","@id":"https:\/\/floore.se\/#website","url":"https:\/\/floore.se\/","name":"Floor\u00e9 V\u00e4rmegolv","description":"Vattenburen golvv\u00e4rme \u2013 ett av marknadens tunnaste","potentialAction":[{"@type":"SearchAction","target":{"@type":"EntryPoint","urlTemplate":"https:\/\/floore.se\/?s={search_term_string}"},"query-input":{"@type":"PropertyValueSpecification","valueRequired":true,"valueName":"search_term_string"}}],"inLanguage":"en-US"}]}},"_links":{"self":[{"href":"https:\/\/floore.se\/en\/wp-json\/wp\/v2\/product\/9211","targetHints":{"allow":["GET"]}}],"collection":[{"href":"https:\/\/floore.se\/en\/wp-json\/wp\/v2\/product"}],"about":[{"href":"https:\/\/floore.se\/en\/wp-json\/wp\/v2\/types\/product"}],"replies":[{"embeddable":true,"href":"https:\/\/floore.se\/en\/wp-json\/wp\/v2\/comments?post=9211"}],"wp:featuredmedia":[{"embeddable":true,"href":"https:\/\/floore.se\/en\/wp-json\/wp\/v2\/media\/10265"}],"wp:attachment":[{"href":"https:\/\/floore.se\/en\/wp-json\/wp\/v2\/media?parent=9211"}],"wp:term":[{"taxonomy":"product_brand","embeddable":true,"href":"https:\/\/floore.se\/en\/wp-json\/wp\/v2\/product_brand?post=9211"},{"taxonomy":"product_cat","embeddable":true,"href":"https:\/\/floore.se\/en\/wp-json\/wp\/v2\/product_cat?post=9211"},{"taxonomy":"product_tag","embeddable":true,"href":"https:\/\/floore.se\/en\/wp-json\/wp\/v2\/product_tag?post=9211"}],"curies":[{"name":"wp","href":"https:\/\/api.w.org\/{rel}","templated":true}]}}