{"id":9186,"date":"2018-09-05T14:54:43","date_gmt":"2018-09-05T12:54:43","guid":{"rendered":"https:\/\/floore.se\/produkt\/thermometer-for-underfloor-heating-manifold\/"},"modified":"2019-01-31T13:21:41","modified_gmt":"2019-01-31T12:21:41","slug":"thermometer-for-underfloor-heating-manifold","status":"publish","type":"product","link":"https:\/\/floore.se\/en\/butik\/pipe-fittings-and-accessories\/thermometer-for-underfloor-heating-manifold\/","title":{"rendered":"Thermometer for underfloor heating manifold"},"content":{"rendered":"","protected":false},"excerpt":{"rendered":"<p class=\"p1\">Pipe thermometer that can be attached to the underfloor heating manifold or other components.<\/p>\n","protected":false},"featured_media":16468,"comment_status":"closed","ping_status":"closed","template":"","meta":{"_acf_changed":false},"product_brand":[],"product_cat":[1273],"product_tag":[272],"class_list":{"0":"post-9186","1":"product","2":"type-product","3":"status-publish","4":"has-post-thumbnail","6":"product_cat-pipe-fittings-and-accessories","7":"product_tag-manifold","10":"first","11":"instock","12":"taxable","13":"shipping-taxable","14":"purchasable","15":"product-type-simple"},"acf":[],"yoast_head":"<!-- This site is optimized with the Yoast SEO Premium plugin v26.3 (Yoast SEO v27.3) - https:\/\/yoast.com\/product\/yoast-seo-premium-wordpress\/ -->\n<title>Thermometer for underfloor heating manifold &#8211; Floor\u00e9 V\u00e4rmegolv<\/title>\n<meta name=\"robots\" content=\"index, follow, max-snippet:-1, max-image-preview:large, max-video-preview:-1\" \/>\n<link rel=\"canonical\" href=\"https:\/\/floore.se\/en\/butik\/pipe-fittings-and-accessories\/thermometer-for-underfloor-heating-manifold\/\" \/>\n<meta property=\"og:locale\" content=\"en_US\" \/>\n<meta property=\"og:type\" content=\"article\" \/>\n<meta property=\"og:title\" content=\"Thermometer for underfloor heating manifold\" \/>\n<meta property=\"og:description\" content=\"Pipe thermometer that can be attached to the underfloor heating manifold or other components.\" \/>\n<meta property=\"og:url\" content=\"https:\/\/floore.se\/en\/butik\/pipe-fittings-and-accessories\/thermometer-for-underfloor-heating-manifold\/\" \/>\n<meta property=\"og:site_name\" content=\"Floor\u00e9 V\u00e4rmegolv\" \/>\n<meta property=\"article:modified_time\" content=\"2019-01-31T12:21:41+00:00\" \/>\n<meta property=\"og:image\" content=\"https:\/\/floore.se\/wp-content\/uploads\/41850-2.jpg\" \/>\n\t<meta property=\"og:image:width\" content=\"1200\" \/>\n\t<meta property=\"og:image:height\" content=\"1200\" \/>\n\t<meta property=\"og:image:type\" content=\"image\/jpeg\" \/>\n<script type=\"application\/ld+json\" class=\"yoast-schema-graph\">{\"@context\":\"https:\\\/\\\/schema.org\",\"@graph\":[{\"@type\":\"WebPage\",\"@id\":\"https:\\\/\\\/floore.se\\\/en\\\/butik\\\/pipe-fittings-and-accessories\\\/thermometer-for-underfloor-heating-manifold\\\/\",\"url\":\"https:\\\/\\\/floore.se\\\/en\\\/butik\\\/pipe-fittings-and-accessories\\\/thermometer-for-underfloor-heating-manifold\\\/\",\"name\":\"Thermometer for underfloor heating manifold &#8211; Floor\u00e9 V\u00e4rmegolv\",\"isPartOf\":{\"@id\":\"https:\\\/\\\/floore.se\\\/#website\"},\"primaryImageOfPage\":{\"@id\":\"https:\\\/\\\/floore.se\\\/en\\\/butik\\\/pipe-fittings-and-accessories\\\/thermometer-for-underfloor-heating-manifold\\\/#primaryimage\"},\"image\":{\"@id\":\"https:\\\/\\\/floore.se\\\/en\\\/butik\\\/pipe-fittings-and-accessories\\\/thermometer-for-underfloor-heating-manifold\\\/#primaryimage\"},\"thumbnailUrl\":\"https:\\\/\\\/floore.se\\\/wp-content\\\/uploads\\\/41850-2.jpg\",\"datePublished\":\"2018-09-05T12:54:43+00:00\",\"dateModified\":\"2019-01-31T12:21:41+00:00\",\"breadcrumb\":{\"@id\":\"https:\\\/\\\/floore.se\\\/en\\\/butik\\\/pipe-fittings-and-accessories\\\/thermometer-for-underfloor-heating-manifold\\\/#breadcrumb\"},\"inLanguage\":\"en-US\",\"potentialAction\":[{\"@type\":\"ReadAction\",\"target\":[\"https:\\\/\\\/floore.se\\\/en\\\/butik\\\/pipe-fittings-and-accessories\\\/thermometer-for-underfloor-heating-manifold\\\/\"]}]},{\"@type\":\"ImageObject\",\"inLanguage\":\"en-US\",\"@id\":\"https:\\\/\\\/floore.se\\\/en\\\/butik\\\/pipe-fittings-and-accessories\\\/thermometer-for-underfloor-heating-manifold\\\/#primaryimage\",\"url\":\"https:\\\/\\\/floore.se\\\/wp-content\\\/uploads\\\/41850-2.jpg\",\"contentUrl\":\"https:\\\/\\\/floore.se\\\/wp-content\\\/uploads\\\/41850-2.jpg\",\"width\":1200,\"height\":1200},{\"@type\":\"BreadcrumbList\",\"@id\":\"https:\\\/\\\/floore.se\\\/en\\\/butik\\\/pipe-fittings-and-accessories\\\/thermometer-for-underfloor-heating-manifold\\\/#breadcrumb\",\"itemListElement\":[{\"@type\":\"ListItem\",\"position\":1,\"name\":\"Hem\",\"item\":\"https:\\\/\\\/floore.se\\\/en\\\/golvvarme-unik-vattenburen-golvvarme-floore-varmegolv\\\/\"},{\"@type\":\"ListItem\",\"position\":2,\"name\":\"Shop\",\"item\":\"https:\\\/\\\/floore.se\\\/en\\\/shop\\\/\"},{\"@type\":\"ListItem\",\"position\":3,\"name\":\"Thermometer for underfloor heating manifold\"}]},{\"@type\":\"WebSite\",\"@id\":\"https:\\\/\\\/floore.se\\\/#website\",\"url\":\"https:\\\/\\\/floore.se\\\/\",\"name\":\"Floor\u00e9 V\u00e4rmegolv\",\"description\":\"Vattenburen golvv\u00e4rme \u2013 ett av marknadens tunnaste\",\"potentialAction\":[{\"@type\":\"SearchAction\",\"target\":{\"@type\":\"EntryPoint\",\"urlTemplate\":\"https:\\\/\\\/floore.se\\\/?s={search_term_string}\"},\"query-input\":{\"@type\":\"PropertyValueSpecification\",\"valueRequired\":true,\"valueName\":\"search_term_string\"}}],\"inLanguage\":\"en-US\"}]}<\/script>\n<!-- \/ Yoast SEO Premium plugin. -->","yoast_head_json":{"title":"Thermometer for underfloor heating manifold &#8211; Floor\u00e9 V\u00e4rmegolv","robots":{"index":"index","follow":"follow","max-snippet":"max-snippet:-1","max-image-preview":"max-image-preview:large","max-video-preview":"max-video-preview:-1"},"canonical":"https:\/\/floore.se\/en\/butik\/pipe-fittings-and-accessories\/thermometer-for-underfloor-heating-manifold\/","og_locale":"en_US","og_type":"article","og_title":"Thermometer for underfloor heating manifold","og_description":"Pipe thermometer that can be attached to the underfloor heating manifold or other components.","og_url":"https:\/\/floore.se\/en\/butik\/pipe-fittings-and-accessories\/thermometer-for-underfloor-heating-manifold\/","og_site_name":"Floor\u00e9 V\u00e4rmegolv","article_modified_time":"2019-01-31T12:21:41+00:00","og_image":[{"width":1200,"height":1200,"url":"https:\/\/floore.se\/wp-content\/uploads\/41850-2.jpg","type":"image\/jpeg"}],"schema":{"@context":"https:\/\/schema.org","@graph":[{"@type":"WebPage","@id":"https:\/\/floore.se\/en\/butik\/pipe-fittings-and-accessories\/thermometer-for-underfloor-heating-manifold\/","url":"https:\/\/floore.se\/en\/butik\/pipe-fittings-and-accessories\/thermometer-for-underfloor-heating-manifold\/","name":"Thermometer for underfloor heating manifold &#8211; Floor\u00e9 V\u00e4rmegolv","isPartOf":{"@id":"https:\/\/floore.se\/#website"},"primaryImageOfPage":{"@id":"https:\/\/floore.se\/en\/butik\/pipe-fittings-and-accessories\/thermometer-for-underfloor-heating-manifold\/#primaryimage"},"image":{"@id":"https:\/\/floore.se\/en\/butik\/pipe-fittings-and-accessories\/thermometer-for-underfloor-heating-manifold\/#primaryimage"},"thumbnailUrl":"https:\/\/floore.se\/wp-content\/uploads\/41850-2.jpg","datePublished":"2018-09-05T12:54:43+00:00","dateModified":"2019-01-31T12:21:41+00:00","breadcrumb":{"@id":"https:\/\/floore.se\/en\/butik\/pipe-fittings-and-accessories\/thermometer-for-underfloor-heating-manifold\/#breadcrumb"},"inLanguage":"en-US","potentialAction":[{"@type":"ReadAction","target":["https:\/\/floore.se\/en\/butik\/pipe-fittings-and-accessories\/thermometer-for-underfloor-heating-manifold\/"]}]},{"@type":"ImageObject","inLanguage":"en-US","@id":"https:\/\/floore.se\/en\/butik\/pipe-fittings-and-accessories\/thermometer-for-underfloor-heating-manifold\/#primaryimage","url":"https:\/\/floore.se\/wp-content\/uploads\/41850-2.jpg","contentUrl":"https:\/\/floore.se\/wp-content\/uploads\/41850-2.jpg","width":1200,"height":1200},{"@type":"BreadcrumbList","@id":"https:\/\/floore.se\/en\/butik\/pipe-fittings-and-accessories\/thermometer-for-underfloor-heating-manifold\/#breadcrumb","itemListElement":[{"@type":"ListItem","position":1,"name":"Hem","item":"https:\/\/floore.se\/en\/golvvarme-unik-vattenburen-golvvarme-floore-varmegolv\/"},{"@type":"ListItem","position":2,"name":"Shop","item":"https:\/\/floore.se\/en\/shop\/"},{"@type":"ListItem","position":3,"name":"Thermometer for underfloor heating manifold"}]},{"@type":"WebSite","@id":"https:\/\/floore.se\/#website","url":"https:\/\/floore.se\/","name":"Floor\u00e9 V\u00e4rmegolv","description":"Vattenburen golvv\u00e4rme \u2013 ett av marknadens tunnaste","potentialAction":[{"@type":"SearchAction","target":{"@type":"EntryPoint","urlTemplate":"https:\/\/floore.se\/?s={search_term_string}"},"query-input":{"@type":"PropertyValueSpecification","valueRequired":true,"valueName":"search_term_string"}}],"inLanguage":"en-US"}]}},"_links":{"self":[{"href":"https:\/\/floore.se\/en\/wp-json\/wp\/v2\/product\/9186","targetHints":{"allow":["GET"]}}],"collection":[{"href":"https:\/\/floore.se\/en\/wp-json\/wp\/v2\/product"}],"about":[{"href":"https:\/\/floore.se\/en\/wp-json\/wp\/v2\/types\/product"}],"replies":[{"embeddable":true,"href":"https:\/\/floore.se\/en\/wp-json\/wp\/v2\/comments?post=9186"}],"wp:featuredmedia":[{"embeddable":true,"href":"https:\/\/floore.se\/en\/wp-json\/wp\/v2\/media\/16468"}],"wp:attachment":[{"href":"https:\/\/floore.se\/en\/wp-json\/wp\/v2\/media?parent=9186"}],"wp:term":[{"taxonomy":"product_brand","embeddable":true,"href":"https:\/\/floore.se\/en\/wp-json\/wp\/v2\/product_brand?post=9186"},{"taxonomy":"product_cat","embeddable":true,"href":"https:\/\/floore.se\/en\/wp-json\/wp\/v2\/product_cat?post=9186"},{"taxonomy":"product_tag","embeddable":true,"href":"https:\/\/floore.se\/en\/wp-json\/wp\/v2\/product_tag?post=9186"}],"curies":[{"name":"wp","href":"https:\/\/api.w.org\/{rel}","templated":true}]}}