{"id":9171,"date":"2021-08-13T11:30:54","date_gmt":"2018-09-13T09:30:54","guid":{"rendered":"https:\/\/floore.se\/produkt\/wireless-eight-channel-junction-box\/"},"modified":"2020-09-09T16:22:05","modified_gmt":"2020-09-09T14:22:05","slug":"wireless-eight-channel-junction-box","status":"publish","type":"product","link":"https:\/\/floore.se\/en\/butik\/heating-control\/smart-home\/install-wireless-heat-control-of-underfloor-heating\/wireless-eight-channel-junction-box\/","title":{"rendered":"Wireless eight-channel junction box"},"content":{"rendered":"<ul>\n<li class=\"p2\">8 zones with 3 actuators per zone<\/li>\n<li class=\"p2\">Push-in cable connections with strain relief<\/li>\n<li class=\"p2\">Volt free pump and boiler switching<\/li>\n<li class=\"p2\">LED status indication<\/li>\n<li class=\"p2\">Separate in-port for night setback signal<\/li>\n<li class=\"p2\">Works with NO and NC actuators<\/li>\n<li class=\"p2\">External clock contact<\/li>\n<li class=\"p2\">Includes coordinator or ZigBee wireless for Smart Home App integration<\/li>\n<li class=\"p2\">Zigbee 2.4 GHz<\/li>\n<li class=\"p2\">5 year warranty<\/li>\n<\/ul>\n<table class=\"t1\" cellspacing=\"0\" cellpadding=\"0\">\n<tbody>\n<colgroup>\n<col span=\"2\" style=\"width:50%;\">\n  <\/colgroup>\n<tr>\n<td class=\"td1\" valign=\"top\">\n<p class=\"p2\">Power Supply:<\/p>\n<\/td>\n<td class=\"td1\" valign=\"top\">\n<p class=\"p2\">230V<\/p>\n<\/td>\n<\/tr>\n<tr>\n<td class=\"td1\" valign=\"top\">\n<p class=\"p3\">Switching current (Max):<\/p>\n<\/td>\n<td class=\"td1\" valign=\"top\">\n<p class=\"p2\">5A<\/p>\n<\/td>\n<\/tr>\n<tr>\n<td class=\"td1\" valign=\"top\">\n<p class=\"p2\">Output:<\/p>\n<\/td>\n<td class=\"td1\" valign=\"top\">\n<p class=\"p2\">230V<\/p>\n<\/td>\n<\/tr>\n<tr>\n<td class=\"td1\" valign=\"top\">\n<p class=\"p3\">Size (mm):<\/p>\n<\/td>\n<td class=\"td1\" valign=\"top\">\n<p class=\"p2\">353 x 85 x 65<\/p>\n<\/td>\n<\/tr>\n<\/tbody>\n<\/table>\n<div class=\"cs-content x-global-block x-global-block-12492 e12492-e0\"><div class=\"x-section e12492-e1 m9n0-0\"><div class=\"x-row e12492-e2 m9n0-1 m9n0-2\"><div class=\"x-row-inner\"><div class=\"x-col e12492-e3 m9n0-3 m9n0-4\"><div class=\"x-bg\" aria-hidden=\"true\"><div class=\"x-bg-layer-lower-image\"><\/div><\/div><span class=\"x-image e12492-e4 m9n0-6\"><img decoding=\"async\" src=\"https:\/\/floore.se\/wp-content\/uploads\/5yearwarranty.png\" width=\"136\" height=\"136\" alt=\"Image\" loading=\"lazy\"><\/span><\/div><div class=\"x-col e12492-e5 m9n0-3 m9n0-5\"><div class=\"x-text x-content e12492-e6 m9n0-7\"><p><strong>Part of our <a href=\"https:\/\/floore.se\/en\/floore-smart-home-systems\/\">Smart Home<\/a> family<br \/>\n<\/strong>This product is part of our Smart Home family. Smart Home gives you the ability to enjoy automation throughout your entire home, from wireless boiler & underfloor heating to wireless lighting and added security features for peace of mind.<\/p>\n<p><\/p>\n<p>Learn more in our <a href=\"https:\/\/floore.se\/en\/room-heating-control-guide\/\">guide for room control<\/a>.<\/p><\/div><\/div><\/div><\/div><\/div><\/div>\n","protected":false},"excerpt":{"rendered":"<p>The KL08RF has 8 control zones, each with connections for up to 3 heating zones (actuators). The pump logic and boilers logic, a connection for Dew point sensor and the C\/O input for automatic switching from heating to cooling are standard.<\/p>\n","protected":false},"featured_media":10298,"comment_status":"closed","ping_status":"closed","template":"","meta":{"_acf_changed":false},"product_brand":[],"product_cat":[395,1263],"product_tag":[410,269,327],"class_list":{"0":"post-9171","1":"product","2":"type-product","3":"status-publish","4":"has-post-thumbnail","6":"product_cat-smart-home","7":"product_cat-install-wireless-heat-control-of-underfloor-heating","8":"product_tag-heat-control","9":"product_tag-junction-box","10":"product_tag-smart-home-en","13":"first","14":"instock","15":"taxable","16":"shipping-taxable","17":"purchasable","18":"product-type-simple"},"acf":[],"yoast_head":"<!-- This site is optimized with the Yoast SEO Premium plugin v26.3 (Yoast SEO v27.4) - https:\/\/yoast.com\/product\/yoast-seo-premium-wordpress\/ -->\n<title>Wireless eight-channel junction box &#8211; Floor\u00e9 V\u00e4rmegolv<\/title>\n<meta name=\"robots\" content=\"index, follow, max-snippet:-1, max-image-preview:large, max-video-preview:-1\" \/>\n<link rel=\"canonical\" href=\"https:\/\/floore.se\/en\/butik\/heating-control\/smart-home\/install-wireless-heat-control-of-underfloor-heating\/wireless-eight-channel-junction-box\/\" \/>\n<meta property=\"og:locale\" content=\"en_US\" \/>\n<meta property=\"og:type\" content=\"article\" \/>\n<meta property=\"og:title\" content=\"Wireless eight-channel junction box\" \/>\n<meta property=\"og:description\" content=\"The KL08RF has 8 control zones, each with connections for up to 3 heating zones (actuators). The pump logic and boilers logic, a connection for Dew point sensor and the C\/O input for automatic switching from heating to cooling are standard.\" \/>\n<meta property=\"og:url\" content=\"https:\/\/floore.se\/en\/butik\/heating-control\/smart-home\/install-wireless-heat-control-of-underfloor-heating\/wireless-eight-channel-junction-box\/\" \/>\n<meta property=\"og:site_name\" content=\"Floor\u00e9 V\u00e4rmegolv\" \/>\n<meta property=\"article:modified_time\" content=\"2020-09-09T14:22:05+00:00\" \/>\n<meta property=\"og:image\" content=\"https:\/\/floore.se\/wp-content\/uploads\/KL08RF-1.jpg\" \/>\n\t<meta property=\"og:image:width\" content=\"800\" \/>\n\t<meta property=\"og:image:height\" content=\"800\" \/>\n\t<meta property=\"og:image:type\" content=\"image\/jpeg\" \/>\n<script type=\"application\/ld+json\" class=\"yoast-schema-graph\">{\"@context\":\"https:\\\/\\\/schema.org\",\"@graph\":[{\"@type\":\"WebPage\",\"@id\":\"https:\\\/\\\/floore.se\\\/en\\\/butik\\\/heating-control\\\/smart-home\\\/install-wireless-heat-control-of-underfloor-heating\\\/wireless-eight-channel-junction-box\\\/\",\"url\":\"https:\\\/\\\/floore.se\\\/en\\\/butik\\\/heating-control\\\/smart-home\\\/install-wireless-heat-control-of-underfloor-heating\\\/wireless-eight-channel-junction-box\\\/\",\"name\":\"Wireless eight-channel junction box &#8211; Floor\u00e9 V\u00e4rmegolv\",\"isPartOf\":{\"@id\":\"https:\\\/\\\/floore.se\\\/#website\"},\"primaryImageOfPage\":{\"@id\":\"https:\\\/\\\/floore.se\\\/en\\\/butik\\\/heating-control\\\/smart-home\\\/install-wireless-heat-control-of-underfloor-heating\\\/wireless-eight-channel-junction-box\\\/#primaryimage\"},\"image\":{\"@id\":\"https:\\\/\\\/floore.se\\\/en\\\/butik\\\/heating-control\\\/smart-home\\\/install-wireless-heat-control-of-underfloor-heating\\\/wireless-eight-channel-junction-box\\\/#primaryimage\"},\"thumbnailUrl\":\"https:\\\/\\\/floore.se\\\/wp-content\\\/uploads\\\/KL08RF-1.jpg\",\"datePublished\":\"2018-09-13T09:30:54+00:00\",\"dateModified\":\"2020-09-09T14:22:05+00:00\",\"breadcrumb\":{\"@id\":\"https:\\\/\\\/floore.se\\\/en\\\/butik\\\/heating-control\\\/smart-home\\\/install-wireless-heat-control-of-underfloor-heating\\\/wireless-eight-channel-junction-box\\\/#breadcrumb\"},\"inLanguage\":\"en-US\",\"potentialAction\":[{\"@type\":\"ReadAction\",\"target\":[\"https:\\\/\\\/floore.se\\\/en\\\/butik\\\/heating-control\\\/smart-home\\\/install-wireless-heat-control-of-underfloor-heating\\\/wireless-eight-channel-junction-box\\\/\"]}]},{\"@type\":\"ImageObject\",\"inLanguage\":\"en-US\",\"@id\":\"https:\\\/\\\/floore.se\\\/en\\\/butik\\\/heating-control\\\/smart-home\\\/install-wireless-heat-control-of-underfloor-heating\\\/wireless-eight-channel-junction-box\\\/#primaryimage\",\"url\":\"https:\\\/\\\/floore.se\\\/wp-content\\\/uploads\\\/KL08RF-1.jpg\",\"contentUrl\":\"https:\\\/\\\/floore.se\\\/wp-content\\\/uploads\\\/KL08RF-1.jpg\",\"width\":800,\"height\":800,\"caption\":\"Wireless eight-channel junction box\"},{\"@type\":\"BreadcrumbList\",\"@id\":\"https:\\\/\\\/floore.se\\\/en\\\/butik\\\/heating-control\\\/smart-home\\\/install-wireless-heat-control-of-underfloor-heating\\\/wireless-eight-channel-junction-box\\\/#breadcrumb\",\"itemListElement\":[{\"@type\":\"ListItem\",\"position\":1,\"name\":\"Hem\",\"item\":\"https:\\\/\\\/floore.se\\\/en\\\/golvvarme-unik-vattenburen-golvvarme-floore-varmegolv\\\/\"},{\"@type\":\"ListItem\",\"position\":2,\"name\":\"Shop\",\"item\":\"https:\\\/\\\/floore.se\\\/en\\\/shop\\\/\"},{\"@type\":\"ListItem\",\"position\":3,\"name\":\"Wireless eight-channel junction box\"}]},{\"@type\":\"WebSite\",\"@id\":\"https:\\\/\\\/floore.se\\\/#website\",\"url\":\"https:\\\/\\\/floore.se\\\/\",\"name\":\"Floor\u00e9 V\u00e4rmegolv\",\"description\":\"Vattenburen golvv\u00e4rme \u2013 ett av marknadens tunnaste\",\"potentialAction\":[{\"@type\":\"SearchAction\",\"target\":{\"@type\":\"EntryPoint\",\"urlTemplate\":\"https:\\\/\\\/floore.se\\\/?s={search_term_string}\"},\"query-input\":{\"@type\":\"PropertyValueSpecification\",\"valueRequired\":true,\"valueName\":\"search_term_string\"}}],\"inLanguage\":\"en-US\"}]}<\/script>\n<!-- \/ Yoast SEO Premium plugin. -->","yoast_head_json":{"title":"Wireless eight-channel junction box &#8211; Floor\u00e9 V\u00e4rmegolv","robots":{"index":"index","follow":"follow","max-snippet":"max-snippet:-1","max-image-preview":"max-image-preview:large","max-video-preview":"max-video-preview:-1"},"canonical":"https:\/\/floore.se\/en\/butik\/heating-control\/smart-home\/install-wireless-heat-control-of-underfloor-heating\/wireless-eight-channel-junction-box\/","og_locale":"en_US","og_type":"article","og_title":"Wireless eight-channel junction box","og_description":"The KL08RF has 8 control zones, each with connections for up to 3 heating zones (actuators). The pump logic and boilers logic, a connection for Dew point sensor and the C\/O input for automatic switching from heating to cooling are standard.","og_url":"https:\/\/floore.se\/en\/butik\/heating-control\/smart-home\/install-wireless-heat-control-of-underfloor-heating\/wireless-eight-channel-junction-box\/","og_site_name":"Floor\u00e9 V\u00e4rmegolv","article_modified_time":"2020-09-09T14:22:05+00:00","og_image":[{"width":800,"height":800,"url":"https:\/\/floore.se\/wp-content\/uploads\/KL08RF-1.jpg","type":"image\/jpeg"}],"schema":{"@context":"https:\/\/schema.org","@graph":[{"@type":"WebPage","@id":"https:\/\/floore.se\/en\/butik\/heating-control\/smart-home\/install-wireless-heat-control-of-underfloor-heating\/wireless-eight-channel-junction-box\/","url":"https:\/\/floore.se\/en\/butik\/heating-control\/smart-home\/install-wireless-heat-control-of-underfloor-heating\/wireless-eight-channel-junction-box\/","name":"Wireless eight-channel junction box &#8211; Floor\u00e9 V\u00e4rmegolv","isPartOf":{"@id":"https:\/\/floore.se\/#website"},"primaryImageOfPage":{"@id":"https:\/\/floore.se\/en\/butik\/heating-control\/smart-home\/install-wireless-heat-control-of-underfloor-heating\/wireless-eight-channel-junction-box\/#primaryimage"},"image":{"@id":"https:\/\/floore.se\/en\/butik\/heating-control\/smart-home\/install-wireless-heat-control-of-underfloor-heating\/wireless-eight-channel-junction-box\/#primaryimage"},"thumbnailUrl":"https:\/\/floore.se\/wp-content\/uploads\/KL08RF-1.jpg","datePublished":"2018-09-13T09:30:54+00:00","dateModified":"2020-09-09T14:22:05+00:00","breadcrumb":{"@id":"https:\/\/floore.se\/en\/butik\/heating-control\/smart-home\/install-wireless-heat-control-of-underfloor-heating\/wireless-eight-channel-junction-box\/#breadcrumb"},"inLanguage":"en-US","potentialAction":[{"@type":"ReadAction","target":["https:\/\/floore.se\/en\/butik\/heating-control\/smart-home\/install-wireless-heat-control-of-underfloor-heating\/wireless-eight-channel-junction-box\/"]}]},{"@type":"ImageObject","inLanguage":"en-US","@id":"https:\/\/floore.se\/en\/butik\/heating-control\/smart-home\/install-wireless-heat-control-of-underfloor-heating\/wireless-eight-channel-junction-box\/#primaryimage","url":"https:\/\/floore.se\/wp-content\/uploads\/KL08RF-1.jpg","contentUrl":"https:\/\/floore.se\/wp-content\/uploads\/KL08RF-1.jpg","width":800,"height":800,"caption":"Wireless eight-channel junction box"},{"@type":"BreadcrumbList","@id":"https:\/\/floore.se\/en\/butik\/heating-control\/smart-home\/install-wireless-heat-control-of-underfloor-heating\/wireless-eight-channel-junction-box\/#breadcrumb","itemListElement":[{"@type":"ListItem","position":1,"name":"Hem","item":"https:\/\/floore.se\/en\/golvvarme-unik-vattenburen-golvvarme-floore-varmegolv\/"},{"@type":"ListItem","position":2,"name":"Shop","item":"https:\/\/floore.se\/en\/shop\/"},{"@type":"ListItem","position":3,"name":"Wireless eight-channel junction box"}]},{"@type":"WebSite","@id":"https:\/\/floore.se\/#website","url":"https:\/\/floore.se\/","name":"Floor\u00e9 V\u00e4rmegolv","description":"Vattenburen golvv\u00e4rme \u2013 ett av marknadens tunnaste","potentialAction":[{"@type":"SearchAction","target":{"@type":"EntryPoint","urlTemplate":"https:\/\/floore.se\/?s={search_term_string}"},"query-input":{"@type":"PropertyValueSpecification","valueRequired":true,"valueName":"search_term_string"}}],"inLanguage":"en-US"}]}},"_links":{"self":[{"href":"https:\/\/floore.se\/en\/wp-json\/wp\/v2\/product\/9171","targetHints":{"allow":["GET"]}}],"collection":[{"href":"https:\/\/floore.se\/en\/wp-json\/wp\/v2\/product"}],"about":[{"href":"https:\/\/floore.se\/en\/wp-json\/wp\/v2\/types\/product"}],"replies":[{"embeddable":true,"href":"https:\/\/floore.se\/en\/wp-json\/wp\/v2\/comments?post=9171"}],"wp:featuredmedia":[{"embeddable":true,"href":"https:\/\/floore.se\/en\/wp-json\/wp\/v2\/media\/10298"}],"wp:attachment":[{"href":"https:\/\/floore.se\/en\/wp-json\/wp\/v2\/media?parent=9171"}],"wp:term":[{"taxonomy":"product_brand","embeddable":true,"href":"https:\/\/floore.se\/en\/wp-json\/wp\/v2\/product_brand?post=9171"},{"taxonomy":"product_cat","embeddable":true,"href":"https:\/\/floore.se\/en\/wp-json\/wp\/v2\/product_cat?post=9171"},{"taxonomy":"product_tag","embeddable":true,"href":"https:\/\/floore.se\/en\/wp-json\/wp\/v2\/product_tag?post=9171"}],"curies":[{"name":"wp","href":"https:\/\/api.w.org\/{rel}","templated":true}]}}