{"id":9164,"date":"2021-08-06T10:32:06","date_gmt":"2018-09-17T08:32:06","guid":{"rendered":"https:\/\/floore.se\/produkt\/basic-starter-pack\/"},"modified":"2020-09-09T14:06:28","modified_gmt":"2020-09-09T12:06:28","slug":"basic-starter-pack","status":"publish","type":"product","link":"https:\/\/floore.se\/en\/butik\/heating-control\/smart-home\/start-kits\/basic-starter-pack\/","title":{"rendered":"BASIC starter pack"},"content":{"rendered":"<p class=\"p1\">BASIC starter pack contains:<\/p>\n<p class=\"p2\"><div class=\"woocommerce columns-4 \"><ul class=\"products columns-4\">\n<li class=\"has-post-thumbnail product type-product post-9135 status-publish first instock product_cat-connect-home-to-app product_cat-smart-home product_tag-heat-control product_tag-smart-home-en taxable shipping-taxable purchasable product-type-simple\">\n\t<div class=\"entry-product\"><div class=\"entry-featured\"><a href=\"https:\/\/floore.se\/en\/butik\/heating-control\/smart-home\/connect-home-to-app\/internet-app-control-gateway\/\"><img loading=\"lazy\" decoding=\"async\" width=\"300\" height=\"300\" src=\"https:\/\/floore.se\/wp-content\/uploads\/UGE600-1-300x300.jpg\" class=\"attachment-woocommerce_thumbnail size-woocommerce_thumbnail wp-post-image\" alt=\"Smart Home Gateway\" srcset=\"https:\/\/floore.se\/wp-content\/uploads\/UGE600-1-300x300.jpg 300w, https:\/\/floore.se\/wp-content\/uploads\/UGE600-1-100x100.jpg 100w, https:\/\/floore.se\/wp-content\/uploads\/UGE600-1-600x600.jpg 600w, https:\/\/floore.se\/wp-content\/uploads\/UGE600-1-660x660.jpg 660w, https:\/\/floore.se\/wp-content\/uploads\/UGE600-1-768x768.jpg 768w, https:\/\/floore.se\/wp-content\/uploads\/UGE600-1-777x777.jpg 777w, https:\/\/floore.se\/wp-content\/uploads\/UGE600-1.jpg 800w\" sizes=\"auto, (max-width: 300px) 100vw, 300px\" \/><\/a><\/div><div class=\"entry-wrap\"><header class=\"entry-header\"><h3><a href=\"https:\/\/floore.se\/en\/butik\/heating-control\/smart-home\/connect-home-to-app\/internet-app-control-gateway\/\">Universal Gateway<\/a><\/h3>\n\t<span class=\"price\"><span class=\"woocommerce-Price-amount amount\"><bdi>1 680,00&nbsp;<span class=\"woocommerce-Price-currencySymbol\">&#107;&#114;<\/span><\/bdi><\/span><\/span>\n<center><\/center>\t<span id=\"woocommerce_loop_add_to_cart_link_describedby_9135\" class=\"screen-reader-text\">\n\t\t\t<\/span>\n<\/header><\/div><\/div><\/li>\n<li class=\"has-post-thumbnail product type-product post-9746 status-publish instock product_cat-add-functions product_cat-smart-home product_tag-radiator-control product_tag-smart-home-en product_tag-thermostat taxable shipping-taxable purchasable product-type-variable\">\n\t<div class=\"entry-product\"><div class=\"entry-featured\"><a href=\"https:\/\/floore.se\/en\/butik\/heating-control\/smart-home\/add-functions\/wireless-trv\/\"><img loading=\"lazy\" decoding=\"async\" width=\"300\" height=\"300\" src=\"https:\/\/floore.se\/wp-content\/uploads\/TRV10RFM-1-300x300.jpg\" class=\"attachment-woocommerce_thumbnail size-woocommerce_thumbnail wp-post-image\" alt=\"\" srcset=\"https:\/\/floore.se\/wp-content\/uploads\/TRV10RFM-1-300x300.jpg 300w, https:\/\/floore.se\/wp-content\/uploads\/TRV10RFM-1-100x100.jpg 100w, https:\/\/floore.se\/wp-content\/uploads\/TRV10RFM-1-600x600.jpg 600w, https:\/\/floore.se\/wp-content\/uploads\/TRV10RFM-1-660x660.jpg 660w, https:\/\/floore.se\/wp-content\/uploads\/TRV10RFM-1-768x768.jpg 768w, https:\/\/floore.se\/wp-content\/uploads\/TRV10RFM-1-777x777.jpg 777w, https:\/\/floore.se\/wp-content\/uploads\/TRV10RFM-1.jpg 800w\" sizes=\"auto, (max-width: 300px) 100vw, 300px\" \/><\/a><\/div><div class=\"entry-wrap\"><header class=\"entry-header\"><h3><a href=\"https:\/\/floore.se\/en\/butik\/heating-control\/smart-home\/add-functions\/wireless-trv\/\">Smart Radiator Control<\/a><\/h3>\n\t<span class=\"price\">fr. <span class=\"woocommerce-Price-amount amount\"><bdi>734,00&nbsp;<span class=\"woocommerce-Price-currencySymbol\">&#107;&#114;<\/span><\/bdi><\/span><\/span>\n<a href=\"https:\/\/floore.se\/en\/butik\/heating-control\/smart-home\/add-functions\/wireless-trv\/\" aria-describedby=\"woocommerce_loop_add_to_cart_link_describedby_9746\" data-quantity=\"1\" class=\"button product_type_variable add_to_cart_button\" data-product_id=\"9746\" data-product_sku=\"TRV10RFM-L\" aria-label=\"Select options for &ldquo;Smart Radiator Control&rdquo;\" rel=\"nofollow\">Select options<\/a>\t<span id=\"woocommerce_loop_add_to_cart_link_describedby_9746\" class=\"screen-reader-text\">\n\t\tThis product has multiple variants. The options may be chosen on the product page\t<\/span>\n<\/header><\/div><\/div><\/li>\n<\/ul>\n<\/div>\n<div class=\"cs-content x-global-block x-global-block-12492 e12492-e0\"><div class=\"x-section e12492-e1 m9n0-0\"><div class=\"x-row e12492-e2 m9n0-1 m9n0-2\"><div class=\"x-row-inner\"><div class=\"x-col e12492-e3 m9n0-3 m9n0-4\"><div class=\"x-bg\" aria-hidden=\"true\"><div class=\"x-bg-layer-lower-image\"><\/div><\/div><span class=\"x-image e12492-e4 m9n0-6\"><img decoding=\"async\" src=\"https:\/\/floore.se\/wp-content\/uploads\/5yearwarranty.png\" width=\"136\" height=\"136\" alt=\"Image\" loading=\"lazy\"><\/span><\/div><div class=\"x-col e12492-e5 m9n0-3 m9n0-5\"><div class=\"x-text x-content e12492-e6 m9n0-7\"><p><strong>Part of our <a href=\"https:\/\/floore.se\/en\/floore-smart-home-systems\/\">Smart Home<\/a> family<br \/>\n<\/strong>This product is part of our Smart Home family. Smart Home gives you the ability to enjoy automation throughout your entire home, from wireless boiler & underfloor heating to wireless lighting and added security features for peace of mind.<\/p>\n<p><\/p>\n<p>Learn more in our <a href=\"https:\/\/floore.se\/en\/room-heating-control-guide\/\">guide for room control<\/a>.<\/p><\/div><\/div><\/div><\/div><\/div><\/div>\n","protected":false},"excerpt":{"rendered":"<p class=\"p1\">To help you select the products needed for a radiator system, we offer a starter pack with all the products required to control one radiator in one room. Add an additional wireless TRV for each radiator and a wireless thermostat for every room. Please note that one wireless thermostat can control a maximum of six TRVs.<\/p>\n","protected":false},"featured_media":17254,"comment_status":"closed","ping_status":"closed","template":"","meta":{"_acf_changed":false},"product_brand":[],"product_cat":[394,395,1267],"product_tag":[411,327],"class_list":{"0":"post-9164","1":"product","2":"type-product","3":"status-publish","4":"has-post-thumbnail","6":"product_cat-heating-control","7":"product_cat-smart-home","8":"product_cat-start-kits","9":"product_tag-radiator-control","10":"product_tag-smart-home-en","13":"first","14":"instock","15":"taxable","16":"shipping-taxable","17":"purchasable","18":"product-type-simple"},"acf":[],"yoast_head":"<!-- This site is optimized with the Yoast SEO Premium plugin v26.3 (Yoast SEO v27.5) - https:\/\/yoast.com\/product\/yoast-seo-premium-wordpress\/ -->\n<title>BASIC starter pack &#8211; Floor\u00e9 V\u00e4rmegolv<\/title>\n<meta name=\"robots\" content=\"index, follow, max-snippet:-1, max-image-preview:large, max-video-preview:-1\" \/>\n<link rel=\"canonical\" href=\"https:\/\/floore.se\/en\/butik\/heating-control\/smart-home\/start-kits\/basic-starter-pack\/\" \/>\n<meta property=\"og:locale\" content=\"en_US\" \/>\n<meta property=\"og:type\" content=\"article\" \/>\n<meta property=\"og:title\" content=\"BASIC starter pack\" \/>\n<meta property=\"og:description\" content=\"To help you select the products needed for a radiator system, we offer a starter pack with all the products required to control one radiator in one room. Add an additional wireless TRV for each radiator and a wireless thermostat for every room. Please note that one wireless thermostat can control a maximum of six TRVs.\" \/>\n<meta property=\"og:url\" content=\"https:\/\/floore.se\/en\/butik\/heating-control\/smart-home\/start-kits\/basic-starter-pack\/\" \/>\n<meta property=\"og:site_name\" content=\"Floor\u00e9 V\u00e4rmegolv\" \/>\n<meta property=\"article:modified_time\" content=\"2020-09-09T12:06:28+00:00\" \/>\n<meta property=\"og:image\" content=\"https:\/\/floore.se\/wp-content\/uploads\/SH-START.jpg\" \/>\n\t<meta property=\"og:image:width\" content=\"1200\" \/>\n\t<meta property=\"og:image:height\" content=\"1200\" \/>\n\t<meta property=\"og:image:type\" content=\"image\/jpeg\" \/>\n<script type=\"application\/ld+json\" class=\"yoast-schema-graph\">{\"@context\":\"https:\\\/\\\/schema.org\",\"@graph\":[{\"@type\":\"WebPage\",\"@id\":\"https:\\\/\\\/floore.se\\\/en\\\/butik\\\/heating-control\\\/smart-home\\\/start-kits\\\/basic-starter-pack\\\/\",\"url\":\"https:\\\/\\\/floore.se\\\/en\\\/butik\\\/heating-control\\\/smart-home\\\/start-kits\\\/basic-starter-pack\\\/\",\"name\":\"BASIC starter pack &#8211; Floor\u00e9 V\u00e4rmegolv\",\"isPartOf\":{\"@id\":\"https:\\\/\\\/floore.se\\\/#website\"},\"primaryImageOfPage\":{\"@id\":\"https:\\\/\\\/floore.se\\\/en\\\/butik\\\/heating-control\\\/smart-home\\\/start-kits\\\/basic-starter-pack\\\/#primaryimage\"},\"image\":{\"@id\":\"https:\\\/\\\/floore.se\\\/en\\\/butik\\\/heating-control\\\/smart-home\\\/start-kits\\\/basic-starter-pack\\\/#primaryimage\"},\"thumbnailUrl\":\"https:\\\/\\\/floore.se\\\/wp-content\\\/uploads\\\/SH-START.jpg\",\"datePublished\":\"2018-09-17T08:32:06+00:00\",\"dateModified\":\"2020-09-09T12:06:28+00:00\",\"breadcrumb\":{\"@id\":\"https:\\\/\\\/floore.se\\\/en\\\/butik\\\/heating-control\\\/smart-home\\\/start-kits\\\/basic-starter-pack\\\/#breadcrumb\"},\"inLanguage\":\"en-US\",\"potentialAction\":[{\"@type\":\"ReadAction\",\"target\":[\"https:\\\/\\\/floore.se\\\/en\\\/butik\\\/heating-control\\\/smart-home\\\/start-kits\\\/basic-starter-pack\\\/\"]}]},{\"@type\":\"ImageObject\",\"inLanguage\":\"en-US\",\"@id\":\"https:\\\/\\\/floore.se\\\/en\\\/butik\\\/heating-control\\\/smart-home\\\/start-kits\\\/basic-starter-pack\\\/#primaryimage\",\"url\":\"https:\\\/\\\/floore.se\\\/wp-content\\\/uploads\\\/SH-START.jpg\",\"contentUrl\":\"https:\\\/\\\/floore.se\\\/wp-content\\\/uploads\\\/SH-START.jpg\",\"width\":1200,\"height\":1200},{\"@type\":\"BreadcrumbList\",\"@id\":\"https:\\\/\\\/floore.se\\\/en\\\/butik\\\/heating-control\\\/smart-home\\\/start-kits\\\/basic-starter-pack\\\/#breadcrumb\",\"itemListElement\":[{\"@type\":\"ListItem\",\"position\":1,\"name\":\"Hem\",\"item\":\"https:\\\/\\\/floore.se\\\/en\\\/golvvarme-unik-vattenburen-golvvarme-floore-varmegolv\\\/\"},{\"@type\":\"ListItem\",\"position\":2,\"name\":\"Shop\",\"item\":\"https:\\\/\\\/floore.se\\\/en\\\/shop\\\/\"},{\"@type\":\"ListItem\",\"position\":3,\"name\":\"BASIC starter pack\"}]},{\"@type\":\"WebSite\",\"@id\":\"https:\\\/\\\/floore.se\\\/#website\",\"url\":\"https:\\\/\\\/floore.se\\\/\",\"name\":\"Floor\u00e9 V\u00e4rmegolv\",\"description\":\"Vattenburen golvv\u00e4rme \u2013 ett av marknadens tunnaste\",\"potentialAction\":[{\"@type\":\"SearchAction\",\"target\":{\"@type\":\"EntryPoint\",\"urlTemplate\":\"https:\\\/\\\/floore.se\\\/?s={search_term_string}\"},\"query-input\":{\"@type\":\"PropertyValueSpecification\",\"valueRequired\":true,\"valueName\":\"search_term_string\"}}],\"inLanguage\":\"en-US\"}]}<\/script>\n<!-- \/ Yoast SEO Premium plugin. -->","yoast_head_json":{"title":"BASIC starter pack &#8211; Floor\u00e9 V\u00e4rmegolv","robots":{"index":"index","follow":"follow","max-snippet":"max-snippet:-1","max-image-preview":"max-image-preview:large","max-video-preview":"max-video-preview:-1"},"canonical":"https:\/\/floore.se\/en\/butik\/heating-control\/smart-home\/start-kits\/basic-starter-pack\/","og_locale":"en_US","og_type":"article","og_title":"BASIC starter pack","og_description":"To help you select the products needed for a radiator system, we offer a starter pack with all the products required to control one radiator in one room. Add an additional wireless TRV for each radiator and a wireless thermostat for every room. Please note that one wireless thermostat can control a maximum of six TRVs.","og_url":"https:\/\/floore.se\/en\/butik\/heating-control\/smart-home\/start-kits\/basic-starter-pack\/","og_site_name":"Floor\u00e9 V\u00e4rmegolv","article_modified_time":"2020-09-09T12:06:28+00:00","og_image":[{"width":1200,"height":1200,"url":"https:\/\/floore.se\/wp-content\/uploads\/SH-START.jpg","type":"image\/jpeg"}],"schema":{"@context":"https:\/\/schema.org","@graph":[{"@type":"WebPage","@id":"https:\/\/floore.se\/en\/butik\/heating-control\/smart-home\/start-kits\/basic-starter-pack\/","url":"https:\/\/floore.se\/en\/butik\/heating-control\/smart-home\/start-kits\/basic-starter-pack\/","name":"BASIC starter pack &#8211; Floor\u00e9 V\u00e4rmegolv","isPartOf":{"@id":"https:\/\/floore.se\/#website"},"primaryImageOfPage":{"@id":"https:\/\/floore.se\/en\/butik\/heating-control\/smart-home\/start-kits\/basic-starter-pack\/#primaryimage"},"image":{"@id":"https:\/\/floore.se\/en\/butik\/heating-control\/smart-home\/start-kits\/basic-starter-pack\/#primaryimage"},"thumbnailUrl":"https:\/\/floore.se\/wp-content\/uploads\/SH-START.jpg","datePublished":"2018-09-17T08:32:06+00:00","dateModified":"2020-09-09T12:06:28+00:00","breadcrumb":{"@id":"https:\/\/floore.se\/en\/butik\/heating-control\/smart-home\/start-kits\/basic-starter-pack\/#breadcrumb"},"inLanguage":"en-US","potentialAction":[{"@type":"ReadAction","target":["https:\/\/floore.se\/en\/butik\/heating-control\/smart-home\/start-kits\/basic-starter-pack\/"]}]},{"@type":"ImageObject","inLanguage":"en-US","@id":"https:\/\/floore.se\/en\/butik\/heating-control\/smart-home\/start-kits\/basic-starter-pack\/#primaryimage","url":"https:\/\/floore.se\/wp-content\/uploads\/SH-START.jpg","contentUrl":"https:\/\/floore.se\/wp-content\/uploads\/SH-START.jpg","width":1200,"height":1200},{"@type":"BreadcrumbList","@id":"https:\/\/floore.se\/en\/butik\/heating-control\/smart-home\/start-kits\/basic-starter-pack\/#breadcrumb","itemListElement":[{"@type":"ListItem","position":1,"name":"Hem","item":"https:\/\/floore.se\/en\/golvvarme-unik-vattenburen-golvvarme-floore-varmegolv\/"},{"@type":"ListItem","position":2,"name":"Shop","item":"https:\/\/floore.se\/en\/shop\/"},{"@type":"ListItem","position":3,"name":"BASIC starter pack"}]},{"@type":"WebSite","@id":"https:\/\/floore.se\/#website","url":"https:\/\/floore.se\/","name":"Floor\u00e9 V\u00e4rmegolv","description":"Vattenburen golvv\u00e4rme \u2013 ett av marknadens tunnaste","potentialAction":[{"@type":"SearchAction","target":{"@type":"EntryPoint","urlTemplate":"https:\/\/floore.se\/?s={search_term_string}"},"query-input":{"@type":"PropertyValueSpecification","valueRequired":true,"valueName":"search_term_string"}}],"inLanguage":"en-US"}]}},"_links":{"self":[{"href":"https:\/\/floore.se\/en\/wp-json\/wp\/v2\/product\/9164","targetHints":{"allow":["GET"]}}],"collection":[{"href":"https:\/\/floore.se\/en\/wp-json\/wp\/v2\/product"}],"about":[{"href":"https:\/\/floore.se\/en\/wp-json\/wp\/v2\/types\/product"}],"replies":[{"embeddable":true,"href":"https:\/\/floore.se\/en\/wp-json\/wp\/v2\/comments?post=9164"}],"wp:featuredmedia":[{"embeddable":true,"href":"https:\/\/floore.se\/en\/wp-json\/wp\/v2\/media\/17254"}],"wp:attachment":[{"href":"https:\/\/floore.se\/en\/wp-json\/wp\/v2\/media?parent=9164"}],"wp:term":[{"taxonomy":"product_brand","embeddable":true,"href":"https:\/\/floore.se\/en\/wp-json\/wp\/v2\/product_brand?post=9164"},{"taxonomy":"product_cat","embeddable":true,"href":"https:\/\/floore.se\/en\/wp-json\/wp\/v2\/product_cat?post=9164"},{"taxonomy":"product_tag","embeddable":true,"href":"https:\/\/floore.se\/en\/wp-json\/wp\/v2\/product_tag?post=9164"}],"curies":[{"name":"wp","href":"https:\/\/api.w.org\/{rel}","templated":true}]}}