{"id":12561,"date":"2020-09-09T20:42:10","date_gmt":"2020-09-09T18:42:10","guid":{"rendered":"https:\/\/floore.se\/woofloore\/produkt\/external-antenna\/"},"modified":"2020-09-09T20:42:10","modified_gmt":"2020-09-09T18:42:10","slug":"external-antenna","status":"publish","type":"product","link":"https:\/\/floore.se\/en\/butik\/heating-control\/smart-home\/smart-home-accessories\/external-antenna\/","title":{"rendered":"External Antenna"},"content":{"rendered":"<ul>\n<li class=\"p3\">Minimize cost of additional repeaters and shorten installation time<\/li>\n<li class=\"p3\">Quick and easy to install<\/li>\n<li class=\"p4\">5-year warranty<\/li>\n<\/ul>\n<table class=\"t1\" cellspacing=\"0\" cellpadding=\"0\">\n<tbody>\n<colgroup>\n<col span=\"2\" style=\"width:50%;\">\n  <\/colgroup>\n<tr>\n<th class=\"td1\" valign=\"top\"><b>Features<\/b><\/th>\n<th class=\"td1\" valign=\"top\"><b>Benefits<\/b><\/th>\n<\/tr>\n<tr>\n<td class=\"td1\" valign=\"top\">Increases range in locations with broken or weak signal<\/td>\n<td class=\"td1\" valign=\"top\">Improved performance and range in locations with multiple obstructions or extended distances between devices<\/td>\n<\/tr>\n<tr>\n<td class=\"td1\" valign=\"top\">Increased capacity for more devices<\/td>\n<td class=\"td1\" valign=\"top\">Use more devices on the Smart Home system without the need for more gateways<\/td>\n<\/tr>\n<tr>\n<td class=\"td1\" valign=\"top\">Quick fixing<\/td>\n<td class=\"td1\" valign=\"top\">Magnetic mount<\/td>\n<\/tr>\n<tr>\n<td class=\"td1\" valign=\"top\">Simple to install<\/td>\n<td class=\"td1\" valign=\"top\">Quick and easy to install, setup and maintain<\/td>\n<\/tr>\n<\/tbody>\n<\/table>\n<p><strong>Specification<\/strong><\/p>\n<table class=\"t1\" cellspacing=\"0\" cellpadding=\"0\">\n<tbody>\n<colgroup>\n<col span=\"2\" style=\"width:50%;\">\n  <\/colgroup>\n<tr>\n<th class=\"td1\" valign=\"top\">Connections<\/th>\n<th class=\"td1\" valign=\"top\">RF: Reverse Polarity SMA-K plug<\/th>\n<\/tr>\n<tr>\n<td class=\"td1\" valign=\"top\">Mechanical<\/td>\n<td class=\"td1\" valign=\"top\">Magnetic Mount<\/td>\n<\/tr>\n<tr>\n<td class=\"td1\" valign=\"top\">Cable length<\/td>\n<td class=\"td1\" valign=\"top\">1 Meter<\/td>\n<\/tr>\n<tr>\n<td class=\"td1\" valign=\"top\">Weight<\/td>\n<td class=\"td1\" valign=\"top\">37g<\/td>\n<\/tr>\n<tr>\n<td class=\"td1\" valign=\"top\">Size<\/td>\n<td class=\"td1\" valign=\"top\">131mm x 29mm<\/td>\n<\/tr>\n<tr>\n<td class=\"td1\" valign=\"top\">Operating<\/td>\n<td class=\"td1\" valign=\"top\">-20 to 60 \u00b0C<\/td>\n<\/tr>\n<tr>\n<td class=\"td1\" valign=\"top\">Storage<\/td>\n<td class=\"td1\" valign=\"top\">-20 to 60 \u00b0C<\/td>\n<\/tr>\n<tr>\n<td class=\"td1\" valign=\"top\">Warranty<\/td>\n<td class=\"td1\" valign=\"top\">5 Years<\/td>\n<\/tr>\n<\/tbody>\n<\/table>\n<div class=\"cs-content x-global-block x-global-block-12492 e12492-e0\"><div class=\"x-section e12492-e1 m9n0-0\"><div class=\"x-row e12492-e2 m9n0-1 m9n0-2\"><div class=\"x-row-inner\"><div class=\"x-col e12492-e3 m9n0-3 m9n0-4\"><div class=\"x-bg\" aria-hidden=\"true\"><div class=\"x-bg-layer-lower-image\"><\/div><\/div><span class=\"x-image e12492-e4 m9n0-6\"><img decoding=\"async\" src=\"https:\/\/floore.se\/wp-content\/uploads\/5yearwarranty.png\" width=\"136\" height=\"136\" alt=\"Image\" loading=\"lazy\"><\/span><\/div><div class=\"x-col e12492-e5 m9n0-3 m9n0-5\"><div class=\"x-text x-content e12492-e6 m9n0-7\"><p><strong>Part of our <a href=\"https:\/\/floore.se\/en\/floore-smart-home-systems\/\">Smart Home<\/a> family<br \/>\n<\/strong>This product is part of our Smart Home family. Smart Home gives you the ability to enjoy automation throughout your entire home, from wireless boiler & underfloor heating to wireless lighting and added security features for peace of mind.<\/p>\n<p><\/p>\n<p>Learn more in our <a href=\"https:\/\/floore.se\/en\/room-heating-control-guide\/\">guide for room control<\/a>.<\/p><\/div><\/div><\/div><\/div><\/div><\/div>\n","protected":false},"excerpt":{"rendered":"<p>This External Antenna improves the performance of compatible devices to either overcome radio shadows or extend the range.<\/p>\n","protected":false},"featured_media":12559,"comment_status":"closed","ping_status":"closed","template":"","meta":{"_acf_changed":false},"product_brand":[],"product_cat":[395,1269],"product_tag":[],"class_list":{"0":"post-12561","1":"product","2":"type-product","3":"status-publish","4":"has-post-thumbnail","6":"product_cat-smart-home","7":"product_cat-smart-home-accessories","10":"first","11":"instock","12":"taxable","13":"shipping-taxable","14":"purchasable","15":"product-type-simple"},"acf":[],"yoast_head":"<!-- This site is optimized with the Yoast SEO Premium plugin v26.3 (Yoast SEO v27.4) - https:\/\/yoast.com\/product\/yoast-seo-premium-wordpress\/ -->\n<title>External Antenna &#8211; Floor\u00e9 V\u00e4rmegolv<\/title>\n<meta name=\"description\" content=\"Improves the performance of compatible devices to either overcome radio shadows or extend the range.\" \/>\n<meta name=\"robots\" content=\"index, follow, max-snippet:-1, max-image-preview:large, max-video-preview:-1\" \/>\n<link rel=\"canonical\" href=\"https:\/\/floore.se\/en\/butik\/heating-control\/smart-home\/smart-home-accessories\/external-antenna\/\" \/>\n<meta property=\"og:locale\" content=\"en_US\" \/>\n<meta property=\"og:type\" content=\"article\" \/>\n<meta property=\"og:title\" content=\"External Antenna\" \/>\n<meta property=\"og:description\" content=\"Improves the performance of compatible devices to either overcome radio shadows or extend the range.\" \/>\n<meta property=\"og:url\" content=\"https:\/\/floore.se\/en\/butik\/heating-control\/smart-home\/smart-home-accessories\/external-antenna\/\" \/>\n<meta property=\"og:site_name\" content=\"Floor\u00e9 V\u00e4rmegolv\" \/>\n<meta property=\"og:image\" content=\"https:\/\/floore.se\/wp-content\/uploads\/08RFA.jpg\" \/>\n\t<meta property=\"og:image:width\" content=\"2000\" \/>\n\t<meta property=\"og:image:height\" content=\"2000\" \/>\n\t<meta property=\"og:image:type\" content=\"image\/jpeg\" \/>\n<meta name=\"twitter:label1\" content=\"Est. reading time\" \/>\n\t<meta name=\"twitter:data1\" content=\"1 minute\" \/>\n<script type=\"application\/ld+json\" class=\"yoast-schema-graph\">{\"@context\":\"https:\\\/\\\/schema.org\",\"@graph\":[{\"@type\":\"WebPage\",\"@id\":\"https:\\\/\\\/floore.se\\\/en\\\/butik\\\/heating-control\\\/smart-home\\\/smart-home-accessories\\\/external-antenna\\\/\",\"url\":\"https:\\\/\\\/floore.se\\\/en\\\/butik\\\/heating-control\\\/smart-home\\\/smart-home-accessories\\\/external-antenna\\\/\",\"name\":\"External Antenna &#8211; Floor\u00e9 V\u00e4rmegolv\",\"isPartOf\":{\"@id\":\"https:\\\/\\\/floore.se\\\/#website\"},\"primaryImageOfPage\":{\"@id\":\"https:\\\/\\\/floore.se\\\/en\\\/butik\\\/heating-control\\\/smart-home\\\/smart-home-accessories\\\/external-antenna\\\/#primaryimage\"},\"image\":{\"@id\":\"https:\\\/\\\/floore.se\\\/en\\\/butik\\\/heating-control\\\/smart-home\\\/smart-home-accessories\\\/external-antenna\\\/#primaryimage\"},\"thumbnailUrl\":\"https:\\\/\\\/floore.se\\\/wp-content\\\/uploads\\\/08RFA.jpg\",\"datePublished\":\"2020-09-09T18:42:10+00:00\",\"description\":\"Improves the performance of compatible devices to either overcome radio shadows or extend the range.\",\"breadcrumb\":{\"@id\":\"https:\\\/\\\/floore.se\\\/en\\\/butik\\\/heating-control\\\/smart-home\\\/smart-home-accessories\\\/external-antenna\\\/#breadcrumb\"},\"inLanguage\":\"en-US\",\"potentialAction\":[{\"@type\":\"ReadAction\",\"target\":[\"https:\\\/\\\/floore.se\\\/en\\\/butik\\\/heating-control\\\/smart-home\\\/smart-home-accessories\\\/external-antenna\\\/\"]}]},{\"@type\":\"ImageObject\",\"inLanguage\":\"en-US\",\"@id\":\"https:\\\/\\\/floore.se\\\/en\\\/butik\\\/heating-control\\\/smart-home\\\/smart-home-accessories\\\/external-antenna\\\/#primaryimage\",\"url\":\"https:\\\/\\\/floore.se\\\/wp-content\\\/uploads\\\/08RFA.jpg\",\"contentUrl\":\"https:\\\/\\\/floore.se\\\/wp-content\\\/uploads\\\/08RFA.jpg\",\"width\":2000,\"height\":2000,\"caption\":\"External Antenna\"},{\"@type\":\"BreadcrumbList\",\"@id\":\"https:\\\/\\\/floore.se\\\/en\\\/butik\\\/heating-control\\\/smart-home\\\/smart-home-accessories\\\/external-antenna\\\/#breadcrumb\",\"itemListElement\":[{\"@type\":\"ListItem\",\"position\":1,\"name\":\"Hem\",\"item\":\"https:\\\/\\\/floore.se\\\/en\\\/golvvarme-unik-vattenburen-golvvarme-floore-varmegolv\\\/\"},{\"@type\":\"ListItem\",\"position\":2,\"name\":\"Shop\",\"item\":\"https:\\\/\\\/floore.se\\\/en\\\/shop\\\/\"},{\"@type\":\"ListItem\",\"position\":3,\"name\":\"External Antenna\"}]},{\"@type\":\"WebSite\",\"@id\":\"https:\\\/\\\/floore.se\\\/#website\",\"url\":\"https:\\\/\\\/floore.se\\\/\",\"name\":\"Floor\u00e9 V\u00e4rmegolv\",\"description\":\"Vattenburen golvv\u00e4rme \u2013 ett av marknadens tunnaste\",\"potentialAction\":[{\"@type\":\"SearchAction\",\"target\":{\"@type\":\"EntryPoint\",\"urlTemplate\":\"https:\\\/\\\/floore.se\\\/?s={search_term_string}\"},\"query-input\":{\"@type\":\"PropertyValueSpecification\",\"valueRequired\":true,\"valueName\":\"search_term_string\"}}],\"inLanguage\":\"en-US\"}]}<\/script>\n<!-- \/ Yoast SEO Premium plugin. -->","yoast_head_json":{"title":"External Antenna &#8211; Floor\u00e9 V\u00e4rmegolv","description":"Improves the performance of compatible devices to either overcome radio shadows or extend the range.","robots":{"index":"index","follow":"follow","max-snippet":"max-snippet:-1","max-image-preview":"max-image-preview:large","max-video-preview":"max-video-preview:-1"},"canonical":"https:\/\/floore.se\/en\/butik\/heating-control\/smart-home\/smart-home-accessories\/external-antenna\/","og_locale":"en_US","og_type":"article","og_title":"External Antenna","og_description":"Improves the performance of compatible devices to either overcome radio shadows or extend the range.","og_url":"https:\/\/floore.se\/en\/butik\/heating-control\/smart-home\/smart-home-accessories\/external-antenna\/","og_site_name":"Floor\u00e9 V\u00e4rmegolv","og_image":[{"width":2000,"height":2000,"url":"https:\/\/floore.se\/wp-content\/uploads\/08RFA.jpg","type":"image\/jpeg"}],"twitter_misc":{"Est. reading time":"1 minute"},"schema":{"@context":"https:\/\/schema.org","@graph":[{"@type":"WebPage","@id":"https:\/\/floore.se\/en\/butik\/heating-control\/smart-home\/smart-home-accessories\/external-antenna\/","url":"https:\/\/floore.se\/en\/butik\/heating-control\/smart-home\/smart-home-accessories\/external-antenna\/","name":"External Antenna &#8211; Floor\u00e9 V\u00e4rmegolv","isPartOf":{"@id":"https:\/\/floore.se\/#website"},"primaryImageOfPage":{"@id":"https:\/\/floore.se\/en\/butik\/heating-control\/smart-home\/smart-home-accessories\/external-antenna\/#primaryimage"},"image":{"@id":"https:\/\/floore.se\/en\/butik\/heating-control\/smart-home\/smart-home-accessories\/external-antenna\/#primaryimage"},"thumbnailUrl":"https:\/\/floore.se\/wp-content\/uploads\/08RFA.jpg","datePublished":"2020-09-09T18:42:10+00:00","description":"Improves the performance of compatible devices to either overcome radio shadows or extend the range.","breadcrumb":{"@id":"https:\/\/floore.se\/en\/butik\/heating-control\/smart-home\/smart-home-accessories\/external-antenna\/#breadcrumb"},"inLanguage":"en-US","potentialAction":[{"@type":"ReadAction","target":["https:\/\/floore.se\/en\/butik\/heating-control\/smart-home\/smart-home-accessories\/external-antenna\/"]}]},{"@type":"ImageObject","inLanguage":"en-US","@id":"https:\/\/floore.se\/en\/butik\/heating-control\/smart-home\/smart-home-accessories\/external-antenna\/#primaryimage","url":"https:\/\/floore.se\/wp-content\/uploads\/08RFA.jpg","contentUrl":"https:\/\/floore.se\/wp-content\/uploads\/08RFA.jpg","width":2000,"height":2000,"caption":"External Antenna"},{"@type":"BreadcrumbList","@id":"https:\/\/floore.se\/en\/butik\/heating-control\/smart-home\/smart-home-accessories\/external-antenna\/#breadcrumb","itemListElement":[{"@type":"ListItem","position":1,"name":"Hem","item":"https:\/\/floore.se\/en\/golvvarme-unik-vattenburen-golvvarme-floore-varmegolv\/"},{"@type":"ListItem","position":2,"name":"Shop","item":"https:\/\/floore.se\/en\/shop\/"},{"@type":"ListItem","position":3,"name":"External Antenna"}]},{"@type":"WebSite","@id":"https:\/\/floore.se\/#website","url":"https:\/\/floore.se\/","name":"Floor\u00e9 V\u00e4rmegolv","description":"Vattenburen golvv\u00e4rme \u2013 ett av marknadens tunnaste","potentialAction":[{"@type":"SearchAction","target":{"@type":"EntryPoint","urlTemplate":"https:\/\/floore.se\/?s={search_term_string}"},"query-input":{"@type":"PropertyValueSpecification","valueRequired":true,"valueName":"search_term_string"}}],"inLanguage":"en-US"}]}},"_links":{"self":[{"href":"https:\/\/floore.se\/en\/wp-json\/wp\/v2\/product\/12561","targetHints":{"allow":["GET"]}}],"collection":[{"href":"https:\/\/floore.se\/en\/wp-json\/wp\/v2\/product"}],"about":[{"href":"https:\/\/floore.se\/en\/wp-json\/wp\/v2\/types\/product"}],"replies":[{"embeddable":true,"href":"https:\/\/floore.se\/en\/wp-json\/wp\/v2\/comments?post=12561"}],"wp:featuredmedia":[{"embeddable":true,"href":"https:\/\/floore.se\/en\/wp-json\/wp\/v2\/media\/12559"}],"wp:attachment":[{"href":"https:\/\/floore.se\/en\/wp-json\/wp\/v2\/media?parent=12561"}],"wp:term":[{"taxonomy":"product_brand","embeddable":true,"href":"https:\/\/floore.se\/en\/wp-json\/wp\/v2\/product_brand?post=12561"},{"taxonomy":"product_cat","embeddable":true,"href":"https:\/\/floore.se\/en\/wp-json\/wp\/v2\/product_cat?post=12561"},{"taxonomy":"product_tag","embeddable":true,"href":"https:\/\/floore.se\/en\/wp-json\/wp\/v2\/product_tag?post=12561"}],"curies":[{"name":"wp","href":"https:\/\/api.w.org\/{rel}","templated":true}]}}