{"id":12554,"date":"2020-09-09T20:15:55","date_gmt":"2020-09-09T18:15:55","guid":{"rendered":"https:\/\/floore.se\/woofloore\/produkt\/auto-balancing-actuator\/"},"modified":"2020-09-09T20:15:55","modified_gmt":"2020-09-09T18:15:55","slug":"auto-balancing-actuator","status":"publish","type":"product","link":"https:\/\/floore.se\/en\/butik\/heating-control\/smart-home\/smart-home-accessories\/auto-balancing-actuator\/","title":{"rendered":"Auto Balancing Actuator"},"content":{"rendered":"<ul>\n<li class=\"p2\">Auto balancing<\/li>\n<li class=\"p2\">Energy efficient<\/li>\n<li class=\"p2\">Easy &amp; quick to install<\/li>\n<li class=\"p2\">Includes 2-piece pipe sensors<\/li>\n<li class=\"p2\">Precision motorised actuator<\/li>\n<li class=\"p2\">Ultra-low power 0.5W<\/li>\n<li class=\"p2\">Fit &amp; forget UFH balance control<\/li>\n<li class=\"p2\">Fast valve opening &amp; closing<\/li>\n<li class=\"p2\">Universal M30 x 1.5mm screw thread<\/li>\n<li class=\"p2\">5 year warranty<\/li>\n<\/ul>\n<table class=\"t1\" cellspacing=\"0\" cellpadding=\"0\">\n<tbody>\n<colgroup>\n<col span=\"2\" style=\"width:50%;\">\n  <\/colgroup>\n<tr>\n<td class=\"td1\" valign=\"top\">\n<p class=\"p2\">Operation:<\/p>\n<\/td>\n<td class=\"td1\" valign=\"top\">\n<p class=\"p2\">NC = Normally Closed<\/p>\n<\/td>\n<\/tr>\n<tr>\n<td class=\"td1\" valign=\"top\">\n<p class=\"p3\">Power Supply:<\/p>\n<\/td>\n<td class=\"td1\" valign=\"top\">\n<p class=\"p2\">230V AC<\/p>\n<\/td>\n<\/tr>\n<tr>\n<td class=\"td1\" valign=\"top\">\n<p class=\"p2\">Size (mm):<\/p>\n<\/td>\n<td class=\"td1\" valign=\"top\">\n<p class=\"p2\">38 x 93 x 53<\/p>\n<\/td>\n<\/tr>\n<\/tbody>\n<\/table>\n<div class=\"cs-content x-global-block x-global-block-12492 e12492-e0\"><div class=\"x-section e12492-e1 m9n0-0\"><div class=\"x-row e12492-e2 m9n0-1 m9n0-2\"><div class=\"x-row-inner\"><div class=\"x-col e12492-e3 m9n0-3 m9n0-4\"><div class=\"x-bg\" aria-hidden=\"true\"><div class=\"x-bg-layer-lower-image\"><\/div><\/div><span class=\"x-image e12492-e4 m9n0-6\"><img decoding=\"async\" src=\"https:\/\/floore.se\/wp-content\/uploads\/5yearwarranty.png\" width=\"136\" height=\"136\" alt=\"Image\" loading=\"lazy\"><\/span><\/div><div class=\"x-col e12492-e5 m9n0-3 m9n0-5\"><div class=\"x-text x-content e12492-e6 m9n0-7\"><p><strong>Part of our <a href=\"https:\/\/floore.se\/en\/floore-smart-home-systems\/\">Smart Home<\/a> family<br \/>\n<\/strong>This product is part of our Smart Home family. Smart Home gives you the ability to enjoy automation throughout your entire home, from wireless boiler & underfloor heating to wireless lighting and added security features for peace of mind.<\/p>\n<p><\/p>\n<p>Learn more in our <a href=\"https:\/\/floore.se\/en\/room-heating-control-guide\/\">guide for room control<\/a>.<\/p><\/div><\/div><\/div><\/div><\/div><\/div>\n","protected":false},"excerpt":{"rendered":"<p>Motorised actuator with unique built-in automatic balancing control for under floor heating Systems to ensure each circuit is always correctly balanced.<\/p>\n","protected":false},"featured_media":12550,"comment_status":"closed","ping_status":"closed","template":"","meta":{"_acf_changed":false},"product_brand":[],"product_cat":[395,1269],"product_tag":[327],"class_list":{"0":"post-12554","1":"product","2":"type-product","3":"status-publish","4":"has-post-thumbnail","6":"product_cat-smart-home","7":"product_cat-smart-home-accessories","8":"product_tag-smart-home-en","11":"first","12":"instock","13":"taxable","14":"shipping-taxable","15":"purchasable","16":"product-type-variable"},"acf":[],"yoast_head":"<!-- This site is optimized with the Yoast SEO Premium plugin v26.3 (Yoast SEO v27.5) - https:\/\/yoast.com\/product\/yoast-seo-premium-wordpress\/ -->\n<title>Auto Balancing Actuator &#8211; Floor\u00e9 V\u00e4rmegolv - automatic balancing<\/title>\n<meta name=\"description\" content=\"unique built-in automatic balancing control for under floor heating Systems.\" \/>\n<meta name=\"robots\" content=\"index, follow, max-snippet:-1, max-image-preview:large, max-video-preview:-1\" \/>\n<link rel=\"canonical\" href=\"https:\/\/floore.se\/en\/butik\/heating-control\/smart-home\/smart-home-accessories\/auto-balancing-actuator\/\" \/>\n<meta property=\"og:locale\" content=\"en_US\" \/>\n<meta property=\"og:type\" content=\"article\" \/>\n<meta property=\"og:title\" content=\"Auto Balancing Actuator\" \/>\n<meta property=\"og:description\" content=\"unique built-in automatic balancing control for under floor heating Systems.\" \/>\n<meta property=\"og:url\" content=\"https:\/\/floore.se\/en\/butik\/heating-control\/smart-home\/smart-home-accessories\/auto-balancing-actuator\/\" \/>\n<meta property=\"og:site_name\" content=\"Floor\u00e9 V\u00e4rmegolv\" \/>\n<meta property=\"og:image\" content=\"https:\/\/floore.se\/wp-content\/uploads\/THB230-1.jpg\" \/>\n\t<meta property=\"og:image:width\" content=\"2000\" \/>\n\t<meta property=\"og:image:height\" content=\"2000\" \/>\n\t<meta property=\"og:image:type\" content=\"image\/jpeg\" \/>\n<script type=\"application\/ld+json\" class=\"yoast-schema-graph\">{\"@context\":\"https:\\\/\\\/schema.org\",\"@graph\":[{\"@type\":\"WebPage\",\"@id\":\"https:\\\/\\\/floore.se\\\/en\\\/butik\\\/heating-control\\\/smart-home\\\/smart-home-accessories\\\/auto-balancing-actuator\\\/\",\"url\":\"https:\\\/\\\/floore.se\\\/en\\\/butik\\\/heating-control\\\/smart-home\\\/smart-home-accessories\\\/auto-balancing-actuator\\\/\",\"name\":\"Auto Balancing Actuator &#8211; Floor\u00e9 V\u00e4rmegolv - automatic balancing\",\"isPartOf\":{\"@id\":\"https:\\\/\\\/floore.se\\\/#website\"},\"primaryImageOfPage\":{\"@id\":\"https:\\\/\\\/floore.se\\\/en\\\/butik\\\/heating-control\\\/smart-home\\\/smart-home-accessories\\\/auto-balancing-actuator\\\/#primaryimage\"},\"image\":{\"@id\":\"https:\\\/\\\/floore.se\\\/en\\\/butik\\\/heating-control\\\/smart-home\\\/smart-home-accessories\\\/auto-balancing-actuator\\\/#primaryimage\"},\"thumbnailUrl\":\"https:\\\/\\\/floore.se\\\/wp-content\\\/uploads\\\/THB230-1.jpg\",\"datePublished\":\"2020-09-09T18:15:55+00:00\",\"description\":\"unique built-in automatic balancing control for under floor heating Systems.\",\"breadcrumb\":{\"@id\":\"https:\\\/\\\/floore.se\\\/en\\\/butik\\\/heating-control\\\/smart-home\\\/smart-home-accessories\\\/auto-balancing-actuator\\\/#breadcrumb\"},\"inLanguage\":\"en-US\",\"potentialAction\":[{\"@type\":\"ReadAction\",\"target\":[\"https:\\\/\\\/floore.se\\\/en\\\/butik\\\/heating-control\\\/smart-home\\\/smart-home-accessories\\\/auto-balancing-actuator\\\/\"]}]},{\"@type\":\"ImageObject\",\"inLanguage\":\"en-US\",\"@id\":\"https:\\\/\\\/floore.se\\\/en\\\/butik\\\/heating-control\\\/smart-home\\\/smart-home-accessories\\\/auto-balancing-actuator\\\/#primaryimage\",\"url\":\"https:\\\/\\\/floore.se\\\/wp-content\\\/uploads\\\/THB230-1.jpg\",\"contentUrl\":\"https:\\\/\\\/floore.se\\\/wp-content\\\/uploads\\\/THB230-1.jpg\",\"width\":2000,\"height\":2000,\"caption\":\"Auto Balancing Actuator\"},{\"@type\":\"BreadcrumbList\",\"@id\":\"https:\\\/\\\/floore.se\\\/en\\\/butik\\\/heating-control\\\/smart-home\\\/smart-home-accessories\\\/auto-balancing-actuator\\\/#breadcrumb\",\"itemListElement\":[{\"@type\":\"ListItem\",\"position\":1,\"name\":\"Hem\",\"item\":\"https:\\\/\\\/floore.se\\\/en\\\/golvvarme-unik-vattenburen-golvvarme-floore-varmegolv\\\/\"},{\"@type\":\"ListItem\",\"position\":2,\"name\":\"Shop\",\"item\":\"https:\\\/\\\/floore.se\\\/en\\\/shop\\\/\"},{\"@type\":\"ListItem\",\"position\":3,\"name\":\"Auto Balancing Actuator\"}]},{\"@type\":\"WebSite\",\"@id\":\"https:\\\/\\\/floore.se\\\/#website\",\"url\":\"https:\\\/\\\/floore.se\\\/\",\"name\":\"Floor\u00e9 V\u00e4rmegolv\",\"description\":\"Vattenburen golvv\u00e4rme \u2013 ett av marknadens tunnaste\",\"potentialAction\":[{\"@type\":\"SearchAction\",\"target\":{\"@type\":\"EntryPoint\",\"urlTemplate\":\"https:\\\/\\\/floore.se\\\/?s={search_term_string}\"},\"query-input\":{\"@type\":\"PropertyValueSpecification\",\"valueRequired\":true,\"valueName\":\"search_term_string\"}}],\"inLanguage\":\"en-US\"}]}<\/script>\n<!-- \/ Yoast SEO Premium plugin. -->","yoast_head_json":{"title":"Auto Balancing Actuator &#8211; Floor\u00e9 V\u00e4rmegolv - automatic balancing","description":"unique built-in automatic balancing control for under floor heating Systems.","robots":{"index":"index","follow":"follow","max-snippet":"max-snippet:-1","max-image-preview":"max-image-preview:large","max-video-preview":"max-video-preview:-1"},"canonical":"https:\/\/floore.se\/en\/butik\/heating-control\/smart-home\/smart-home-accessories\/auto-balancing-actuator\/","og_locale":"en_US","og_type":"article","og_title":"Auto Balancing Actuator","og_description":"unique built-in automatic balancing control for under floor heating Systems.","og_url":"https:\/\/floore.se\/en\/butik\/heating-control\/smart-home\/smart-home-accessories\/auto-balancing-actuator\/","og_site_name":"Floor\u00e9 V\u00e4rmegolv","og_image":[{"width":2000,"height":2000,"url":"https:\/\/floore.se\/wp-content\/uploads\/THB230-1.jpg","type":"image\/jpeg"}],"schema":{"@context":"https:\/\/schema.org","@graph":[{"@type":"WebPage","@id":"https:\/\/floore.se\/en\/butik\/heating-control\/smart-home\/smart-home-accessories\/auto-balancing-actuator\/","url":"https:\/\/floore.se\/en\/butik\/heating-control\/smart-home\/smart-home-accessories\/auto-balancing-actuator\/","name":"Auto Balancing Actuator &#8211; Floor\u00e9 V\u00e4rmegolv - automatic balancing","isPartOf":{"@id":"https:\/\/floore.se\/#website"},"primaryImageOfPage":{"@id":"https:\/\/floore.se\/en\/butik\/heating-control\/smart-home\/smart-home-accessories\/auto-balancing-actuator\/#primaryimage"},"image":{"@id":"https:\/\/floore.se\/en\/butik\/heating-control\/smart-home\/smart-home-accessories\/auto-balancing-actuator\/#primaryimage"},"thumbnailUrl":"https:\/\/floore.se\/wp-content\/uploads\/THB230-1.jpg","datePublished":"2020-09-09T18:15:55+00:00","description":"unique built-in automatic balancing control for under floor heating Systems.","breadcrumb":{"@id":"https:\/\/floore.se\/en\/butik\/heating-control\/smart-home\/smart-home-accessories\/auto-balancing-actuator\/#breadcrumb"},"inLanguage":"en-US","potentialAction":[{"@type":"ReadAction","target":["https:\/\/floore.se\/en\/butik\/heating-control\/smart-home\/smart-home-accessories\/auto-balancing-actuator\/"]}]},{"@type":"ImageObject","inLanguage":"en-US","@id":"https:\/\/floore.se\/en\/butik\/heating-control\/smart-home\/smart-home-accessories\/auto-balancing-actuator\/#primaryimage","url":"https:\/\/floore.se\/wp-content\/uploads\/THB230-1.jpg","contentUrl":"https:\/\/floore.se\/wp-content\/uploads\/THB230-1.jpg","width":2000,"height":2000,"caption":"Auto Balancing Actuator"},{"@type":"BreadcrumbList","@id":"https:\/\/floore.se\/en\/butik\/heating-control\/smart-home\/smart-home-accessories\/auto-balancing-actuator\/#breadcrumb","itemListElement":[{"@type":"ListItem","position":1,"name":"Hem","item":"https:\/\/floore.se\/en\/golvvarme-unik-vattenburen-golvvarme-floore-varmegolv\/"},{"@type":"ListItem","position":2,"name":"Shop","item":"https:\/\/floore.se\/en\/shop\/"},{"@type":"ListItem","position":3,"name":"Auto Balancing Actuator"}]},{"@type":"WebSite","@id":"https:\/\/floore.se\/#website","url":"https:\/\/floore.se\/","name":"Floor\u00e9 V\u00e4rmegolv","description":"Vattenburen golvv\u00e4rme \u2013 ett av marknadens tunnaste","potentialAction":[{"@type":"SearchAction","target":{"@type":"EntryPoint","urlTemplate":"https:\/\/floore.se\/?s={search_term_string}"},"query-input":{"@type":"PropertyValueSpecification","valueRequired":true,"valueName":"search_term_string"}}],"inLanguage":"en-US"}]}},"_links":{"self":[{"href":"https:\/\/floore.se\/en\/wp-json\/wp\/v2\/product\/12554","targetHints":{"allow":["GET"]}}],"collection":[{"href":"https:\/\/floore.se\/en\/wp-json\/wp\/v2\/product"}],"about":[{"href":"https:\/\/floore.se\/en\/wp-json\/wp\/v2\/types\/product"}],"replies":[{"embeddable":true,"href":"https:\/\/floore.se\/en\/wp-json\/wp\/v2\/comments?post=12554"}],"wp:featuredmedia":[{"embeddable":true,"href":"https:\/\/floore.se\/en\/wp-json\/wp\/v2\/media\/12550"}],"wp:attachment":[{"href":"https:\/\/floore.se\/en\/wp-json\/wp\/v2\/media?parent=12554"}],"wp:term":[{"taxonomy":"product_brand","embeddable":true,"href":"https:\/\/floore.se\/en\/wp-json\/wp\/v2\/product_brand?post=12554"},{"taxonomy":"product_cat","embeddable":true,"href":"https:\/\/floore.se\/en\/wp-json\/wp\/v2\/product_cat?post=12554"},{"taxonomy":"product_tag","embeddable":true,"href":"https:\/\/floore.se\/en\/wp-json\/wp\/v2\/product_tag?post=12554"}],"curies":[{"name":"wp","href":"https:\/\/api.w.org\/{rel}","templated":true}]}}