{"id":12501,"date":"2020-08-28T11:39:59","date_gmt":"2020-08-28T09:39:59","guid":{"rendered":"https:\/\/floore.se\/woofloore\/produkt\/12501\/"},"modified":"2020-09-09T14:43:08","modified_gmt":"2020-09-09T12:43:08","slug":"smart-relay","status":"publish","type":"product","link":"https:\/\/floore.se\/en\/butik\/heating-control\/smart-home\/add-functions\/smart-relay\/","title":{"rendered":"Smart Relay"},"content":{"rendered":"<table>\n<colgroup>\n<col style=\"width: 50%;\" span=\"2\" \/> <\/colgroup>\n<tbody>\n<tr>\n<td width=\"65\">Switching volt:<\/td>\n<td width=\"65\">230V AC 50Hz<\/td>\n<\/tr>\n<tr>\n<td width=\"65\">Max Current:<\/td>\n<td width=\"65\">16A<\/td>\n<\/tr>\n<tr>\n<td width=\"65\">Wireless Standard:<\/td>\n<td width=\"65\">2.4Ghz Zigbee<\/td>\n<\/tr>\n<tr>\n<td width=\"65\">Size (mm):<\/td>\n<td width=\"65\">W-45 H-45 D-20<\/td>\n<\/tr>\n<\/tbody>\n<\/table>\n<p>WIRING<\/p>\n<table class=\"t1\" cellspacing=\"0\" cellpadding=\"0\">\n<colgroup>\n<col style=\"width: 50%;\" span=\"2\" \/> <\/colgroup>\n<tbody>\n<tr>\n<td class=\"td1\" valign=\"top\">COM<\/td>\n<td class=\"td1\" valign=\"top\">Common terminal<\/td>\n<\/tr>\n<tr>\n<td class=\"td1\" valign=\"top\">NO<\/td>\n<td class=\"td1\" valign=\"top\">Switch terminal<\/td>\n<\/tr>\n<tr>\n<td class=\"td1\" valign=\"top\">L<\/td>\n<td class=\"td1\" valign=\"top\">Power supply 230V AC<\/td>\n<\/tr>\n<tr>\n<td class=\"td1\" valign=\"top\">N<\/td>\n<td class=\"td1\" valign=\"top\">Power supply 230V AC<\/td>\n<\/tr>\n<tr>\n<td class=\"td1\" valign=\"top\">S1\/ S2<\/td>\n<td class=\"td1\" valign=\"top\">Switch input terminals<\/td>\n<\/tr>\n<\/tbody>\n<\/table>\n<div class=\"cs-content x-global-block x-global-block-12492 e12492-e0\"><div class=\"x-section e12492-e1 m9n0-0\"><div class=\"x-row e12492-e2 m9n0-1 m9n0-2\"><div class=\"x-row-inner\"><div class=\"x-col e12492-e3 m9n0-3 m9n0-4\"><div class=\"x-bg\" aria-hidden=\"true\"><div class=\"x-bg-layer-lower-image\"><\/div><\/div><span class=\"x-image e12492-e4 m9n0-6\"><img decoding=\"async\" src=\"https:\/\/floore.se\/wp-content\/uploads\/5yearwarranty.png\" width=\"136\" height=\"136\" alt=\"Image\" loading=\"lazy\"><\/span><\/div><div class=\"x-col e12492-e5 m9n0-3 m9n0-5\"><div class=\"x-text x-content e12492-e6 m9n0-7\"><p><strong>Part of our <a href=\"https:\/\/floore.se\/en\/floore-smart-home-systems\/\">Smart Home<\/a> family<br \/>\n<\/strong>This product is part of our Smart Home family. Smart Home gives you the ability to enjoy automation throughout your entire home, from wireless boiler & underfloor heating to wireless lighting and added security features for peace of mind.<\/p>\n<p><\/p>\n<p>Learn more in our <a href=\"https:\/\/floore.se\/en\/room-heating-control-guide\/\">guide for room control<\/a>.<\/p><\/div><\/div><\/div><\/div><\/div><\/div>\n","protected":false},"excerpt":{"rendered":"<p>The SR600 relay is installed directly into a junction box or can be wall mounted using the optional SRS600 Surface mount bracket to create a hardwired semi-permanent control solution for lighting, heating or appliances. Offering an industry leading rated capacity of 16A the SR600 is suitable to control larger current devices such as electric heaters. Integrates wirelessly with the UG600 Universal connection gateway and can be controlled independently or in combination with other devices using the App Smart Rules function.<br \/>\n5 year warranty.<\/p>\n","protected":false},"featured_media":12345,"comment_status":"closed","ping_status":"closed","template":"","meta":{"_acf_changed":false},"product_brand":[],"product_cat":[395,1266],"product_tag":[410,411,327],"class_list":{"0":"post-12501","1":"product","2":"type-product","3":"status-publish","4":"has-post-thumbnail","6":"product_cat-smart-home","7":"product_cat-add-functions","8":"product_tag-heat-control","9":"product_tag-radiator-control","10":"product_tag-smart-home-en","13":"first","14":"instock","15":"taxable","16":"shipping-taxable","17":"purchasable","18":"product-type-simple"},"acf":[],"yoast_head":"<!-- This site is optimized with the Yoast SEO Premium plugin v26.3 (Yoast SEO v27.4) - https:\/\/yoast.com\/product\/yoast-seo-premium-wordpress\/ -->\n<title>Smart Relay &#8211; Floor\u00e9 V\u00e4rmegolv - control lighting, heating or appliances<\/title>\n<meta name=\"description\" content=\"The SR600 relay is installed directly into a junction box or can be wall mounted to create a hardwired semi-permanent control solution for lighting, heating or appliances.\" \/>\n<meta name=\"robots\" content=\"index, follow, max-snippet:-1, max-image-preview:large, max-video-preview:-1\" \/>\n<link rel=\"canonical\" href=\"https:\/\/floore.se\/en\/butik\/heating-control\/smart-home\/add-functions\/smart-relay\/\" \/>\n<meta property=\"og:locale\" content=\"en_US\" \/>\n<meta property=\"og:type\" content=\"article\" \/>\n<meta property=\"og:title\" content=\"Smart Relay\" \/>\n<meta property=\"og:description\" content=\"The SR600 relay is installed directly into a junction box or can be wall mounted to create a hardwired semi-permanent control solution for lighting, heating or appliances.\" \/>\n<meta property=\"og:url\" content=\"https:\/\/floore.se\/en\/butik\/heating-control\/smart-home\/add-functions\/smart-relay\/\" \/>\n<meta property=\"og:site_name\" content=\"Floor\u00e9 V\u00e4rmegolv\" \/>\n<meta property=\"article:modified_time\" content=\"2020-09-09T12:43:08+00:00\" \/>\n<meta property=\"og:image\" content=\"https:\/\/floore.se\/wp-content\/uploads\/SR600.jpg\" \/>\n\t<meta property=\"og:image:width\" content=\"2000\" \/>\n\t<meta property=\"og:image:height\" content=\"2000\" \/>\n\t<meta property=\"og:image:type\" content=\"image\/jpeg\" \/>\n<script type=\"application\/ld+json\" class=\"yoast-schema-graph\">{\"@context\":\"https:\\\/\\\/schema.org\",\"@graph\":[{\"@type\":\"WebPage\",\"@id\":\"https:\\\/\\\/floore.se\\\/en\\\/butik\\\/heating-control\\\/smart-home\\\/add-functions\\\/smart-relay\\\/\",\"url\":\"https:\\\/\\\/floore.se\\\/en\\\/butik\\\/heating-control\\\/smart-home\\\/add-functions\\\/smart-relay\\\/\",\"name\":\"Smart Relay &#8211; Floor\u00e9 V\u00e4rmegolv - control lighting, heating or appliances\",\"isPartOf\":{\"@id\":\"https:\\\/\\\/floore.se\\\/#website\"},\"primaryImageOfPage\":{\"@id\":\"https:\\\/\\\/floore.se\\\/en\\\/butik\\\/heating-control\\\/smart-home\\\/add-functions\\\/smart-relay\\\/#primaryimage\"},\"image\":{\"@id\":\"https:\\\/\\\/floore.se\\\/en\\\/butik\\\/heating-control\\\/smart-home\\\/add-functions\\\/smart-relay\\\/#primaryimage\"},\"thumbnailUrl\":\"https:\\\/\\\/floore.se\\\/wp-content\\\/uploads\\\/SR600.jpg\",\"datePublished\":\"2020-08-28T09:39:59+00:00\",\"dateModified\":\"2020-09-09T12:43:08+00:00\",\"description\":\"The SR600 relay is installed directly into a junction box or can be wall mounted to create a hardwired semi-permanent control solution for lighting, heating or appliances.\",\"breadcrumb\":{\"@id\":\"https:\\\/\\\/floore.se\\\/en\\\/butik\\\/heating-control\\\/smart-home\\\/add-functions\\\/smart-relay\\\/#breadcrumb\"},\"inLanguage\":\"en-US\",\"potentialAction\":[{\"@type\":\"ReadAction\",\"target\":[\"https:\\\/\\\/floore.se\\\/en\\\/butik\\\/heating-control\\\/smart-home\\\/add-functions\\\/smart-relay\\\/\"]}]},{\"@type\":\"ImageObject\",\"inLanguage\":\"en-US\",\"@id\":\"https:\\\/\\\/floore.se\\\/en\\\/butik\\\/heating-control\\\/smart-home\\\/add-functions\\\/smart-relay\\\/#primaryimage\",\"url\":\"https:\\\/\\\/floore.se\\\/wp-content\\\/uploads\\\/SR600.jpg\",\"contentUrl\":\"https:\\\/\\\/floore.se\\\/wp-content\\\/uploads\\\/SR600.jpg\",\"width\":2000,\"height\":2000,\"caption\":\"Smart Relay\"},{\"@type\":\"BreadcrumbList\",\"@id\":\"https:\\\/\\\/floore.se\\\/en\\\/butik\\\/heating-control\\\/smart-home\\\/add-functions\\\/smart-relay\\\/#breadcrumb\",\"itemListElement\":[{\"@type\":\"ListItem\",\"position\":1,\"name\":\"Hem\",\"item\":\"https:\\\/\\\/floore.se\\\/en\\\/golvvarme-unik-vattenburen-golvvarme-floore-varmegolv\\\/\"},{\"@type\":\"ListItem\",\"position\":2,\"name\":\"Shop\",\"item\":\"https:\\\/\\\/floore.se\\\/en\\\/shop\\\/\"},{\"@type\":\"ListItem\",\"position\":3,\"name\":\"Smart Relay\"}]},{\"@type\":\"WebSite\",\"@id\":\"https:\\\/\\\/floore.se\\\/#website\",\"url\":\"https:\\\/\\\/floore.se\\\/\",\"name\":\"Floor\u00e9 V\u00e4rmegolv\",\"description\":\"Vattenburen golvv\u00e4rme \u2013 ett av marknadens tunnaste\",\"potentialAction\":[{\"@type\":\"SearchAction\",\"target\":{\"@type\":\"EntryPoint\",\"urlTemplate\":\"https:\\\/\\\/floore.se\\\/?s={search_term_string}\"},\"query-input\":{\"@type\":\"PropertyValueSpecification\",\"valueRequired\":true,\"valueName\":\"search_term_string\"}}],\"inLanguage\":\"en-US\"}]}<\/script>\n<!-- \/ Yoast SEO Premium plugin. -->","yoast_head_json":{"title":"Smart Relay &#8211; Floor\u00e9 V\u00e4rmegolv - control lighting, heating or appliances","description":"The SR600 relay is installed directly into a junction box or can be wall mounted to create a hardwired semi-permanent control solution for lighting, heating or appliances.","robots":{"index":"index","follow":"follow","max-snippet":"max-snippet:-1","max-image-preview":"max-image-preview:large","max-video-preview":"max-video-preview:-1"},"canonical":"https:\/\/floore.se\/en\/butik\/heating-control\/smart-home\/add-functions\/smart-relay\/","og_locale":"en_US","og_type":"article","og_title":"Smart Relay","og_description":"The SR600 relay is installed directly into a junction box or can be wall mounted to create a hardwired semi-permanent control solution for lighting, heating or appliances.","og_url":"https:\/\/floore.se\/en\/butik\/heating-control\/smart-home\/add-functions\/smart-relay\/","og_site_name":"Floor\u00e9 V\u00e4rmegolv","article_modified_time":"2020-09-09T12:43:08+00:00","og_image":[{"width":2000,"height":2000,"url":"https:\/\/floore.se\/wp-content\/uploads\/SR600.jpg","type":"image\/jpeg"}],"schema":{"@context":"https:\/\/schema.org","@graph":[{"@type":"WebPage","@id":"https:\/\/floore.se\/en\/butik\/heating-control\/smart-home\/add-functions\/smart-relay\/","url":"https:\/\/floore.se\/en\/butik\/heating-control\/smart-home\/add-functions\/smart-relay\/","name":"Smart Relay &#8211; Floor\u00e9 V\u00e4rmegolv - control lighting, heating or appliances","isPartOf":{"@id":"https:\/\/floore.se\/#website"},"primaryImageOfPage":{"@id":"https:\/\/floore.se\/en\/butik\/heating-control\/smart-home\/add-functions\/smart-relay\/#primaryimage"},"image":{"@id":"https:\/\/floore.se\/en\/butik\/heating-control\/smart-home\/add-functions\/smart-relay\/#primaryimage"},"thumbnailUrl":"https:\/\/floore.se\/wp-content\/uploads\/SR600.jpg","datePublished":"2020-08-28T09:39:59+00:00","dateModified":"2020-09-09T12:43:08+00:00","description":"The SR600 relay is installed directly into a junction box or can be wall mounted to create a hardwired semi-permanent control solution for lighting, heating or appliances.","breadcrumb":{"@id":"https:\/\/floore.se\/en\/butik\/heating-control\/smart-home\/add-functions\/smart-relay\/#breadcrumb"},"inLanguage":"en-US","potentialAction":[{"@type":"ReadAction","target":["https:\/\/floore.se\/en\/butik\/heating-control\/smart-home\/add-functions\/smart-relay\/"]}]},{"@type":"ImageObject","inLanguage":"en-US","@id":"https:\/\/floore.se\/en\/butik\/heating-control\/smart-home\/add-functions\/smart-relay\/#primaryimage","url":"https:\/\/floore.se\/wp-content\/uploads\/SR600.jpg","contentUrl":"https:\/\/floore.se\/wp-content\/uploads\/SR600.jpg","width":2000,"height":2000,"caption":"Smart Relay"},{"@type":"BreadcrumbList","@id":"https:\/\/floore.se\/en\/butik\/heating-control\/smart-home\/add-functions\/smart-relay\/#breadcrumb","itemListElement":[{"@type":"ListItem","position":1,"name":"Hem","item":"https:\/\/floore.se\/en\/golvvarme-unik-vattenburen-golvvarme-floore-varmegolv\/"},{"@type":"ListItem","position":2,"name":"Shop","item":"https:\/\/floore.se\/en\/shop\/"},{"@type":"ListItem","position":3,"name":"Smart Relay"}]},{"@type":"WebSite","@id":"https:\/\/floore.se\/#website","url":"https:\/\/floore.se\/","name":"Floor\u00e9 V\u00e4rmegolv","description":"Vattenburen golvv\u00e4rme \u2013 ett av marknadens tunnaste","potentialAction":[{"@type":"SearchAction","target":{"@type":"EntryPoint","urlTemplate":"https:\/\/floore.se\/?s={search_term_string}"},"query-input":{"@type":"PropertyValueSpecification","valueRequired":true,"valueName":"search_term_string"}}],"inLanguage":"en-US"}]}},"_links":{"self":[{"href":"https:\/\/floore.se\/en\/wp-json\/wp\/v2\/product\/12501","targetHints":{"allow":["GET"]}}],"collection":[{"href":"https:\/\/floore.se\/en\/wp-json\/wp\/v2\/product"}],"about":[{"href":"https:\/\/floore.se\/en\/wp-json\/wp\/v2\/types\/product"}],"replies":[{"embeddable":true,"href":"https:\/\/floore.se\/en\/wp-json\/wp\/v2\/comments?post=12501"}],"wp:featuredmedia":[{"embeddable":true,"href":"https:\/\/floore.se\/en\/wp-json\/wp\/v2\/media\/12345"}],"wp:attachment":[{"href":"https:\/\/floore.se\/en\/wp-json\/wp\/v2\/media?parent=12501"}],"wp:term":[{"taxonomy":"product_brand","embeddable":true,"href":"https:\/\/floore.se\/en\/wp-json\/wp\/v2\/product_brand?post=12501"},{"taxonomy":"product_cat","embeddable":true,"href":"https:\/\/floore.se\/en\/wp-json\/wp\/v2\/product_cat?post=12501"},{"taxonomy":"product_tag","embeddable":true,"href":"https:\/\/floore.se\/en\/wp-json\/wp\/v2\/product_tag?post=12501"}],"curies":[{"name":"wp","href":"https:\/\/api.w.org\/{rel}","templated":true}]}}