{"id":12499,"date":"2021-07-29T11:58:56","date_gmt":"2020-08-28T09:58:56","guid":{"rendered":"https:\/\/floore.se\/woofloore\/produkt\/12499\/"},"modified":"2020-09-09T14:31:32","modified_gmt":"2020-09-09T12:31:32","slug":"appstat","status":"publish","type":"product","link":"https:\/\/floore.se\/en\/butik\/heating-control\/smart-home\/choose-thermostats\/appstat\/","title":{"rendered":"Appstat"},"content":{"rendered":"<p><strong>FEATURES<\/strong><\/p>\n<ul>\n<li class=\"p2\">Stylish compact surface mounted solution<\/li>\n<li class=\"p2\">\u2018Self-learning\u2019 functionality time proportional and integral (TPI)<\/li>\n<li class=\"p2\">LED indication<\/li>\n<li class=\"p2\">Optional external sensor<\/li>\n<li class=\"p2\">App Only Interface<\/li>\n<li class=\"p2\">Clear and Easy to use<\/li>\n<li class=\"p2\">Controls up to six SALUS Smart Radiator controls (TRVs) in a zone<\/li>\n<li class=\"p2\">Control via the SALUS Smart Home App<\/li>\n<li>5 year warranty<\/li>\n<\/ul>\n<table class=\"t1\" cellspacing=\"0\" cellpadding=\"0\">\n<tbody>\n<colgroup>\n<col span=\"2\" style=\"width:50%;\">\n  <\/colgroup>\n<tr>\n<td class=\"td1\" valign=\"top\">\n<p class=\"p2\">Supply:<\/p>\n<\/td>\n<td class=\"td1\" valign=\"top\">\n<p class=\"p2\">2 xAA Batteries<\/p>\n<\/td>\n<\/tr>\n<tr>\n<td class=\"td1\" valign=\"top\">\n<p class=\"p3\">Wireless Standard<\/p>\n<\/td>\n<td class=\"td1\" valign=\"top\">\n<p class=\"p3\">2.4Ghz Zigbee<\/p>\n<\/td>\n<\/tr>\n<tr>\n<td class=\"td1\" valign=\"top\">\n<p class=\"p2\">Scale:<\/p>\n<\/td>\n<td class=\"td1\" valign=\"top\">\n<p class=\"p2\">5\u00b0C- 32.5\u00b0C<\/p>\n<\/td>\n<\/tr>\n<tr>\n<td class=\"td1\" valign=\"top\">\n<p class=\"p2\">Size (mm):<\/p>\n<\/td>\n<td class=\"td1\" valign=\"top\">\n<p class=\"p2\">W-51 x H-85 x D-26<\/p>\n<\/td>\n<\/tr>\n<\/tbody>\n<\/table>\n<div class=\"cs-content x-global-block x-global-block-12492 e12492-e0\"><div class=\"x-section e12492-e1 m9n0-0\"><div class=\"x-row e12492-e2 m9n0-1 m9n0-2\"><div class=\"x-row-inner\"><div class=\"x-col e12492-e3 m9n0-3 m9n0-4\"><div class=\"x-bg\" aria-hidden=\"true\"><div class=\"x-bg-layer-lower-image\"><\/div><\/div><span class=\"x-image e12492-e4 m9n0-6\"><img decoding=\"async\" src=\"https:\/\/floore.se\/wp-content\/uploads\/5yearwarranty.png\" width=\"136\" height=\"136\" alt=\"Image\" loading=\"lazy\"><\/span><\/div><div class=\"x-col e12492-e5 m9n0-3 m9n0-5\"><div class=\"x-text x-content e12492-e6 m9n0-7\"><p><strong>Part of our <a href=\"https:\/\/floore.se\/en\/floore-smart-home-systems\/\">Smart Home<\/a> family<br \/>\n<\/strong>This product is part of our Smart Home family. Smart Home gives you the ability to enjoy automation throughout your entire home, from wireless boiler & underfloor heating to wireless lighting and added security features for peace of mind.<\/p>\n<p><\/p>\n<p>Learn more in our <a href=\"https:\/\/floore.se\/en\/room-heating-control-guide\/\">guide for room control<\/a>.<\/p><\/div><\/div><\/div><\/div><\/div><\/div>\n","protected":false},"excerpt":{"rendered":"<p>The sleek and in-obtrusive design makes the TS600 an ideal solution for locations which demand discrete controls while still ensuring optimum heating comfort. Likewise the remote only interface makes the TS600 Appstat perfect for managed properties that prefer to avoid local user intervention.<\/p>\n","protected":false},"featured_media":12348,"comment_status":"closed","ping_status":"closed","template":"","meta":{"_acf_changed":false},"product_brand":[],"product_cat":[395,1264],"product_tag":[410,411,327,328],"class_list":{"0":"post-12499","1":"product","2":"type-product","3":"status-publish","4":"has-post-thumbnail","6":"product_cat-smart-home","7":"product_cat-choose-thermostats","8":"product_tag-heat-control","9":"product_tag-radiator-control","10":"product_tag-smart-home-en","11":"product_tag-thermostat","14":"first","15":"instock","16":"taxable","17":"shipping-taxable","18":"purchasable","19":"product-type-simple"},"acf":[],"yoast_head":"<!-- This site is optimized with the Yoast SEO Premium plugin v26.3 (Yoast SEO v27.4) - https:\/\/yoast.com\/product\/yoast-seo-premium-wordpress\/ -->\n<title>Appstat &#8211; Floor\u00e9 V\u00e4rmegolv - perfect for managed properties<\/title>\n<meta name=\"description\" content=\"Ideal solution for locations which demand discrete controls while still ensuring optimum heating comfort.\" \/>\n<meta name=\"robots\" content=\"index, follow, max-snippet:-1, max-image-preview:large, max-video-preview:-1\" \/>\n<link rel=\"canonical\" href=\"https:\/\/floore.se\/en\/butik\/heating-control\/smart-home\/choose-thermostats\/appstat\/\" \/>\n<meta property=\"og:locale\" content=\"en_US\" \/>\n<meta property=\"og:type\" content=\"article\" \/>\n<meta property=\"og:title\" content=\"Appstat\" \/>\n<meta property=\"og:description\" content=\"Ideal solution for locations which demand discrete controls while still ensuring optimum heating comfort.\" \/>\n<meta property=\"og:url\" content=\"https:\/\/floore.se\/en\/butik\/heating-control\/smart-home\/choose-thermostats\/appstat\/\" \/>\n<meta property=\"og:site_name\" content=\"Floor\u00e9 V\u00e4rmegolv\" \/>\n<meta property=\"article:modified_time\" content=\"2020-09-09T12:31:32+00:00\" \/>\n<meta property=\"og:image\" content=\"https:\/\/floore.se\/wp-content\/uploads\/TS600-1.jpg\" \/>\n\t<meta property=\"og:image:width\" content=\"2000\" \/>\n\t<meta property=\"og:image:height\" content=\"2000\" \/>\n\t<meta property=\"og:image:type\" content=\"image\/jpeg\" \/>\n<script type=\"application\/ld+json\" class=\"yoast-schema-graph\">{\"@context\":\"https:\\\/\\\/schema.org\",\"@graph\":[{\"@type\":\"WebPage\",\"@id\":\"https:\\\/\\\/floore.se\\\/en\\\/butik\\\/heating-control\\\/smart-home\\\/choose-thermostats\\\/appstat\\\/\",\"url\":\"https:\\\/\\\/floore.se\\\/en\\\/butik\\\/heating-control\\\/smart-home\\\/choose-thermostats\\\/appstat\\\/\",\"name\":\"Appstat &#8211; Floor\u00e9 V\u00e4rmegolv - perfect for managed properties\",\"isPartOf\":{\"@id\":\"https:\\\/\\\/floore.se\\\/#website\"},\"primaryImageOfPage\":{\"@id\":\"https:\\\/\\\/floore.se\\\/en\\\/butik\\\/heating-control\\\/smart-home\\\/choose-thermostats\\\/appstat\\\/#primaryimage\"},\"image\":{\"@id\":\"https:\\\/\\\/floore.se\\\/en\\\/butik\\\/heating-control\\\/smart-home\\\/choose-thermostats\\\/appstat\\\/#primaryimage\"},\"thumbnailUrl\":\"https:\\\/\\\/floore.se\\\/wp-content\\\/uploads\\\/TS600-1.jpg\",\"datePublished\":\"2020-08-28T09:58:56+00:00\",\"dateModified\":\"2020-09-09T12:31:32+00:00\",\"description\":\"Ideal solution for locations which demand discrete controls while still ensuring optimum heating comfort.\",\"breadcrumb\":{\"@id\":\"https:\\\/\\\/floore.se\\\/en\\\/butik\\\/heating-control\\\/smart-home\\\/choose-thermostats\\\/appstat\\\/#breadcrumb\"},\"inLanguage\":\"en-US\",\"potentialAction\":[{\"@type\":\"ReadAction\",\"target\":[\"https:\\\/\\\/floore.se\\\/en\\\/butik\\\/heating-control\\\/smart-home\\\/choose-thermostats\\\/appstat\\\/\"]}]},{\"@type\":\"ImageObject\",\"inLanguage\":\"en-US\",\"@id\":\"https:\\\/\\\/floore.se\\\/en\\\/butik\\\/heating-control\\\/smart-home\\\/choose-thermostats\\\/appstat\\\/#primaryimage\",\"url\":\"https:\\\/\\\/floore.se\\\/wp-content\\\/uploads\\\/TS600-1.jpg\",\"contentUrl\":\"https:\\\/\\\/floore.se\\\/wp-content\\\/uploads\\\/TS600-1.jpg\",\"width\":2000,\"height\":2000,\"caption\":\"Appstat\"},{\"@type\":\"BreadcrumbList\",\"@id\":\"https:\\\/\\\/floore.se\\\/en\\\/butik\\\/heating-control\\\/smart-home\\\/choose-thermostats\\\/appstat\\\/#breadcrumb\",\"itemListElement\":[{\"@type\":\"ListItem\",\"position\":1,\"name\":\"Hem\",\"item\":\"https:\\\/\\\/floore.se\\\/en\\\/golvvarme-unik-vattenburen-golvvarme-floore-varmegolv\\\/\"},{\"@type\":\"ListItem\",\"position\":2,\"name\":\"Shop\",\"item\":\"https:\\\/\\\/floore.se\\\/en\\\/shop\\\/\"},{\"@type\":\"ListItem\",\"position\":3,\"name\":\"Appstat\"}]},{\"@type\":\"WebSite\",\"@id\":\"https:\\\/\\\/floore.se\\\/#website\",\"url\":\"https:\\\/\\\/floore.se\\\/\",\"name\":\"Floor\u00e9 V\u00e4rmegolv\",\"description\":\"Vattenburen golvv\u00e4rme \u2013 ett av marknadens tunnaste\",\"potentialAction\":[{\"@type\":\"SearchAction\",\"target\":{\"@type\":\"EntryPoint\",\"urlTemplate\":\"https:\\\/\\\/floore.se\\\/?s={search_term_string}\"},\"query-input\":{\"@type\":\"PropertyValueSpecification\",\"valueRequired\":true,\"valueName\":\"search_term_string\"}}],\"inLanguage\":\"en-US\"}]}<\/script>\n<!-- \/ Yoast SEO Premium plugin. -->","yoast_head_json":{"title":"Appstat &#8211; Floor\u00e9 V\u00e4rmegolv - perfect for managed properties","description":"Ideal solution for locations which demand discrete controls while still ensuring optimum heating comfort.","robots":{"index":"index","follow":"follow","max-snippet":"max-snippet:-1","max-image-preview":"max-image-preview:large","max-video-preview":"max-video-preview:-1"},"canonical":"https:\/\/floore.se\/en\/butik\/heating-control\/smart-home\/choose-thermostats\/appstat\/","og_locale":"en_US","og_type":"article","og_title":"Appstat","og_description":"Ideal solution for locations which demand discrete controls while still ensuring optimum heating comfort.","og_url":"https:\/\/floore.se\/en\/butik\/heating-control\/smart-home\/choose-thermostats\/appstat\/","og_site_name":"Floor\u00e9 V\u00e4rmegolv","article_modified_time":"2020-09-09T12:31:32+00:00","og_image":[{"width":2000,"height":2000,"url":"https:\/\/floore.se\/wp-content\/uploads\/TS600-1.jpg","type":"image\/jpeg"}],"schema":{"@context":"https:\/\/schema.org","@graph":[{"@type":"WebPage","@id":"https:\/\/floore.se\/en\/butik\/heating-control\/smart-home\/choose-thermostats\/appstat\/","url":"https:\/\/floore.se\/en\/butik\/heating-control\/smart-home\/choose-thermostats\/appstat\/","name":"Appstat &#8211; Floor\u00e9 V\u00e4rmegolv - perfect for managed properties","isPartOf":{"@id":"https:\/\/floore.se\/#website"},"primaryImageOfPage":{"@id":"https:\/\/floore.se\/en\/butik\/heating-control\/smart-home\/choose-thermostats\/appstat\/#primaryimage"},"image":{"@id":"https:\/\/floore.se\/en\/butik\/heating-control\/smart-home\/choose-thermostats\/appstat\/#primaryimage"},"thumbnailUrl":"https:\/\/floore.se\/wp-content\/uploads\/TS600-1.jpg","datePublished":"2020-08-28T09:58:56+00:00","dateModified":"2020-09-09T12:31:32+00:00","description":"Ideal solution for locations which demand discrete controls while still ensuring optimum heating comfort.","breadcrumb":{"@id":"https:\/\/floore.se\/en\/butik\/heating-control\/smart-home\/choose-thermostats\/appstat\/#breadcrumb"},"inLanguage":"en-US","potentialAction":[{"@type":"ReadAction","target":["https:\/\/floore.se\/en\/butik\/heating-control\/smart-home\/choose-thermostats\/appstat\/"]}]},{"@type":"ImageObject","inLanguage":"en-US","@id":"https:\/\/floore.se\/en\/butik\/heating-control\/smart-home\/choose-thermostats\/appstat\/#primaryimage","url":"https:\/\/floore.se\/wp-content\/uploads\/TS600-1.jpg","contentUrl":"https:\/\/floore.se\/wp-content\/uploads\/TS600-1.jpg","width":2000,"height":2000,"caption":"Appstat"},{"@type":"BreadcrumbList","@id":"https:\/\/floore.se\/en\/butik\/heating-control\/smart-home\/choose-thermostats\/appstat\/#breadcrumb","itemListElement":[{"@type":"ListItem","position":1,"name":"Hem","item":"https:\/\/floore.se\/en\/golvvarme-unik-vattenburen-golvvarme-floore-varmegolv\/"},{"@type":"ListItem","position":2,"name":"Shop","item":"https:\/\/floore.se\/en\/shop\/"},{"@type":"ListItem","position":3,"name":"Appstat"}]},{"@type":"WebSite","@id":"https:\/\/floore.se\/#website","url":"https:\/\/floore.se\/","name":"Floor\u00e9 V\u00e4rmegolv","description":"Vattenburen golvv\u00e4rme \u2013 ett av marknadens tunnaste","potentialAction":[{"@type":"SearchAction","target":{"@type":"EntryPoint","urlTemplate":"https:\/\/floore.se\/?s={search_term_string}"},"query-input":{"@type":"PropertyValueSpecification","valueRequired":true,"valueName":"search_term_string"}}],"inLanguage":"en-US"}]}},"_links":{"self":[{"href":"https:\/\/floore.se\/en\/wp-json\/wp\/v2\/product\/12499","targetHints":{"allow":["GET"]}}],"collection":[{"href":"https:\/\/floore.se\/en\/wp-json\/wp\/v2\/product"}],"about":[{"href":"https:\/\/floore.se\/en\/wp-json\/wp\/v2\/types\/product"}],"replies":[{"embeddable":true,"href":"https:\/\/floore.se\/en\/wp-json\/wp\/v2\/comments?post=12499"}],"wp:featuredmedia":[{"embeddable":true,"href":"https:\/\/floore.se\/en\/wp-json\/wp\/v2\/media\/12348"}],"wp:attachment":[{"href":"https:\/\/floore.se\/en\/wp-json\/wp\/v2\/media?parent=12499"}],"wp:term":[{"taxonomy":"product_brand","embeddable":true,"href":"https:\/\/floore.se\/en\/wp-json\/wp\/v2\/product_brand?post=12499"},{"taxonomy":"product_cat","embeddable":true,"href":"https:\/\/floore.se\/en\/wp-json\/wp\/v2\/product_cat?post=12499"},{"taxonomy":"product_tag","embeddable":true,"href":"https:\/\/floore.se\/en\/wp-json\/wp\/v2\/product_tag?post=12499"}],"curies":[{"name":"wp","href":"https:\/\/api.w.org\/{rel}","templated":true}]}}