{"id":12498,"date":"2021-08-01T12:08:39","date_gmt":"2020-08-28T10:08:39","guid":{"rendered":"https:\/\/floore.se\/woofloore\/produkt\/12498\/"},"modified":"2020-09-09T14:27:28","modified_gmt":"2020-09-09T12:27:28","slug":"smart-button","status":"publish","type":"product","link":"https:\/\/floore.se\/en\/butik\/heating-control\/smart-home\/add-functions\/smart-button\/","title":{"rendered":"Smart Button"},"content":{"rendered":"<p><strong>Features<\/strong><\/p>\n<ul>\n<li class=\"p2\">Configuration done via the Smart Home app<\/li>\n<li class=\"p2\">Easy installation \u2013 No engineer\/electrician required<\/li>\n<li>5 year warranty<\/li>\n<\/ul>\n<table class=\"t1\" cellspacing=\"0\" cellpadding=\"0\">\n<tbody>\n<colgroup>\n<col span=\"2\" style=\"width:50%;\">\n  <\/colgroup>\n<tr>\n<td class=\"td1\" valign=\"top\">\n<p class=\"p2\">Power Supply:<\/p>\n<\/td>\n<td class=\"td1\" valign=\"top\">\n<p class=\"p2\">2 x AAA Batteries<\/p>\n<\/td>\n<\/tr>\n<tr>\n<td class=\"td1\" valign=\"top\">\n<p class=\"p2\">Wireless Standard:<\/p>\n<\/td>\n<td class=\"td1\" valign=\"top\">\n<p class=\"p2\">2.4Ghz Zigbee<\/p>\n<\/td>\n<\/tr>\n<tr>\n<td class=\"td1\" valign=\"top\">\n<p class=\"p2\">Size (mm):<\/p>\n<\/td>\n<td class=\"td1\" valign=\"top\">\n<p class=\"p2\">W-59 H-59 D-18<\/p>\n<\/td>\n<\/tr>\n<\/tbody>\n<\/table>\n<div class=\"cs-content x-global-block x-global-block-12492 e12492-e0\"><div class=\"x-section e12492-e1 m9n0-0\"><div class=\"x-row e12492-e2 m9n0-1 m9n0-2\"><div class=\"x-row-inner\"><div class=\"x-col e12492-e3 m9n0-3 m9n0-4\"><div class=\"x-bg\" aria-hidden=\"true\"><div class=\"x-bg-layer-lower-image\"><\/div><\/div><span class=\"x-image e12492-e4 m9n0-6\"><img decoding=\"async\" src=\"https:\/\/floore.se\/wp-content\/uploads\/5yearwarranty.png\" width=\"136\" height=\"136\" alt=\"Image\" loading=\"lazy\"><\/span><\/div><div class=\"x-col e12492-e5 m9n0-3 m9n0-5\"><div class=\"x-text x-content e12492-e6 m9n0-7\"><p><strong>Part of our <a href=\"https:\/\/floore.se\/en\/floore-smart-home-systems\/\">Smart Home<\/a> family<br \/>\n<\/strong>This product is part of our Smart Home family. Smart Home gives you the ability to enjoy automation throughout your entire home, from wireless boiler & underfloor heating to wireless lighting and added security features for peace of mind.<\/p>\n<p><\/p>\n<p>Learn more in our <a href=\"https:\/\/floore.se\/en\/room-heating-control-guide\/\">guide for room control<\/a>.<\/p><\/div><\/div><\/div><\/div><\/div><\/div>\n","protected":false},"excerpt":{"rendered":"<p>The Smart Button is used to trigger the \u201cOne touch\u201d and \u201cMy Status\u201d rules that you have created for your SALUS Smart Home system. Normally \u201cOne touch\u201d and \u201cMy Status\u201d rules are triggered via the SALUS Smart Home app, however the Smart Button provides an additional method. This product must be used with the Universal Gateway UG600 and the SALUS Smart Home App.<\/p>\n","protected":false},"featured_media":12351,"comment_status":"closed","ping_status":"closed","template":"","meta":{"_acf_changed":false},"product_brand":[],"product_cat":[395,1266],"product_tag":[327],"class_list":{"0":"post-12498","1":"product","2":"type-product","3":"status-publish","4":"has-post-thumbnail","6":"product_cat-smart-home","7":"product_cat-add-functions","8":"product_tag-smart-home-en","11":"first","12":"instock","13":"taxable","14":"shipping-taxable","15":"purchasable","16":"product-type-simple"},"acf":[],"yoast_head":"<!-- This site is optimized with the Yoast SEO Premium plugin v26.3 (Yoast SEO v27.5) - https:\/\/yoast.com\/product\/yoast-seo-premium-wordpress\/ -->\n<title>Smart Button &#8211; Floor\u00e9 V\u00e4rmegolv<\/title>\n<meta name=\"description\" content=\"The Smart Button is used to trigger the \u201cOne touch\u201d and \u201cMy Status\u201d rules that you have created for your Smart Home system.\" \/>\n<meta name=\"robots\" content=\"index, follow, max-snippet:-1, max-image-preview:large, max-video-preview:-1\" \/>\n<link rel=\"canonical\" href=\"https:\/\/floore.se\/en\/butik\/heating-control\/smart-home\/add-functions\/smart-button\/\" \/>\n<meta property=\"og:locale\" content=\"en_US\" \/>\n<meta property=\"og:type\" content=\"article\" \/>\n<meta property=\"og:title\" content=\"Smart Button\" \/>\n<meta property=\"og:description\" content=\"The Smart Button is used to trigger the \u201cOne touch\u201d and \u201cMy Status\u201d rules that you have created for your Smart Home system.\" \/>\n<meta property=\"og:url\" content=\"https:\/\/floore.se\/en\/butik\/heating-control\/smart-home\/add-functions\/smart-button\/\" \/>\n<meta property=\"og:site_name\" content=\"Floor\u00e9 V\u00e4rmegolv\" \/>\n<meta property=\"article:modified_time\" content=\"2020-09-09T12:27:28+00:00\" \/>\n<meta property=\"og:image\" content=\"https:\/\/floore.se\/wp-content\/uploads\/SB600.jpg\" \/>\n\t<meta property=\"og:image:width\" content=\"2000\" \/>\n\t<meta property=\"og:image:height\" content=\"2000\" \/>\n\t<meta property=\"og:image:type\" content=\"image\/jpeg\" \/>\n<script type=\"application\/ld+json\" class=\"yoast-schema-graph\">{\"@context\":\"https:\\\/\\\/schema.org\",\"@graph\":[{\"@type\":\"WebPage\",\"@id\":\"https:\\\/\\\/floore.se\\\/en\\\/butik\\\/heating-control\\\/smart-home\\\/add-functions\\\/smart-button\\\/\",\"url\":\"https:\\\/\\\/floore.se\\\/en\\\/butik\\\/heating-control\\\/smart-home\\\/add-functions\\\/smart-button\\\/\",\"name\":\"Smart Button &#8211; Floor\u00e9 V\u00e4rmegolv\",\"isPartOf\":{\"@id\":\"https:\\\/\\\/floore.se\\\/#website\"},\"primaryImageOfPage\":{\"@id\":\"https:\\\/\\\/floore.se\\\/en\\\/butik\\\/heating-control\\\/smart-home\\\/add-functions\\\/smart-button\\\/#primaryimage\"},\"image\":{\"@id\":\"https:\\\/\\\/floore.se\\\/en\\\/butik\\\/heating-control\\\/smart-home\\\/add-functions\\\/smart-button\\\/#primaryimage\"},\"thumbnailUrl\":\"https:\\\/\\\/floore.se\\\/wp-content\\\/uploads\\\/SB600.jpg\",\"datePublished\":\"2020-08-28T10:08:39+00:00\",\"dateModified\":\"2020-09-09T12:27:28+00:00\",\"description\":\"The Smart Button is used to trigger the \u201cOne touch\u201d and \u201cMy Status\u201d rules that you have created for your Smart Home system.\",\"breadcrumb\":{\"@id\":\"https:\\\/\\\/floore.se\\\/en\\\/butik\\\/heating-control\\\/smart-home\\\/add-functions\\\/smart-button\\\/#breadcrumb\"},\"inLanguage\":\"en-US\",\"potentialAction\":[{\"@type\":\"ReadAction\",\"target\":[\"https:\\\/\\\/floore.se\\\/en\\\/butik\\\/heating-control\\\/smart-home\\\/add-functions\\\/smart-button\\\/\"]}]},{\"@type\":\"ImageObject\",\"inLanguage\":\"en-US\",\"@id\":\"https:\\\/\\\/floore.se\\\/en\\\/butik\\\/heating-control\\\/smart-home\\\/add-functions\\\/smart-button\\\/#primaryimage\",\"url\":\"https:\\\/\\\/floore.se\\\/wp-content\\\/uploads\\\/SB600.jpg\",\"contentUrl\":\"https:\\\/\\\/floore.se\\\/wp-content\\\/uploads\\\/SB600.jpg\",\"width\":2000,\"height\":2000,\"caption\":\"Smart Button\"},{\"@type\":\"BreadcrumbList\",\"@id\":\"https:\\\/\\\/floore.se\\\/en\\\/butik\\\/heating-control\\\/smart-home\\\/add-functions\\\/smart-button\\\/#breadcrumb\",\"itemListElement\":[{\"@type\":\"ListItem\",\"position\":1,\"name\":\"Hem\",\"item\":\"https:\\\/\\\/floore.se\\\/en\\\/golvvarme-unik-vattenburen-golvvarme-floore-varmegolv\\\/\"},{\"@type\":\"ListItem\",\"position\":2,\"name\":\"Shop\",\"item\":\"https:\\\/\\\/floore.se\\\/en\\\/shop\\\/\"},{\"@type\":\"ListItem\",\"position\":3,\"name\":\"Smart Button\"}]},{\"@type\":\"WebSite\",\"@id\":\"https:\\\/\\\/floore.se\\\/#website\",\"url\":\"https:\\\/\\\/floore.se\\\/\",\"name\":\"Floor\u00e9 V\u00e4rmegolv\",\"description\":\"Vattenburen golvv\u00e4rme \u2013 ett av marknadens tunnaste\",\"potentialAction\":[{\"@type\":\"SearchAction\",\"target\":{\"@type\":\"EntryPoint\",\"urlTemplate\":\"https:\\\/\\\/floore.se\\\/?s={search_term_string}\"},\"query-input\":{\"@type\":\"PropertyValueSpecification\",\"valueRequired\":true,\"valueName\":\"search_term_string\"}}],\"inLanguage\":\"en-US\"}]}<\/script>\n<!-- \/ Yoast SEO Premium plugin. -->","yoast_head_json":{"title":"Smart Button &#8211; Floor\u00e9 V\u00e4rmegolv","description":"The Smart Button is used to trigger the \u201cOne touch\u201d and \u201cMy Status\u201d rules that you have created for your Smart Home system.","robots":{"index":"index","follow":"follow","max-snippet":"max-snippet:-1","max-image-preview":"max-image-preview:large","max-video-preview":"max-video-preview:-1"},"canonical":"https:\/\/floore.se\/en\/butik\/heating-control\/smart-home\/add-functions\/smart-button\/","og_locale":"en_US","og_type":"article","og_title":"Smart Button","og_description":"The Smart Button is used to trigger the \u201cOne touch\u201d and \u201cMy Status\u201d rules that you have created for your Smart Home system.","og_url":"https:\/\/floore.se\/en\/butik\/heating-control\/smart-home\/add-functions\/smart-button\/","og_site_name":"Floor\u00e9 V\u00e4rmegolv","article_modified_time":"2020-09-09T12:27:28+00:00","og_image":[{"width":2000,"height":2000,"url":"https:\/\/floore.se\/wp-content\/uploads\/SB600.jpg","type":"image\/jpeg"}],"schema":{"@context":"https:\/\/schema.org","@graph":[{"@type":"WebPage","@id":"https:\/\/floore.se\/en\/butik\/heating-control\/smart-home\/add-functions\/smart-button\/","url":"https:\/\/floore.se\/en\/butik\/heating-control\/smart-home\/add-functions\/smart-button\/","name":"Smart Button &#8211; Floor\u00e9 V\u00e4rmegolv","isPartOf":{"@id":"https:\/\/floore.se\/#website"},"primaryImageOfPage":{"@id":"https:\/\/floore.se\/en\/butik\/heating-control\/smart-home\/add-functions\/smart-button\/#primaryimage"},"image":{"@id":"https:\/\/floore.se\/en\/butik\/heating-control\/smart-home\/add-functions\/smart-button\/#primaryimage"},"thumbnailUrl":"https:\/\/floore.se\/wp-content\/uploads\/SB600.jpg","datePublished":"2020-08-28T10:08:39+00:00","dateModified":"2020-09-09T12:27:28+00:00","description":"The Smart Button is used to trigger the \u201cOne touch\u201d and \u201cMy Status\u201d rules that you have created for your Smart Home system.","breadcrumb":{"@id":"https:\/\/floore.se\/en\/butik\/heating-control\/smart-home\/add-functions\/smart-button\/#breadcrumb"},"inLanguage":"en-US","potentialAction":[{"@type":"ReadAction","target":["https:\/\/floore.se\/en\/butik\/heating-control\/smart-home\/add-functions\/smart-button\/"]}]},{"@type":"ImageObject","inLanguage":"en-US","@id":"https:\/\/floore.se\/en\/butik\/heating-control\/smart-home\/add-functions\/smart-button\/#primaryimage","url":"https:\/\/floore.se\/wp-content\/uploads\/SB600.jpg","contentUrl":"https:\/\/floore.se\/wp-content\/uploads\/SB600.jpg","width":2000,"height":2000,"caption":"Smart Button"},{"@type":"BreadcrumbList","@id":"https:\/\/floore.se\/en\/butik\/heating-control\/smart-home\/add-functions\/smart-button\/#breadcrumb","itemListElement":[{"@type":"ListItem","position":1,"name":"Hem","item":"https:\/\/floore.se\/en\/golvvarme-unik-vattenburen-golvvarme-floore-varmegolv\/"},{"@type":"ListItem","position":2,"name":"Shop","item":"https:\/\/floore.se\/en\/shop\/"},{"@type":"ListItem","position":3,"name":"Smart Button"}]},{"@type":"WebSite","@id":"https:\/\/floore.se\/#website","url":"https:\/\/floore.se\/","name":"Floor\u00e9 V\u00e4rmegolv","description":"Vattenburen golvv\u00e4rme \u2013 ett av marknadens tunnaste","potentialAction":[{"@type":"SearchAction","target":{"@type":"EntryPoint","urlTemplate":"https:\/\/floore.se\/?s={search_term_string}"},"query-input":{"@type":"PropertyValueSpecification","valueRequired":true,"valueName":"search_term_string"}}],"inLanguage":"en-US"}]}},"_links":{"self":[{"href":"https:\/\/floore.se\/en\/wp-json\/wp\/v2\/product\/12498","targetHints":{"allow":["GET"]}}],"collection":[{"href":"https:\/\/floore.se\/en\/wp-json\/wp\/v2\/product"}],"about":[{"href":"https:\/\/floore.se\/en\/wp-json\/wp\/v2\/types\/product"}],"replies":[{"embeddable":true,"href":"https:\/\/floore.se\/en\/wp-json\/wp\/v2\/comments?post=12498"}],"wp:featuredmedia":[{"embeddable":true,"href":"https:\/\/floore.se\/en\/wp-json\/wp\/v2\/media\/12351"}],"wp:attachment":[{"href":"https:\/\/floore.se\/en\/wp-json\/wp\/v2\/media?parent=12498"}],"wp:term":[{"taxonomy":"product_brand","embeddable":true,"href":"https:\/\/floore.se\/en\/wp-json\/wp\/v2\/product_brand?post=12498"},{"taxonomy":"product_cat","embeddable":true,"href":"https:\/\/floore.se\/en\/wp-json\/wp\/v2\/product_cat?post=12498"},{"taxonomy":"product_tag","embeddable":true,"href":"https:\/\/floore.se\/en\/wp-json\/wp\/v2\/product_tag?post=12498"}],"curies":[{"name":"wp","href":"https:\/\/api.w.org\/{rel}","templated":true}]}}