{"id":12497,"date":"2021-08-02T13:34:34","date_gmt":"2020-08-28T11:34:34","guid":{"rendered":"https:\/\/floore.se\/woofloore\/produkt\/12497\/"},"modified":"2020-09-09T14:23:01","modified_gmt":"2020-09-09T12:23:01","slug":"smoke-detector","status":"publish","type":"product","link":"https:\/\/floore.se\/en\/butik\/heating-control\/smart-home\/add-functions\/smoke-detector\/","title":{"rendered":"Smoke Detector"},"content":{"rendered":"<table cellspacing=\"0\" cellpadding=\"0\">\n<tbody>\n<colgroup>\n<col span=\"2\" style=\"width:50%;\">\n  <\/colgroup>\n<tr>\n<td class=\"td1\" valign=\"top\">\n<p class=\"p1\"><b>Features<\/b><\/p>\n<\/td>\n<td class=\"td1\" colspan=\"2\" valign=\"top\">\n<p class=\"p1\"><b>Benefits<\/b><\/p>\n<\/td>\n<\/tr>\n<tr>\n<td class=\"td1\" valign=\"top\">\n<p class=\"p2\">LED Warning Light<\/p>\n<\/td>\n<td class=\"td1\" valign=\"top\">\n<p class=\"p3\">Displays alarm status<\/p>\n<\/td>\n<\/tr>\n<tr>\n<td class=\"td1\" valign=\"top\">\n<p class=\"p2\">SMS \/ E-mail Warning (Smart Home System)<\/p>\n<\/td>\n<td class=\"td1\" valign=\"top\">\n<p class=\"p3\">When used with the Salus Smart Home system, it can send an<br \/>\nadditional message when it has been activated<\/p>\n<\/td>\n<\/tr>\n<tr>\n<td class=\"td1\" valign=\"top\">\n<p class=\"p2\">Audio Warning<\/p>\n<\/td>\n<td class=\"td1\" valign=\"top\">\n<p class=\"p3\">Loud audible alarm alerts you of activation \u226485dB\/3m<\/p>\n<\/td>\n<\/tr>\n<tr>\n<td class=\"td1\" valign=\"top\">\n<p class=\"p2\">Battery Powered<\/p>\n<\/td>\n<td class=\"td1\" valign=\"top\">\n<p class=\"p3\">Uses CR123A \/ CR17335 replaceable battery<\/p>\n<\/td>\n<\/tr>\n<\/tbody>\n<\/table>\n<p><h6>Basic Specification<\/h6>\n<\/p>\n<table class=\"t1\" cellspacing=\"0\" cellpadding=\"0\">\n<tbody>\n<colgroup>\n<col span=\"2\" style=\"width:50%;\">\n  <\/colgroup>\n<tr>\n<td class=\"td1\" valign=\"top\">\n<p class=\"p1\"><b>Power Supply:<\/b><\/p>\n<\/td>\n<td class=\"td1\" colspan=\"2\" valign=\"top\">\n<p class=\"p1\"><b>DC3V (CR123A lithium battery), Replaceable<\/b><\/p>\n<\/td>\n<\/tr>\n<tr>\n<td class=\"td1\" valign=\"top\">\n<p class=\"p2\">Battery Lifespan:<\/p>\n<\/td>\n<td class=\"td1\" valign=\"top\">\n<p class=\"p3\">Up to 3yr<\/p>\n<\/td>\n<\/tr>\n<tr>\n<td class=\"td1\" valign=\"top\">\n<p class=\"p2\">Wireless Standard:<\/p>\n<\/td>\n<td class=\"td1\" valign=\"top\">\n<p class=\"p3\">Zigbee 2.4 GHz HA1.2<\/p>\n<\/td>\n<\/tr>\n<tr>\n<td class=\"td1\" valign=\"top\">\n<p class=\"p2\">Smoke Sensitivity:<\/p>\n<\/td>\n<td class=\"td1\" valign=\"top\">\n<p class=\"p3\">Between 0.08 \u2013 0.25dB\/m<\/p>\n<\/td>\n<\/tr>\n<tr>\n<td class=\"td1\" valign=\"top\">\n<p class=\"p2\">Sound Level:<\/p>\n<\/td>\n<td class=\"td1\" valign=\"top\">\n<p class=\"p3\">. \u226485dB\/3m<\/p>\n<\/td>\n<\/tr>\n<tr>\n<td class=\"td1\" valign=\"top\">\n<p class=\"p2\">Certificate:<\/p>\n<\/td>\n<td class=\"td1\" valign=\"top\">\n<p class=\"p3\">CE (EN14604), ROHS, KC, FCC<\/p>\n<\/td>\n<\/tr>\n<tr>\n<td class=\"td1\" valign=\"top\">\n<p class=\"p2\">Dimension:<\/p>\n<\/td>\n<td class=\"td1\" valign=\"top\">\n<p class=\"p3\">60 x 60 x 49.2mm<\/p>\n<\/td>\n<\/tr>\n<tr>\n<td class=\"td1\" valign=\"top\">\n<p class=\"p2\">Warranty:<\/p>\n<\/td>\n<td class=\"td1\" valign=\"top\">\n<p class=\"p3\">5yr<\/p>\n<\/td>\n<\/tr>\n<\/tbody>\n<\/table>\n<div class=\"cs-content x-global-block x-global-block-12492 e12492-e0\"><div class=\"x-section e12492-e1 m9n0-0\"><div class=\"x-row e12492-e2 m9n0-1 m9n0-2\"><div class=\"x-row-inner\"><div class=\"x-col e12492-e3 m9n0-3 m9n0-4\"><div class=\"x-bg\" aria-hidden=\"true\"><div class=\"x-bg-layer-lower-image\"><\/div><\/div><span class=\"x-image e12492-e4 m9n0-6\"><img decoding=\"async\" src=\"https:\/\/floore.se\/wp-content\/uploads\/5yearwarranty.png\" width=\"136\" height=\"136\" alt=\"Image\" loading=\"lazy\"><\/span><\/div><div class=\"x-col e12492-e5 m9n0-3 m9n0-5\"><div class=\"x-text x-content e12492-e6 m9n0-7\"><p><strong>Part of our <a href=\"https:\/\/floore.se\/en\/floore-smart-home-systems\/\">Smart Home<\/a> family<br \/>\n<\/strong>This product is part of our Smart Home family. Smart Home gives you the ability to enjoy automation throughout your entire home, from wireless boiler & underfloor heating to wireless lighting and added security features for peace of mind.<\/p>\n<p><\/p>\n<p>Learn more in our <a href=\"https:\/\/floore.se\/en\/room-heating-control-guide\/\">guide for room control<\/a>.<\/p><\/div><\/div><\/div><\/div><\/div><\/div>\n","protected":false},"excerpt":{"rendered":"<p>The SD600 is a smart photoelectric smoke sensor, with ultra-low-power Zigbee wireless network technology. Once smoke has been detected the red LED flashes rapidly and sounds the alarm alerting you and your family. It can also send you an alert via email or text message when used with the SALUS Smart Home system.<\/p>\n","protected":false},"featured_media":12357,"comment_status":"closed","ping_status":"closed","template":"","meta":{"_acf_changed":false},"product_brand":[],"product_cat":[395,1266],"product_tag":[327],"class_list":{"0":"post-12497","1":"product","2":"type-product","3":"status-publish","4":"has-post-thumbnail","6":"product_cat-smart-home","7":"product_cat-add-functions","8":"product_tag-smart-home-en","11":"first","12":"instock","13":"taxable","14":"shipping-taxable","15":"purchasable","16":"product-type-simple"},"acf":[],"yoast_head":"<!-- This site is optimized with the Yoast SEO Premium plugin v26.3 (Yoast SEO v27.4) - https:\/\/yoast.com\/product\/yoast-seo-premium-wordpress\/ -->\n<title>Smart Smoke Detector &#8211; Floor\u00e9 V\u00e4rmegolv - photoelectric smoke sensor<\/title>\n<meta name=\"description\" content=\"The SD600 is a smart photoelectric smoke sensor, with ultra-low-power Zigbee wireless network technology.\" \/>\n<meta name=\"robots\" content=\"index, follow, max-snippet:-1, max-image-preview:large, max-video-preview:-1\" \/>\n<link rel=\"canonical\" href=\"https:\/\/floore.se\/en\/butik\/heating-control\/smart-home\/add-functions\/smoke-detector\/\" \/>\n<meta property=\"og:locale\" content=\"en_US\" \/>\n<meta property=\"og:type\" content=\"article\" \/>\n<meta property=\"og:title\" content=\"Smoke Detector\" \/>\n<meta property=\"og:description\" content=\"The SD600 is a smart photoelectric smoke sensor, with ultra-low-power Zigbee wireless network technology.\" \/>\n<meta property=\"og:url\" content=\"https:\/\/floore.se\/en\/butik\/heating-control\/smart-home\/add-functions\/smoke-detector\/\" \/>\n<meta property=\"og:site_name\" content=\"Floor\u00e9 V\u00e4rmegolv\" \/>\n<meta property=\"article:modified_time\" content=\"2020-09-09T12:23:01+00:00\" \/>\n<meta property=\"og:image\" content=\"https:\/\/floore.se\/wp-content\/uploads\/SD600-1.jpg\" \/>\n\t<meta property=\"og:image:width\" content=\"2000\" \/>\n\t<meta property=\"og:image:height\" content=\"2000\" \/>\n\t<meta property=\"og:image:type\" content=\"image\/jpeg\" \/>\n<script type=\"application\/ld+json\" class=\"yoast-schema-graph\">{\"@context\":\"https:\\\/\\\/schema.org\",\"@graph\":[{\"@type\":\"WebPage\",\"@id\":\"https:\\\/\\\/floore.se\\\/en\\\/butik\\\/heating-control\\\/smart-home\\\/add-functions\\\/smoke-detector\\\/\",\"url\":\"https:\\\/\\\/floore.se\\\/en\\\/butik\\\/heating-control\\\/smart-home\\\/add-functions\\\/smoke-detector\\\/\",\"name\":\"Smart Smoke Detector &#8211; Floor\u00e9 V\u00e4rmegolv - photoelectric smoke sensor\",\"isPartOf\":{\"@id\":\"https:\\\/\\\/floore.se\\\/#website\"},\"primaryImageOfPage\":{\"@id\":\"https:\\\/\\\/floore.se\\\/en\\\/butik\\\/heating-control\\\/smart-home\\\/add-functions\\\/smoke-detector\\\/#primaryimage\"},\"image\":{\"@id\":\"https:\\\/\\\/floore.se\\\/en\\\/butik\\\/heating-control\\\/smart-home\\\/add-functions\\\/smoke-detector\\\/#primaryimage\"},\"thumbnailUrl\":\"https:\\\/\\\/floore.se\\\/wp-content\\\/uploads\\\/SD600-1.jpg\",\"datePublished\":\"2020-08-28T11:34:34+00:00\",\"dateModified\":\"2020-09-09T12:23:01+00:00\",\"description\":\"The SD600 is a smart photoelectric smoke sensor, with ultra-low-power Zigbee wireless network technology.\",\"breadcrumb\":{\"@id\":\"https:\\\/\\\/floore.se\\\/en\\\/butik\\\/heating-control\\\/smart-home\\\/add-functions\\\/smoke-detector\\\/#breadcrumb\"},\"inLanguage\":\"en-US\",\"potentialAction\":[{\"@type\":\"ReadAction\",\"target\":[\"https:\\\/\\\/floore.se\\\/en\\\/butik\\\/heating-control\\\/smart-home\\\/add-functions\\\/smoke-detector\\\/\"]}]},{\"@type\":\"ImageObject\",\"inLanguage\":\"en-US\",\"@id\":\"https:\\\/\\\/floore.se\\\/en\\\/butik\\\/heating-control\\\/smart-home\\\/add-functions\\\/smoke-detector\\\/#primaryimage\",\"url\":\"https:\\\/\\\/floore.se\\\/wp-content\\\/uploads\\\/SD600-1.jpg\",\"contentUrl\":\"https:\\\/\\\/floore.se\\\/wp-content\\\/uploads\\\/SD600-1.jpg\",\"width\":2000,\"height\":2000,\"caption\":\"Smoke Detector\"},{\"@type\":\"BreadcrumbList\",\"@id\":\"https:\\\/\\\/floore.se\\\/en\\\/butik\\\/heating-control\\\/smart-home\\\/add-functions\\\/smoke-detector\\\/#breadcrumb\",\"itemListElement\":[{\"@type\":\"ListItem\",\"position\":1,\"name\":\"Hem\",\"item\":\"https:\\\/\\\/floore.se\\\/en\\\/golvvarme-unik-vattenburen-golvvarme-floore-varmegolv\\\/\"},{\"@type\":\"ListItem\",\"position\":2,\"name\":\"Shop\",\"item\":\"https:\\\/\\\/floore.se\\\/en\\\/shop\\\/\"},{\"@type\":\"ListItem\",\"position\":3,\"name\":\"Smoke Detector\"}]},{\"@type\":\"WebSite\",\"@id\":\"https:\\\/\\\/floore.se\\\/#website\",\"url\":\"https:\\\/\\\/floore.se\\\/\",\"name\":\"Floor\u00e9 V\u00e4rmegolv\",\"description\":\"Vattenburen golvv\u00e4rme \u2013 ett av marknadens tunnaste\",\"potentialAction\":[{\"@type\":\"SearchAction\",\"target\":{\"@type\":\"EntryPoint\",\"urlTemplate\":\"https:\\\/\\\/floore.se\\\/?s={search_term_string}\"},\"query-input\":{\"@type\":\"PropertyValueSpecification\",\"valueRequired\":true,\"valueName\":\"search_term_string\"}}],\"inLanguage\":\"en-US\"}]}<\/script>\n<!-- \/ Yoast SEO Premium plugin. -->","yoast_head_json":{"title":"Smart Smoke Detector &#8211; Floor\u00e9 V\u00e4rmegolv - photoelectric smoke sensor","description":"The SD600 is a smart photoelectric smoke sensor, with ultra-low-power Zigbee wireless network technology.","robots":{"index":"index","follow":"follow","max-snippet":"max-snippet:-1","max-image-preview":"max-image-preview:large","max-video-preview":"max-video-preview:-1"},"canonical":"https:\/\/floore.se\/en\/butik\/heating-control\/smart-home\/add-functions\/smoke-detector\/","og_locale":"en_US","og_type":"article","og_title":"Smoke Detector","og_description":"The SD600 is a smart photoelectric smoke sensor, with ultra-low-power Zigbee wireless network technology.","og_url":"https:\/\/floore.se\/en\/butik\/heating-control\/smart-home\/add-functions\/smoke-detector\/","og_site_name":"Floor\u00e9 V\u00e4rmegolv","article_modified_time":"2020-09-09T12:23:01+00:00","og_image":[{"width":2000,"height":2000,"url":"https:\/\/floore.se\/wp-content\/uploads\/SD600-1.jpg","type":"image\/jpeg"}],"schema":{"@context":"https:\/\/schema.org","@graph":[{"@type":"WebPage","@id":"https:\/\/floore.se\/en\/butik\/heating-control\/smart-home\/add-functions\/smoke-detector\/","url":"https:\/\/floore.se\/en\/butik\/heating-control\/smart-home\/add-functions\/smoke-detector\/","name":"Smart Smoke Detector &#8211; Floor\u00e9 V\u00e4rmegolv - photoelectric smoke sensor","isPartOf":{"@id":"https:\/\/floore.se\/#website"},"primaryImageOfPage":{"@id":"https:\/\/floore.se\/en\/butik\/heating-control\/smart-home\/add-functions\/smoke-detector\/#primaryimage"},"image":{"@id":"https:\/\/floore.se\/en\/butik\/heating-control\/smart-home\/add-functions\/smoke-detector\/#primaryimage"},"thumbnailUrl":"https:\/\/floore.se\/wp-content\/uploads\/SD600-1.jpg","datePublished":"2020-08-28T11:34:34+00:00","dateModified":"2020-09-09T12:23:01+00:00","description":"The SD600 is a smart photoelectric smoke sensor, with ultra-low-power Zigbee wireless network technology.","breadcrumb":{"@id":"https:\/\/floore.se\/en\/butik\/heating-control\/smart-home\/add-functions\/smoke-detector\/#breadcrumb"},"inLanguage":"en-US","potentialAction":[{"@type":"ReadAction","target":["https:\/\/floore.se\/en\/butik\/heating-control\/smart-home\/add-functions\/smoke-detector\/"]}]},{"@type":"ImageObject","inLanguage":"en-US","@id":"https:\/\/floore.se\/en\/butik\/heating-control\/smart-home\/add-functions\/smoke-detector\/#primaryimage","url":"https:\/\/floore.se\/wp-content\/uploads\/SD600-1.jpg","contentUrl":"https:\/\/floore.se\/wp-content\/uploads\/SD600-1.jpg","width":2000,"height":2000,"caption":"Smoke Detector"},{"@type":"BreadcrumbList","@id":"https:\/\/floore.se\/en\/butik\/heating-control\/smart-home\/add-functions\/smoke-detector\/#breadcrumb","itemListElement":[{"@type":"ListItem","position":1,"name":"Hem","item":"https:\/\/floore.se\/en\/golvvarme-unik-vattenburen-golvvarme-floore-varmegolv\/"},{"@type":"ListItem","position":2,"name":"Shop","item":"https:\/\/floore.se\/en\/shop\/"},{"@type":"ListItem","position":3,"name":"Smoke Detector"}]},{"@type":"WebSite","@id":"https:\/\/floore.se\/#website","url":"https:\/\/floore.se\/","name":"Floor\u00e9 V\u00e4rmegolv","description":"Vattenburen golvv\u00e4rme \u2013 ett av marknadens tunnaste","potentialAction":[{"@type":"SearchAction","target":{"@type":"EntryPoint","urlTemplate":"https:\/\/floore.se\/?s={search_term_string}"},"query-input":{"@type":"PropertyValueSpecification","valueRequired":true,"valueName":"search_term_string"}}],"inLanguage":"en-US"}]}},"_links":{"self":[{"href":"https:\/\/floore.se\/en\/wp-json\/wp\/v2\/product\/12497","targetHints":{"allow":["GET"]}}],"collection":[{"href":"https:\/\/floore.se\/en\/wp-json\/wp\/v2\/product"}],"about":[{"href":"https:\/\/floore.se\/en\/wp-json\/wp\/v2\/types\/product"}],"replies":[{"embeddable":true,"href":"https:\/\/floore.se\/en\/wp-json\/wp\/v2\/comments?post=12497"}],"wp:featuredmedia":[{"embeddable":true,"href":"https:\/\/floore.se\/en\/wp-json\/wp\/v2\/media\/12357"}],"wp:attachment":[{"href":"https:\/\/floore.se\/en\/wp-json\/wp\/v2\/media?parent=12497"}],"wp:term":[{"taxonomy":"product_brand","embeddable":true,"href":"https:\/\/floore.se\/en\/wp-json\/wp\/v2\/product_brand?post=12497"},{"taxonomy":"product_cat","embeddable":true,"href":"https:\/\/floore.se\/en\/wp-json\/wp\/v2\/product_cat?post=12497"},{"taxonomy":"product_tag","embeddable":true,"href":"https:\/\/floore.se\/en\/wp-json\/wp\/v2\/product_tag?post=12497"}],"curies":[{"name":"wp","href":"https:\/\/api.w.org\/{rel}","templated":true}]}}