{"id":12337,"date":"2021-07-28T11:04:52","date_gmt":"2020-08-28T09:04:52","guid":{"rendered":"https:\/\/floore.se\/woofloore\/?post_type=product&#038;p=12337"},"modified":"2020-09-09T13:47:58","modified_gmt":"2020-09-09T11:47:58","slug":"repeater","status":"publish","type":"product","link":"https:\/\/floore.se\/en\/butik\/heating-control\/smart-home\/smart-home-accessories\/repeater\/","title":{"rendered":"Repeater"},"content":{"rendered":"<p><strong>Description:<\/strong><\/p>\n<ul>\n<li>Power Supply: 230V AC 50Hz<\/li>\n<li>5 year warranty<\/li>\n<li>Wireless Standard: 2.4Ghz Zigbee<\/li>\n<li>RE600 Size (mm): W-45 H-45 D-20<\/li>\n<li>SRS600 (Wall mount) Size (mm): W-84 H-84 D-28<\/li>\n<\/ul>\n<div class=\"cs-content x-global-block x-global-block-12492 e12492-e0\"><div class=\"x-section e12492-e1 m9n0-0\"><div class=\"x-row e12492-e2 m9n0-1 m9n0-2\"><div class=\"x-row-inner\"><div class=\"x-col e12492-e3 m9n0-3 m9n0-4\"><div class=\"x-bg\" aria-hidden=\"true\"><div class=\"x-bg-layer-lower-image\"><\/div><\/div><span class=\"x-image e12492-e4 m9n0-6\"><img decoding=\"async\" src=\"https:\/\/floore.se\/wp-content\/uploads\/5yearwarranty.png\" width=\"136\" height=\"136\" alt=\"Image\" loading=\"lazy\"><\/span><\/div><div class=\"x-col e12492-e5 m9n0-3 m9n0-5\"><div class=\"x-text x-content e12492-e6 m9n0-7\"><p><strong>Part of our <a href=\"https:\/\/floore.se\/en\/floore-smart-home-systems\/\">Smart Home<\/a> family<br \/>\n<\/strong>This product is part of our Smart Home family. Smart Home gives you the ability to enjoy automation throughout your entire home, from wireless boiler & underfloor heating to wireless lighting and added security features for peace of mind.<\/p>\n<p><\/p>\n<p>Learn more in our <a href=\"https:\/\/floore.se\/en\/room-heating-control-guide\/\">guide for room control<\/a>.<\/p><\/div><\/div><\/div><\/div><\/div><\/div>\n","protected":false},"excerpt":{"rendered":"<p>The repeater is a simple device that connects wirelessly with the Universal Gateway to integrate as part of the Smart Home system. If you have a black spot \u2013 an area in your home where you can\u2019t access the ZigBee signal from the gateway \u2013 or there\u2019s a problem with the range of your ZigBee signal, the RE600 repeater can help you get connected in that part of your home, by extending the range of the signal. The RE600 comes with the SRS600 wall mount.<br \/>\n5 year warranty.<\/p>\n","protected":false},"featured_media":12339,"comment_status":"closed","ping_status":"closed","template":"","meta":{"_acf_changed":false},"product_brand":[],"product_cat":[395,1269],"product_tag":[410,327],"class_list":{"0":"post-12337","1":"product","2":"type-product","3":"status-publish","4":"has-post-thumbnail","6":"product_cat-smart-home","7":"product_cat-smart-home-accessories","8":"product_tag-heat-control","9":"product_tag-smart-home-en","12":"first","13":"instock","14":"taxable","15":"shipping-taxable","16":"purchasable","17":"product-type-simple"},"acf":[],"yoast_head":"<!-- This site is optimized with the Yoast SEO Premium plugin v26.3 (Yoast SEO v27.5) - https:\/\/yoast.com\/product\/yoast-seo-premium-wordpress\/ -->\n<title>Repeater &#8211; Floor\u00e9 V\u00e4rmegolv - Amplified wireless signal<\/title>\n<meta name=\"description\" content=\"The repeater is a simple device that connects wirelessly with the Universal Gateway to integrate as part of the Smart Home system.\" \/>\n<meta name=\"robots\" content=\"index, follow, max-snippet:-1, max-image-preview:large, max-video-preview:-1\" \/>\n<link rel=\"canonical\" href=\"https:\/\/floore.se\/en\/butik\/heating-control\/smart-home\/smart-home-accessories\/repeater\/\" \/>\n<meta property=\"og:locale\" content=\"en_US\" \/>\n<meta property=\"og:type\" content=\"article\" \/>\n<meta property=\"og:title\" content=\"Repeater\" \/>\n<meta property=\"og:description\" content=\"The repeater is a simple device that connects wirelessly with the Universal Gateway to integrate as part of the Smart Home system.\" \/>\n<meta property=\"og:url\" content=\"https:\/\/floore.se\/en\/butik\/heating-control\/smart-home\/smart-home-accessories\/repeater\/\" \/>\n<meta property=\"og:site_name\" content=\"Floor\u00e9 V\u00e4rmegolv\" \/>\n<meta property=\"article:modified_time\" content=\"2020-09-09T11:47:58+00:00\" \/>\n<meta property=\"og:image\" content=\"https:\/\/floore.se\/wp-content\/uploads\/RE600.jpg\" \/>\n\t<meta property=\"og:image:width\" content=\"2000\" \/>\n\t<meta property=\"og:image:height\" content=\"2000\" \/>\n\t<meta property=\"og:image:type\" content=\"image\/jpeg\" \/>\n<script type=\"application\/ld+json\" class=\"yoast-schema-graph\">{\"@context\":\"https:\\\/\\\/schema.org\",\"@graph\":[{\"@type\":\"WebPage\",\"@id\":\"https:\\\/\\\/floore.se\\\/en\\\/butik\\\/heating-control\\\/smart-home\\\/smart-home-accessories\\\/repeater\\\/\",\"url\":\"https:\\\/\\\/floore.se\\\/en\\\/butik\\\/heating-control\\\/smart-home\\\/smart-home-accessories\\\/repeater\\\/\",\"name\":\"Repeater &#8211; Floor\u00e9 V\u00e4rmegolv - Amplified wireless signal\",\"isPartOf\":{\"@id\":\"https:\\\/\\\/floore.se\\\/#website\"},\"primaryImageOfPage\":{\"@id\":\"https:\\\/\\\/floore.se\\\/en\\\/butik\\\/heating-control\\\/smart-home\\\/smart-home-accessories\\\/repeater\\\/#primaryimage\"},\"image\":{\"@id\":\"https:\\\/\\\/floore.se\\\/en\\\/butik\\\/heating-control\\\/smart-home\\\/smart-home-accessories\\\/repeater\\\/#primaryimage\"},\"thumbnailUrl\":\"https:\\\/\\\/floore.se\\\/wp-content\\\/uploads\\\/RE600.jpg\",\"datePublished\":\"2020-08-28T09:04:52+00:00\",\"dateModified\":\"2020-09-09T11:47:58+00:00\",\"description\":\"The repeater is a simple device that connects wirelessly with the Universal Gateway to integrate as part of the Smart Home system.\",\"breadcrumb\":{\"@id\":\"https:\\\/\\\/floore.se\\\/en\\\/butik\\\/heating-control\\\/smart-home\\\/smart-home-accessories\\\/repeater\\\/#breadcrumb\"},\"inLanguage\":\"en-US\",\"potentialAction\":[{\"@type\":\"ReadAction\",\"target\":[\"https:\\\/\\\/floore.se\\\/en\\\/butik\\\/heating-control\\\/smart-home\\\/smart-home-accessories\\\/repeater\\\/\"]}]},{\"@type\":\"ImageObject\",\"inLanguage\":\"en-US\",\"@id\":\"https:\\\/\\\/floore.se\\\/en\\\/butik\\\/heating-control\\\/smart-home\\\/smart-home-accessories\\\/repeater\\\/#primaryimage\",\"url\":\"https:\\\/\\\/floore.se\\\/wp-content\\\/uploads\\\/RE600.jpg\",\"contentUrl\":\"https:\\\/\\\/floore.se\\\/wp-content\\\/uploads\\\/RE600.jpg\",\"width\":2000,\"height\":2000,\"caption\":\"Repeater RE600\"},{\"@type\":\"BreadcrumbList\",\"@id\":\"https:\\\/\\\/floore.se\\\/en\\\/butik\\\/heating-control\\\/smart-home\\\/smart-home-accessories\\\/repeater\\\/#breadcrumb\",\"itemListElement\":[{\"@type\":\"ListItem\",\"position\":1,\"name\":\"Hem\",\"item\":\"https:\\\/\\\/floore.se\\\/en\\\/golvvarme-unik-vattenburen-golvvarme-floore-varmegolv\\\/\"},{\"@type\":\"ListItem\",\"position\":2,\"name\":\"Shop\",\"item\":\"https:\\\/\\\/floore.se\\\/en\\\/shop\\\/\"},{\"@type\":\"ListItem\",\"position\":3,\"name\":\"Repeater\"}]},{\"@type\":\"WebSite\",\"@id\":\"https:\\\/\\\/floore.se\\\/#website\",\"url\":\"https:\\\/\\\/floore.se\\\/\",\"name\":\"Floor\u00e9 V\u00e4rmegolv\",\"description\":\"Vattenburen golvv\u00e4rme \u2013 ett av marknadens tunnaste\",\"potentialAction\":[{\"@type\":\"SearchAction\",\"target\":{\"@type\":\"EntryPoint\",\"urlTemplate\":\"https:\\\/\\\/floore.se\\\/?s={search_term_string}\"},\"query-input\":{\"@type\":\"PropertyValueSpecification\",\"valueRequired\":true,\"valueName\":\"search_term_string\"}}],\"inLanguage\":\"en-US\"}]}<\/script>\n<!-- \/ Yoast SEO Premium plugin. -->","yoast_head_json":{"title":"Repeater &#8211; Floor\u00e9 V\u00e4rmegolv - Amplified wireless signal","description":"The repeater is a simple device that connects wirelessly with the Universal Gateway to integrate as part of the Smart Home system.","robots":{"index":"index","follow":"follow","max-snippet":"max-snippet:-1","max-image-preview":"max-image-preview:large","max-video-preview":"max-video-preview:-1"},"canonical":"https:\/\/floore.se\/en\/butik\/heating-control\/smart-home\/smart-home-accessories\/repeater\/","og_locale":"en_US","og_type":"article","og_title":"Repeater","og_description":"The repeater is a simple device that connects wirelessly with the Universal Gateway to integrate as part of the Smart Home system.","og_url":"https:\/\/floore.se\/en\/butik\/heating-control\/smart-home\/smart-home-accessories\/repeater\/","og_site_name":"Floor\u00e9 V\u00e4rmegolv","article_modified_time":"2020-09-09T11:47:58+00:00","og_image":[{"width":2000,"height":2000,"url":"https:\/\/floore.se\/wp-content\/uploads\/RE600.jpg","type":"image\/jpeg"}],"schema":{"@context":"https:\/\/schema.org","@graph":[{"@type":"WebPage","@id":"https:\/\/floore.se\/en\/butik\/heating-control\/smart-home\/smart-home-accessories\/repeater\/","url":"https:\/\/floore.se\/en\/butik\/heating-control\/smart-home\/smart-home-accessories\/repeater\/","name":"Repeater &#8211; Floor\u00e9 V\u00e4rmegolv - Amplified wireless signal","isPartOf":{"@id":"https:\/\/floore.se\/#website"},"primaryImageOfPage":{"@id":"https:\/\/floore.se\/en\/butik\/heating-control\/smart-home\/smart-home-accessories\/repeater\/#primaryimage"},"image":{"@id":"https:\/\/floore.se\/en\/butik\/heating-control\/smart-home\/smart-home-accessories\/repeater\/#primaryimage"},"thumbnailUrl":"https:\/\/floore.se\/wp-content\/uploads\/RE600.jpg","datePublished":"2020-08-28T09:04:52+00:00","dateModified":"2020-09-09T11:47:58+00:00","description":"The repeater is a simple device that connects wirelessly with the Universal Gateway to integrate as part of the Smart Home system.","breadcrumb":{"@id":"https:\/\/floore.se\/en\/butik\/heating-control\/smart-home\/smart-home-accessories\/repeater\/#breadcrumb"},"inLanguage":"en-US","potentialAction":[{"@type":"ReadAction","target":["https:\/\/floore.se\/en\/butik\/heating-control\/smart-home\/smart-home-accessories\/repeater\/"]}]},{"@type":"ImageObject","inLanguage":"en-US","@id":"https:\/\/floore.se\/en\/butik\/heating-control\/smart-home\/smart-home-accessories\/repeater\/#primaryimage","url":"https:\/\/floore.se\/wp-content\/uploads\/RE600.jpg","contentUrl":"https:\/\/floore.se\/wp-content\/uploads\/RE600.jpg","width":2000,"height":2000,"caption":"Repeater RE600"},{"@type":"BreadcrumbList","@id":"https:\/\/floore.se\/en\/butik\/heating-control\/smart-home\/smart-home-accessories\/repeater\/#breadcrumb","itemListElement":[{"@type":"ListItem","position":1,"name":"Hem","item":"https:\/\/floore.se\/en\/golvvarme-unik-vattenburen-golvvarme-floore-varmegolv\/"},{"@type":"ListItem","position":2,"name":"Shop","item":"https:\/\/floore.se\/en\/shop\/"},{"@type":"ListItem","position":3,"name":"Repeater"}]},{"@type":"WebSite","@id":"https:\/\/floore.se\/#website","url":"https:\/\/floore.se\/","name":"Floor\u00e9 V\u00e4rmegolv","description":"Vattenburen golvv\u00e4rme \u2013 ett av marknadens tunnaste","potentialAction":[{"@type":"SearchAction","target":{"@type":"EntryPoint","urlTemplate":"https:\/\/floore.se\/?s={search_term_string}"},"query-input":{"@type":"PropertyValueSpecification","valueRequired":true,"valueName":"search_term_string"}}],"inLanguage":"en-US"}]}},"_links":{"self":[{"href":"https:\/\/floore.se\/en\/wp-json\/wp\/v2\/product\/12337","targetHints":{"allow":["GET"]}}],"collection":[{"href":"https:\/\/floore.se\/en\/wp-json\/wp\/v2\/product"}],"about":[{"href":"https:\/\/floore.se\/en\/wp-json\/wp\/v2\/types\/product"}],"replies":[{"embeddable":true,"href":"https:\/\/floore.se\/en\/wp-json\/wp\/v2\/comments?post=12337"}],"wp:featuredmedia":[{"embeddable":true,"href":"https:\/\/floore.se\/en\/wp-json\/wp\/v2\/media\/12339"}],"wp:attachment":[{"href":"https:\/\/floore.se\/en\/wp-json\/wp\/v2\/media?parent=12337"}],"wp:term":[{"taxonomy":"product_brand","embeddable":true,"href":"https:\/\/floore.se\/en\/wp-json\/wp\/v2\/product_brand?post=12337"},{"taxonomy":"product_cat","embeddable":true,"href":"https:\/\/floore.se\/en\/wp-json\/wp\/v2\/product_cat?post=12337"},{"taxonomy":"product_tag","embeddable":true,"href":"https:\/\/floore.se\/en\/wp-json\/wp\/v2\/product_tag?post=12337"}],"curies":[{"name":"wp","href":"https:\/\/api.w.org\/{rel}","templated":true}]}}