{"id":12116,"date":"2022-03-19T11:33:51","date_gmt":"2019-12-20T10:33:51","guid":{"rendered":"https:\/\/floore.se\/woofloore\/produkt\/preassembled-manifold-cabinet-with-shunt-for-in-wall-mounting-2\/"},"modified":"2020-09-21T08:34:52","modified_gmt":"2020-09-21T06:34:52","slug":"preassembled-manifold-cabinet-for-in-wall-mounting","status":"publish","type":"product","link":"https:\/\/floore.se\/en\/butik\/manifold\/preassembled-manifold-cabinet-for-in-wall-mounting\/","title":{"rendered":"Preassembled manifold cabinet for in wall mounting"},"content":{"rendered":"","protected":false},"excerpt":{"rendered":"<p>To shorten the time on the construction site, we offer pre-assembled floor cabinets complete with manifolds and controls. We take care of a correct and efficient assembly in our factory so that you can focus on other things. Our cabinets are built into the wall and hide the manifold and shunt. The cabinets make it even easier for you to install underfloor heating because they are delivered preassembled with the necessary parts you need for your system. The cabinet protects against possible pipe leakage and is recommended by the insurance companies. Contains: manifold, actuator, wireless junction box KL08RF and ball valve.<\/p>\n","protected":false},"featured_media":16277,"comment_status":"closed","ping_status":"closed","template":"","meta":{"_acf_changed":false},"product_brand":[],"product_cat":[1261,284],"product_tag":[],"class_list":{"0":"post-12116","1":"product","2":"type-product","3":"status-publish","4":"has-post-thumbnail","6":"product_cat-prefabricated-cabinets","7":"product_cat-manifold","10":"first","11":"instock","12":"taxable","13":"shipping-taxable","14":"purchasable","15":"product-type-variable"},"acf":[],"yoast_head":"<!-- This site is optimized with the Yoast SEO Premium plugin v26.3 (Yoast SEO v27.4) - https:\/\/yoast.com\/product\/yoast-seo-premium-wordpress\/ -->\n<title>Preassembled manifold cabinet for in wall mounting &#8211; Floor\u00e9 V\u00e4rmegolv<\/title>\n<meta name=\"description\" content=\"Preassembled manifold cabinet with shunt for in wall mounting\" \/>\n<meta name=\"robots\" content=\"index, follow, max-snippet:-1, max-image-preview:large, max-video-preview:-1\" \/>\n<link rel=\"canonical\" href=\"https:\/\/floore.se\/en\/butik\/manifold\/preassembled-manifold-cabinet-for-in-wall-mounting\/\" \/>\n<meta property=\"og:locale\" content=\"en_US\" \/>\n<meta property=\"og:type\" content=\"article\" \/>\n<meta property=\"og:title\" content=\"Preassembled manifold cabinet for in wall mounting\" \/>\n<meta property=\"og:description\" content=\"Preassembled manifold cabinet with shunt for in wall mounting\" \/>\n<meta property=\"og:url\" content=\"https:\/\/floore.se\/en\/butik\/manifold\/preassembled-manifold-cabinet-for-in-wall-mounting\/\" \/>\n<meta property=\"og:site_name\" content=\"Floor\u00e9 V\u00e4rmegolv\" \/>\n<meta property=\"article:modified_time\" content=\"2020-09-21T06:34:52+00:00\" \/>\n<meta property=\"og:image\" content=\"https:\/\/floore.se\/wp-content\/uploads\/41536.jpg\" \/>\n\t<meta property=\"og:image:width\" content=\"1200\" \/>\n\t<meta property=\"og:image:height\" content=\"1200\" \/>\n\t<meta property=\"og:image:type\" content=\"image\/jpeg\" \/>\n<script type=\"application\/ld+json\" class=\"yoast-schema-graph\">{\"@context\":\"https:\\\/\\\/schema.org\",\"@graph\":[{\"@type\":\"WebPage\",\"@id\":\"https:\\\/\\\/floore.se\\\/en\\\/butik\\\/manifold\\\/preassembled-manifold-cabinet-for-in-wall-mounting\\\/\",\"url\":\"https:\\\/\\\/floore.se\\\/en\\\/butik\\\/manifold\\\/preassembled-manifold-cabinet-for-in-wall-mounting\\\/\",\"name\":\"Preassembled manifold cabinet for in wall mounting &#8211; Floor\u00e9 V\u00e4rmegolv\",\"isPartOf\":{\"@id\":\"https:\\\/\\\/floore.se\\\/#website\"},\"primaryImageOfPage\":{\"@id\":\"https:\\\/\\\/floore.se\\\/en\\\/butik\\\/manifold\\\/preassembled-manifold-cabinet-for-in-wall-mounting\\\/#primaryimage\"},\"image\":{\"@id\":\"https:\\\/\\\/floore.se\\\/en\\\/butik\\\/manifold\\\/preassembled-manifold-cabinet-for-in-wall-mounting\\\/#primaryimage\"},\"thumbnailUrl\":\"https:\\\/\\\/floore.se\\\/wp-content\\\/uploads\\\/41536.jpg\",\"datePublished\":\"2019-12-20T10:33:51+00:00\",\"dateModified\":\"2020-09-21T06:34:52+00:00\",\"description\":\"Preassembled manifold cabinet with shunt for in wall mounting\",\"breadcrumb\":{\"@id\":\"https:\\\/\\\/floore.se\\\/en\\\/butik\\\/manifold\\\/preassembled-manifold-cabinet-for-in-wall-mounting\\\/#breadcrumb\"},\"inLanguage\":\"en-US\",\"potentialAction\":[{\"@type\":\"ReadAction\",\"target\":[\"https:\\\/\\\/floore.se\\\/en\\\/butik\\\/manifold\\\/preassembled-manifold-cabinet-for-in-wall-mounting\\\/\"]}]},{\"@type\":\"ImageObject\",\"inLanguage\":\"en-US\",\"@id\":\"https:\\\/\\\/floore.se\\\/en\\\/butik\\\/manifold\\\/preassembled-manifold-cabinet-for-in-wall-mounting\\\/#primaryimage\",\"url\":\"https:\\\/\\\/floore.se\\\/wp-content\\\/uploads\\\/41536.jpg\",\"contentUrl\":\"https:\\\/\\\/floore.se\\\/wp-content\\\/uploads\\\/41536.jpg\",\"width\":1200,\"height\":1200},{\"@type\":\"BreadcrumbList\",\"@id\":\"https:\\\/\\\/floore.se\\\/en\\\/butik\\\/manifold\\\/preassembled-manifold-cabinet-for-in-wall-mounting\\\/#breadcrumb\",\"itemListElement\":[{\"@type\":\"ListItem\",\"position\":1,\"name\":\"Hem\",\"item\":\"https:\\\/\\\/floore.se\\\/en\\\/golvvarme-unik-vattenburen-golvvarme-floore-varmegolv\\\/\"},{\"@type\":\"ListItem\",\"position\":2,\"name\":\"Shop\",\"item\":\"https:\\\/\\\/floore.se\\\/en\\\/shop\\\/\"},{\"@type\":\"ListItem\",\"position\":3,\"name\":\"Preassembled manifold cabinet for in wall mounting\"}]},{\"@type\":\"WebSite\",\"@id\":\"https:\\\/\\\/floore.se\\\/#website\",\"url\":\"https:\\\/\\\/floore.se\\\/\",\"name\":\"Floor\u00e9 V\u00e4rmegolv\",\"description\":\"Vattenburen golvv\u00e4rme \u2013 ett av marknadens tunnaste\",\"potentialAction\":[{\"@type\":\"SearchAction\",\"target\":{\"@type\":\"EntryPoint\",\"urlTemplate\":\"https:\\\/\\\/floore.se\\\/?s={search_term_string}\"},\"query-input\":{\"@type\":\"PropertyValueSpecification\",\"valueRequired\":true,\"valueName\":\"search_term_string\"}}],\"inLanguage\":\"en-US\"}]}<\/script>\n<!-- \/ Yoast SEO Premium plugin. -->","yoast_head_json":{"title":"Preassembled manifold cabinet for in wall mounting &#8211; Floor\u00e9 V\u00e4rmegolv","description":"Preassembled manifold cabinet with shunt for in wall mounting","robots":{"index":"index","follow":"follow","max-snippet":"max-snippet:-1","max-image-preview":"max-image-preview:large","max-video-preview":"max-video-preview:-1"},"canonical":"https:\/\/floore.se\/en\/butik\/manifold\/preassembled-manifold-cabinet-for-in-wall-mounting\/","og_locale":"en_US","og_type":"article","og_title":"Preassembled manifold cabinet for in wall mounting","og_description":"Preassembled manifold cabinet with shunt for in wall mounting","og_url":"https:\/\/floore.se\/en\/butik\/manifold\/preassembled-manifold-cabinet-for-in-wall-mounting\/","og_site_name":"Floor\u00e9 V\u00e4rmegolv","article_modified_time":"2020-09-21T06:34:52+00:00","og_image":[{"width":1200,"height":1200,"url":"https:\/\/floore.se\/wp-content\/uploads\/41536.jpg","type":"image\/jpeg"}],"schema":{"@context":"https:\/\/schema.org","@graph":[{"@type":"WebPage","@id":"https:\/\/floore.se\/en\/butik\/manifold\/preassembled-manifold-cabinet-for-in-wall-mounting\/","url":"https:\/\/floore.se\/en\/butik\/manifold\/preassembled-manifold-cabinet-for-in-wall-mounting\/","name":"Preassembled manifold cabinet for in wall mounting &#8211; Floor\u00e9 V\u00e4rmegolv","isPartOf":{"@id":"https:\/\/floore.se\/#website"},"primaryImageOfPage":{"@id":"https:\/\/floore.se\/en\/butik\/manifold\/preassembled-manifold-cabinet-for-in-wall-mounting\/#primaryimage"},"image":{"@id":"https:\/\/floore.se\/en\/butik\/manifold\/preassembled-manifold-cabinet-for-in-wall-mounting\/#primaryimage"},"thumbnailUrl":"https:\/\/floore.se\/wp-content\/uploads\/41536.jpg","datePublished":"2019-12-20T10:33:51+00:00","dateModified":"2020-09-21T06:34:52+00:00","description":"Preassembled manifold cabinet with shunt for in wall mounting","breadcrumb":{"@id":"https:\/\/floore.se\/en\/butik\/manifold\/preassembled-manifold-cabinet-for-in-wall-mounting\/#breadcrumb"},"inLanguage":"en-US","potentialAction":[{"@type":"ReadAction","target":["https:\/\/floore.se\/en\/butik\/manifold\/preassembled-manifold-cabinet-for-in-wall-mounting\/"]}]},{"@type":"ImageObject","inLanguage":"en-US","@id":"https:\/\/floore.se\/en\/butik\/manifold\/preassembled-manifold-cabinet-for-in-wall-mounting\/#primaryimage","url":"https:\/\/floore.se\/wp-content\/uploads\/41536.jpg","contentUrl":"https:\/\/floore.se\/wp-content\/uploads\/41536.jpg","width":1200,"height":1200},{"@type":"BreadcrumbList","@id":"https:\/\/floore.se\/en\/butik\/manifold\/preassembled-manifold-cabinet-for-in-wall-mounting\/#breadcrumb","itemListElement":[{"@type":"ListItem","position":1,"name":"Hem","item":"https:\/\/floore.se\/en\/golvvarme-unik-vattenburen-golvvarme-floore-varmegolv\/"},{"@type":"ListItem","position":2,"name":"Shop","item":"https:\/\/floore.se\/en\/shop\/"},{"@type":"ListItem","position":3,"name":"Preassembled manifold cabinet for in wall mounting"}]},{"@type":"WebSite","@id":"https:\/\/floore.se\/#website","url":"https:\/\/floore.se\/","name":"Floor\u00e9 V\u00e4rmegolv","description":"Vattenburen golvv\u00e4rme \u2013 ett av marknadens tunnaste","potentialAction":[{"@type":"SearchAction","target":{"@type":"EntryPoint","urlTemplate":"https:\/\/floore.se\/?s={search_term_string}"},"query-input":{"@type":"PropertyValueSpecification","valueRequired":true,"valueName":"search_term_string"}}],"inLanguage":"en-US"}]}},"_links":{"self":[{"href":"https:\/\/floore.se\/en\/wp-json\/wp\/v2\/product\/12116","targetHints":{"allow":["GET"]}}],"collection":[{"href":"https:\/\/floore.se\/en\/wp-json\/wp\/v2\/product"}],"about":[{"href":"https:\/\/floore.se\/en\/wp-json\/wp\/v2\/types\/product"}],"replies":[{"embeddable":true,"href":"https:\/\/floore.se\/en\/wp-json\/wp\/v2\/comments?post=12116"}],"wp:featuredmedia":[{"embeddable":true,"href":"https:\/\/floore.se\/en\/wp-json\/wp\/v2\/media\/16277"}],"wp:attachment":[{"href":"https:\/\/floore.se\/en\/wp-json\/wp\/v2\/media?parent=12116"}],"wp:term":[{"taxonomy":"product_brand","embeddable":true,"href":"https:\/\/floore.se\/en\/wp-json\/wp\/v2\/product_brand?post=12116"},{"taxonomy":"product_cat","embeddable":true,"href":"https:\/\/floore.se\/en\/wp-json\/wp\/v2\/product_cat?post=12116"},{"taxonomy":"product_tag","embeddable":true,"href":"https:\/\/floore.se\/en\/wp-json\/wp\/v2\/product_tag?post=12116"}],"curies":[{"name":"wp","href":"https:\/\/api.w.org\/{rel}","templated":true}]}}