{"id":9651,"date":"2018-09-17T09:52:36","date_gmt":"2018-09-17T07:52:36","guid":{"rendered":"https:\/\/floore.se\/smart-home-smart-styrning-av-golvvarme-och-radiatorer\/"},"modified":"2020-08-28T13:47:45","modified_gmt":"2020-08-28T11:47:45","slug":"floore-smart-home-systems","status":"publish","type":"page","link":"https:\/\/floore.se\/en\/floore-smart-home-systems\/","title":{"rendered":"Floor\u00e9 Smart Home systems"},"content":{"rendered":"<div id=\"cs-content\" class=\"cs-content\"><\/div>\n","protected":false},"excerpt":{"rendered":"<p>Floor\u00e9 Smart Home systems Floor\u00e9s wireless control solution is a complete smart control system, which in addition to regulating the heating of radiators and underfloor heating, can also control lighting, heat pumps, etc using your PC, tablet or smartphone. 5 year warranty Smart styrning via app i smartphone Snygg och stilren design Touchkontroll Intuitivt gr\u00e4nssnitt Tr\u00e5dl\u00f6s kommunikation It\u2019s all about &#8230; <a href=\"https:\/\/floore.se\/en\/floore-smart-home-systems\/\" class=\"more-link\">Read More<\/a><\/p>\n","protected":false},"author":3,"featured_media":0,"parent":0,"menu_order":0,"comment_status":"closed","ping_status":"closed","template":"template-blank-4.php","meta":{"_acf_changed":false,"footnotes":""},"class_list":["post-9651","page","type-page","status-publish","hentry","no-post-thumbnail"],"acf":[],"yoast_head":"<!-- This site is optimized with the Yoast SEO Premium plugin v26.3 (Yoast SEO v27.5) - https:\/\/yoast.com\/product\/yoast-seo-premium-wordpress\/ -->\n<title>Floor\u00e9 Smart Home systems &#8211; Floor\u00e9 V\u00e4rmegolv<\/title>\n<meta name=\"robots\" content=\"index, follow, max-snippet:-1, max-image-preview:large, max-video-preview:-1\" \/>\n<link rel=\"canonical\" href=\"https:\/\/floore.se\/en\/floore-smart-home-systems\/\" \/>\n<meta property=\"og:locale\" content=\"en_US\" \/>\n<meta property=\"og:type\" content=\"article\" \/>\n<meta property=\"og:title\" content=\"Floor\u00e9 Smart Home systems\" \/>\n<meta property=\"og:description\" content=\"Floor\u00e9 Smart Home systems Floor\u00e9s wireless control solution is a complete smart control system, which in addition to regulating the heating of radiators and underfloor heating, can also control lighting, heat pumps, etc using your PC, tablet or smartphone. 5 year warranty Smart styrning via app i smartphone Snygg och stilren design Touchkontroll Intuitivt gr\u00e4nssnitt Tr\u00e5dl\u00f6s kommunikation It\u2019s all about ... Read More\" \/>\n<meta property=\"og:url\" content=\"https:\/\/floore.se\/en\/floore-smart-home-systems\/\" \/>\n<meta property=\"og:site_name\" content=\"Floor\u00e9 V\u00e4rmegolv\" \/>\n<meta property=\"article:modified_time\" content=\"2020-08-28T11:47:45+00:00\" \/>\n<meta property=\"og:image\" content=\"https:\/\/floore.se\/wp-content\/uploads\/lower-the-temperature-when-youre-not-at-home.jpg\" \/>\n<meta name=\"twitter:label1\" content=\"Est. reading time\" \/>\n\t<meta name=\"twitter:data1\" content=\"3 minutes\" \/>\n<script type=\"application\/ld+json\" class=\"yoast-schema-graph\">{\"@context\":\"https:\\\/\\\/schema.org\",\"@graph\":[{\"@type\":\"WebPage\",\"@id\":\"https:\\\/\\\/floore.se\\\/en\\\/floore-smart-home-systems\\\/\",\"url\":\"https:\\\/\\\/floore.se\\\/en\\\/floore-smart-home-systems\\\/\",\"name\":\"Floor\u00e9 Smart Home systems &#8211; Floor\u00e9 V\u00e4rmegolv\",\"isPartOf\":{\"@id\":\"https:\\\/\\\/floore.se\\\/#website\"},\"primaryImageOfPage\":{\"@id\":\"https:\\\/\\\/floore.se\\\/en\\\/floore-smart-home-systems\\\/#primaryimage\"},\"image\":{\"@id\":\"https:\\\/\\\/floore.se\\\/en\\\/floore-smart-home-systems\\\/#primaryimage\"},\"thumbnailUrl\":\"https:\\\/\\\/floore.se\\\/wp-content\\\/uploads\\\/lower-the-temperature-when-youre-not-at-home.jpg\",\"datePublished\":\"2018-09-17T07:52:36+00:00\",\"dateModified\":\"2020-08-28T11:47:45+00:00\",\"breadcrumb\":{\"@id\":\"https:\\\/\\\/floore.se\\\/en\\\/floore-smart-home-systems\\\/#breadcrumb\"},\"inLanguage\":\"en-US\",\"potentialAction\":[{\"@type\":\"ReadAction\",\"target\":[\"https:\\\/\\\/floore.se\\\/en\\\/floore-smart-home-systems\\\/\"]}]},{\"@type\":\"ImageObject\",\"inLanguage\":\"en-US\",\"@id\":\"https:\\\/\\\/floore.se\\\/en\\\/floore-smart-home-systems\\\/#primaryimage\",\"url\":\"https:\\\/\\\/floore.se\\\/wp-content\\\/uploads\\\/lower-the-temperature-when-youre-not-at-home.jpg\",\"contentUrl\":\"https:\\\/\\\/floore.se\\\/wp-content\\\/uploads\\\/lower-the-temperature-when-youre-not-at-home.jpg\"},{\"@type\":\"BreadcrumbList\",\"@id\":\"https:\\\/\\\/floore.se\\\/en\\\/floore-smart-home-systems\\\/#breadcrumb\",\"itemListElement\":[{\"@type\":\"ListItem\",\"position\":1,\"name\":\"Hem\",\"item\":\"https:\\\/\\\/floore.se\\\/en\\\/golvvarme-unik-vattenburen-golvvarme-floore-varmegolv\\\/\"},{\"@type\":\"ListItem\",\"position\":2,\"name\":\"Floor\u00e9 Smart Home systems\"}]},{\"@type\":\"WebSite\",\"@id\":\"https:\\\/\\\/floore.se\\\/#website\",\"url\":\"https:\\\/\\\/floore.se\\\/\",\"name\":\"Floor\u00e9 V\u00e4rmegolv\",\"description\":\"Vattenburen golvv\u00e4rme \u2013 ett av marknadens tunnaste\",\"potentialAction\":[{\"@type\":\"SearchAction\",\"target\":{\"@type\":\"EntryPoint\",\"urlTemplate\":\"https:\\\/\\\/floore.se\\\/?s={search_term_string}\"},\"query-input\":{\"@type\":\"PropertyValueSpecification\",\"valueRequired\":true,\"valueName\":\"search_term_string\"}}],\"inLanguage\":\"en-US\"}]}<\/script>\n<!-- \/ Yoast SEO Premium plugin. -->","yoast_head_json":{"title":"Floor\u00e9 Smart Home systems &#8211; Floor\u00e9 V\u00e4rmegolv","robots":{"index":"index","follow":"follow","max-snippet":"max-snippet:-1","max-image-preview":"max-image-preview:large","max-video-preview":"max-video-preview:-1"},"canonical":"https:\/\/floore.se\/en\/floore-smart-home-systems\/","og_locale":"en_US","og_type":"article","og_title":"Floor\u00e9 Smart Home systems","og_description":"Floor\u00e9 Smart Home systems Floor\u00e9s wireless control solution is a complete smart control system, which in addition to regulating the heating of radiators and underfloor heating, can also control lighting, heat pumps, etc using your PC, tablet or smartphone. 5 year warranty Smart styrning via app i smartphone Snygg och stilren design Touchkontroll Intuitivt gr\u00e4nssnitt Tr\u00e5dl\u00f6s kommunikation It\u2019s all about ... Read More","og_url":"https:\/\/floore.se\/en\/floore-smart-home-systems\/","og_site_name":"Floor\u00e9 V\u00e4rmegolv","article_modified_time":"2020-08-28T11:47:45+00:00","og_image":[{"url":"https:\/\/floore.se\/wp-content\/uploads\/lower-the-temperature-when-youre-not-at-home.jpg","type":"","width":"","height":""}],"twitter_misc":{"Est. reading time":"3 minutes"},"schema":{"@context":"https:\/\/schema.org","@graph":[{"@type":"WebPage","@id":"https:\/\/floore.se\/en\/floore-smart-home-systems\/","url":"https:\/\/floore.se\/en\/floore-smart-home-systems\/","name":"Floor\u00e9 Smart Home systems &#8211; Floor\u00e9 V\u00e4rmegolv","isPartOf":{"@id":"https:\/\/floore.se\/#website"},"primaryImageOfPage":{"@id":"https:\/\/floore.se\/en\/floore-smart-home-systems\/#primaryimage"},"image":{"@id":"https:\/\/floore.se\/en\/floore-smart-home-systems\/#primaryimage"},"thumbnailUrl":"https:\/\/floore.se\/wp-content\/uploads\/lower-the-temperature-when-youre-not-at-home.jpg","datePublished":"2018-09-17T07:52:36+00:00","dateModified":"2020-08-28T11:47:45+00:00","breadcrumb":{"@id":"https:\/\/floore.se\/en\/floore-smart-home-systems\/#breadcrumb"},"inLanguage":"en-US","potentialAction":[{"@type":"ReadAction","target":["https:\/\/floore.se\/en\/floore-smart-home-systems\/"]}]},{"@type":"ImageObject","inLanguage":"en-US","@id":"https:\/\/floore.se\/en\/floore-smart-home-systems\/#primaryimage","url":"https:\/\/floore.se\/wp-content\/uploads\/lower-the-temperature-when-youre-not-at-home.jpg","contentUrl":"https:\/\/floore.se\/wp-content\/uploads\/lower-the-temperature-when-youre-not-at-home.jpg"},{"@type":"BreadcrumbList","@id":"https:\/\/floore.se\/en\/floore-smart-home-systems\/#breadcrumb","itemListElement":[{"@type":"ListItem","position":1,"name":"Hem","item":"https:\/\/floore.se\/en\/golvvarme-unik-vattenburen-golvvarme-floore-varmegolv\/"},{"@type":"ListItem","position":2,"name":"Floor\u00e9 Smart Home systems"}]},{"@type":"WebSite","@id":"https:\/\/floore.se\/#website","url":"https:\/\/floore.se\/","name":"Floor\u00e9 V\u00e4rmegolv","description":"Vattenburen golvv\u00e4rme \u2013 ett av marknadens tunnaste","potentialAction":[{"@type":"SearchAction","target":{"@type":"EntryPoint","urlTemplate":"https:\/\/floore.se\/?s={search_term_string}"},"query-input":{"@type":"PropertyValueSpecification","valueRequired":true,"valueName":"search_term_string"}}],"inLanguage":"en-US"}]}},"_links":{"self":[{"href":"https:\/\/floore.se\/en\/wp-json\/wp\/v2\/pages\/9651","targetHints":{"allow":["GET"]}}],"collection":[{"href":"https:\/\/floore.se\/en\/wp-json\/wp\/v2\/pages"}],"about":[{"href":"https:\/\/floore.se\/en\/wp-json\/wp\/v2\/types\/page"}],"author":[{"embeddable":true,"href":"https:\/\/floore.se\/en\/wp-json\/wp\/v2\/users\/3"}],"replies":[{"embeddable":true,"href":"https:\/\/floore.se\/en\/wp-json\/wp\/v2\/comments?post=9651"}],"version-history":[{"count":5,"href":"https:\/\/floore.se\/en\/wp-json\/wp\/v2\/pages\/9651\/revisions"}],"predecessor-version":[{"id":12373,"href":"https:\/\/floore.se\/en\/wp-json\/wp\/v2\/pages\/9651\/revisions\/12373"}],"wp:attachment":[{"href":"https:\/\/floore.se\/en\/wp-json\/wp\/v2\/media?parent=9651"}],"curies":[{"name":"wp","href":"https:\/\/api.w.org\/{rel}","templated":true}]}}