{"id":9623,"date":"2014-04-14T13:44:25","date_gmt":"2014-04-14T11:44:25","guid":{"rendered":"https:\/\/floore.se\/about-floor-heating-benefits-of-water-based-underfloor-heating\/ytmonterade-golvvarmesystem\/"},"modified":"2020-09-09T19:24:44","modified_gmt":"2020-09-09T17:24:44","slug":"surface-mounted-underfloor-heating","status":"publish","type":"page","link":"https:\/\/floore.se\/en\/about-floor-heating\/surface-mounted-underfloor-heating\/","title":{"rendered":"Surface-mounted underfloor heating systems"},"content":{"rendered":"<div id=\"cs-content\" class=\"cs-content\"><\/div>\n","protected":false},"excerpt":{"rendered":"<p>Benefits of surface-mounted systems In general, surface-mounted underfloor heating systems in new buildings are more expensive than embedded underfloor heating systems. However, the building has an operating period (60-year economic service life), where operation is important, both economically and in terms of environmental impact. In operation, surface-mounted systems are more energy-efficient than embedded systems. To make embedded systems more energy-efficient, &#8230; <a href=\"https:\/\/floore.se\/en\/about-floor-heating\/surface-mounted-underfloor-heating\/\" class=\"more-link\">Read More<\/a><\/p>\n","protected":false},"author":3,"featured_media":0,"parent":9541,"menu_order":3,"comment_status":"closed","ping_status":"open","template":"template-blank-4.php","meta":{"_acf_changed":false,"footnotes":""},"class_list":["post-9623","page","type-page","status-publish","hentry","no-post-thumbnail"],"acf":[],"yoast_head":"<!-- This site is optimized with the Yoast SEO Premium plugin v26.3 (Yoast SEO v27.5) - https:\/\/yoast.com\/product\/yoast-seo-premium-wordpress\/ -->\n<title>Surface-mounted underfloor heating systems &#8211; Floor\u00e9 V\u00e4rmegolv<\/title>\n<meta name=\"description\" content=\"Vid renovering \u00e4r det enklare att installera ytmonterad golvv\u00e4rme, man slipper bila ner r\u00f6r i betongen. P\u00e5gjutning inneb\u00e4r en v\u00e4sentlig h\u00f6jning av golvniv\u00e5n.\" \/>\n<meta name=\"robots\" content=\"index, follow, max-snippet:-1, max-image-preview:large, max-video-preview:-1\" \/>\n<link rel=\"canonical\" href=\"https:\/\/floore.se\/en\/about-floor-heating\/surface-mounted-underfloor-heating\/\" \/>\n<meta property=\"og:locale\" content=\"en_US\" \/>\n<meta property=\"og:type\" content=\"article\" \/>\n<meta property=\"og:title\" content=\"Surface-mounted underfloor heating systems\" \/>\n<meta property=\"og:description\" content=\"Vid renovering \u00e4r det enklare att installera ytmonterad golvv\u00e4rme, man slipper bila ner r\u00f6r i betongen. P\u00e5gjutning inneb\u00e4r en v\u00e4sentlig h\u00f6jning av golvniv\u00e5n.\" \/>\n<meta property=\"og:url\" content=\"https:\/\/floore.se\/en\/about-floor-heating\/surface-mounted-underfloor-heating\/\" \/>\n<meta property=\"og:site_name\" content=\"Floor\u00e9 V\u00e4rmegolv\" \/>\n<meta property=\"article:modified_time\" content=\"2020-09-09T17:24:44+00:00\" \/>\n<meta property=\"og:image\" content=\"https:\/\/floore.se\/wp-content\/uploads\/2014\/04\/diagram02.gif\" \/>\n<meta name=\"twitter:label1\" content=\"Est. reading time\" \/>\n\t<meta name=\"twitter:data1\" content=\"4 minutes\" \/>\n<script type=\"application\/ld+json\" class=\"yoast-schema-graph\">{\"@context\":\"https:\\\/\\\/schema.org\",\"@graph\":[{\"@type\":\"WebPage\",\"@id\":\"https:\\\/\\\/floore.se\\\/en\\\/about-floor-heating\\\/surface-mounted-underfloor-heating\\\/\",\"url\":\"https:\\\/\\\/floore.se\\\/en\\\/about-floor-heating\\\/surface-mounted-underfloor-heating\\\/\",\"name\":\"Surface-mounted underfloor heating systems &#8211; Floor\u00e9 V\u00e4rmegolv\",\"isPartOf\":{\"@id\":\"https:\\\/\\\/floore.se\\\/#website\"},\"primaryImageOfPage\":{\"@id\":\"https:\\\/\\\/floore.se\\\/en\\\/about-floor-heating\\\/surface-mounted-underfloor-heating\\\/#primaryimage\"},\"image\":{\"@id\":\"https:\\\/\\\/floore.se\\\/en\\\/about-floor-heating\\\/surface-mounted-underfloor-heating\\\/#primaryimage\"},\"thumbnailUrl\":\"https:\\\/\\\/floore.se\\\/wp-content\\\/uploads\\\/2014\\\/04\\\/diagram02.gif\",\"datePublished\":\"2014-04-14T11:44:25+00:00\",\"dateModified\":\"2020-09-09T17:24:44+00:00\",\"description\":\"Vid renovering \u00e4r det enklare att installera ytmonterad golvv\u00e4rme, man slipper bila ner r\u00f6r i betongen. P\u00e5gjutning inneb\u00e4r en v\u00e4sentlig h\u00f6jning av golvniv\u00e5n.\",\"breadcrumb\":{\"@id\":\"https:\\\/\\\/floore.se\\\/en\\\/about-floor-heating\\\/surface-mounted-underfloor-heating\\\/#breadcrumb\"},\"inLanguage\":\"en-US\",\"potentialAction\":[{\"@type\":\"ReadAction\",\"target\":[\"https:\\\/\\\/floore.se\\\/en\\\/about-floor-heating\\\/surface-mounted-underfloor-heating\\\/\"]}]},{\"@type\":\"ImageObject\",\"inLanguage\":\"en-US\",\"@id\":\"https:\\\/\\\/floore.se\\\/en\\\/about-floor-heating\\\/surface-mounted-underfloor-heating\\\/#primaryimage\",\"url\":\"https:\\\/\\\/floore.se\\\/wp-content\\\/uploads\\\/2014\\\/04\\\/diagram02.gif\",\"contentUrl\":\"https:\\\/\\\/floore.se\\\/wp-content\\\/uploads\\\/2014\\\/04\\\/diagram02.gif\"},{\"@type\":\"BreadcrumbList\",\"@id\":\"https:\\\/\\\/floore.se\\\/en\\\/about-floor-heating\\\/surface-mounted-underfloor-heating\\\/#breadcrumb\",\"itemListElement\":[{\"@type\":\"ListItem\",\"position\":1,\"name\":\"Hem\",\"item\":\"https:\\\/\\\/floore.se\\\/en\\\/golvvarme-unik-vattenburen-golvvarme-floore-varmegolv\\\/\"},{\"@type\":\"ListItem\",\"position\":2,\"name\":\"About Floor Heating | Benefits of water-based underfloor heating\",\"item\":\"https:\\\/\\\/floore.se\\\/en\\\/about-floor-heating\\\/\"},{\"@type\":\"ListItem\",\"position\":3,\"name\":\"Surface-mounted underfloor heating systems\"}]},{\"@type\":\"WebSite\",\"@id\":\"https:\\\/\\\/floore.se\\\/#website\",\"url\":\"https:\\\/\\\/floore.se\\\/\",\"name\":\"Floor\u00e9 V\u00e4rmegolv\",\"description\":\"Vattenburen golvv\u00e4rme \u2013 ett av marknadens tunnaste\",\"potentialAction\":[{\"@type\":\"SearchAction\",\"target\":{\"@type\":\"EntryPoint\",\"urlTemplate\":\"https:\\\/\\\/floore.se\\\/?s={search_term_string}\"},\"query-input\":{\"@type\":\"PropertyValueSpecification\",\"valueRequired\":true,\"valueName\":\"search_term_string\"}}],\"inLanguage\":\"en-US\"}]}<\/script>\n<!-- \/ Yoast SEO Premium plugin. -->","yoast_head_json":{"title":"Surface-mounted underfloor heating systems &#8211; Floor\u00e9 V\u00e4rmegolv","description":"Vid renovering \u00e4r det enklare att installera ytmonterad golvv\u00e4rme, man slipper bila ner r\u00f6r i betongen. P\u00e5gjutning inneb\u00e4r en v\u00e4sentlig h\u00f6jning av golvniv\u00e5n.","robots":{"index":"index","follow":"follow","max-snippet":"max-snippet:-1","max-image-preview":"max-image-preview:large","max-video-preview":"max-video-preview:-1"},"canonical":"https:\/\/floore.se\/en\/about-floor-heating\/surface-mounted-underfloor-heating\/","og_locale":"en_US","og_type":"article","og_title":"Surface-mounted underfloor heating systems","og_description":"Vid renovering \u00e4r det enklare att installera ytmonterad golvv\u00e4rme, man slipper bila ner r\u00f6r i betongen. P\u00e5gjutning inneb\u00e4r en v\u00e4sentlig h\u00f6jning av golvniv\u00e5n.","og_url":"https:\/\/floore.se\/en\/about-floor-heating\/surface-mounted-underfloor-heating\/","og_site_name":"Floor\u00e9 V\u00e4rmegolv","article_modified_time":"2020-09-09T17:24:44+00:00","og_image":[{"url":"https:\/\/floore.se\/wp-content\/uploads\/2014\/04\/diagram02.gif","type":"","width":"","height":""}],"twitter_misc":{"Est. reading time":"4 minutes"},"schema":{"@context":"https:\/\/schema.org","@graph":[{"@type":"WebPage","@id":"https:\/\/floore.se\/en\/about-floor-heating\/surface-mounted-underfloor-heating\/","url":"https:\/\/floore.se\/en\/about-floor-heating\/surface-mounted-underfloor-heating\/","name":"Surface-mounted underfloor heating systems &#8211; Floor\u00e9 V\u00e4rmegolv","isPartOf":{"@id":"https:\/\/floore.se\/#website"},"primaryImageOfPage":{"@id":"https:\/\/floore.se\/en\/about-floor-heating\/surface-mounted-underfloor-heating\/#primaryimage"},"image":{"@id":"https:\/\/floore.se\/en\/about-floor-heating\/surface-mounted-underfloor-heating\/#primaryimage"},"thumbnailUrl":"https:\/\/floore.se\/wp-content\/uploads\/2014\/04\/diagram02.gif","datePublished":"2014-04-14T11:44:25+00:00","dateModified":"2020-09-09T17:24:44+00:00","description":"Vid renovering \u00e4r det enklare att installera ytmonterad golvv\u00e4rme, man slipper bila ner r\u00f6r i betongen. P\u00e5gjutning inneb\u00e4r en v\u00e4sentlig h\u00f6jning av golvniv\u00e5n.","breadcrumb":{"@id":"https:\/\/floore.se\/en\/about-floor-heating\/surface-mounted-underfloor-heating\/#breadcrumb"},"inLanguage":"en-US","potentialAction":[{"@type":"ReadAction","target":["https:\/\/floore.se\/en\/about-floor-heating\/surface-mounted-underfloor-heating\/"]}]},{"@type":"ImageObject","inLanguage":"en-US","@id":"https:\/\/floore.se\/en\/about-floor-heating\/surface-mounted-underfloor-heating\/#primaryimage","url":"https:\/\/floore.se\/wp-content\/uploads\/2014\/04\/diagram02.gif","contentUrl":"https:\/\/floore.se\/wp-content\/uploads\/2014\/04\/diagram02.gif"},{"@type":"BreadcrumbList","@id":"https:\/\/floore.se\/en\/about-floor-heating\/surface-mounted-underfloor-heating\/#breadcrumb","itemListElement":[{"@type":"ListItem","position":1,"name":"Hem","item":"https:\/\/floore.se\/en\/golvvarme-unik-vattenburen-golvvarme-floore-varmegolv\/"},{"@type":"ListItem","position":2,"name":"About Floor Heating | Benefits of water-based underfloor heating","item":"https:\/\/floore.se\/en\/about-floor-heating\/"},{"@type":"ListItem","position":3,"name":"Surface-mounted underfloor heating systems"}]},{"@type":"WebSite","@id":"https:\/\/floore.se\/#website","url":"https:\/\/floore.se\/","name":"Floor\u00e9 V\u00e4rmegolv","description":"Vattenburen golvv\u00e4rme \u2013 ett av marknadens tunnaste","potentialAction":[{"@type":"SearchAction","target":{"@type":"EntryPoint","urlTemplate":"https:\/\/floore.se\/?s={search_term_string}"},"query-input":{"@type":"PropertyValueSpecification","valueRequired":true,"valueName":"search_term_string"}}],"inLanguage":"en-US"}]}},"_links":{"self":[{"href":"https:\/\/floore.se\/en\/wp-json\/wp\/v2\/pages\/9623","targetHints":{"allow":["GET"]}}],"collection":[{"href":"https:\/\/floore.se\/en\/wp-json\/wp\/v2\/pages"}],"about":[{"href":"https:\/\/floore.se\/en\/wp-json\/wp\/v2\/types\/page"}],"author":[{"embeddable":true,"href":"https:\/\/floore.se\/en\/wp-json\/wp\/v2\/users\/3"}],"replies":[{"embeddable":true,"href":"https:\/\/floore.se\/en\/wp-json\/wp\/v2\/comments?post=9623"}],"version-history":[{"count":3,"href":"https:\/\/floore.se\/en\/wp-json\/wp\/v2\/pages\/9623\/revisions"}],"predecessor-version":[{"id":12538,"href":"https:\/\/floore.se\/en\/wp-json\/wp\/v2\/pages\/9623\/revisions\/12538"}],"up":[{"embeddable":true,"href":"https:\/\/floore.se\/en\/wp-json\/wp\/v2\/pages\/9541"}],"wp:attachment":[{"href":"https:\/\/floore.se\/en\/wp-json\/wp\/v2\/media?parent=9623"}],"curies":[{"name":"wp","href":"https:\/\/api.w.org\/{rel}","templated":true}]}}