{"id":9617,"date":"2019-03-07T12:21:22","date_gmt":"2019-03-07T11:21:22","guid":{"rendered":"https:\/\/floore.se\/?page_id=9617"},"modified":"2020-09-09T17:31:46","modified_gmt":"2020-09-09T15:31:46","slug":"underfloor-heating-with-extremely-low-installation-height","status":"publish","type":"page","link":"https:\/\/floore.se\/en\/about-floor-heating\/underfloor-heating-with-extremely-low-installation-height\/","title":{"rendered":"Underfloor heating with extremely low installation height"},"content":{"rendered":"<div id=\"cs-content\" class=\"cs-content\"><\/div>\n","protected":false},"excerpt":{"rendered":"<p>Thin underfloor heating \u2013 Water-based underfloor heating with extremely low installation height This technique is based on using thin panels covered with aluminum foil. The high density and quality of the panels means that surface material can be laid directly on Floor\u00e9 underfloor heating panels. The Floor\u00e9 system emits heat more quickly and more efficiently than traditional embedded systems, as &#8230; <a href=\"https:\/\/floore.se\/en\/about-floor-heating\/underfloor-heating-with-extremely-low-installation-height\/\" class=\"more-link\">Read More<\/a><\/p>\n","protected":false},"author":3,"featured_media":0,"parent":9541,"menu_order":2,"comment_status":"closed","ping_status":"open","template":"template-blank-4.php","meta":{"_acf_changed":false,"footnotes":""},"class_list":["post-9617","page","type-page","status-publish","hentry","no-post-thumbnail"],"acf":[],"yoast_head":"<!-- This site is optimized with the Yoast SEO Premium plugin v26.3 (Yoast SEO v27.5) - https:\/\/yoast.com\/product\/yoast-seo-premium-wordpress\/ -->\n<title>Underfloor heating with extremely low installation height &#8211; Floor\u00e9 V\u00e4rmegolv<\/title>\n<meta name=\"robots\" content=\"index, follow, max-snippet:-1, max-image-preview:large, max-video-preview:-1\" \/>\n<link rel=\"canonical\" href=\"https:\/\/floore.se\/en\/about-floor-heating\/underfloor-heating-with-extremely-low-installation-height\/\" \/>\n<meta property=\"og:locale\" content=\"en_US\" \/>\n<meta property=\"og:type\" content=\"article\" \/>\n<meta property=\"og:title\" content=\"Underfloor heating with extremely low installation height\" \/>\n<meta property=\"og:description\" content=\"Thin underfloor heating \u2013 Water-based underfloor heating with extremely low installation height This technique is based on using thin panels covered with aluminum foil. The high density and quality of the panels means that surface material can be laid directly on Floor\u00e9 underfloor heating panels. The Floor\u00e9 system emits heat more quickly and more efficiently than traditional embedded systems, as ... Read More\" \/>\n<meta property=\"og:url\" content=\"https:\/\/floore.se\/en\/about-floor-heating\/underfloor-heating-with-extremely-low-installation-height\/\" \/>\n<meta property=\"og:site_name\" content=\"Floor\u00e9 V\u00e4rmegolv\" \/>\n<meta property=\"article:modified_time\" content=\"2020-09-09T15:31:46+00:00\" \/>\n<meta property=\"og:image\" content=\"https:\/\/floore.se\/wp-content\/uploads\/FlooreSkivor05.jpg\" \/>\n<meta name=\"twitter:label1\" content=\"Est. reading time\" \/>\n\t<meta name=\"twitter:data1\" content=\"1 minute\" \/>\n<script type=\"application\/ld+json\" class=\"yoast-schema-graph\">{\"@context\":\"https:\\\/\\\/schema.org\",\"@graph\":[{\"@type\":\"WebPage\",\"@id\":\"https:\\\/\\\/floore.se\\\/en\\\/about-floor-heating\\\/underfloor-heating-with-extremely-low-installation-height\\\/\",\"url\":\"https:\\\/\\\/floore.se\\\/en\\\/about-floor-heating\\\/underfloor-heating-with-extremely-low-installation-height\\\/\",\"name\":\"Underfloor heating with extremely low installation height &#8211; Floor\u00e9 V\u00e4rmegolv\",\"isPartOf\":{\"@id\":\"https:\\\/\\\/floore.se\\\/#website\"},\"primaryImageOfPage\":{\"@id\":\"https:\\\/\\\/floore.se\\\/en\\\/about-floor-heating\\\/underfloor-heating-with-extremely-low-installation-height\\\/#primaryimage\"},\"image\":{\"@id\":\"https:\\\/\\\/floore.se\\\/en\\\/about-floor-heating\\\/underfloor-heating-with-extremely-low-installation-height\\\/#primaryimage\"},\"thumbnailUrl\":\"https:\\\/\\\/floore.se\\\/wp-content\\\/uploads\\\/FlooreSkivor05.jpg\",\"datePublished\":\"2019-03-07T11:21:22+00:00\",\"dateModified\":\"2020-09-09T15:31:46+00:00\",\"breadcrumb\":{\"@id\":\"https:\\\/\\\/floore.se\\\/en\\\/about-floor-heating\\\/underfloor-heating-with-extremely-low-installation-height\\\/#breadcrumb\"},\"inLanguage\":\"en-US\",\"potentialAction\":[{\"@type\":\"ReadAction\",\"target\":[\"https:\\\/\\\/floore.se\\\/en\\\/about-floor-heating\\\/underfloor-heating-with-extremely-low-installation-height\\\/\"]}]},{\"@type\":\"ImageObject\",\"inLanguage\":\"en-US\",\"@id\":\"https:\\\/\\\/floore.se\\\/en\\\/about-floor-heating\\\/underfloor-heating-with-extremely-low-installation-height\\\/#primaryimage\",\"url\":\"https:\\\/\\\/floore.se\\\/wp-content\\\/uploads\\\/FlooreSkivor05.jpg\",\"contentUrl\":\"https:\\\/\\\/floore.se\\\/wp-content\\\/uploads\\\/FlooreSkivor05.jpg\"},{\"@type\":\"BreadcrumbList\",\"@id\":\"https:\\\/\\\/floore.se\\\/en\\\/about-floor-heating\\\/underfloor-heating-with-extremely-low-installation-height\\\/#breadcrumb\",\"itemListElement\":[{\"@type\":\"ListItem\",\"position\":1,\"name\":\"Hem\",\"item\":\"https:\\\/\\\/floore.se\\\/en\\\/golvvarme-unik-vattenburen-golvvarme-floore-varmegolv\\\/\"},{\"@type\":\"ListItem\",\"position\":2,\"name\":\"About Floor Heating | Benefits of water-based underfloor heating\",\"item\":\"https:\\\/\\\/floore.se\\\/en\\\/about-floor-heating\\\/\"},{\"@type\":\"ListItem\",\"position\":3,\"name\":\"Underfloor heating with extremely low installation height\"}]},{\"@type\":\"WebSite\",\"@id\":\"https:\\\/\\\/floore.se\\\/#website\",\"url\":\"https:\\\/\\\/floore.se\\\/\",\"name\":\"Floor\u00e9 V\u00e4rmegolv\",\"description\":\"Vattenburen golvv\u00e4rme \u2013 ett av marknadens tunnaste\",\"potentialAction\":[{\"@type\":\"SearchAction\",\"target\":{\"@type\":\"EntryPoint\",\"urlTemplate\":\"https:\\\/\\\/floore.se\\\/?s={search_term_string}\"},\"query-input\":{\"@type\":\"PropertyValueSpecification\",\"valueRequired\":true,\"valueName\":\"search_term_string\"}}],\"inLanguage\":\"en-US\"}]}<\/script>\n<!-- \/ Yoast SEO Premium plugin. -->","yoast_head_json":{"title":"Underfloor heating with extremely low installation height &#8211; Floor\u00e9 V\u00e4rmegolv","robots":{"index":"index","follow":"follow","max-snippet":"max-snippet:-1","max-image-preview":"max-image-preview:large","max-video-preview":"max-video-preview:-1"},"canonical":"https:\/\/floore.se\/en\/about-floor-heating\/underfloor-heating-with-extremely-low-installation-height\/","og_locale":"en_US","og_type":"article","og_title":"Underfloor heating with extremely low installation height","og_description":"Thin underfloor heating \u2013 Water-based underfloor heating with extremely low installation height This technique is based on using thin panels covered with aluminum foil. The high density and quality of the panels means that surface material can be laid directly on Floor\u00e9 underfloor heating panels. The Floor\u00e9 system emits heat more quickly and more efficiently than traditional embedded systems, as ... Read More","og_url":"https:\/\/floore.se\/en\/about-floor-heating\/underfloor-heating-with-extremely-low-installation-height\/","og_site_name":"Floor\u00e9 V\u00e4rmegolv","article_modified_time":"2020-09-09T15:31:46+00:00","og_image":[{"url":"https:\/\/floore.se\/wp-content\/uploads\/FlooreSkivor05.jpg","type":"","width":"","height":""}],"twitter_misc":{"Est. reading time":"1 minute"},"schema":{"@context":"https:\/\/schema.org","@graph":[{"@type":"WebPage","@id":"https:\/\/floore.se\/en\/about-floor-heating\/underfloor-heating-with-extremely-low-installation-height\/","url":"https:\/\/floore.se\/en\/about-floor-heating\/underfloor-heating-with-extremely-low-installation-height\/","name":"Underfloor heating with extremely low installation height &#8211; Floor\u00e9 V\u00e4rmegolv","isPartOf":{"@id":"https:\/\/floore.se\/#website"},"primaryImageOfPage":{"@id":"https:\/\/floore.se\/en\/about-floor-heating\/underfloor-heating-with-extremely-low-installation-height\/#primaryimage"},"image":{"@id":"https:\/\/floore.se\/en\/about-floor-heating\/underfloor-heating-with-extremely-low-installation-height\/#primaryimage"},"thumbnailUrl":"https:\/\/floore.se\/wp-content\/uploads\/FlooreSkivor05.jpg","datePublished":"2019-03-07T11:21:22+00:00","dateModified":"2020-09-09T15:31:46+00:00","breadcrumb":{"@id":"https:\/\/floore.se\/en\/about-floor-heating\/underfloor-heating-with-extremely-low-installation-height\/#breadcrumb"},"inLanguage":"en-US","potentialAction":[{"@type":"ReadAction","target":["https:\/\/floore.se\/en\/about-floor-heating\/underfloor-heating-with-extremely-low-installation-height\/"]}]},{"@type":"ImageObject","inLanguage":"en-US","@id":"https:\/\/floore.se\/en\/about-floor-heating\/underfloor-heating-with-extremely-low-installation-height\/#primaryimage","url":"https:\/\/floore.se\/wp-content\/uploads\/FlooreSkivor05.jpg","contentUrl":"https:\/\/floore.se\/wp-content\/uploads\/FlooreSkivor05.jpg"},{"@type":"BreadcrumbList","@id":"https:\/\/floore.se\/en\/about-floor-heating\/underfloor-heating-with-extremely-low-installation-height\/#breadcrumb","itemListElement":[{"@type":"ListItem","position":1,"name":"Hem","item":"https:\/\/floore.se\/en\/golvvarme-unik-vattenburen-golvvarme-floore-varmegolv\/"},{"@type":"ListItem","position":2,"name":"About Floor Heating | Benefits of water-based underfloor heating","item":"https:\/\/floore.se\/en\/about-floor-heating\/"},{"@type":"ListItem","position":3,"name":"Underfloor heating with extremely low installation height"}]},{"@type":"WebSite","@id":"https:\/\/floore.se\/#website","url":"https:\/\/floore.se\/","name":"Floor\u00e9 V\u00e4rmegolv","description":"Vattenburen golvv\u00e4rme \u2013 ett av marknadens tunnaste","potentialAction":[{"@type":"SearchAction","target":{"@type":"EntryPoint","urlTemplate":"https:\/\/floore.se\/?s={search_term_string}"},"query-input":{"@type":"PropertyValueSpecification","valueRequired":true,"valueName":"search_term_string"}}],"inLanguage":"en-US"}]}},"_links":{"self":[{"href":"https:\/\/floore.se\/en\/wp-json\/wp\/v2\/pages\/9617","targetHints":{"allow":["GET"]}}],"collection":[{"href":"https:\/\/floore.se\/en\/wp-json\/wp\/v2\/pages"}],"about":[{"href":"https:\/\/floore.se\/en\/wp-json\/wp\/v2\/types\/page"}],"author":[{"embeddable":true,"href":"https:\/\/floore.se\/en\/wp-json\/wp\/v2\/users\/3"}],"replies":[{"embeddable":true,"href":"https:\/\/floore.se\/en\/wp-json\/wp\/v2\/comments?post=9617"}],"version-history":[{"count":5,"href":"https:\/\/floore.se\/en\/wp-json\/wp\/v2\/pages\/9617\/revisions"}],"predecessor-version":[{"id":12515,"href":"https:\/\/floore.se\/en\/wp-json\/wp\/v2\/pages\/9617\/revisions\/12515"}],"up":[{"embeddable":true,"href":"https:\/\/floore.se\/en\/wp-json\/wp\/v2\/pages\/9541"}],"wp:attachment":[{"href":"https:\/\/floore.se\/en\/wp-json\/wp\/v2\/media?parent=9617"}],"curies":[{"name":"wp","href":"https:\/\/api.w.org\/{rel}","templated":true}]}}