{"id":9606,"date":"2014-04-20T13:40:08","date_gmt":"2014-04-20T11:40:08","guid":{"rendered":"https:\/\/floore.se\/about-floor-heating-benefits-of-water-based-underfloor-heating\/reglering\/"},"modified":"2020-09-09T19:43:10","modified_gmt":"2020-09-09T17:43:10","slug":"regulating-underfloor-heating","status":"publish","type":"page","link":"https:\/\/floore.se\/en\/about-floor-heating\/regulating-underfloor-heating\/","title":{"rendered":"Regulating water-based underfloor heating"},"content":{"rendered":"<div id=\"cs-content\" class=\"cs-content\"><\/div>\n","protected":false},"excerpt":{"rendered":"<p>Reglering av vattenburen golvv\u00e4rme Regulation is the heart and brain of an underfloor heating system. It allows you to regulate the room temperature by controlling the flow and temperature of the water in the coils. To ensure that the system can provide comfortable heat, regulation needs to be adjusted by ensuring accurate dimensioning. The combination of the right products and &#8230; <a href=\"https:\/\/floore.se\/en\/about-floor-heating\/regulating-underfloor-heating\/\" class=\"more-link\">Read More<\/a><\/p>\n","protected":false},"author":3,"featured_media":0,"parent":9541,"menu_order":4,"comment_status":"closed","ping_status":"open","template":"template-blank-1.php","meta":{"_acf_changed":false,"footnotes":""},"class_list":["post-9606","page","type-page","status-publish","hentry","no-post-thumbnail"],"acf":[],"yoast_head":"<!-- This site is optimized with the Yoast SEO Premium plugin v26.3 (Yoast SEO v27.5) - https:\/\/yoast.com\/product\/yoast-seo-premium-wordpress\/ -->\n<title>Termostat golvv\u00e4rme, golvv\u00e4rmef\u00f6rdelare &amp; golvv\u00e4rmepump | Floor\u00e9<\/title>\n<meta name=\"description\" content=\"Regleringen \u00e4r hj\u00e4rtat och hj\u00e4rnan i ett golvv\u00e4rmesystem. Den g\u00f6r det m\u00f6jligt att reglera rumstemperaturen genom att styra fl\u00f6det och temperaturen p\u00e5 vattnet i slingorna.\" \/>\n<meta name=\"robots\" content=\"index, follow, max-snippet:-1, max-image-preview:large, max-video-preview:-1\" \/>\n<link rel=\"canonical\" href=\"https:\/\/floore.se\/en\/about-floor-heating\/regulating-underfloor-heating\/\" \/>\n<meta property=\"og:locale\" content=\"en_US\" \/>\n<meta property=\"og:type\" content=\"article\" \/>\n<meta property=\"og:title\" content=\"Regulating water-based underfloor heating\" \/>\n<meta property=\"og:description\" content=\"Regleringen \u00e4r hj\u00e4rtat och hj\u00e4rnan i ett golvv\u00e4rmesystem. Den g\u00f6r det m\u00f6jligt att reglera rumstemperaturen genom att styra fl\u00f6det och temperaturen p\u00e5 vattnet i slingorna.\" \/>\n<meta property=\"og:url\" content=\"https:\/\/floore.se\/en\/about-floor-heating\/regulating-underfloor-heating\/\" \/>\n<meta property=\"og:site_name\" content=\"Floor\u00e9 V\u00e4rmegolv\" \/>\n<meta property=\"article:modified_time\" content=\"2020-09-09T17:43:10+00:00\" \/>\n<meta property=\"og:image\" content=\"https:\/\/floore.se\/wp-content\/uploads\/41340.jpg\" \/>\n<meta name=\"twitter:label1\" content=\"Est. reading time\" \/>\n\t<meta name=\"twitter:data1\" content=\"4 minutes\" \/>\n<script type=\"application\/ld+json\" class=\"yoast-schema-graph\">{\"@context\":\"https:\\\/\\\/schema.org\",\"@graph\":[{\"@type\":\"WebPage\",\"@id\":\"https:\\\/\\\/floore.se\\\/en\\\/about-floor-heating\\\/regulating-underfloor-heating\\\/\",\"url\":\"https:\\\/\\\/floore.se\\\/en\\\/about-floor-heating\\\/regulating-underfloor-heating\\\/\",\"name\":\"Termostat golvv\u00e4rme, golvv\u00e4rmef\u00f6rdelare & golvv\u00e4rmepump | Floor\u00e9\",\"isPartOf\":{\"@id\":\"https:\\\/\\\/floore.se\\\/#website\"},\"primaryImageOfPage\":{\"@id\":\"https:\\\/\\\/floore.se\\\/en\\\/about-floor-heating\\\/regulating-underfloor-heating\\\/#primaryimage\"},\"image\":{\"@id\":\"https:\\\/\\\/floore.se\\\/en\\\/about-floor-heating\\\/regulating-underfloor-heating\\\/#primaryimage\"},\"thumbnailUrl\":\"https:\\\/\\\/floore.se\\\/wp-content\\\/uploads\\\/41340.jpg\",\"datePublished\":\"2014-04-20T11:40:08+00:00\",\"dateModified\":\"2020-09-09T17:43:10+00:00\",\"description\":\"Regleringen \u00e4r hj\u00e4rtat och hj\u00e4rnan i ett golvv\u00e4rmesystem. Den g\u00f6r det m\u00f6jligt att reglera rumstemperaturen genom att styra fl\u00f6det och temperaturen p\u00e5 vattnet i slingorna.\",\"breadcrumb\":{\"@id\":\"https:\\\/\\\/floore.se\\\/en\\\/about-floor-heating\\\/regulating-underfloor-heating\\\/#breadcrumb\"},\"inLanguage\":\"en-US\",\"potentialAction\":[{\"@type\":\"ReadAction\",\"target\":[\"https:\\\/\\\/floore.se\\\/en\\\/about-floor-heating\\\/regulating-underfloor-heating\\\/\"]}]},{\"@type\":\"ImageObject\",\"inLanguage\":\"en-US\",\"@id\":\"https:\\\/\\\/floore.se\\\/en\\\/about-floor-heating\\\/regulating-underfloor-heating\\\/#primaryimage\",\"url\":\"https:\\\/\\\/floore.se\\\/wp-content\\\/uploads\\\/41340.jpg\",\"contentUrl\":\"https:\\\/\\\/floore.se\\\/wp-content\\\/uploads\\\/41340.jpg\"},{\"@type\":\"BreadcrumbList\",\"@id\":\"https:\\\/\\\/floore.se\\\/en\\\/about-floor-heating\\\/regulating-underfloor-heating\\\/#breadcrumb\",\"itemListElement\":[{\"@type\":\"ListItem\",\"position\":1,\"name\":\"Hem\",\"item\":\"https:\\\/\\\/floore.se\\\/en\\\/golvvarme-unik-vattenburen-golvvarme-floore-varmegolv\\\/\"},{\"@type\":\"ListItem\",\"position\":2,\"name\":\"About Floor Heating | Benefits of water-based underfloor heating\",\"item\":\"https:\\\/\\\/floore.se\\\/en\\\/about-floor-heating\\\/\"},{\"@type\":\"ListItem\",\"position\":3,\"name\":\"Regulating water-based underfloor heating\"}]},{\"@type\":\"WebSite\",\"@id\":\"https:\\\/\\\/floore.se\\\/#website\",\"url\":\"https:\\\/\\\/floore.se\\\/\",\"name\":\"Floor\u00e9 V\u00e4rmegolv\",\"description\":\"Vattenburen golvv\u00e4rme \u2013 ett av marknadens tunnaste\",\"potentialAction\":[{\"@type\":\"SearchAction\",\"target\":{\"@type\":\"EntryPoint\",\"urlTemplate\":\"https:\\\/\\\/floore.se\\\/?s={search_term_string}\"},\"query-input\":{\"@type\":\"PropertyValueSpecification\",\"valueRequired\":true,\"valueName\":\"search_term_string\"}}],\"inLanguage\":\"en-US\"}]}<\/script>\n<!-- \/ Yoast SEO Premium plugin. -->","yoast_head_json":{"title":"Termostat golvv\u00e4rme, golvv\u00e4rmef\u00f6rdelare & golvv\u00e4rmepump | Floor\u00e9","description":"Regleringen \u00e4r hj\u00e4rtat och hj\u00e4rnan i ett golvv\u00e4rmesystem. Den g\u00f6r det m\u00f6jligt att reglera rumstemperaturen genom att styra fl\u00f6det och temperaturen p\u00e5 vattnet i slingorna.","robots":{"index":"index","follow":"follow","max-snippet":"max-snippet:-1","max-image-preview":"max-image-preview:large","max-video-preview":"max-video-preview:-1"},"canonical":"https:\/\/floore.se\/en\/about-floor-heating\/regulating-underfloor-heating\/","og_locale":"en_US","og_type":"article","og_title":"Regulating water-based underfloor heating","og_description":"Regleringen \u00e4r hj\u00e4rtat och hj\u00e4rnan i ett golvv\u00e4rmesystem. Den g\u00f6r det m\u00f6jligt att reglera rumstemperaturen genom att styra fl\u00f6det och temperaturen p\u00e5 vattnet i slingorna.","og_url":"https:\/\/floore.se\/en\/about-floor-heating\/regulating-underfloor-heating\/","og_site_name":"Floor\u00e9 V\u00e4rmegolv","article_modified_time":"2020-09-09T17:43:10+00:00","og_image":[{"url":"https:\/\/floore.se\/wp-content\/uploads\/41340.jpg","type":"","width":"","height":""}],"twitter_misc":{"Est. reading time":"4 minutes"},"schema":{"@context":"https:\/\/schema.org","@graph":[{"@type":"WebPage","@id":"https:\/\/floore.se\/en\/about-floor-heating\/regulating-underfloor-heating\/","url":"https:\/\/floore.se\/en\/about-floor-heating\/regulating-underfloor-heating\/","name":"Termostat golvv\u00e4rme, golvv\u00e4rmef\u00f6rdelare & golvv\u00e4rmepump | Floor\u00e9","isPartOf":{"@id":"https:\/\/floore.se\/#website"},"primaryImageOfPage":{"@id":"https:\/\/floore.se\/en\/about-floor-heating\/regulating-underfloor-heating\/#primaryimage"},"image":{"@id":"https:\/\/floore.se\/en\/about-floor-heating\/regulating-underfloor-heating\/#primaryimage"},"thumbnailUrl":"https:\/\/floore.se\/wp-content\/uploads\/41340.jpg","datePublished":"2014-04-20T11:40:08+00:00","dateModified":"2020-09-09T17:43:10+00:00","description":"Regleringen \u00e4r hj\u00e4rtat och hj\u00e4rnan i ett golvv\u00e4rmesystem. Den g\u00f6r det m\u00f6jligt att reglera rumstemperaturen genom att styra fl\u00f6det och temperaturen p\u00e5 vattnet i slingorna.","breadcrumb":{"@id":"https:\/\/floore.se\/en\/about-floor-heating\/regulating-underfloor-heating\/#breadcrumb"},"inLanguage":"en-US","potentialAction":[{"@type":"ReadAction","target":["https:\/\/floore.se\/en\/about-floor-heating\/regulating-underfloor-heating\/"]}]},{"@type":"ImageObject","inLanguage":"en-US","@id":"https:\/\/floore.se\/en\/about-floor-heating\/regulating-underfloor-heating\/#primaryimage","url":"https:\/\/floore.se\/wp-content\/uploads\/41340.jpg","contentUrl":"https:\/\/floore.se\/wp-content\/uploads\/41340.jpg"},{"@type":"BreadcrumbList","@id":"https:\/\/floore.se\/en\/about-floor-heating\/regulating-underfloor-heating\/#breadcrumb","itemListElement":[{"@type":"ListItem","position":1,"name":"Hem","item":"https:\/\/floore.se\/en\/golvvarme-unik-vattenburen-golvvarme-floore-varmegolv\/"},{"@type":"ListItem","position":2,"name":"About Floor Heating | Benefits of water-based underfloor heating","item":"https:\/\/floore.se\/en\/about-floor-heating\/"},{"@type":"ListItem","position":3,"name":"Regulating water-based underfloor heating"}]},{"@type":"WebSite","@id":"https:\/\/floore.se\/#website","url":"https:\/\/floore.se\/","name":"Floor\u00e9 V\u00e4rmegolv","description":"Vattenburen golvv\u00e4rme \u2013 ett av marknadens tunnaste","potentialAction":[{"@type":"SearchAction","target":{"@type":"EntryPoint","urlTemplate":"https:\/\/floore.se\/?s={search_term_string}"},"query-input":{"@type":"PropertyValueSpecification","valueRequired":true,"valueName":"search_term_string"}}],"inLanguage":"en-US"}]}},"_links":{"self":[{"href":"https:\/\/floore.se\/en\/wp-json\/wp\/v2\/pages\/9606","targetHints":{"allow":["GET"]}}],"collection":[{"href":"https:\/\/floore.se\/en\/wp-json\/wp\/v2\/pages"}],"about":[{"href":"https:\/\/floore.se\/en\/wp-json\/wp\/v2\/types\/page"}],"author":[{"embeddable":true,"href":"https:\/\/floore.se\/en\/wp-json\/wp\/v2\/users\/3"}],"replies":[{"embeddable":true,"href":"https:\/\/floore.se\/en\/wp-json\/wp\/v2\/comments?post=9606"}],"version-history":[{"count":6,"href":"https:\/\/floore.se\/en\/wp-json\/wp\/v2\/pages\/9606\/revisions"}],"predecessor-version":[{"id":12545,"href":"https:\/\/floore.se\/en\/wp-json\/wp\/v2\/pages\/9606\/revisions\/12545"}],"up":[{"embeddable":true,"href":"https:\/\/floore.se\/en\/wp-json\/wp\/v2\/pages\/9541"}],"wp:attachment":[{"href":"https:\/\/floore.se\/en\/wp-json\/wp\/v2\/media?parent=9606"}],"curies":[{"name":"wp","href":"https:\/\/api.w.org\/{rel}","templated":true}]}}