{"id":9598,"date":"2014-02-24T09:52:25","date_gmt":"2014-02-24T08:52:25","guid":{"rendered":"https:\/\/floore.se\/om-floore\/"},"modified":"2020-05-11T13:39:49","modified_gmt":"2020-05-11T11:39:49","slug":"about-floore","status":"publish","type":"page","link":"https:\/\/floore.se\/en\/about-floore\/","title":{"rendered":"About Floor\u00e9"},"content":{"rendered":"<div id=\"cs-content\" class=\"cs-content\"><\/div>\n","protected":false},"excerpt":{"rendered":"<p>&nbsp;Expertise and advanced research \u2013 to make it easier for you Floor\u00e9 is a pioneer in the development of underfloor heating. The main reason for this is the company\u2019s high-level of expertise and its extensive experience, combined with an innate desire to make underfloor heating available to everyone. In the 1980s and 1990s, tiled floors were popular in many homes &#8230; <a href=\"https:\/\/floore.se\/en\/about-floore\/\" class=\"more-link\">Read More<\/a><\/p>\n","protected":false},"author":3,"featured_media":0,"parent":0,"menu_order":0,"comment_status":"closed","ping_status":"open","template":"template-blank-4.php","meta":{"_acf_changed":false,"footnotes":""},"class_list":["post-9598","page","type-page","status-publish","hentry","no-post-thumbnail"],"acf":[],"yoast_head":"<!-- This site is optimized with the Yoast SEO Premium plugin v26.3 (Yoast SEO v27.6) - https:\/\/yoast.com\/product\/yoast-seo-premium-wordpress\/ -->\n<title>About Floor\u00e9 &#8211; Floor\u00e9 V\u00e4rmegolv<\/title>\n<meta name=\"description\" content=\"Floor\u00e9 AB \u00e4r idag ledande leverant\u00f6r av vattenburen golvv\u00e4rme genom byggmaterialhandel i Sverige. Vi har en egentillverkad och patenterad golvv\u00e4rmeskiva.\" \/>\n<meta name=\"robots\" content=\"index, follow, max-snippet:-1, max-image-preview:large, max-video-preview:-1\" \/>\n<link rel=\"canonical\" href=\"https:\/\/floore.se\/en\/about-floore\/\" \/>\n<meta property=\"og:locale\" content=\"en_US\" \/>\n<meta property=\"og:type\" content=\"article\" \/>\n<meta property=\"og:title\" content=\"About Floor\u00e9\" \/>\n<meta property=\"og:description\" content=\"Floor\u00e9 AB \u00e4r idag ledande leverant\u00f6r av vattenburen golvv\u00e4rme genom byggmaterialhandel i Sverige. Vi har en egentillverkad och patenterad golvv\u00e4rmeskiva.\" \/>\n<meta property=\"og:url\" content=\"https:\/\/floore.se\/en\/about-floore\/\" \/>\n<meta property=\"og:site_name\" content=\"Floor\u00e9 V\u00e4rmegolv\" \/>\n<meta property=\"article:modified_time\" content=\"2020-05-11T11:39:49+00:00\" \/>\n<meta property=\"og:image\" content=\"https:\/\/floore.se\/wp-content\/uploads\/kartpinAF.png\" \/>\n<meta name=\"twitter:label1\" content=\"Est. reading time\" \/>\n\t<meta name=\"twitter:data1\" content=\"3 minutes\" \/>\n<script type=\"application\/ld+json\" class=\"yoast-schema-graph\">{\"@context\":\"https:\\\/\\\/schema.org\",\"@graph\":[{\"@type\":\"WebPage\",\"@id\":\"https:\\\/\\\/floore.se\\\/en\\\/about-floore\\\/\",\"url\":\"https:\\\/\\\/floore.se\\\/en\\\/about-floore\\\/\",\"name\":\"About Floor\u00e9 &#8211; Floor\u00e9 V\u00e4rmegolv\",\"isPartOf\":{\"@id\":\"https:\\\/\\\/floore.se\\\/#website\"},\"primaryImageOfPage\":{\"@id\":\"https:\\\/\\\/floore.se\\\/en\\\/about-floore\\\/#primaryimage\"},\"image\":{\"@id\":\"https:\\\/\\\/floore.se\\\/en\\\/about-floore\\\/#primaryimage\"},\"thumbnailUrl\":\"https:\\\/\\\/floore.se\\\/wp-content\\\/uploads\\\/kartpinAF.png\",\"datePublished\":\"2014-02-24T08:52:25+00:00\",\"dateModified\":\"2020-05-11T11:39:49+00:00\",\"description\":\"Floor\u00e9 AB \u00e4r idag ledande leverant\u00f6r av vattenburen golvv\u00e4rme genom byggmaterialhandel i Sverige. Vi har en egentillverkad och patenterad golvv\u00e4rmeskiva.\",\"breadcrumb\":{\"@id\":\"https:\\\/\\\/floore.se\\\/en\\\/about-floore\\\/#breadcrumb\"},\"inLanguage\":\"en-US\",\"potentialAction\":[{\"@type\":\"ReadAction\",\"target\":[\"https:\\\/\\\/floore.se\\\/en\\\/about-floore\\\/\"]}]},{\"@type\":\"ImageObject\",\"inLanguage\":\"en-US\",\"@id\":\"https:\\\/\\\/floore.se\\\/en\\\/about-floore\\\/#primaryimage\",\"url\":\"https:\\\/\\\/floore.se\\\/wp-content\\\/uploads\\\/kartpinAF.png\",\"contentUrl\":\"https:\\\/\\\/floore.se\\\/wp-content\\\/uploads\\\/kartpinAF.png\"},{\"@type\":\"BreadcrumbList\",\"@id\":\"https:\\\/\\\/floore.se\\\/en\\\/about-floore\\\/#breadcrumb\",\"itemListElement\":[{\"@type\":\"ListItem\",\"position\":1,\"name\":\"Hem\",\"item\":\"https:\\\/\\\/floore.se\\\/en\\\/golvvarme-unik-vattenburen-golvvarme-floore-varmegolv\\\/\"},{\"@type\":\"ListItem\",\"position\":2,\"name\":\"About Floor\u00e9\"}]},{\"@type\":\"WebSite\",\"@id\":\"https:\\\/\\\/floore.se\\\/#website\",\"url\":\"https:\\\/\\\/floore.se\\\/\",\"name\":\"Floor\u00e9 V\u00e4rmegolv\",\"description\":\"Vattenburen golvv\u00e4rme \u2013 ett av marknadens tunnaste\",\"potentialAction\":[{\"@type\":\"SearchAction\",\"target\":{\"@type\":\"EntryPoint\",\"urlTemplate\":\"https:\\\/\\\/floore.se\\\/?s={search_term_string}\"},\"query-input\":{\"@type\":\"PropertyValueSpecification\",\"valueRequired\":true,\"valueName\":\"search_term_string\"}}],\"inLanguage\":\"en-US\"}]}<\/script>\n<!-- \/ Yoast SEO Premium plugin. -->","yoast_head_json":{"title":"About Floor\u00e9 &#8211; Floor\u00e9 V\u00e4rmegolv","description":"Floor\u00e9 AB \u00e4r idag ledande leverant\u00f6r av vattenburen golvv\u00e4rme genom byggmaterialhandel i Sverige. Vi har en egentillverkad och patenterad golvv\u00e4rmeskiva.","robots":{"index":"index","follow":"follow","max-snippet":"max-snippet:-1","max-image-preview":"max-image-preview:large","max-video-preview":"max-video-preview:-1"},"canonical":"https:\/\/floore.se\/en\/about-floore\/","og_locale":"en_US","og_type":"article","og_title":"About Floor\u00e9","og_description":"Floor\u00e9 AB \u00e4r idag ledande leverant\u00f6r av vattenburen golvv\u00e4rme genom byggmaterialhandel i Sverige. Vi har en egentillverkad och patenterad golvv\u00e4rmeskiva.","og_url":"https:\/\/floore.se\/en\/about-floore\/","og_site_name":"Floor\u00e9 V\u00e4rmegolv","article_modified_time":"2020-05-11T11:39:49+00:00","og_image":[{"url":"https:\/\/floore.se\/wp-content\/uploads\/kartpinAF.png","type":"","width":"","height":""}],"twitter_misc":{"Est. reading time":"3 minutes"},"schema":{"@context":"https:\/\/schema.org","@graph":[{"@type":"WebPage","@id":"https:\/\/floore.se\/en\/about-floore\/","url":"https:\/\/floore.se\/en\/about-floore\/","name":"About Floor\u00e9 &#8211; Floor\u00e9 V\u00e4rmegolv","isPartOf":{"@id":"https:\/\/floore.se\/#website"},"primaryImageOfPage":{"@id":"https:\/\/floore.se\/en\/about-floore\/#primaryimage"},"image":{"@id":"https:\/\/floore.se\/en\/about-floore\/#primaryimage"},"thumbnailUrl":"https:\/\/floore.se\/wp-content\/uploads\/kartpinAF.png","datePublished":"2014-02-24T08:52:25+00:00","dateModified":"2020-05-11T11:39:49+00:00","description":"Floor\u00e9 AB \u00e4r idag ledande leverant\u00f6r av vattenburen golvv\u00e4rme genom byggmaterialhandel i Sverige. Vi har en egentillverkad och patenterad golvv\u00e4rmeskiva.","breadcrumb":{"@id":"https:\/\/floore.se\/en\/about-floore\/#breadcrumb"},"inLanguage":"en-US","potentialAction":[{"@type":"ReadAction","target":["https:\/\/floore.se\/en\/about-floore\/"]}]},{"@type":"ImageObject","inLanguage":"en-US","@id":"https:\/\/floore.se\/en\/about-floore\/#primaryimage","url":"https:\/\/floore.se\/wp-content\/uploads\/kartpinAF.png","contentUrl":"https:\/\/floore.se\/wp-content\/uploads\/kartpinAF.png"},{"@type":"BreadcrumbList","@id":"https:\/\/floore.se\/en\/about-floore\/#breadcrumb","itemListElement":[{"@type":"ListItem","position":1,"name":"Hem","item":"https:\/\/floore.se\/en\/golvvarme-unik-vattenburen-golvvarme-floore-varmegolv\/"},{"@type":"ListItem","position":2,"name":"About Floor\u00e9"}]},{"@type":"WebSite","@id":"https:\/\/floore.se\/#website","url":"https:\/\/floore.se\/","name":"Floor\u00e9 V\u00e4rmegolv","description":"Vattenburen golvv\u00e4rme \u2013 ett av marknadens tunnaste","potentialAction":[{"@type":"SearchAction","target":{"@type":"EntryPoint","urlTemplate":"https:\/\/floore.se\/?s={search_term_string}"},"query-input":{"@type":"PropertyValueSpecification","valueRequired":true,"valueName":"search_term_string"}}],"inLanguage":"en-US"}]}},"_links":{"self":[{"href":"https:\/\/floore.se\/en\/wp-json\/wp\/v2\/pages\/9598","targetHints":{"allow":["GET"]}}],"collection":[{"href":"https:\/\/floore.se\/en\/wp-json\/wp\/v2\/pages"}],"about":[{"href":"https:\/\/floore.se\/en\/wp-json\/wp\/v2\/types\/page"}],"author":[{"embeddable":true,"href":"https:\/\/floore.se\/en\/wp-json\/wp\/v2\/users\/3"}],"replies":[{"embeddable":true,"href":"https:\/\/floore.se\/en\/wp-json\/wp\/v2\/comments?post=9598"}],"version-history":[{"count":5,"href":"https:\/\/floore.se\/en\/wp-json\/wp\/v2\/pages\/9598\/revisions"}],"predecessor-version":[{"id":11983,"href":"https:\/\/floore.se\/en\/wp-json\/wp\/v2\/pages\/9598\/revisions\/11983"}],"wp:attachment":[{"href":"https:\/\/floore.se\/en\/wp-json\/wp\/v2\/media?parent=9598"}],"curies":[{"name":"wp","href":"https:\/\/api.w.org\/{rel}","templated":true}]}}