{"id":9591,"date":"2019-03-06T15:43:58","date_gmt":"2019-03-06T14:43:58","guid":{"rendered":"https:\/\/floore.se\/?page_id=9591"},"modified":"2019-03-06T15:59:11","modified_gmt":"2019-03-06T14:59:11","slug":"lay-floor-heating-video-installation-of-underfloor-heating","status":"publish","type":"page","link":"https:\/\/floore.se\/en\/lay-floor-heating-video-installation-of-underfloor-heating\/","title":{"rendered":"Lay floor heating | Video installation of underfloor heating"},"content":{"rendered":"<div id=\"cs-content\" class=\"cs-content\"><\/div>\n","protected":false},"excerpt":{"rendered":"<p>Video | Floor\u00e9 water-based underfloor heating Floor\u00e9 underfloor heating instruction video Floore Instruktion-textad from Slice Mediaproduktion on Vimeo.Installing Floor\u00e9 panels in a newly built detached house in Njurunda Smart Home Heating ControlFloor\u00e9 water-based underfloor heating Floor&eacute; Lars Engelsk from Slice Mediaproduktion on Vimeo.<\/p>\n","protected":false},"author":3,"featured_media":0,"parent":0,"menu_order":0,"comment_status":"closed","ping_status":"closed","template":"template-blank-4.php","meta":{"_acf_changed":false,"footnotes":""},"class_list":["post-9591","page","type-page","status-publish","hentry","no-post-thumbnail"],"acf":[],"yoast_head":"<!-- This site is optimized with the Yoast SEO Premium plugin v26.3 (Yoast SEO v27.5) - https:\/\/yoast.com\/product\/yoast-seo-premium-wordpress\/ -->\n<title>Lay floor heating | Video installation of underfloor heating &#8211; Floor\u00e9 V\u00e4rmegolv<\/title>\n<meta name=\"robots\" content=\"index, follow, max-snippet:-1, max-image-preview:large, max-video-preview:-1\" \/>\n<link rel=\"canonical\" href=\"https:\/\/floore.se\/en\/lay-floor-heating-video-installation-of-underfloor-heating\/\" \/>\n<meta property=\"og:locale\" content=\"en_US\" \/>\n<meta property=\"og:type\" content=\"article\" \/>\n<meta property=\"og:title\" content=\"Lay floor heating | Video installation of underfloor heating\" \/>\n<meta property=\"og:description\" content=\"Video | Floor\u00e9 water-based underfloor heating Floor\u00e9 underfloor heating instruction video Floore Instruktion-textad from Slice Mediaproduktion on Vimeo.Installing Floor\u00e9 panels in a newly built detached house in Njurunda Smart Home Heating ControlFloor\u00e9 water-based underfloor heating Floor&eacute; Lars Engelsk from Slice Mediaproduktion on Vimeo.\" \/>\n<meta property=\"og:url\" content=\"https:\/\/floore.se\/en\/lay-floor-heating-video-installation-of-underfloor-heating\/\" \/>\n<meta property=\"og:site_name\" content=\"Floor\u00e9 V\u00e4rmegolv\" \/>\n<meta property=\"article:modified_time\" content=\"2019-03-06T14:59:11+00:00\" \/>\n<script type=\"application\/ld+json\" class=\"yoast-schema-graph\">{\"@context\":\"https:\\\/\\\/schema.org\",\"@graph\":[{\"@type\":\"WebPage\",\"@id\":\"https:\\\/\\\/floore.se\\\/en\\\/lay-floor-heating-video-installation-of-underfloor-heating\\\/\",\"url\":\"https:\\\/\\\/floore.se\\\/en\\\/lay-floor-heating-video-installation-of-underfloor-heating\\\/\",\"name\":\"Lay floor heating | Video installation of underfloor heating &#8211; Floor\u00e9 V\u00e4rmegolv\",\"isPartOf\":{\"@id\":\"https:\\\/\\\/floore.se\\\/#website\"},\"datePublished\":\"2019-03-06T14:43:58+00:00\",\"dateModified\":\"2019-03-06T14:59:11+00:00\",\"breadcrumb\":{\"@id\":\"https:\\\/\\\/floore.se\\\/en\\\/lay-floor-heating-video-installation-of-underfloor-heating\\\/#breadcrumb\"},\"inLanguage\":\"en-US\",\"potentialAction\":[{\"@type\":\"ReadAction\",\"target\":[\"https:\\\/\\\/floore.se\\\/en\\\/lay-floor-heating-video-installation-of-underfloor-heating\\\/\"]}]},{\"@type\":\"BreadcrumbList\",\"@id\":\"https:\\\/\\\/floore.se\\\/en\\\/lay-floor-heating-video-installation-of-underfloor-heating\\\/#breadcrumb\",\"itemListElement\":[{\"@type\":\"ListItem\",\"position\":1,\"name\":\"Hem\",\"item\":\"https:\\\/\\\/floore.se\\\/en\\\/golvvarme-unik-vattenburen-golvvarme-floore-varmegolv\\\/\"},{\"@type\":\"ListItem\",\"position\":2,\"name\":\"Lay floor heating | Video installation of underfloor heating\"}]},{\"@type\":\"WebSite\",\"@id\":\"https:\\\/\\\/floore.se\\\/#website\",\"url\":\"https:\\\/\\\/floore.se\\\/\",\"name\":\"Floor\u00e9 V\u00e4rmegolv\",\"description\":\"Vattenburen golvv\u00e4rme \u2013 ett av marknadens tunnaste\",\"potentialAction\":[{\"@type\":\"SearchAction\",\"target\":{\"@type\":\"EntryPoint\",\"urlTemplate\":\"https:\\\/\\\/floore.se\\\/?s={search_term_string}\"},\"query-input\":{\"@type\":\"PropertyValueSpecification\",\"valueRequired\":true,\"valueName\":\"search_term_string\"}}],\"inLanguage\":\"en-US\"}]}<\/script>\n<!-- \/ Yoast SEO Premium plugin. -->","yoast_head_json":{"title":"Lay floor heating | Video installation of underfloor heating &#8211; Floor\u00e9 V\u00e4rmegolv","robots":{"index":"index","follow":"follow","max-snippet":"max-snippet:-1","max-image-preview":"max-image-preview:large","max-video-preview":"max-video-preview:-1"},"canonical":"https:\/\/floore.se\/en\/lay-floor-heating-video-installation-of-underfloor-heating\/","og_locale":"en_US","og_type":"article","og_title":"Lay floor heating | Video installation of underfloor heating","og_description":"Video | Floor\u00e9 water-based underfloor heating Floor\u00e9 underfloor heating instruction video Floore Instruktion-textad from Slice Mediaproduktion on Vimeo.Installing Floor\u00e9 panels in a newly built detached house in Njurunda Smart Home Heating ControlFloor\u00e9 water-based underfloor heating Floor&eacute; Lars Engelsk from Slice Mediaproduktion on Vimeo.","og_url":"https:\/\/floore.se\/en\/lay-floor-heating-video-installation-of-underfloor-heating\/","og_site_name":"Floor\u00e9 V\u00e4rmegolv","article_modified_time":"2019-03-06T14:59:11+00:00","schema":{"@context":"https:\/\/schema.org","@graph":[{"@type":"WebPage","@id":"https:\/\/floore.se\/en\/lay-floor-heating-video-installation-of-underfloor-heating\/","url":"https:\/\/floore.se\/en\/lay-floor-heating-video-installation-of-underfloor-heating\/","name":"Lay floor heating | Video installation of underfloor heating &#8211; Floor\u00e9 V\u00e4rmegolv","isPartOf":{"@id":"https:\/\/floore.se\/#website"},"datePublished":"2019-03-06T14:43:58+00:00","dateModified":"2019-03-06T14:59:11+00:00","breadcrumb":{"@id":"https:\/\/floore.se\/en\/lay-floor-heating-video-installation-of-underfloor-heating\/#breadcrumb"},"inLanguage":"en-US","potentialAction":[{"@type":"ReadAction","target":["https:\/\/floore.se\/en\/lay-floor-heating-video-installation-of-underfloor-heating\/"]}]},{"@type":"BreadcrumbList","@id":"https:\/\/floore.se\/en\/lay-floor-heating-video-installation-of-underfloor-heating\/#breadcrumb","itemListElement":[{"@type":"ListItem","position":1,"name":"Hem","item":"https:\/\/floore.se\/en\/golvvarme-unik-vattenburen-golvvarme-floore-varmegolv\/"},{"@type":"ListItem","position":2,"name":"Lay floor heating | Video installation of underfloor heating"}]},{"@type":"WebSite","@id":"https:\/\/floore.se\/#website","url":"https:\/\/floore.se\/","name":"Floor\u00e9 V\u00e4rmegolv","description":"Vattenburen golvv\u00e4rme \u2013 ett av marknadens tunnaste","potentialAction":[{"@type":"SearchAction","target":{"@type":"EntryPoint","urlTemplate":"https:\/\/floore.se\/?s={search_term_string}"},"query-input":{"@type":"PropertyValueSpecification","valueRequired":true,"valueName":"search_term_string"}}],"inLanguage":"en-US"}]}},"_links":{"self":[{"href":"https:\/\/floore.se\/en\/wp-json\/wp\/v2\/pages\/9591","targetHints":{"allow":["GET"]}}],"collection":[{"href":"https:\/\/floore.se\/en\/wp-json\/wp\/v2\/pages"}],"about":[{"href":"https:\/\/floore.se\/en\/wp-json\/wp\/v2\/types\/page"}],"author":[{"embeddable":true,"href":"https:\/\/floore.se\/en\/wp-json\/wp\/v2\/users\/3"}],"replies":[{"embeddable":true,"href":"https:\/\/floore.se\/en\/wp-json\/wp\/v2\/comments?post=9591"}],"version-history":[{"count":2,"href":"https:\/\/floore.se\/en\/wp-json\/wp\/v2\/pages\/9591\/revisions"}],"predecessor-version":[{"id":9593,"href":"https:\/\/floore.se\/en\/wp-json\/wp\/v2\/pages\/9591\/revisions\/9593"}],"wp:attachment":[{"href":"https:\/\/floore.se\/en\/wp-json\/wp\/v2\/media?parent=9591"}],"curies":[{"name":"wp","href":"https:\/\/api.w.org\/{rel}","templated":true}]}}