{"id":9578,"date":"2019-03-06T15:24:17","date_gmt":"2019-03-06T14:24:17","guid":{"rendered":"https:\/\/floore.se\/?page_id=9578"},"modified":"2020-03-25T12:15:17","modified_gmt":"2020-03-25T11:15:17","slug":"documentation-floore-water-based-underfloor-heating","status":"publish","type":"page","link":"https:\/\/floore.se\/en\/documentation-floore-water-based-underfloor-heating\/","title":{"rendered":"Documentation &#8211; Floor\u00e9 water-based underfloor heating"},"content":{"rendered":"<div id=\"cs-content\" class=\"cs-content\"><\/div>\n","protected":false},"excerpt":{"rendered":"<p>Sales &#038; Support +46 (0)10-221 64 00+46 10 221 64 00Floor\u00e9 Product catalogue 2020Floor\u00e9 water underfloor HeatingInstallation instructions VIDEO Floore Instruktion-textad from Slice Mediaproduktion on Vimeo.Installation Instruction Floor\u00e9 KitVIDEO Wireless eight-channel junction box without gateway. KL08RF. VIDEO Wireless room thermostat (one zone\/coil) setup. 41279. VIDEO Auto balancing actuator THB230 VIDEO Filling and aeration of underfloor heating VIDEO Filling and aeration &#8230; <a href=\"https:\/\/floore.se\/en\/documentation-floore-water-based-underfloor-heating\/\" class=\"more-link\">Read More<\/a><\/p>\n","protected":false},"author":3,"featured_media":0,"parent":0,"menu_order":0,"comment_status":"closed","ping_status":"open","template":"template-blank-4.php","meta":{"_acf_changed":false,"footnotes":""},"class_list":["post-9578","page","type-page","status-publish","hentry","no-post-thumbnail"],"acf":[],"yoast_head":"<!-- This site is optimized with the Yoast SEO Premium plugin v26.3 (Yoast SEO v27.5) - https:\/\/yoast.com\/product\/yoast-seo-premium-wordpress\/ -->\n<title>Documentation - Floor\u00e9 water-based underfloor heating &#8211; Floor\u00e9 V\u00e4rmegolv<\/title>\n<meta name=\"robots\" content=\"index, follow, max-snippet:-1, max-image-preview:large, max-video-preview:-1\" \/>\n<link rel=\"canonical\" href=\"https:\/\/floore.se\/en\/documentation-floore-water-based-underfloor-heating\/\" \/>\n<meta property=\"og:locale\" content=\"en_US\" \/>\n<meta property=\"og:type\" content=\"article\" \/>\n<meta property=\"og:title\" content=\"Documentation - Floor\u00e9 water-based underfloor heating\" \/>\n<meta property=\"og:description\" content=\"Sales &amp; Support +46 (0)10-221 64 00+46 10 221 64 00Floor\u00e9 Product catalogue 2020Floor\u00e9 water underfloor HeatingInstallation instructions VIDEO Floore Instruktion-textad from Slice Mediaproduktion on Vimeo.Installation Instruction Floor\u00e9 KitVIDEO Wireless eight-channel junction box without gateway. KL08RF. VIDEO Wireless room thermostat (one zone\/coil) setup. 41279. VIDEO Auto balancing actuator THB230 VIDEO Filling and aeration of underfloor heating VIDEO Filling and aeration ... Read More\" \/>\n<meta property=\"og:url\" content=\"https:\/\/floore.se\/en\/documentation-floore-water-based-underfloor-heating\/\" \/>\n<meta property=\"og:site_name\" content=\"Floor\u00e9 V\u00e4rmegolv\" \/>\n<meta property=\"article:modified_time\" content=\"2020-03-25T11:15:17+00:00\" \/>\n<meta name=\"twitter:label1\" content=\"Est. reading time\" \/>\n\t<meta name=\"twitter:data1\" content=\"1 minute\" \/>\n<script type=\"application\/ld+json\" class=\"yoast-schema-graph\">{\"@context\":\"https:\\\/\\\/schema.org\",\"@graph\":[{\"@type\":\"WebPage\",\"@id\":\"https:\\\/\\\/floore.se\\\/en\\\/documentation-floore-water-based-underfloor-heating\\\/\",\"url\":\"https:\\\/\\\/floore.se\\\/en\\\/documentation-floore-water-based-underfloor-heating\\\/\",\"name\":\"Documentation - Floor\u00e9 water-based underfloor heating &#8211; Floor\u00e9 V\u00e4rmegolv\",\"isPartOf\":{\"@id\":\"https:\\\/\\\/floore.se\\\/#website\"},\"datePublished\":\"2019-03-06T14:24:17+00:00\",\"dateModified\":\"2020-03-25T11:15:17+00:00\",\"breadcrumb\":{\"@id\":\"https:\\\/\\\/floore.se\\\/en\\\/documentation-floore-water-based-underfloor-heating\\\/#breadcrumb\"},\"inLanguage\":\"en-US\",\"potentialAction\":[{\"@type\":\"ReadAction\",\"target\":[\"https:\\\/\\\/floore.se\\\/en\\\/documentation-floore-water-based-underfloor-heating\\\/\"]}]},{\"@type\":\"BreadcrumbList\",\"@id\":\"https:\\\/\\\/floore.se\\\/en\\\/documentation-floore-water-based-underfloor-heating\\\/#breadcrumb\",\"itemListElement\":[{\"@type\":\"ListItem\",\"position\":1,\"name\":\"Hem\",\"item\":\"https:\\\/\\\/floore.se\\\/en\\\/golvvarme-unik-vattenburen-golvvarme-floore-varmegolv\\\/\"},{\"@type\":\"ListItem\",\"position\":2,\"name\":\"Documentation &#8211; Floor\u00e9 water-based underfloor heating\"}]},{\"@type\":\"WebSite\",\"@id\":\"https:\\\/\\\/floore.se\\\/#website\",\"url\":\"https:\\\/\\\/floore.se\\\/\",\"name\":\"Floor\u00e9 V\u00e4rmegolv\",\"description\":\"Vattenburen golvv\u00e4rme \u2013 ett av marknadens tunnaste\",\"potentialAction\":[{\"@type\":\"SearchAction\",\"target\":{\"@type\":\"EntryPoint\",\"urlTemplate\":\"https:\\\/\\\/floore.se\\\/?s={search_term_string}\"},\"query-input\":{\"@type\":\"PropertyValueSpecification\",\"valueRequired\":true,\"valueName\":\"search_term_string\"}}],\"inLanguage\":\"en-US\"}]}<\/script>\n<!-- \/ Yoast SEO Premium plugin. -->","yoast_head_json":{"title":"Documentation - Floor\u00e9 water-based underfloor heating &#8211; Floor\u00e9 V\u00e4rmegolv","robots":{"index":"index","follow":"follow","max-snippet":"max-snippet:-1","max-image-preview":"max-image-preview:large","max-video-preview":"max-video-preview:-1"},"canonical":"https:\/\/floore.se\/en\/documentation-floore-water-based-underfloor-heating\/","og_locale":"en_US","og_type":"article","og_title":"Documentation - Floor\u00e9 water-based underfloor heating","og_description":"Sales & Support +46 (0)10-221 64 00+46 10 221 64 00Floor\u00e9 Product catalogue 2020Floor\u00e9 water underfloor HeatingInstallation instructions VIDEO Floore Instruktion-textad from Slice Mediaproduktion on Vimeo.Installation Instruction Floor\u00e9 KitVIDEO Wireless eight-channel junction box without gateway. KL08RF. VIDEO Wireless room thermostat (one zone\/coil) setup. 41279. VIDEO Auto balancing actuator THB230 VIDEO Filling and aeration of underfloor heating VIDEO Filling and aeration ... Read More","og_url":"https:\/\/floore.se\/en\/documentation-floore-water-based-underfloor-heating\/","og_site_name":"Floor\u00e9 V\u00e4rmegolv","article_modified_time":"2020-03-25T11:15:17+00:00","twitter_misc":{"Est. reading time":"1 minute"},"schema":{"@context":"https:\/\/schema.org","@graph":[{"@type":"WebPage","@id":"https:\/\/floore.se\/en\/documentation-floore-water-based-underfloor-heating\/","url":"https:\/\/floore.se\/en\/documentation-floore-water-based-underfloor-heating\/","name":"Documentation - Floor\u00e9 water-based underfloor heating &#8211; Floor\u00e9 V\u00e4rmegolv","isPartOf":{"@id":"https:\/\/floore.se\/#website"},"datePublished":"2019-03-06T14:24:17+00:00","dateModified":"2020-03-25T11:15:17+00:00","breadcrumb":{"@id":"https:\/\/floore.se\/en\/documentation-floore-water-based-underfloor-heating\/#breadcrumb"},"inLanguage":"en-US","potentialAction":[{"@type":"ReadAction","target":["https:\/\/floore.se\/en\/documentation-floore-water-based-underfloor-heating\/"]}]},{"@type":"BreadcrumbList","@id":"https:\/\/floore.se\/en\/documentation-floore-water-based-underfloor-heating\/#breadcrumb","itemListElement":[{"@type":"ListItem","position":1,"name":"Hem","item":"https:\/\/floore.se\/en\/golvvarme-unik-vattenburen-golvvarme-floore-varmegolv\/"},{"@type":"ListItem","position":2,"name":"Documentation &#8211; Floor\u00e9 water-based underfloor heating"}]},{"@type":"WebSite","@id":"https:\/\/floore.se\/#website","url":"https:\/\/floore.se\/","name":"Floor\u00e9 V\u00e4rmegolv","description":"Vattenburen golvv\u00e4rme \u2013 ett av marknadens tunnaste","potentialAction":[{"@type":"SearchAction","target":{"@type":"EntryPoint","urlTemplate":"https:\/\/floore.se\/?s={search_term_string}"},"query-input":{"@type":"PropertyValueSpecification","valueRequired":true,"valueName":"search_term_string"}}],"inLanguage":"en-US"}]}},"_links":{"self":[{"href":"https:\/\/floore.se\/en\/wp-json\/wp\/v2\/pages\/9578","targetHints":{"allow":["GET"]}}],"collection":[{"href":"https:\/\/floore.se\/en\/wp-json\/wp\/v2\/pages"}],"about":[{"href":"https:\/\/floore.se\/en\/wp-json\/wp\/v2\/types\/page"}],"author":[{"embeddable":true,"href":"https:\/\/floore.se\/en\/wp-json\/wp\/v2\/users\/3"}],"replies":[{"embeddable":true,"href":"https:\/\/floore.se\/en\/wp-json\/wp\/v2\/comments?post=9578"}],"version-history":[{"count":13,"href":"https:\/\/floore.se\/en\/wp-json\/wp\/v2\/pages\/9578\/revisions"}],"predecessor-version":[{"id":11566,"href":"https:\/\/floore.se\/en\/wp-json\/wp\/v2\/pages\/9578\/revisions\/11566"}],"wp:attachment":[{"href":"https:\/\/floore.se\/en\/wp-json\/wp\/v2\/media?parent=9578"}],"curies":[{"name":"wp","href":"https:\/\/api.w.org\/{rel}","templated":true}]}}