{"id":9551,"date":"2019-03-06T14:32:30","date_gmt":"2019-03-06T13:32:30","guid":{"rendered":"https:\/\/floore.se\/contact\/distributors\/"},"modified":"2024-10-02T13:47:02","modified_gmt":"2024-10-02T11:47:02","slug":"distributors","status":"publish","type":"page","link":"https:\/\/floore.se\/en\/contact\/distributors\/","title":{"rendered":"Distributors"},"content":{"rendered":"<div id=\"cs-content\" class=\"cs-content\"><\/div>\n","protected":false},"excerpt":{"rendered":"<p>Buy Floor\u00e9 products Floor\u00e9 products can be purchased via the distributors listed on this page. There are also many HVAC companies and other companies all over Sweden that sell and can install our products. If you are an installer, you can buy our products through your wholesaler. Get in touch with us and we\u2019ll help you locate a distributor near &#8230; <a href=\"https:\/\/floore.se\/en\/contact\/distributors\/\" class=\"more-link\">Read More<\/a><\/p>\n","protected":false},"author":3,"featured_media":0,"parent":9537,"menu_order":0,"comment_status":"closed","ping_status":"open","template":"template-blank-4.php","meta":{"_acf_changed":false,"footnotes":""},"class_list":["post-9551","page","type-page","status-publish","hentry","no-post-thumbnail"],"acf":[],"yoast_head":"<!-- This site is optimized with the Yoast SEO Premium plugin v26.3 (Yoast SEO v27.5) - https:\/\/yoast.com\/product\/yoast-seo-premium-wordpress\/ -->\n<title>Distributors &#8211; Floor\u00e9 V\u00e4rmegolv<\/title>\n<meta name=\"description\" content=\"Floor\u00e9 products can be purchased via the distributors listed on this page. There are also many HVAC companies and other companies all over Sweden that sell and can install our products. If you are an installer, you can buy our products through your wholesaler. Get in touch with us and we\u2019ll help you locate a distributor near you. Telephone: +46 (0)10-221 64 00 info@floore.se\" \/>\n<meta name=\"robots\" content=\"index, follow, max-snippet:-1, max-image-preview:large, max-video-preview:-1\" \/>\n<link rel=\"canonical\" href=\"https:\/\/floore.se\/en\/contact\/distributors\/\" \/>\n<meta property=\"og:locale\" content=\"en_US\" \/>\n<meta property=\"og:type\" content=\"article\" \/>\n<meta property=\"og:title\" content=\"Distributors\" \/>\n<meta property=\"og:description\" content=\"Floor\u00e9 products can be purchased via the distributors listed on this page. There are also many HVAC companies and other companies all over Sweden that sell and can install our products. If you are an installer, you can buy our products through your wholesaler. Get in touch with us and we\u2019ll help you locate a distributor near you. Telephone: +46 (0)10-221 64 00 info@floore.se\" \/>\n<meta property=\"og:url\" content=\"https:\/\/floore.se\/en\/contact\/distributors\/\" \/>\n<meta property=\"og:site_name\" content=\"Floor\u00e9 V\u00e4rmegolv\" \/>\n<meta property=\"article:modified_time\" content=\"2024-10-02T11:47:02+00:00\" \/>\n<meta name=\"twitter:label1\" content=\"Est. reading time\" \/>\n\t<meta name=\"twitter:data1\" content=\"2 minutes\" \/>\n<script type=\"application\/ld+json\" class=\"yoast-schema-graph\">{\"@context\":\"https:\\\/\\\/schema.org\",\"@graph\":[{\"@type\":\"WebPage\",\"@id\":\"https:\\\/\\\/floore.se\\\/en\\\/contact\\\/distributors\\\/\",\"url\":\"https:\\\/\\\/floore.se\\\/en\\\/contact\\\/distributors\\\/\",\"name\":\"Distributors &#8211; Floor\u00e9 V\u00e4rmegolv\",\"isPartOf\":{\"@id\":\"https:\\\/\\\/floore.se\\\/#website\"},\"datePublished\":\"2019-03-06T13:32:30+00:00\",\"dateModified\":\"2024-10-02T11:47:02+00:00\",\"description\":\"Floor\u00e9 products can be purchased via the distributors listed on this page. There are also many HVAC companies and other companies all over Sweden that sell and can install our products. If you are an installer, you can buy our products through your wholesaler. Get in touch with us and we\u2019ll help you locate a distributor near you. Telephone: +46 (0)10-221 64 00 info@floore.se\",\"breadcrumb\":{\"@id\":\"https:\\\/\\\/floore.se\\\/en\\\/contact\\\/distributors\\\/#breadcrumb\"},\"inLanguage\":\"en-US\",\"potentialAction\":[{\"@type\":\"ReadAction\",\"target\":[\"https:\\\/\\\/floore.se\\\/en\\\/contact\\\/distributors\\\/\"]}]},{\"@type\":\"BreadcrumbList\",\"@id\":\"https:\\\/\\\/floore.se\\\/en\\\/contact\\\/distributors\\\/#breadcrumb\",\"itemListElement\":[{\"@type\":\"ListItem\",\"position\":1,\"name\":\"Hem\",\"item\":\"https:\\\/\\\/floore.se\\\/en\\\/golvvarme-unik-vattenburen-golvvarme-floore-varmegolv\\\/\"},{\"@type\":\"ListItem\",\"position\":2,\"name\":\"Contact\",\"item\":\"https:\\\/\\\/floore.se\\\/en\\\/contact\\\/\"},{\"@type\":\"ListItem\",\"position\":3,\"name\":\"Distributors\"}]},{\"@type\":\"WebSite\",\"@id\":\"https:\\\/\\\/floore.se\\\/#website\",\"url\":\"https:\\\/\\\/floore.se\\\/\",\"name\":\"Floor\u00e9 V\u00e4rmegolv\",\"description\":\"Vattenburen golvv\u00e4rme \u2013 ett av marknadens tunnaste\",\"potentialAction\":[{\"@type\":\"SearchAction\",\"target\":{\"@type\":\"EntryPoint\",\"urlTemplate\":\"https:\\\/\\\/floore.se\\\/?s={search_term_string}\"},\"query-input\":{\"@type\":\"PropertyValueSpecification\",\"valueRequired\":true,\"valueName\":\"search_term_string\"}}],\"inLanguage\":\"en-US\"}]}<\/script>\n<!-- \/ Yoast SEO Premium plugin. -->","yoast_head_json":{"title":"Distributors &#8211; Floor\u00e9 V\u00e4rmegolv","description":"Floor\u00e9 products can be purchased via the distributors listed on this page. There are also many HVAC companies and other companies all over Sweden that sell and can install our products. If you are an installer, you can buy our products through your wholesaler. Get in touch with us and we\u2019ll help you locate a distributor near you. Telephone: +46 (0)10-221 64 00 info@floore.se","robots":{"index":"index","follow":"follow","max-snippet":"max-snippet:-1","max-image-preview":"max-image-preview:large","max-video-preview":"max-video-preview:-1"},"canonical":"https:\/\/floore.se\/en\/contact\/distributors\/","og_locale":"en_US","og_type":"article","og_title":"Distributors","og_description":"Floor\u00e9 products can be purchased via the distributors listed on this page. There are also many HVAC companies and other companies all over Sweden that sell and can install our products. If you are an installer, you can buy our products through your wholesaler. Get in touch with us and we\u2019ll help you locate a distributor near you. Telephone: +46 (0)10-221 64 00 info@floore.se","og_url":"https:\/\/floore.se\/en\/contact\/distributors\/","og_site_name":"Floor\u00e9 V\u00e4rmegolv","article_modified_time":"2024-10-02T11:47:02+00:00","twitter_misc":{"Est. reading time":"2 minutes"},"schema":{"@context":"https:\/\/schema.org","@graph":[{"@type":"WebPage","@id":"https:\/\/floore.se\/en\/contact\/distributors\/","url":"https:\/\/floore.se\/en\/contact\/distributors\/","name":"Distributors &#8211; Floor\u00e9 V\u00e4rmegolv","isPartOf":{"@id":"https:\/\/floore.se\/#website"},"datePublished":"2019-03-06T13:32:30+00:00","dateModified":"2024-10-02T11:47:02+00:00","description":"Floor\u00e9 products can be purchased via the distributors listed on this page. There are also many HVAC companies and other companies all over Sweden that sell and can install our products. If you are an installer, you can buy our products through your wholesaler. Get in touch with us and we\u2019ll help you locate a distributor near you. Telephone: +46 (0)10-221 64 00 info@floore.se","breadcrumb":{"@id":"https:\/\/floore.se\/en\/contact\/distributors\/#breadcrumb"},"inLanguage":"en-US","potentialAction":[{"@type":"ReadAction","target":["https:\/\/floore.se\/en\/contact\/distributors\/"]}]},{"@type":"BreadcrumbList","@id":"https:\/\/floore.se\/en\/contact\/distributors\/#breadcrumb","itemListElement":[{"@type":"ListItem","position":1,"name":"Hem","item":"https:\/\/floore.se\/en\/golvvarme-unik-vattenburen-golvvarme-floore-varmegolv\/"},{"@type":"ListItem","position":2,"name":"Contact","item":"https:\/\/floore.se\/en\/contact\/"},{"@type":"ListItem","position":3,"name":"Distributors"}]},{"@type":"WebSite","@id":"https:\/\/floore.se\/#website","url":"https:\/\/floore.se\/","name":"Floor\u00e9 V\u00e4rmegolv","description":"Vattenburen golvv\u00e4rme \u2013 ett av marknadens tunnaste","potentialAction":[{"@type":"SearchAction","target":{"@type":"EntryPoint","urlTemplate":"https:\/\/floore.se\/?s={search_term_string}"},"query-input":{"@type":"PropertyValueSpecification","valueRequired":true,"valueName":"search_term_string"}}],"inLanguage":"en-US"}]}},"_links":{"self":[{"href":"https:\/\/floore.se\/en\/wp-json\/wp\/v2\/pages\/9551","targetHints":{"allow":["GET"]}}],"collection":[{"href":"https:\/\/floore.se\/en\/wp-json\/wp\/v2\/pages"}],"about":[{"href":"https:\/\/floore.se\/en\/wp-json\/wp\/v2\/types\/page"}],"author":[{"embeddable":true,"href":"https:\/\/floore.se\/en\/wp-json\/wp\/v2\/users\/3"}],"replies":[{"embeddable":true,"href":"https:\/\/floore.se\/en\/wp-json\/wp\/v2\/comments?post=9551"}],"version-history":[{"count":24,"href":"https:\/\/floore.se\/en\/wp-json\/wp\/v2\/pages\/9551\/revisions"}],"predecessor-version":[{"id":19573,"href":"https:\/\/floore.se\/en\/wp-json\/wp\/v2\/pages\/9551\/revisions\/19573"}],"up":[{"embeddable":true,"href":"https:\/\/floore.se\/en\/wp-json\/wp\/v2\/pages\/9537"}],"wp:attachment":[{"href":"https:\/\/floore.se\/en\/wp-json\/wp\/v2\/media?parent=9551"}],"curies":[{"name":"wp","href":"https:\/\/api.w.org\/{rel}","templated":true}]}}