{"id":9541,"date":"2019-03-06T13:41:06","date_gmt":"2019-03-06T12:41:06","guid":{"rendered":"https:\/\/floore.se\/?page_id=9541"},"modified":"2020-09-09T19:50:02","modified_gmt":"2020-09-09T17:50:02","slug":"about-floor-heating","status":"publish","type":"page","link":"https:\/\/floore.se\/en\/about-floor-heating\/","title":{"rendered":"About Floor Heating | Benefits of water-based underfloor heating"},"content":{"rendered":"<div id=\"cs-content\" class=\"cs-content\"><\/div>\n","protected":false},"excerpt":{"rendered":"<p>Benefits of Floor\u00e9 water-based underfloor heating Do it yourself! Help with planning and drawing Support along the way A life-long and comfortable indoor climate. Warm feet &#8211; it\u2019s your right!We want everyone to have the opportunity to benefit from uniform and comfortable heating in their own home, without excessive energy consumption. Floor\u00e9\u2019s entire product range was developed on the basis &#8230; <a href=\"https:\/\/floore.se\/en\/about-floor-heating\/\" class=\"more-link\">Read More<\/a><\/p>\n","protected":false},"author":3,"featured_media":0,"parent":0,"menu_order":0,"comment_status":"closed","ping_status":"closed","template":"template-blank-1.php","meta":{"_acf_changed":false,"footnotes":""},"class_list":["post-9541","page","type-page","status-publish","hentry","no-post-thumbnail"],"acf":[],"yoast_head":"<!-- This site is optimized with the Yoast SEO Premium plugin v26.3 (Yoast SEO v27.4) - https:\/\/yoast.com\/product\/yoast-seo-premium-wordpress\/ -->\n<title>About Floor Heating | Benefits of water-based underfloor heating &#8211; Floor\u00e9 V\u00e4rmegolv<\/title>\n<meta name=\"robots\" content=\"index, follow, max-snippet:-1, max-image-preview:large, max-video-preview:-1\" \/>\n<link rel=\"canonical\" href=\"https:\/\/floore.se\/en\/about-floor-heating\/\" \/>\n<meta property=\"og:locale\" content=\"en_US\" \/>\n<meta property=\"og:type\" content=\"article\" \/>\n<meta property=\"og:title\" content=\"About Floor Heating | Benefits of water-based underfloor heating\" \/>\n<meta property=\"og:description\" content=\"Benefits of Floor\u00e9 water-based underfloor heating Do it yourself! Help with planning and drawing Support along the way A life-long and comfortable indoor climate. Warm feet - it\u2019s your right!We want everyone to have the opportunity to benefit from uniform and comfortable heating in their own home, without excessive energy consumption. Floor\u00e9\u2019s entire product range was developed on the basis ... Read More\" \/>\n<meta property=\"og:url\" content=\"https:\/\/floore.se\/en\/about-floor-heating\/\" \/>\n<meta property=\"og:site_name\" content=\"Floor\u00e9 V\u00e4rmegolv\" \/>\n<meta property=\"article:modified_time\" content=\"2020-09-09T17:50:02+00:00\" \/>\n<meta property=\"og:image\" content=\"https:\/\/floore.se\/wp-content\/uploads\/Bild04.jpg\" \/>\n<meta name=\"twitter:label1\" content=\"Est. reading time\" \/>\n\t<meta name=\"twitter:data1\" content=\"4 minutes\" \/>\n<script type=\"application\/ld+json\" class=\"yoast-schema-graph\">{\"@context\":\"https:\\\/\\\/schema.org\",\"@graph\":[{\"@type\":\"WebPage\",\"@id\":\"https:\\\/\\\/floore.se\\\/en\\\/about-floor-heating\\\/\",\"url\":\"https:\\\/\\\/floore.se\\\/en\\\/about-floor-heating\\\/\",\"name\":\"About Floor Heating | Benefits of water-based underfloor heating &#8211; Floor\u00e9 V\u00e4rmegolv\",\"isPartOf\":{\"@id\":\"https:\\\/\\\/floore.se\\\/#website\"},\"primaryImageOfPage\":{\"@id\":\"https:\\\/\\\/floore.se\\\/en\\\/about-floor-heating\\\/#primaryimage\"},\"image\":{\"@id\":\"https:\\\/\\\/floore.se\\\/en\\\/about-floor-heating\\\/#primaryimage\"},\"thumbnailUrl\":\"https:\\\/\\\/floore.se\\\/wp-content\\\/uploads\\\/Bild04.jpg\",\"datePublished\":\"2019-03-06T12:41:06+00:00\",\"dateModified\":\"2020-09-09T17:50:02+00:00\",\"breadcrumb\":{\"@id\":\"https:\\\/\\\/floore.se\\\/en\\\/about-floor-heating\\\/#breadcrumb\"},\"inLanguage\":\"en-US\",\"potentialAction\":[{\"@type\":\"ReadAction\",\"target\":[\"https:\\\/\\\/floore.se\\\/en\\\/about-floor-heating\\\/\"]}]},{\"@type\":\"ImageObject\",\"inLanguage\":\"en-US\",\"@id\":\"https:\\\/\\\/floore.se\\\/en\\\/about-floor-heating\\\/#primaryimage\",\"url\":\"https:\\\/\\\/floore.se\\\/wp-content\\\/uploads\\\/Bild04.jpg\",\"contentUrl\":\"https:\\\/\\\/floore.se\\\/wp-content\\\/uploads\\\/Bild04.jpg\"},{\"@type\":\"BreadcrumbList\",\"@id\":\"https:\\\/\\\/floore.se\\\/en\\\/about-floor-heating\\\/#breadcrumb\",\"itemListElement\":[{\"@type\":\"ListItem\",\"position\":1,\"name\":\"Hem\",\"item\":\"https:\\\/\\\/floore.se\\\/en\\\/golvvarme-unik-vattenburen-golvvarme-floore-varmegolv\\\/\"},{\"@type\":\"ListItem\",\"position\":2,\"name\":\"About Floor Heating | Benefits of water-based underfloor heating\"}]},{\"@type\":\"WebSite\",\"@id\":\"https:\\\/\\\/floore.se\\\/#website\",\"url\":\"https:\\\/\\\/floore.se\\\/\",\"name\":\"Floor\u00e9 V\u00e4rmegolv\",\"description\":\"Vattenburen golvv\u00e4rme \u2013 ett av marknadens tunnaste\",\"potentialAction\":[{\"@type\":\"SearchAction\",\"target\":{\"@type\":\"EntryPoint\",\"urlTemplate\":\"https:\\\/\\\/floore.se\\\/?s={search_term_string}\"},\"query-input\":{\"@type\":\"PropertyValueSpecification\",\"valueRequired\":true,\"valueName\":\"search_term_string\"}}],\"inLanguage\":\"en-US\"}]}<\/script>\n<!-- \/ Yoast SEO Premium plugin. -->","yoast_head_json":{"title":"About Floor Heating | Benefits of water-based underfloor heating &#8211; Floor\u00e9 V\u00e4rmegolv","robots":{"index":"index","follow":"follow","max-snippet":"max-snippet:-1","max-image-preview":"max-image-preview:large","max-video-preview":"max-video-preview:-1"},"canonical":"https:\/\/floore.se\/en\/about-floor-heating\/","og_locale":"en_US","og_type":"article","og_title":"About Floor Heating | Benefits of water-based underfloor heating","og_description":"Benefits of Floor\u00e9 water-based underfloor heating Do it yourself! Help with planning and drawing Support along the way A life-long and comfortable indoor climate. Warm feet - it\u2019s your right!We want everyone to have the opportunity to benefit from uniform and comfortable heating in their own home, without excessive energy consumption. Floor\u00e9\u2019s entire product range was developed on the basis ... Read More","og_url":"https:\/\/floore.se\/en\/about-floor-heating\/","og_site_name":"Floor\u00e9 V\u00e4rmegolv","article_modified_time":"2020-09-09T17:50:02+00:00","og_image":[{"url":"https:\/\/floore.se\/wp-content\/uploads\/Bild04.jpg","type":"","width":"","height":""}],"twitter_misc":{"Est. reading time":"4 minutes"},"schema":{"@context":"https:\/\/schema.org","@graph":[{"@type":"WebPage","@id":"https:\/\/floore.se\/en\/about-floor-heating\/","url":"https:\/\/floore.se\/en\/about-floor-heating\/","name":"About Floor Heating | Benefits of water-based underfloor heating &#8211; Floor\u00e9 V\u00e4rmegolv","isPartOf":{"@id":"https:\/\/floore.se\/#website"},"primaryImageOfPage":{"@id":"https:\/\/floore.se\/en\/about-floor-heating\/#primaryimage"},"image":{"@id":"https:\/\/floore.se\/en\/about-floor-heating\/#primaryimage"},"thumbnailUrl":"https:\/\/floore.se\/wp-content\/uploads\/Bild04.jpg","datePublished":"2019-03-06T12:41:06+00:00","dateModified":"2020-09-09T17:50:02+00:00","breadcrumb":{"@id":"https:\/\/floore.se\/en\/about-floor-heating\/#breadcrumb"},"inLanguage":"en-US","potentialAction":[{"@type":"ReadAction","target":["https:\/\/floore.se\/en\/about-floor-heating\/"]}]},{"@type":"ImageObject","inLanguage":"en-US","@id":"https:\/\/floore.se\/en\/about-floor-heating\/#primaryimage","url":"https:\/\/floore.se\/wp-content\/uploads\/Bild04.jpg","contentUrl":"https:\/\/floore.se\/wp-content\/uploads\/Bild04.jpg"},{"@type":"BreadcrumbList","@id":"https:\/\/floore.se\/en\/about-floor-heating\/#breadcrumb","itemListElement":[{"@type":"ListItem","position":1,"name":"Hem","item":"https:\/\/floore.se\/en\/golvvarme-unik-vattenburen-golvvarme-floore-varmegolv\/"},{"@type":"ListItem","position":2,"name":"About Floor Heating | Benefits of water-based underfloor heating"}]},{"@type":"WebSite","@id":"https:\/\/floore.se\/#website","url":"https:\/\/floore.se\/","name":"Floor\u00e9 V\u00e4rmegolv","description":"Vattenburen golvv\u00e4rme \u2013 ett av marknadens tunnaste","potentialAction":[{"@type":"SearchAction","target":{"@type":"EntryPoint","urlTemplate":"https:\/\/floore.se\/?s={search_term_string}"},"query-input":{"@type":"PropertyValueSpecification","valueRequired":true,"valueName":"search_term_string"}}],"inLanguage":"en-US"}]}},"_links":{"self":[{"href":"https:\/\/floore.se\/en\/wp-json\/wp\/v2\/pages\/9541","targetHints":{"allow":["GET"]}}],"collection":[{"href":"https:\/\/floore.se\/en\/wp-json\/wp\/v2\/pages"}],"about":[{"href":"https:\/\/floore.se\/en\/wp-json\/wp\/v2\/types\/page"}],"author":[{"embeddable":true,"href":"https:\/\/floore.se\/en\/wp-json\/wp\/v2\/users\/3"}],"replies":[{"embeddable":true,"href":"https:\/\/floore.se\/en\/wp-json\/wp\/v2\/comments?post=9541"}],"version-history":[{"count":5,"href":"https:\/\/floore.se\/en\/wp-json\/wp\/v2\/pages\/9541\/revisions"}],"predecessor-version":[{"id":12546,"href":"https:\/\/floore.se\/en\/wp-json\/wp\/v2\/pages\/9541\/revisions\/12546"}],"wp:attachment":[{"href":"https:\/\/floore.se\/en\/wp-json\/wp\/v2\/media?parent=9541"}],"curies":[{"name":"wp","href":"https:\/\/api.w.org\/{rel}","templated":true}]}}