{"id":9537,"date":"2019-03-06T13:14:56","date_gmt":"2019-03-06T12:14:56","guid":{"rendered":"https:\/\/floore.se\/?page_id=9537"},"modified":"2026-01-07T11:16:04","modified_gmt":"2026-01-07T10:16:04","slug":"contact","status":"publish","type":"page","link":"https:\/\/floore.se\/en\/contact\/","title":{"rendered":"Contact"},"content":{"rendered":"<div id=\"cs-content\" class=\"cs-content\"><\/div>\n","protected":false},"excerpt":{"rendered":"<p>Contact Our aim is to deliver the very best product, but we\u2019re also humble and realize there is room for improvements, both large and small. We are keen to ensure that you receive the service you feel you need. A high level of availability and support are obvious requirements for achieving this. Select one of the contact methods below for &#8230; <a href=\"https:\/\/floore.se\/en\/contact\/\" class=\"more-link\">Read More<\/a><\/p>\n","protected":false},"author":3,"featured_media":0,"parent":0,"menu_order":0,"comment_status":"closed","ping_status":"open","template":"template-blank-4.php","meta":{"_acf_changed":false,"footnotes":""},"class_list":["post-9537","page","type-page","status-publish","hentry","no-post-thumbnail"],"acf":[],"yoast_head":"<!-- This site is optimized with the Yoast SEO Premium plugin v26.3 (Yoast SEO v27.5) - https:\/\/yoast.com\/product\/yoast-seo-premium-wordpress\/ -->\n<title>Contact &#8211; Floor\u00e9 V\u00e4rmegolv<\/title>\n<meta name=\"robots\" content=\"index, follow, max-snippet:-1, max-image-preview:large, max-video-preview:-1\" \/>\n<link rel=\"canonical\" href=\"https:\/\/floore.se\/en\/contact\/\" \/>\n<meta property=\"og:locale\" content=\"en_US\" \/>\n<meta property=\"og:type\" content=\"article\" \/>\n<meta property=\"og:title\" content=\"Contact\" \/>\n<meta property=\"og:description\" content=\"Contact Our aim is to deliver the very best product, but we\u2019re also humble and realize there is room for improvements, both large and small. We are keen to ensure that you receive the service you feel you need. A high level of availability and support are obvious requirements for achieving this. Select one of the contact methods below for ... Read More\" \/>\n<meta property=\"og:url\" content=\"https:\/\/floore.se\/en\/contact\/\" \/>\n<meta property=\"og:site_name\" content=\"Floor\u00e9 V\u00e4rmegolv\" \/>\n<meta property=\"article:modified_time\" content=\"2026-01-07T10:16:04+00:00\" \/>\n<meta name=\"twitter:label1\" content=\"Est. reading time\" \/>\n\t<meta name=\"twitter:data1\" content=\"4 minutes\" \/>\n<script type=\"application\/ld+json\" class=\"yoast-schema-graph\">{\"@context\":\"https:\\\/\\\/schema.org\",\"@graph\":[{\"@type\":\"WebPage\",\"@id\":\"https:\\\/\\\/floore.se\\\/en\\\/contact\\\/\",\"url\":\"https:\\\/\\\/floore.se\\\/en\\\/contact\\\/\",\"name\":\"Contact &#8211; Floor\u00e9 V\u00e4rmegolv\",\"isPartOf\":{\"@id\":\"https:\\\/\\\/floore.se\\\/#website\"},\"datePublished\":\"2019-03-06T12:14:56+00:00\",\"dateModified\":\"2026-01-07T10:16:04+00:00\",\"breadcrumb\":{\"@id\":\"https:\\\/\\\/floore.se\\\/en\\\/contact\\\/#breadcrumb\"},\"inLanguage\":\"en-US\",\"potentialAction\":[{\"@type\":\"ReadAction\",\"target\":[\"https:\\\/\\\/floore.se\\\/en\\\/contact\\\/\"]}]},{\"@type\":\"BreadcrumbList\",\"@id\":\"https:\\\/\\\/floore.se\\\/en\\\/contact\\\/#breadcrumb\",\"itemListElement\":[{\"@type\":\"ListItem\",\"position\":1,\"name\":\"Hem\",\"item\":\"https:\\\/\\\/floore.se\\\/en\\\/golvvarme-unik-vattenburen-golvvarme-floore-varmegolv\\\/\"},{\"@type\":\"ListItem\",\"position\":2,\"name\":\"Contact\"}]},{\"@type\":\"WebSite\",\"@id\":\"https:\\\/\\\/floore.se\\\/#website\",\"url\":\"https:\\\/\\\/floore.se\\\/\",\"name\":\"Floor\u00e9 V\u00e4rmegolv\",\"description\":\"Vattenburen golvv\u00e4rme \u2013 ett av marknadens tunnaste\",\"potentialAction\":[{\"@type\":\"SearchAction\",\"target\":{\"@type\":\"EntryPoint\",\"urlTemplate\":\"https:\\\/\\\/floore.se\\\/?s={search_term_string}\"},\"query-input\":{\"@type\":\"PropertyValueSpecification\",\"valueRequired\":true,\"valueName\":\"search_term_string\"}}],\"inLanguage\":\"en-US\"}]}<\/script>\n<!-- \/ Yoast SEO Premium plugin. -->","yoast_head_json":{"title":"Contact &#8211; Floor\u00e9 V\u00e4rmegolv","robots":{"index":"index","follow":"follow","max-snippet":"max-snippet:-1","max-image-preview":"max-image-preview:large","max-video-preview":"max-video-preview:-1"},"canonical":"https:\/\/floore.se\/en\/contact\/","og_locale":"en_US","og_type":"article","og_title":"Contact","og_description":"Contact Our aim is to deliver the very best product, but we\u2019re also humble and realize there is room for improvements, both large and small. We are keen to ensure that you receive the service you feel you need. A high level of availability and support are obvious requirements for achieving this. Select one of the contact methods below for ... Read More","og_url":"https:\/\/floore.se\/en\/contact\/","og_site_name":"Floor\u00e9 V\u00e4rmegolv","article_modified_time":"2026-01-07T10:16:04+00:00","twitter_misc":{"Est. reading time":"4 minutes"},"schema":{"@context":"https:\/\/schema.org","@graph":[{"@type":"WebPage","@id":"https:\/\/floore.se\/en\/contact\/","url":"https:\/\/floore.se\/en\/contact\/","name":"Contact &#8211; Floor\u00e9 V\u00e4rmegolv","isPartOf":{"@id":"https:\/\/floore.se\/#website"},"datePublished":"2019-03-06T12:14:56+00:00","dateModified":"2026-01-07T10:16:04+00:00","breadcrumb":{"@id":"https:\/\/floore.se\/en\/contact\/#breadcrumb"},"inLanguage":"en-US","potentialAction":[{"@type":"ReadAction","target":["https:\/\/floore.se\/en\/contact\/"]}]},{"@type":"BreadcrumbList","@id":"https:\/\/floore.se\/en\/contact\/#breadcrumb","itemListElement":[{"@type":"ListItem","position":1,"name":"Hem","item":"https:\/\/floore.se\/en\/golvvarme-unik-vattenburen-golvvarme-floore-varmegolv\/"},{"@type":"ListItem","position":2,"name":"Contact"}]},{"@type":"WebSite","@id":"https:\/\/floore.se\/#website","url":"https:\/\/floore.se\/","name":"Floor\u00e9 V\u00e4rmegolv","description":"Vattenburen golvv\u00e4rme \u2013 ett av marknadens tunnaste","potentialAction":[{"@type":"SearchAction","target":{"@type":"EntryPoint","urlTemplate":"https:\/\/floore.se\/?s={search_term_string}"},"query-input":{"@type":"PropertyValueSpecification","valueRequired":true,"valueName":"search_term_string"}}],"inLanguage":"en-US"}]}},"_links":{"self":[{"href":"https:\/\/floore.se\/en\/wp-json\/wp\/v2\/pages\/9537","targetHints":{"allow":["GET"]}}],"collection":[{"href":"https:\/\/floore.se\/en\/wp-json\/wp\/v2\/pages"}],"about":[{"href":"https:\/\/floore.se\/en\/wp-json\/wp\/v2\/types\/page"}],"author":[{"embeddable":true,"href":"https:\/\/floore.se\/en\/wp-json\/wp\/v2\/users\/3"}],"replies":[{"embeddable":true,"href":"https:\/\/floore.se\/en\/wp-json\/wp\/v2\/comments?post=9537"}],"version-history":[{"count":56,"href":"https:\/\/floore.se\/en\/wp-json\/wp\/v2\/pages\/9537\/revisions"}],"predecessor-version":[{"id":20239,"href":"https:\/\/floore.se\/en\/wp-json\/wp\/v2\/pages\/9537\/revisions\/20239"}],"wp:attachment":[{"href":"https:\/\/floore.se\/en\/wp-json\/wp\/v2\/media?parent=9537"}],"curies":[{"name":"wp","href":"https:\/\/api.w.org\/{rel}","templated":true}]}}