{"id":9516,"date":"2019-03-06T12:38:33","date_gmt":"2019-03-06T11:38:33","guid":{"rendered":"https:\/\/floore.se\/water-based-underfloor-heating-with-wooden-flooring-laminate-flooring\/"},"modified":"2020-09-09T17:43:46","modified_gmt":"2020-09-09T15:43:46","slug":"water-based-underfloor-heating-with-wooden-flooring-laminate-flooring","status":"publish","type":"page","link":"https:\/\/floore.se\/en\/about-floor-heating\/water-based-underfloor-heating-with-wooden-flooring-laminate-flooring\/","title":{"rendered":"Water-based underfloor heating with wooden flooring &#038; laminate flooring"},"content":{"rendered":"<div id=\"cs-content\" class=\"cs-content\"><\/div>\n","protected":false},"excerpt":{"rendered":"<p>Water-based underfloor heating with wooden flooring &#038; laminate flooring Wooden\/laminate flooring and water-based underfloor heating Efter att golvv\u00e4rmesystemet har installerats och provtryckts \u00e4r det dags att l\u00e4gga tr\u00e4golv \/ laminatgolv. Make sure that the underfloor heating is: Level and dry Free from floor and other residue The floor panels must be securely attached to the subfloor. If a panel is &#8230; <a href=\"https:\/\/floore.se\/en\/about-floor-heating\/water-based-underfloor-heating-with-wooden-flooring-laminate-flooring\/\" class=\"more-link\">Read More<\/a><\/p>\n","protected":false},"author":3,"featured_media":0,"parent":9541,"menu_order":0,"comment_status":"closed","ping_status":"closed","template":"template-blank-4.php","meta":{"_acf_changed":false,"footnotes":""},"class_list":["post-9516","page","type-page","status-publish","hentry","no-post-thumbnail"],"acf":[],"yoast_head":"<!-- This site is optimized with the Yoast SEO Premium plugin v26.3 (Yoast SEO v27.5) - https:\/\/yoast.com\/product\/yoast-seo-premium-wordpress\/ -->\n<title>Water-based underfloor heating with wooden flooring &amp; laminate flooring &#8211; Floor\u00e9 V\u00e4rmegolv<\/title>\n<meta name=\"description\" content=\"Floor\u00e9 offers water-based underfloor heating with wooden flooring &amp; laminate flooring. Buy one of the markets thinnest underfloor heating which you easily lay yourself!\" \/>\n<meta name=\"robots\" content=\"index, follow, max-snippet:-1, max-image-preview:large, max-video-preview:-1\" \/>\n<link rel=\"canonical\" href=\"https:\/\/floore.se\/en\/about-floor-heating\/water-based-underfloor-heating-with-wooden-flooring-laminate-flooring\/\" \/>\n<meta property=\"og:locale\" content=\"en_US\" \/>\n<meta property=\"og:type\" content=\"article\" \/>\n<meta property=\"og:title\" content=\"Water-based underfloor heating with wooden flooring &amp; laminate flooring\" \/>\n<meta property=\"og:description\" content=\"Floor\u00e9 offers water-based underfloor heating with wooden flooring &amp; laminate flooring. Buy one of the markets thinnest underfloor heating which you easily lay yourself!\" \/>\n<meta property=\"og:url\" content=\"https:\/\/floore.se\/en\/about-floor-heating\/water-based-underfloor-heating-with-wooden-flooring-laminate-flooring\/\" \/>\n<meta property=\"og:site_name\" content=\"Floor\u00e9 V\u00e4rmegolv\" \/>\n<meta property=\"article:modified_time\" content=\"2020-09-09T15:43:46+00:00\" \/>\n<meta property=\"og:image\" content=\"https:\/\/floore.se\/wp-content\/uploads\/golvrenderingENwoodenflooringlaminate.jpg\" \/>\n<meta name=\"twitter:label1\" content=\"Est. reading time\" \/>\n\t<meta name=\"twitter:data1\" content=\"3 minutes\" \/>\n<script type=\"application\/ld+json\" class=\"yoast-schema-graph\">{\"@context\":\"https:\\\/\\\/schema.org\",\"@graph\":[{\"@type\":\"WebPage\",\"@id\":\"https:\\\/\\\/floore.se\\\/en\\\/about-floor-heating\\\/water-based-underfloor-heating-with-wooden-flooring-laminate-flooring\\\/\",\"url\":\"https:\\\/\\\/floore.se\\\/en\\\/about-floor-heating\\\/water-based-underfloor-heating-with-wooden-flooring-laminate-flooring\\\/\",\"name\":\"Water-based underfloor heating with wooden flooring & laminate flooring &#8211; Floor\u00e9 V\u00e4rmegolv\",\"isPartOf\":{\"@id\":\"https:\\\/\\\/floore.se\\\/#website\"},\"primaryImageOfPage\":{\"@id\":\"https:\\\/\\\/floore.se\\\/en\\\/about-floor-heating\\\/water-based-underfloor-heating-with-wooden-flooring-laminate-flooring\\\/#primaryimage\"},\"image\":{\"@id\":\"https:\\\/\\\/floore.se\\\/en\\\/about-floor-heating\\\/water-based-underfloor-heating-with-wooden-flooring-laminate-flooring\\\/#primaryimage\"},\"thumbnailUrl\":\"https:\\\/\\\/floore.se\\\/wp-content\\\/uploads\\\/golvrenderingENwoodenflooringlaminate.jpg\",\"datePublished\":\"2019-03-06T11:38:33+00:00\",\"dateModified\":\"2020-09-09T15:43:46+00:00\",\"description\":\"Floor\u00e9 offers water-based underfloor heating with wooden flooring & laminate flooring. Buy one of the markets thinnest underfloor heating which you easily lay yourself!\",\"breadcrumb\":{\"@id\":\"https:\\\/\\\/floore.se\\\/en\\\/about-floor-heating\\\/water-based-underfloor-heating-with-wooden-flooring-laminate-flooring\\\/#breadcrumb\"},\"inLanguage\":\"en-US\",\"potentialAction\":[{\"@type\":\"ReadAction\",\"target\":[\"https:\\\/\\\/floore.se\\\/en\\\/about-floor-heating\\\/water-based-underfloor-heating-with-wooden-flooring-laminate-flooring\\\/\"]}]},{\"@type\":\"ImageObject\",\"inLanguage\":\"en-US\",\"@id\":\"https:\\\/\\\/floore.se\\\/en\\\/about-floor-heating\\\/water-based-underfloor-heating-with-wooden-flooring-laminate-flooring\\\/#primaryimage\",\"url\":\"https:\\\/\\\/floore.se\\\/wp-content\\\/uploads\\\/golvrenderingENwoodenflooringlaminate.jpg\",\"contentUrl\":\"https:\\\/\\\/floore.se\\\/wp-content\\\/uploads\\\/golvrenderingENwoodenflooringlaminate.jpg\"},{\"@type\":\"BreadcrumbList\",\"@id\":\"https:\\\/\\\/floore.se\\\/en\\\/about-floor-heating\\\/water-based-underfloor-heating-with-wooden-flooring-laminate-flooring\\\/#breadcrumb\",\"itemListElement\":[{\"@type\":\"ListItem\",\"position\":1,\"name\":\"Hem\",\"item\":\"https:\\\/\\\/floore.se\\\/en\\\/golvvarme-unik-vattenburen-golvvarme-floore-varmegolv\\\/\"},{\"@type\":\"ListItem\",\"position\":2,\"name\":\"About Floor Heating | Benefits of water-based underfloor heating\",\"item\":\"https:\\\/\\\/floore.se\\\/en\\\/about-floor-heating\\\/\"},{\"@type\":\"ListItem\",\"position\":3,\"name\":\"Water-based underfloor heating with wooden flooring &#038; laminate flooring\"}]},{\"@type\":\"WebSite\",\"@id\":\"https:\\\/\\\/floore.se\\\/#website\",\"url\":\"https:\\\/\\\/floore.se\\\/\",\"name\":\"Floor\u00e9 V\u00e4rmegolv\",\"description\":\"Vattenburen golvv\u00e4rme \u2013 ett av marknadens tunnaste\",\"potentialAction\":[{\"@type\":\"SearchAction\",\"target\":{\"@type\":\"EntryPoint\",\"urlTemplate\":\"https:\\\/\\\/floore.se\\\/?s={search_term_string}\"},\"query-input\":{\"@type\":\"PropertyValueSpecification\",\"valueRequired\":true,\"valueName\":\"search_term_string\"}}],\"inLanguage\":\"en-US\"}]}<\/script>\n<!-- \/ Yoast SEO Premium plugin. -->","yoast_head_json":{"title":"Water-based underfloor heating with wooden flooring & laminate flooring &#8211; Floor\u00e9 V\u00e4rmegolv","description":"Floor\u00e9 offers water-based underfloor heating with wooden flooring & laminate flooring. Buy one of the markets thinnest underfloor heating which you easily lay yourself!","robots":{"index":"index","follow":"follow","max-snippet":"max-snippet:-1","max-image-preview":"max-image-preview:large","max-video-preview":"max-video-preview:-1"},"canonical":"https:\/\/floore.se\/en\/about-floor-heating\/water-based-underfloor-heating-with-wooden-flooring-laminate-flooring\/","og_locale":"en_US","og_type":"article","og_title":"Water-based underfloor heating with wooden flooring & laminate flooring","og_description":"Floor\u00e9 offers water-based underfloor heating with wooden flooring & laminate flooring. Buy one of the markets thinnest underfloor heating which you easily lay yourself!","og_url":"https:\/\/floore.se\/en\/about-floor-heating\/water-based-underfloor-heating-with-wooden-flooring-laminate-flooring\/","og_site_name":"Floor\u00e9 V\u00e4rmegolv","article_modified_time":"2020-09-09T15:43:46+00:00","og_image":[{"url":"https:\/\/floore.se\/wp-content\/uploads\/golvrenderingENwoodenflooringlaminate.jpg","type":"","width":"","height":""}],"twitter_misc":{"Est. reading time":"3 minutes"},"schema":{"@context":"https:\/\/schema.org","@graph":[{"@type":"WebPage","@id":"https:\/\/floore.se\/en\/about-floor-heating\/water-based-underfloor-heating-with-wooden-flooring-laminate-flooring\/","url":"https:\/\/floore.se\/en\/about-floor-heating\/water-based-underfloor-heating-with-wooden-flooring-laminate-flooring\/","name":"Water-based underfloor heating with wooden flooring & laminate flooring &#8211; Floor\u00e9 V\u00e4rmegolv","isPartOf":{"@id":"https:\/\/floore.se\/#website"},"primaryImageOfPage":{"@id":"https:\/\/floore.se\/en\/about-floor-heating\/water-based-underfloor-heating-with-wooden-flooring-laminate-flooring\/#primaryimage"},"image":{"@id":"https:\/\/floore.se\/en\/about-floor-heating\/water-based-underfloor-heating-with-wooden-flooring-laminate-flooring\/#primaryimage"},"thumbnailUrl":"https:\/\/floore.se\/wp-content\/uploads\/golvrenderingENwoodenflooringlaminate.jpg","datePublished":"2019-03-06T11:38:33+00:00","dateModified":"2020-09-09T15:43:46+00:00","description":"Floor\u00e9 offers water-based underfloor heating with wooden flooring & laminate flooring. Buy one of the markets thinnest underfloor heating which you easily lay yourself!","breadcrumb":{"@id":"https:\/\/floore.se\/en\/about-floor-heating\/water-based-underfloor-heating-with-wooden-flooring-laminate-flooring\/#breadcrumb"},"inLanguage":"en-US","potentialAction":[{"@type":"ReadAction","target":["https:\/\/floore.se\/en\/about-floor-heating\/water-based-underfloor-heating-with-wooden-flooring-laminate-flooring\/"]}]},{"@type":"ImageObject","inLanguage":"en-US","@id":"https:\/\/floore.se\/en\/about-floor-heating\/water-based-underfloor-heating-with-wooden-flooring-laminate-flooring\/#primaryimage","url":"https:\/\/floore.se\/wp-content\/uploads\/golvrenderingENwoodenflooringlaminate.jpg","contentUrl":"https:\/\/floore.se\/wp-content\/uploads\/golvrenderingENwoodenflooringlaminate.jpg"},{"@type":"BreadcrumbList","@id":"https:\/\/floore.se\/en\/about-floor-heating\/water-based-underfloor-heating-with-wooden-flooring-laminate-flooring\/#breadcrumb","itemListElement":[{"@type":"ListItem","position":1,"name":"Hem","item":"https:\/\/floore.se\/en\/golvvarme-unik-vattenburen-golvvarme-floore-varmegolv\/"},{"@type":"ListItem","position":2,"name":"About Floor Heating | Benefits of water-based underfloor heating","item":"https:\/\/floore.se\/en\/about-floor-heating\/"},{"@type":"ListItem","position":3,"name":"Water-based underfloor heating with wooden flooring &#038; laminate flooring"}]},{"@type":"WebSite","@id":"https:\/\/floore.se\/#website","url":"https:\/\/floore.se\/","name":"Floor\u00e9 V\u00e4rmegolv","description":"Vattenburen golvv\u00e4rme \u2013 ett av marknadens tunnaste","potentialAction":[{"@type":"SearchAction","target":{"@type":"EntryPoint","urlTemplate":"https:\/\/floore.se\/?s={search_term_string}"},"query-input":{"@type":"PropertyValueSpecification","valueRequired":true,"valueName":"search_term_string"}}],"inLanguage":"en-US"}]}},"_links":{"self":[{"href":"https:\/\/floore.se\/en\/wp-json\/wp\/v2\/pages\/9516","targetHints":{"allow":["GET"]}}],"collection":[{"href":"https:\/\/floore.se\/en\/wp-json\/wp\/v2\/pages"}],"about":[{"href":"https:\/\/floore.se\/en\/wp-json\/wp\/v2\/types\/page"}],"author":[{"embeddable":true,"href":"https:\/\/floore.se\/en\/wp-json\/wp\/v2\/users\/3"}],"replies":[{"embeddable":true,"href":"https:\/\/floore.se\/en\/wp-json\/wp\/v2\/comments?post=9516"}],"version-history":[{"count":4,"href":"https:\/\/floore.se\/en\/wp-json\/wp\/v2\/pages\/9516\/revisions"}],"predecessor-version":[{"id":12524,"href":"https:\/\/floore.se\/en\/wp-json\/wp\/v2\/pages\/9516\/revisions\/12524"}],"up":[{"embeddable":true,"href":"https:\/\/floore.se\/en\/wp-json\/wp\/v2\/pages\/9541"}],"wp:attachment":[{"href":"https:\/\/floore.se\/en\/wp-json\/wp\/v2\/media?parent=9516"}],"curies":[{"name":"wp","href":"https:\/\/api.w.org\/{rel}","templated":true}]}}