{"id":9510,"date":"2019-03-06T11:47:46","date_gmt":"2019-03-06T10:47:46","guid":{"rendered":"https:\/\/floore.se\/vattenburen-golvvarme-plastic-flooring\/"},"modified":"2020-09-09T17:46:47","modified_gmt":"2020-09-09T15:46:47","slug":"waterbased-underfloor-heating-plastic-flooring","status":"publish","type":"page","link":"https:\/\/floore.se\/en\/about-floor-heating\/waterbased-underfloor-heating-plastic-flooring\/","title":{"rendered":"Water-based underfloor heating with plastic flooring"},"content":{"rendered":"<div id=\"cs-content\" class=\"cs-content\"><\/div>\n","protected":false},"excerpt":{"rendered":"<p>Water-based underfloor heating with plastic flooring Plastic flooring Plastic flooring cannot be laid directly on underfloor heating systems. Boards must be laid on the system and these can be floating. It is important that the boards are thin and have good thermal conductivity so that they can effectively transfer the heat upwards, for example, a particle board subfloor with a &#8230; <a href=\"https:\/\/floore.se\/en\/about-floor-heating\/waterbased-underfloor-heating-plastic-flooring\/\" class=\"more-link\">Read More<\/a><\/p>\n","protected":false},"author":3,"featured_media":0,"parent":9541,"menu_order":0,"comment_status":"closed","ping_status":"closed","template":"template-blank-4.php","meta":{"_acf_changed":false,"footnotes":""},"class_list":["post-9510","page","type-page","status-publish","hentry","no-post-thumbnail"],"acf":[],"yoast_head":"<!-- This site is optimized with the Yoast SEO Premium plugin v26.3 (Yoast SEO v27.5) - https:\/\/yoast.com\/product\/yoast-seo-premium-wordpress\/ -->\n<title>Water-based underfloor heating with plastic flooring &#8211; Floor\u00e9 V\u00e4rmegolv<\/title>\n<meta name=\"description\" content=\"Plastic flooring cannot be laid directly on underfloor heating systems. Boards must be laid on the system and these can be floating.\" \/>\n<meta name=\"robots\" content=\"index, follow, max-snippet:-1, max-image-preview:large, max-video-preview:-1\" \/>\n<link rel=\"canonical\" href=\"https:\/\/floore.se\/en\/about-floor-heating\/waterbased-underfloor-heating-plastic-flooring\/\" \/>\n<meta property=\"og:locale\" content=\"en_US\" \/>\n<meta property=\"og:type\" content=\"article\" \/>\n<meta property=\"og:title\" content=\"Water-based underfloor heating with plastic flooring\" \/>\n<meta property=\"og:description\" content=\"Plastic flooring cannot be laid directly on underfloor heating systems. Boards must be laid on the system and these can be floating.\" \/>\n<meta property=\"og:url\" content=\"https:\/\/floore.se\/en\/about-floor-heating\/waterbased-underfloor-heating-plastic-flooring\/\" \/>\n<meta property=\"og:site_name\" content=\"Floor\u00e9 V\u00e4rmegolv\" \/>\n<meta property=\"article:modified_time\" content=\"2020-09-09T15:46:47+00:00\" \/>\n<meta name=\"twitter:label1\" content=\"Est. reading time\" \/>\n\t<meta name=\"twitter:data1\" content=\"2 minutes\" \/>\n<script type=\"application\/ld+json\" class=\"yoast-schema-graph\">{\"@context\":\"https:\\\/\\\/schema.org\",\"@graph\":[{\"@type\":\"WebPage\",\"@id\":\"https:\\\/\\\/floore.se\\\/en\\\/about-floor-heating\\\/waterbased-underfloor-heating-plastic-flooring\\\/\",\"url\":\"https:\\\/\\\/floore.se\\\/en\\\/about-floor-heating\\\/waterbased-underfloor-heating-plastic-flooring\\\/\",\"name\":\"Water-based underfloor heating with plastic flooring &#8211; Floor\u00e9 V\u00e4rmegolv\",\"isPartOf\":{\"@id\":\"https:\\\/\\\/floore.se\\\/#website\"},\"datePublished\":\"2019-03-06T10:47:46+00:00\",\"dateModified\":\"2020-09-09T15:46:47+00:00\",\"description\":\"Plastic flooring cannot be laid directly on underfloor heating systems. Boards must be laid on the system and these can be floating.\",\"breadcrumb\":{\"@id\":\"https:\\\/\\\/floore.se\\\/en\\\/about-floor-heating\\\/waterbased-underfloor-heating-plastic-flooring\\\/#breadcrumb\"},\"inLanguage\":\"en-US\",\"potentialAction\":[{\"@type\":\"ReadAction\",\"target\":[\"https:\\\/\\\/floore.se\\\/en\\\/about-floor-heating\\\/waterbased-underfloor-heating-plastic-flooring\\\/\"]}]},{\"@type\":\"BreadcrumbList\",\"@id\":\"https:\\\/\\\/floore.se\\\/en\\\/about-floor-heating\\\/waterbased-underfloor-heating-plastic-flooring\\\/#breadcrumb\",\"itemListElement\":[{\"@type\":\"ListItem\",\"position\":1,\"name\":\"Hem\",\"item\":\"https:\\\/\\\/floore.se\\\/en\\\/golvvarme-unik-vattenburen-golvvarme-floore-varmegolv\\\/\"},{\"@type\":\"ListItem\",\"position\":2,\"name\":\"About Floor Heating | Benefits of water-based underfloor heating\",\"item\":\"https:\\\/\\\/floore.se\\\/en\\\/about-floor-heating\\\/\"},{\"@type\":\"ListItem\",\"position\":3,\"name\":\"Water-based underfloor heating with plastic flooring\"}]},{\"@type\":\"WebSite\",\"@id\":\"https:\\\/\\\/floore.se\\\/#website\",\"url\":\"https:\\\/\\\/floore.se\\\/\",\"name\":\"Floor\u00e9 V\u00e4rmegolv\",\"description\":\"Vattenburen golvv\u00e4rme \u2013 ett av marknadens tunnaste\",\"potentialAction\":[{\"@type\":\"SearchAction\",\"target\":{\"@type\":\"EntryPoint\",\"urlTemplate\":\"https:\\\/\\\/floore.se\\\/?s={search_term_string}\"},\"query-input\":{\"@type\":\"PropertyValueSpecification\",\"valueRequired\":true,\"valueName\":\"search_term_string\"}}],\"inLanguage\":\"en-US\"}]}<\/script>\n<!-- \/ Yoast SEO Premium plugin. -->","yoast_head_json":{"title":"Water-based underfloor heating with plastic flooring &#8211; Floor\u00e9 V\u00e4rmegolv","description":"Plastic flooring cannot be laid directly on underfloor heating systems. Boards must be laid on the system and these can be floating.","robots":{"index":"index","follow":"follow","max-snippet":"max-snippet:-1","max-image-preview":"max-image-preview:large","max-video-preview":"max-video-preview:-1"},"canonical":"https:\/\/floore.se\/en\/about-floor-heating\/waterbased-underfloor-heating-plastic-flooring\/","og_locale":"en_US","og_type":"article","og_title":"Water-based underfloor heating with plastic flooring","og_description":"Plastic flooring cannot be laid directly on underfloor heating systems. Boards must be laid on the system and these can be floating.","og_url":"https:\/\/floore.se\/en\/about-floor-heating\/waterbased-underfloor-heating-plastic-flooring\/","og_site_name":"Floor\u00e9 V\u00e4rmegolv","article_modified_time":"2020-09-09T15:46:47+00:00","twitter_misc":{"Est. reading time":"2 minutes"},"schema":{"@context":"https:\/\/schema.org","@graph":[{"@type":"WebPage","@id":"https:\/\/floore.se\/en\/about-floor-heating\/waterbased-underfloor-heating-plastic-flooring\/","url":"https:\/\/floore.se\/en\/about-floor-heating\/waterbased-underfloor-heating-plastic-flooring\/","name":"Water-based underfloor heating with plastic flooring &#8211; Floor\u00e9 V\u00e4rmegolv","isPartOf":{"@id":"https:\/\/floore.se\/#website"},"datePublished":"2019-03-06T10:47:46+00:00","dateModified":"2020-09-09T15:46:47+00:00","description":"Plastic flooring cannot be laid directly on underfloor heating systems. Boards must be laid on the system and these can be floating.","breadcrumb":{"@id":"https:\/\/floore.se\/en\/about-floor-heating\/waterbased-underfloor-heating-plastic-flooring\/#breadcrumb"},"inLanguage":"en-US","potentialAction":[{"@type":"ReadAction","target":["https:\/\/floore.se\/en\/about-floor-heating\/waterbased-underfloor-heating-plastic-flooring\/"]}]},{"@type":"BreadcrumbList","@id":"https:\/\/floore.se\/en\/about-floor-heating\/waterbased-underfloor-heating-plastic-flooring\/#breadcrumb","itemListElement":[{"@type":"ListItem","position":1,"name":"Hem","item":"https:\/\/floore.se\/en\/golvvarme-unik-vattenburen-golvvarme-floore-varmegolv\/"},{"@type":"ListItem","position":2,"name":"About Floor Heating | Benefits of water-based underfloor heating","item":"https:\/\/floore.se\/en\/about-floor-heating\/"},{"@type":"ListItem","position":3,"name":"Water-based underfloor heating with plastic flooring"}]},{"@type":"WebSite","@id":"https:\/\/floore.se\/#website","url":"https:\/\/floore.se\/","name":"Floor\u00e9 V\u00e4rmegolv","description":"Vattenburen golvv\u00e4rme \u2013 ett av marknadens tunnaste","potentialAction":[{"@type":"SearchAction","target":{"@type":"EntryPoint","urlTemplate":"https:\/\/floore.se\/?s={search_term_string}"},"query-input":{"@type":"PropertyValueSpecification","valueRequired":true,"valueName":"search_term_string"}}],"inLanguage":"en-US"}]}},"_links":{"self":[{"href":"https:\/\/floore.se\/en\/wp-json\/wp\/v2\/pages\/9510","targetHints":{"allow":["GET"]}}],"collection":[{"href":"https:\/\/floore.se\/en\/wp-json\/wp\/v2\/pages"}],"about":[{"href":"https:\/\/floore.se\/en\/wp-json\/wp\/v2\/types\/page"}],"author":[{"embeddable":true,"href":"https:\/\/floore.se\/en\/wp-json\/wp\/v2\/users\/3"}],"replies":[{"embeddable":true,"href":"https:\/\/floore.se\/en\/wp-json\/wp\/v2\/comments?post=9510"}],"version-history":[{"count":5,"href":"https:\/\/floore.se\/en\/wp-json\/wp\/v2\/pages\/9510\/revisions"}],"predecessor-version":[{"id":12528,"href":"https:\/\/floore.se\/en\/wp-json\/wp\/v2\/pages\/9510\/revisions\/12528"}],"up":[{"embeddable":true,"href":"https:\/\/floore.se\/en\/wp-json\/wp\/v2\/pages\/9541"}],"wp:attachment":[{"href":"https:\/\/floore.se\/en\/wp-json\/wp\/v2\/media?parent=9510"}],"curies":[{"name":"wp","href":"https:\/\/api.w.org\/{rel}","templated":true}]}}