{"id":9484,"date":"2014-04-14T15:11:28","date_gmt":"2014-04-14T13:11:28","guid":{"rendered":"https:\/\/floore.se\/golvvarme-kallare\/"},"modified":"2020-09-09T17:51:08","modified_gmt":"2020-09-09T15:51:08","slug":"golvvarme-kallare","status":"publish","type":"page","link":"https:\/\/floore.se\/en\/about-floor-heating\/golvvarme-kallare\/","title":{"rendered":"Water-based underfloor heating in basements"},"content":{"rendered":"<div id=\"cs-content\" class=\"cs-content\"><\/div>\n","protected":false},"excerpt":{"rendered":"<p>Water-based underfloor heating in basements Water-based underfloor heating in basements Laying underfloor heating in older buildings, whose foundations are based on the principle of having a basement and a slab on the ground, may pose risks of moisture problems. Moisture problems may occur due to the ground structure (in both cases there is a concrete slab on the ground) being &#8230; <a href=\"https:\/\/floore.se\/en\/about-floor-heating\/golvvarme-kallare\/\" class=\"more-link\">Read More<\/a><\/p>\n","protected":false},"author":3,"featured_media":0,"parent":9541,"menu_order":5,"comment_status":"closed","ping_status":"open","template":"template-blank-4.php","meta":{"_acf_changed":false,"footnotes":""},"class_list":["post-9484","page","type-page","status-publish","hentry","no-post-thumbnail"],"acf":[],"yoast_head":"<!-- This site is optimized with the Yoast SEO Premium plugin v26.3 (Yoast SEO v27.5) - https:\/\/yoast.com\/product\/yoast-seo-premium-wordpress\/ -->\n<title>Water-based underfloor heating in basements &#8211; Floor\u00e9 V\u00e4rmegolv<\/title>\n<meta name=\"description\" content=\"Laying water-based underfloor heating in basements may pose risks of moisture problems. Competent technicians at Floor\u00e9 will help you choose the suitable solution.\" \/>\n<meta name=\"robots\" content=\"index, follow, max-snippet:-1, max-image-preview:large, max-video-preview:-1\" \/>\n<link rel=\"canonical\" href=\"https:\/\/floore.se\/en\/about-floor-heating\/golvvarme-kallare\/\" \/>\n<meta property=\"og:locale\" content=\"en_US\" \/>\n<meta property=\"og:type\" content=\"article\" \/>\n<meta property=\"og:title\" content=\"Water-based underfloor heating in basements\" \/>\n<meta property=\"og:description\" content=\"Laying water-based underfloor heating in basements may pose risks of moisture problems. Competent technicians at Floor\u00e9 will help you choose the suitable solution.\" \/>\n<meta property=\"og:url\" content=\"https:\/\/floore.se\/en\/about-floor-heating\/golvvarme-kallare\/\" \/>\n<meta property=\"og:site_name\" content=\"Floor\u00e9 V\u00e4rmegolv\" \/>\n<meta property=\"article:modified_time\" content=\"2020-09-09T15:51:08+00:00\" \/>\n<meta property=\"og:image\" content=\"https:\/\/floore.se\/wp-content\/uploads\/2014\/04\/diagram01.gif\" \/>\n<meta name=\"twitter:label1\" content=\"Est. reading time\" \/>\n\t<meta name=\"twitter:data1\" content=\"7 minutes\" \/>\n<script type=\"application\/ld+json\" class=\"yoast-schema-graph\">{\"@context\":\"https:\\\/\\\/schema.org\",\"@graph\":[{\"@type\":\"WebPage\",\"@id\":\"https:\\\/\\\/floore.se\\\/en\\\/about-floor-heating\\\/golvvarme-kallare\\\/\",\"url\":\"https:\\\/\\\/floore.se\\\/en\\\/about-floor-heating\\\/golvvarme-kallare\\\/\",\"name\":\"Water-based underfloor heating in basements &#8211; Floor\u00e9 V\u00e4rmegolv\",\"isPartOf\":{\"@id\":\"https:\\\/\\\/floore.se\\\/#website\"},\"primaryImageOfPage\":{\"@id\":\"https:\\\/\\\/floore.se\\\/en\\\/about-floor-heating\\\/golvvarme-kallare\\\/#primaryimage\"},\"image\":{\"@id\":\"https:\\\/\\\/floore.se\\\/en\\\/about-floor-heating\\\/golvvarme-kallare\\\/#primaryimage\"},\"thumbnailUrl\":\"https:\\\/\\\/floore.se\\\/wp-content\\\/uploads\\\/2014\\\/04\\\/diagram01.gif\",\"datePublished\":\"2014-04-14T13:11:28+00:00\",\"dateModified\":\"2020-09-09T15:51:08+00:00\",\"description\":\"Laying water-based underfloor heating in basements may pose risks of moisture problems. Competent technicians at Floor\u00e9 will help you choose the suitable solution.\",\"breadcrumb\":{\"@id\":\"https:\\\/\\\/floore.se\\\/en\\\/about-floor-heating\\\/golvvarme-kallare\\\/#breadcrumb\"},\"inLanguage\":\"en-US\",\"potentialAction\":[{\"@type\":\"ReadAction\",\"target\":[\"https:\\\/\\\/floore.se\\\/en\\\/about-floor-heating\\\/golvvarme-kallare\\\/\"]}]},{\"@type\":\"ImageObject\",\"inLanguage\":\"en-US\",\"@id\":\"https:\\\/\\\/floore.se\\\/en\\\/about-floor-heating\\\/golvvarme-kallare\\\/#primaryimage\",\"url\":\"https:\\\/\\\/floore.se\\\/wp-content\\\/uploads\\\/2014\\\/04\\\/diagram01.gif\",\"contentUrl\":\"https:\\\/\\\/floore.se\\\/wp-content\\\/uploads\\\/2014\\\/04\\\/diagram01.gif\"},{\"@type\":\"BreadcrumbList\",\"@id\":\"https:\\\/\\\/floore.se\\\/en\\\/about-floor-heating\\\/golvvarme-kallare\\\/#breadcrumb\",\"itemListElement\":[{\"@type\":\"ListItem\",\"position\":1,\"name\":\"Hem\",\"item\":\"https:\\\/\\\/floore.se\\\/en\\\/golvvarme-unik-vattenburen-golvvarme-floore-varmegolv\\\/\"},{\"@type\":\"ListItem\",\"position\":2,\"name\":\"About Floor Heating | Benefits of water-based underfloor heating\",\"item\":\"https:\\\/\\\/floore.se\\\/en\\\/about-floor-heating\\\/\"},{\"@type\":\"ListItem\",\"position\":3,\"name\":\"Water-based underfloor heating in basements\"}]},{\"@type\":\"WebSite\",\"@id\":\"https:\\\/\\\/floore.se\\\/#website\",\"url\":\"https:\\\/\\\/floore.se\\\/\",\"name\":\"Floor\u00e9 V\u00e4rmegolv\",\"description\":\"Vattenburen golvv\u00e4rme \u2013 ett av marknadens tunnaste\",\"potentialAction\":[{\"@type\":\"SearchAction\",\"target\":{\"@type\":\"EntryPoint\",\"urlTemplate\":\"https:\\\/\\\/floore.se\\\/?s={search_term_string}\"},\"query-input\":{\"@type\":\"PropertyValueSpecification\",\"valueRequired\":true,\"valueName\":\"search_term_string\"}}],\"inLanguage\":\"en-US\"}]}<\/script>\n<!-- \/ Yoast SEO Premium plugin. -->","yoast_head_json":{"title":"Water-based underfloor heating in basements &#8211; Floor\u00e9 V\u00e4rmegolv","description":"Laying water-based underfloor heating in basements may pose risks of moisture problems. Competent technicians at Floor\u00e9 will help you choose the suitable solution.","robots":{"index":"index","follow":"follow","max-snippet":"max-snippet:-1","max-image-preview":"max-image-preview:large","max-video-preview":"max-video-preview:-1"},"canonical":"https:\/\/floore.se\/en\/about-floor-heating\/golvvarme-kallare\/","og_locale":"en_US","og_type":"article","og_title":"Water-based underfloor heating in basements","og_description":"Laying water-based underfloor heating in basements may pose risks of moisture problems. Competent technicians at Floor\u00e9 will help you choose the suitable solution.","og_url":"https:\/\/floore.se\/en\/about-floor-heating\/golvvarme-kallare\/","og_site_name":"Floor\u00e9 V\u00e4rmegolv","article_modified_time":"2020-09-09T15:51:08+00:00","og_image":[{"url":"https:\/\/floore.se\/wp-content\/uploads\/2014\/04\/diagram01.gif","type":"","width":"","height":""}],"twitter_misc":{"Est. reading time":"7 minutes"},"schema":{"@context":"https:\/\/schema.org","@graph":[{"@type":"WebPage","@id":"https:\/\/floore.se\/en\/about-floor-heating\/golvvarme-kallare\/","url":"https:\/\/floore.se\/en\/about-floor-heating\/golvvarme-kallare\/","name":"Water-based underfloor heating in basements &#8211; Floor\u00e9 V\u00e4rmegolv","isPartOf":{"@id":"https:\/\/floore.se\/#website"},"primaryImageOfPage":{"@id":"https:\/\/floore.se\/en\/about-floor-heating\/golvvarme-kallare\/#primaryimage"},"image":{"@id":"https:\/\/floore.se\/en\/about-floor-heating\/golvvarme-kallare\/#primaryimage"},"thumbnailUrl":"https:\/\/floore.se\/wp-content\/uploads\/2014\/04\/diagram01.gif","datePublished":"2014-04-14T13:11:28+00:00","dateModified":"2020-09-09T15:51:08+00:00","description":"Laying water-based underfloor heating in basements may pose risks of moisture problems. Competent technicians at Floor\u00e9 will help you choose the suitable solution.","breadcrumb":{"@id":"https:\/\/floore.se\/en\/about-floor-heating\/golvvarme-kallare\/#breadcrumb"},"inLanguage":"en-US","potentialAction":[{"@type":"ReadAction","target":["https:\/\/floore.se\/en\/about-floor-heating\/golvvarme-kallare\/"]}]},{"@type":"ImageObject","inLanguage":"en-US","@id":"https:\/\/floore.se\/en\/about-floor-heating\/golvvarme-kallare\/#primaryimage","url":"https:\/\/floore.se\/wp-content\/uploads\/2014\/04\/diagram01.gif","contentUrl":"https:\/\/floore.se\/wp-content\/uploads\/2014\/04\/diagram01.gif"},{"@type":"BreadcrumbList","@id":"https:\/\/floore.se\/en\/about-floor-heating\/golvvarme-kallare\/#breadcrumb","itemListElement":[{"@type":"ListItem","position":1,"name":"Hem","item":"https:\/\/floore.se\/en\/golvvarme-unik-vattenburen-golvvarme-floore-varmegolv\/"},{"@type":"ListItem","position":2,"name":"About Floor Heating | Benefits of water-based underfloor heating","item":"https:\/\/floore.se\/en\/about-floor-heating\/"},{"@type":"ListItem","position":3,"name":"Water-based underfloor heating in basements"}]},{"@type":"WebSite","@id":"https:\/\/floore.se\/#website","url":"https:\/\/floore.se\/","name":"Floor\u00e9 V\u00e4rmegolv","description":"Vattenburen golvv\u00e4rme \u2013 ett av marknadens tunnaste","potentialAction":[{"@type":"SearchAction","target":{"@type":"EntryPoint","urlTemplate":"https:\/\/floore.se\/?s={search_term_string}"},"query-input":{"@type":"PropertyValueSpecification","valueRequired":true,"valueName":"search_term_string"}}],"inLanguage":"en-US"}]}},"_links":{"self":[{"href":"https:\/\/floore.se\/en\/wp-json\/wp\/v2\/pages\/9484","targetHints":{"allow":["GET"]}}],"collection":[{"href":"https:\/\/floore.se\/en\/wp-json\/wp\/v2\/pages"}],"about":[{"href":"https:\/\/floore.se\/en\/wp-json\/wp\/v2\/types\/page"}],"author":[{"embeddable":true,"href":"https:\/\/floore.se\/en\/wp-json\/wp\/v2\/users\/3"}],"replies":[{"embeddable":true,"href":"https:\/\/floore.se\/en\/wp-json\/wp\/v2\/comments?post=9484"}],"version-history":[{"count":3,"href":"https:\/\/floore.se\/en\/wp-json\/wp\/v2\/pages\/9484\/revisions"}],"predecessor-version":[{"id":12535,"href":"https:\/\/floore.se\/en\/wp-json\/wp\/v2\/pages\/9484\/revisions\/12535"}],"up":[{"embeddable":true,"href":"https:\/\/floore.se\/en\/wp-json\/wp\/v2\/pages\/9541"}],"wp:attachment":[{"href":"https:\/\/floore.se\/en\/wp-json\/wp\/v2\/media?parent=9484"}],"curies":[{"name":"wp","href":"https:\/\/api.w.org\/{rel}","templated":true}]}}