{"id":9475,"date":"2014-02-24T09:54:18","date_gmt":"2014-02-24T08:54:18","guid":{"rendered":"https:\/\/floore.se\/produkter\/"},"modified":"2019-11-14T15:15:03","modified_gmt":"2019-11-14T14:15:03","slug":"products","status":"publish","type":"page","link":"https:\/\/floore.se\/en\/products\/","title":{"rendered":"Our products | Water-based underfloor heating"},"content":{"rendered":"<div id=\"cs-content\" class=\"cs-content\"><\/div>\n","protected":false},"excerpt":{"rendered":"<p>Our products | Water-based underfloor heating Up to 242 \u2013 DYI kit \u203a\u203a Our smart panels make it easy to lay your underfloor heating yourself. Our DIY kit makes it even easier.Learn moreAbove 242 \u2013 We are here to help All we need is a drawing of your room or rooms, and we can help you with product calculation and &#8230; <a href=\"https:\/\/floore.se\/en\/products\/\" class=\"more-link\">Read More<\/a><\/p>\n","protected":false},"author":3,"featured_media":0,"parent":0,"menu_order":0,"comment_status":"closed","ping_status":"open","template":"template-blank-4.php","meta":{"_acf_changed":false,"footnotes":""},"class_list":["post-9475","page","type-page","status-publish","hentry","no-post-thumbnail"],"acf":[],"yoast_head":"<!-- This site is optimized with the Yoast SEO Premium plugin v26.3 (Yoast SEO v27.5) - https:\/\/yoast.com\/product\/yoast-seo-premium-wordpress\/ -->\n<title>Vattenburet golvv\u00e4rmesystem - Floor\u00e9 v\u00e4rmegolvsystem<\/title>\n<meta name=\"description\" content=\"Kompletta golvv\u00e4rmesystem f\u00f6r vattenburen golvv\u00e4rme baserat p\u00e5 enkla g\u00f6r det sj\u00e4lv paket eller ritnings- och projekteringshj\u00e4lp f\u00f6r st\u00f6rre golvytor.\" \/>\n<meta name=\"robots\" content=\"index, follow, max-snippet:-1, max-image-preview:large, max-video-preview:-1\" \/>\n<link rel=\"canonical\" href=\"https:\/\/floore.se\/en\/products\/\" \/>\n<meta property=\"og:locale\" content=\"en_US\" \/>\n<meta property=\"og:type\" content=\"article\" \/>\n<meta property=\"og:title\" content=\"Our products | Water-based underfloor heating\" \/>\n<meta property=\"og:description\" content=\"Kompletta golvv\u00e4rmesystem f\u00f6r vattenburen golvv\u00e4rme baserat p\u00e5 enkla g\u00f6r det sj\u00e4lv paket eller ritnings- och projekteringshj\u00e4lp f\u00f6r st\u00f6rre golvytor.\" \/>\n<meta property=\"og:url\" content=\"https:\/\/floore.se\/en\/products\/\" \/>\n<meta property=\"og:site_name\" content=\"Floor\u00e9 V\u00e4rmegolv\" \/>\n<meta property=\"article:modified_time\" content=\"2019-11-14T14:15:03+00:00\" \/>\n<meta name=\"twitter:label1\" content=\"Est. reading time\" \/>\n\t<meta name=\"twitter:data1\" content=\"1 minute\" \/>\n<script type=\"application\/ld+json\" class=\"yoast-schema-graph\">{\"@context\":\"https:\\\/\\\/schema.org\",\"@graph\":[{\"@type\":\"WebPage\",\"@id\":\"https:\\\/\\\/floore.se\\\/en\\\/products\\\/\",\"url\":\"https:\\\/\\\/floore.se\\\/en\\\/products\\\/\",\"name\":\"Vattenburet golvv\u00e4rmesystem - Floor\u00e9 v\u00e4rmegolvsystem\",\"isPartOf\":{\"@id\":\"https:\\\/\\\/floore.se\\\/#website\"},\"datePublished\":\"2014-02-24T08:54:18+00:00\",\"dateModified\":\"2019-11-14T14:15:03+00:00\",\"description\":\"Kompletta golvv\u00e4rmesystem f\u00f6r vattenburen golvv\u00e4rme baserat p\u00e5 enkla g\u00f6r det sj\u00e4lv paket eller ritnings- och projekteringshj\u00e4lp f\u00f6r st\u00f6rre golvytor.\",\"breadcrumb\":{\"@id\":\"https:\\\/\\\/floore.se\\\/en\\\/products\\\/#breadcrumb\"},\"inLanguage\":\"en-US\",\"potentialAction\":[{\"@type\":\"ReadAction\",\"target\":[\"https:\\\/\\\/floore.se\\\/en\\\/products\\\/\"]}]},{\"@type\":\"BreadcrumbList\",\"@id\":\"https:\\\/\\\/floore.se\\\/en\\\/products\\\/#breadcrumb\",\"itemListElement\":[{\"@type\":\"ListItem\",\"position\":1,\"name\":\"Hem\",\"item\":\"https:\\\/\\\/floore.se\\\/en\\\/golvvarme-unik-vattenburen-golvvarme-floore-varmegolv\\\/\"},{\"@type\":\"ListItem\",\"position\":2,\"name\":\"Our products | Water-based underfloor heating\"}]},{\"@type\":\"WebSite\",\"@id\":\"https:\\\/\\\/floore.se\\\/#website\",\"url\":\"https:\\\/\\\/floore.se\\\/\",\"name\":\"Floor\u00e9 V\u00e4rmegolv\",\"description\":\"Vattenburen golvv\u00e4rme \u2013 ett av marknadens tunnaste\",\"potentialAction\":[{\"@type\":\"SearchAction\",\"target\":{\"@type\":\"EntryPoint\",\"urlTemplate\":\"https:\\\/\\\/floore.se\\\/?s={search_term_string}\"},\"query-input\":{\"@type\":\"PropertyValueSpecification\",\"valueRequired\":true,\"valueName\":\"search_term_string\"}}],\"inLanguage\":\"en-US\"}]}<\/script>\n<!-- \/ Yoast SEO Premium plugin. -->","yoast_head_json":{"title":"Vattenburet golvv\u00e4rmesystem - Floor\u00e9 v\u00e4rmegolvsystem","description":"Kompletta golvv\u00e4rmesystem f\u00f6r vattenburen golvv\u00e4rme baserat p\u00e5 enkla g\u00f6r det sj\u00e4lv paket eller ritnings- och projekteringshj\u00e4lp f\u00f6r st\u00f6rre golvytor.","robots":{"index":"index","follow":"follow","max-snippet":"max-snippet:-1","max-image-preview":"max-image-preview:large","max-video-preview":"max-video-preview:-1"},"canonical":"https:\/\/floore.se\/en\/products\/","og_locale":"en_US","og_type":"article","og_title":"Our products | Water-based underfloor heating","og_description":"Kompletta golvv\u00e4rmesystem f\u00f6r vattenburen golvv\u00e4rme baserat p\u00e5 enkla g\u00f6r det sj\u00e4lv paket eller ritnings- och projekteringshj\u00e4lp f\u00f6r st\u00f6rre golvytor.","og_url":"https:\/\/floore.se\/en\/products\/","og_site_name":"Floor\u00e9 V\u00e4rmegolv","article_modified_time":"2019-11-14T14:15:03+00:00","twitter_misc":{"Est. reading time":"1 minute"},"schema":{"@context":"https:\/\/schema.org","@graph":[{"@type":"WebPage","@id":"https:\/\/floore.se\/en\/products\/","url":"https:\/\/floore.se\/en\/products\/","name":"Vattenburet golvv\u00e4rmesystem - Floor\u00e9 v\u00e4rmegolvsystem","isPartOf":{"@id":"https:\/\/floore.se\/#website"},"datePublished":"2014-02-24T08:54:18+00:00","dateModified":"2019-11-14T14:15:03+00:00","description":"Kompletta golvv\u00e4rmesystem f\u00f6r vattenburen golvv\u00e4rme baserat p\u00e5 enkla g\u00f6r det sj\u00e4lv paket eller ritnings- och projekteringshj\u00e4lp f\u00f6r st\u00f6rre golvytor.","breadcrumb":{"@id":"https:\/\/floore.se\/en\/products\/#breadcrumb"},"inLanguage":"en-US","potentialAction":[{"@type":"ReadAction","target":["https:\/\/floore.se\/en\/products\/"]}]},{"@type":"BreadcrumbList","@id":"https:\/\/floore.se\/en\/products\/#breadcrumb","itemListElement":[{"@type":"ListItem","position":1,"name":"Hem","item":"https:\/\/floore.se\/en\/golvvarme-unik-vattenburen-golvvarme-floore-varmegolv\/"},{"@type":"ListItem","position":2,"name":"Our products | Water-based underfloor heating"}]},{"@type":"WebSite","@id":"https:\/\/floore.se\/#website","url":"https:\/\/floore.se\/","name":"Floor\u00e9 V\u00e4rmegolv","description":"Vattenburen golvv\u00e4rme \u2013 ett av marknadens tunnaste","potentialAction":[{"@type":"SearchAction","target":{"@type":"EntryPoint","urlTemplate":"https:\/\/floore.se\/?s={search_term_string}"},"query-input":{"@type":"PropertyValueSpecification","valueRequired":true,"valueName":"search_term_string"}}],"inLanguage":"en-US"}]}},"_links":{"self":[{"href":"https:\/\/floore.se\/en\/wp-json\/wp\/v2\/pages\/9475","targetHints":{"allow":["GET"]}}],"collection":[{"href":"https:\/\/floore.se\/en\/wp-json\/wp\/v2\/pages"}],"about":[{"href":"https:\/\/floore.se\/en\/wp-json\/wp\/v2\/types\/page"}],"author":[{"embeddable":true,"href":"https:\/\/floore.se\/en\/wp-json\/wp\/v2\/users\/3"}],"replies":[{"embeddable":true,"href":"https:\/\/floore.se\/en\/wp-json\/wp\/v2\/comments?post=9475"}],"version-history":[{"count":8,"href":"https:\/\/floore.se\/en\/wp-json\/wp\/v2\/pages\/9475\/revisions"}],"predecessor-version":[{"id":11186,"href":"https:\/\/floore.se\/en\/wp-json\/wp\/v2\/pages\/9475\/revisions\/11186"}],"wp:attachment":[{"href":"https:\/\/floore.se\/en\/wp-json\/wp\/v2\/media?parent=9475"}],"curies":[{"name":"wp","href":"https:\/\/api.w.org\/{rel}","templated":true}]}}