{"id":9442,"date":"2019-03-05T14:29:23","date_gmt":"2019-03-05T13:29:23","guid":{"rendered":"https:\/\/floore.se\/vara-skivor\/"},"modified":"2021-11-09T15:02:04","modified_gmt":"2021-11-09T14:02:04","slug":"underfloor-heating-panels","status":"publish","type":"page","link":"https:\/\/floore.se\/en\/products\/underfloor-heating-panels\/","title":{"rendered":"Floor\u00e9 Underfloor Heating Panels"},"content":{"rendered":"<div id=\"cs-content\" class=\"cs-content\"><\/div>\n","protected":false},"excerpt":{"rendered":"<p>Floor\u00e9 Underfloor Heating Panels Lowest installation height or extra insulation Floor\u00e9 AB provides the best systems on the market, which do not require the floor level to be raised more than 13 mm. This is why it makes sense to lay Floor\u00e9 Underfloor heating, regardless of whether a new build or renovation project is involved. Floor\u00e9 underfloor heating can be &#8230; <a href=\"https:\/\/floore.se\/en\/products\/underfloor-heating-panels\/\" class=\"more-link\">Read More<\/a><\/p>\n","protected":false},"author":3,"featured_media":0,"parent":9475,"menu_order":0,"comment_status":"closed","ping_status":"closed","template":"template-layout-full-width.php","meta":{"_acf_changed":false,"footnotes":""},"class_list":["post-9442","page","type-page","status-publish","hentry","no-post-thumbnail"],"acf":[],"yoast_head":"<!-- This site is optimized with the Yoast SEO Premium plugin v26.3 (Yoast SEO v27.5) - https:\/\/yoast.com\/product\/yoast-seo-premium-wordpress\/ -->\n<title>Floor\u00e9 Underfloor Heating Panels &#8211; Floor\u00e9 V\u00e4rmegolv<\/title>\n<meta name=\"robots\" content=\"index, follow, max-snippet:-1, max-image-preview:large, max-video-preview:-1\" \/>\n<link rel=\"canonical\" href=\"https:\/\/floore.se\/en\/products\/underfloor-heating-panels\/\" \/>\n<meta property=\"og:locale\" content=\"en_US\" \/>\n<meta property=\"og:type\" content=\"article\" \/>\n<meta property=\"og:title\" content=\"Floor\u00e9 Underfloor Heating Panels\" \/>\n<meta property=\"og:description\" content=\"Floor\u00e9 Underfloor Heating Panels Lowest installation height or extra insulation Floor\u00e9 AB provides the best systems on the market, which do not require the floor level to be raised more than 13 mm. This is why it makes sense to lay Floor\u00e9 Underfloor heating, regardless of whether a new build or renovation project is involved. Floor\u00e9 underfloor heating can be ... Read More\" \/>\n<meta property=\"og:url\" content=\"https:\/\/floore.se\/en\/products\/underfloor-heating-panels\/\" \/>\n<meta property=\"og:site_name\" content=\"Floor\u00e9 V\u00e4rmegolv\" \/>\n<meta property=\"article:modified_time\" content=\"2021-11-09T14:02:04+00:00\" \/>\n<meta name=\"twitter:label1\" content=\"Est. reading time\" \/>\n\t<meta name=\"twitter:data1\" content=\"2 minutes\" \/>\n<script type=\"application\/ld+json\" class=\"yoast-schema-graph\">{\"@context\":\"https:\\\/\\\/schema.org\",\"@graph\":[{\"@type\":\"WebPage\",\"@id\":\"https:\\\/\\\/floore.se\\\/en\\\/products\\\/underfloor-heating-panels\\\/\",\"url\":\"https:\\\/\\\/floore.se\\\/en\\\/products\\\/underfloor-heating-panels\\\/\",\"name\":\"Floor\u00e9 Underfloor Heating Panels &#8211; Floor\u00e9 V\u00e4rmegolv\",\"isPartOf\":{\"@id\":\"https:\\\/\\\/floore.se\\\/#website\"},\"datePublished\":\"2019-03-05T13:29:23+00:00\",\"dateModified\":\"2021-11-09T14:02:04+00:00\",\"breadcrumb\":{\"@id\":\"https:\\\/\\\/floore.se\\\/en\\\/products\\\/underfloor-heating-panels\\\/#breadcrumb\"},\"inLanguage\":\"en-US\",\"potentialAction\":[{\"@type\":\"ReadAction\",\"target\":[\"https:\\\/\\\/floore.se\\\/en\\\/products\\\/underfloor-heating-panels\\\/\"]}]},{\"@type\":\"BreadcrumbList\",\"@id\":\"https:\\\/\\\/floore.se\\\/en\\\/products\\\/underfloor-heating-panels\\\/#breadcrumb\",\"itemListElement\":[{\"@type\":\"ListItem\",\"position\":1,\"name\":\"Hem\",\"item\":\"https:\\\/\\\/floore.se\\\/en\\\/golvvarme-unik-vattenburen-golvvarme-floore-varmegolv\\\/\"},{\"@type\":\"ListItem\",\"position\":2,\"name\":\"Our products | Water-based underfloor heating\",\"item\":\"https:\\\/\\\/floore.se\\\/en\\\/products\\\/\"},{\"@type\":\"ListItem\",\"position\":3,\"name\":\"Floor\u00e9 Underfloor Heating Panels\"}]},{\"@type\":\"WebSite\",\"@id\":\"https:\\\/\\\/floore.se\\\/#website\",\"url\":\"https:\\\/\\\/floore.se\\\/\",\"name\":\"Floor\u00e9 V\u00e4rmegolv\",\"description\":\"Vattenburen golvv\u00e4rme \u2013 ett av marknadens tunnaste\",\"potentialAction\":[{\"@type\":\"SearchAction\",\"target\":{\"@type\":\"EntryPoint\",\"urlTemplate\":\"https:\\\/\\\/floore.se\\\/?s={search_term_string}\"},\"query-input\":{\"@type\":\"PropertyValueSpecification\",\"valueRequired\":true,\"valueName\":\"search_term_string\"}}],\"inLanguage\":\"en-US\"}]}<\/script>\n<!-- \/ Yoast SEO Premium plugin. -->","yoast_head_json":{"title":"Floor\u00e9 Underfloor Heating Panels &#8211; Floor\u00e9 V\u00e4rmegolv","robots":{"index":"index","follow":"follow","max-snippet":"max-snippet:-1","max-image-preview":"max-image-preview:large","max-video-preview":"max-video-preview:-1"},"canonical":"https:\/\/floore.se\/en\/products\/underfloor-heating-panels\/","og_locale":"en_US","og_type":"article","og_title":"Floor\u00e9 Underfloor Heating Panels","og_description":"Floor\u00e9 Underfloor Heating Panels Lowest installation height or extra insulation Floor\u00e9 AB provides the best systems on the market, which do not require the floor level to be raised more than 13 mm. This is why it makes sense to lay Floor\u00e9 Underfloor heating, regardless of whether a new build or renovation project is involved. Floor\u00e9 underfloor heating can be ... Read More","og_url":"https:\/\/floore.se\/en\/products\/underfloor-heating-panels\/","og_site_name":"Floor\u00e9 V\u00e4rmegolv","article_modified_time":"2021-11-09T14:02:04+00:00","twitter_misc":{"Est. reading time":"2 minutes"},"schema":{"@context":"https:\/\/schema.org","@graph":[{"@type":"WebPage","@id":"https:\/\/floore.se\/en\/products\/underfloor-heating-panels\/","url":"https:\/\/floore.se\/en\/products\/underfloor-heating-panels\/","name":"Floor\u00e9 Underfloor Heating Panels &#8211; Floor\u00e9 V\u00e4rmegolv","isPartOf":{"@id":"https:\/\/floore.se\/#website"},"datePublished":"2019-03-05T13:29:23+00:00","dateModified":"2021-11-09T14:02:04+00:00","breadcrumb":{"@id":"https:\/\/floore.se\/en\/products\/underfloor-heating-panels\/#breadcrumb"},"inLanguage":"en-US","potentialAction":[{"@type":"ReadAction","target":["https:\/\/floore.se\/en\/products\/underfloor-heating-panels\/"]}]},{"@type":"BreadcrumbList","@id":"https:\/\/floore.se\/en\/products\/underfloor-heating-panels\/#breadcrumb","itemListElement":[{"@type":"ListItem","position":1,"name":"Hem","item":"https:\/\/floore.se\/en\/golvvarme-unik-vattenburen-golvvarme-floore-varmegolv\/"},{"@type":"ListItem","position":2,"name":"Our products | Water-based underfloor heating","item":"https:\/\/floore.se\/en\/products\/"},{"@type":"ListItem","position":3,"name":"Floor\u00e9 Underfloor Heating Panels"}]},{"@type":"WebSite","@id":"https:\/\/floore.se\/#website","url":"https:\/\/floore.se\/","name":"Floor\u00e9 V\u00e4rmegolv","description":"Vattenburen golvv\u00e4rme \u2013 ett av marknadens tunnaste","potentialAction":[{"@type":"SearchAction","target":{"@type":"EntryPoint","urlTemplate":"https:\/\/floore.se\/?s={search_term_string}"},"query-input":{"@type":"PropertyValueSpecification","valueRequired":true,"valueName":"search_term_string"}}],"inLanguage":"en-US"}]}},"_links":{"self":[{"href":"https:\/\/floore.se\/en\/wp-json\/wp\/v2\/pages\/9442","targetHints":{"allow":["GET"]}}],"collection":[{"href":"https:\/\/floore.se\/en\/wp-json\/wp\/v2\/pages"}],"about":[{"href":"https:\/\/floore.se\/en\/wp-json\/wp\/v2\/types\/page"}],"author":[{"embeddable":true,"href":"https:\/\/floore.se\/en\/wp-json\/wp\/v2\/users\/3"}],"replies":[{"embeddable":true,"href":"https:\/\/floore.se\/en\/wp-json\/wp\/v2\/comments?post=9442"}],"version-history":[{"count":4,"href":"https:\/\/floore.se\/en\/wp-json\/wp\/v2\/pages\/9442\/revisions"}],"predecessor-version":[{"id":15021,"href":"https:\/\/floore.se\/en\/wp-json\/wp\/v2\/pages\/9442\/revisions\/15021"}],"up":[{"embeddable":true,"href":"https:\/\/floore.se\/en\/wp-json\/wp\/v2\/pages\/9475"}],"wp:attachment":[{"href":"https:\/\/floore.se\/en\/wp-json\/wp\/v2\/media?parent=9442"}],"curies":[{"name":"wp","href":"https:\/\/api.w.org\/{rel}","templated":true}]}}