{"id":9441,"date":"2019-03-05T14:29:16","date_gmt":"2019-03-05T13:29:16","guid":{"rendered":"https:\/\/floore.se\/shunt-och-tillbehor-till-golvvarme\/"},"modified":"2021-12-08T10:38:49","modified_gmt":"2021-12-08T09:38:49","slug":"mixing-units-for-underfloor-heating","status":"publish","type":"page","link":"https:\/\/floore.se\/en\/mixing-units-for-underfloor-heating\/","title":{"rendered":"Mixing units for underfloor heating"},"content":{"rendered":"<div id=\"cs-content\" class=\"cs-content\"><\/div>\n","protected":false},"excerpt":{"rendered":"<p>Mixing units for underfloor heating Floor\u00e9 mixing units If the underfloor heating is connected to an existing water-based heating system, such as radiators, a mixing unit needs to be installed. The mixing unit pumps water around the underfloor heating coils and mixes most of the cool return water from the underfloor heating with incoming hot water from the radiator system. &#8230; <a href=\"https:\/\/floore.se\/en\/mixing-units-for-underfloor-heating\/\" class=\"more-link\">Read More<\/a><\/p>\n","protected":false},"author":3,"featured_media":0,"parent":0,"menu_order":0,"comment_status":"closed","ping_status":"closed","template":"template-layout-full-width.php","meta":{"_acf_changed":false,"footnotes":""},"class_list":["post-9441","page","type-page","status-publish","hentry","no-post-thumbnail"],"acf":[],"yoast_head":"<!-- This site is optimized with the Yoast SEO Premium plugin v26.3 (Yoast SEO v27.5) - https:\/\/yoast.com\/product\/yoast-seo-premium-wordpress\/ -->\n<title>Shunt golvv\u00e4rme - Tillbeh\u00f6r till vattenburen golvv\u00e4rme - Floor\u00e9<\/title>\n<meta name=\"description\" content=\"Shunt till golvv\u00e4rme \u00e4r n\u00f6dv\u00e4ndig i n\u00e4stan varje installation av vattenburen golvv\u00e4rme, f\u00f6r att reglera temperaturen och cirkulera vattnet.\" \/>\n<meta name=\"robots\" content=\"index, follow, max-snippet:-1, max-image-preview:large, max-video-preview:-1\" \/>\n<link rel=\"canonical\" href=\"https:\/\/floore.se\/en\/mixing-units-for-underfloor-heating\/\" \/>\n<meta property=\"og:locale\" content=\"en_US\" \/>\n<meta property=\"og:type\" content=\"article\" \/>\n<meta property=\"og:title\" content=\"Mixing units for underfloor heating\" \/>\n<meta property=\"og:description\" content=\"Shunt till golvv\u00e4rme \u00e4r n\u00f6dv\u00e4ndig i n\u00e4stan varje installation av vattenburen golvv\u00e4rme, f\u00f6r att reglera temperaturen och cirkulera vattnet.\" \/>\n<meta property=\"og:url\" content=\"https:\/\/floore.se\/en\/mixing-units-for-underfloor-heating\/\" \/>\n<meta property=\"og:site_name\" content=\"Floor\u00e9 V\u00e4rmegolv\" \/>\n<meta property=\"article:modified_time\" content=\"2021-12-08T09:38:49+00:00\" \/>\n<meta name=\"twitter:label1\" content=\"Est. reading time\" \/>\n\t<meta name=\"twitter:data1\" content=\"3 minutes\" \/>\n<script type=\"application\/ld+json\" class=\"yoast-schema-graph\">{\"@context\":\"https:\\\/\\\/schema.org\",\"@graph\":[{\"@type\":\"WebPage\",\"@id\":\"https:\\\/\\\/floore.se\\\/en\\\/mixing-units-for-underfloor-heating\\\/\",\"url\":\"https:\\\/\\\/floore.se\\\/en\\\/mixing-units-for-underfloor-heating\\\/\",\"name\":\"Shunt golvv\u00e4rme - Tillbeh\u00f6r till vattenburen golvv\u00e4rme - Floor\u00e9\",\"isPartOf\":{\"@id\":\"https:\\\/\\\/floore.se\\\/#website\"},\"datePublished\":\"2019-03-05T13:29:16+00:00\",\"dateModified\":\"2021-12-08T09:38:49+00:00\",\"description\":\"Shunt till golvv\u00e4rme \u00e4r n\u00f6dv\u00e4ndig i n\u00e4stan varje installation av vattenburen golvv\u00e4rme, f\u00f6r att reglera temperaturen och cirkulera vattnet.\",\"breadcrumb\":{\"@id\":\"https:\\\/\\\/floore.se\\\/en\\\/mixing-units-for-underfloor-heating\\\/#breadcrumb\"},\"inLanguage\":\"en-US\",\"potentialAction\":[{\"@type\":\"ReadAction\",\"target\":[\"https:\\\/\\\/floore.se\\\/en\\\/mixing-units-for-underfloor-heating\\\/\"]}]},{\"@type\":\"BreadcrumbList\",\"@id\":\"https:\\\/\\\/floore.se\\\/en\\\/mixing-units-for-underfloor-heating\\\/#breadcrumb\",\"itemListElement\":[{\"@type\":\"ListItem\",\"position\":1,\"name\":\"Hem\",\"item\":\"https:\\\/\\\/floore.se\\\/en\\\/golvvarme-unik-vattenburen-golvvarme-floore-varmegolv\\\/\"},{\"@type\":\"ListItem\",\"position\":2,\"name\":\"Mixing units for underfloor heating\"}]},{\"@type\":\"WebSite\",\"@id\":\"https:\\\/\\\/floore.se\\\/#website\",\"url\":\"https:\\\/\\\/floore.se\\\/\",\"name\":\"Floor\u00e9 V\u00e4rmegolv\",\"description\":\"Vattenburen golvv\u00e4rme \u2013 ett av marknadens tunnaste\",\"potentialAction\":[{\"@type\":\"SearchAction\",\"target\":{\"@type\":\"EntryPoint\",\"urlTemplate\":\"https:\\\/\\\/floore.se\\\/?s={search_term_string}\"},\"query-input\":{\"@type\":\"PropertyValueSpecification\",\"valueRequired\":true,\"valueName\":\"search_term_string\"}}],\"inLanguage\":\"en-US\"}]}<\/script>\n<!-- \/ Yoast SEO Premium plugin. -->","yoast_head_json":{"title":"Shunt golvv\u00e4rme - Tillbeh\u00f6r till vattenburen golvv\u00e4rme - Floor\u00e9","description":"Shunt till golvv\u00e4rme \u00e4r n\u00f6dv\u00e4ndig i n\u00e4stan varje installation av vattenburen golvv\u00e4rme, f\u00f6r att reglera temperaturen och cirkulera vattnet.","robots":{"index":"index","follow":"follow","max-snippet":"max-snippet:-1","max-image-preview":"max-image-preview:large","max-video-preview":"max-video-preview:-1"},"canonical":"https:\/\/floore.se\/en\/mixing-units-for-underfloor-heating\/","og_locale":"en_US","og_type":"article","og_title":"Mixing units for underfloor heating","og_description":"Shunt till golvv\u00e4rme \u00e4r n\u00f6dv\u00e4ndig i n\u00e4stan varje installation av vattenburen golvv\u00e4rme, f\u00f6r att reglera temperaturen och cirkulera vattnet.","og_url":"https:\/\/floore.se\/en\/mixing-units-for-underfloor-heating\/","og_site_name":"Floor\u00e9 V\u00e4rmegolv","article_modified_time":"2021-12-08T09:38:49+00:00","twitter_misc":{"Est. reading time":"3 minutes"},"schema":{"@context":"https:\/\/schema.org","@graph":[{"@type":"WebPage","@id":"https:\/\/floore.se\/en\/mixing-units-for-underfloor-heating\/","url":"https:\/\/floore.se\/en\/mixing-units-for-underfloor-heating\/","name":"Shunt golvv\u00e4rme - Tillbeh\u00f6r till vattenburen golvv\u00e4rme - Floor\u00e9","isPartOf":{"@id":"https:\/\/floore.se\/#website"},"datePublished":"2019-03-05T13:29:16+00:00","dateModified":"2021-12-08T09:38:49+00:00","description":"Shunt till golvv\u00e4rme \u00e4r n\u00f6dv\u00e4ndig i n\u00e4stan varje installation av vattenburen golvv\u00e4rme, f\u00f6r att reglera temperaturen och cirkulera vattnet.","breadcrumb":{"@id":"https:\/\/floore.se\/en\/mixing-units-for-underfloor-heating\/#breadcrumb"},"inLanguage":"en-US","potentialAction":[{"@type":"ReadAction","target":["https:\/\/floore.se\/en\/mixing-units-for-underfloor-heating\/"]}]},{"@type":"BreadcrumbList","@id":"https:\/\/floore.se\/en\/mixing-units-for-underfloor-heating\/#breadcrumb","itemListElement":[{"@type":"ListItem","position":1,"name":"Hem","item":"https:\/\/floore.se\/en\/golvvarme-unik-vattenburen-golvvarme-floore-varmegolv\/"},{"@type":"ListItem","position":2,"name":"Mixing units for underfloor heating"}]},{"@type":"WebSite","@id":"https:\/\/floore.se\/#website","url":"https:\/\/floore.se\/","name":"Floor\u00e9 V\u00e4rmegolv","description":"Vattenburen golvv\u00e4rme \u2013 ett av marknadens tunnaste","potentialAction":[{"@type":"SearchAction","target":{"@type":"EntryPoint","urlTemplate":"https:\/\/floore.se\/?s={search_term_string}"},"query-input":{"@type":"PropertyValueSpecification","valueRequired":true,"valueName":"search_term_string"}}],"inLanguage":"en-US"}]}},"_links":{"self":[{"href":"https:\/\/floore.se\/en\/wp-json\/wp\/v2\/pages\/9441","targetHints":{"allow":["GET"]}}],"collection":[{"href":"https:\/\/floore.se\/en\/wp-json\/wp\/v2\/pages"}],"about":[{"href":"https:\/\/floore.se\/en\/wp-json\/wp\/v2\/types\/page"}],"author":[{"embeddable":true,"href":"https:\/\/floore.se\/en\/wp-json\/wp\/v2\/users\/3"}],"replies":[{"embeddable":true,"href":"https:\/\/floore.se\/en\/wp-json\/wp\/v2\/comments?post=9441"}],"version-history":[{"count":6,"href":"https:\/\/floore.se\/en\/wp-json\/wp\/v2\/pages\/9441\/revisions"}],"predecessor-version":[{"id":15102,"href":"https:\/\/floore.se\/en\/wp-json\/wp\/v2\/pages\/9441\/revisions\/15102"}],"wp:attachment":[{"href":"https:\/\/floore.se\/en\/wp-json\/wp\/v2\/media?parent=9441"}],"curies":[{"name":"wp","href":"https:\/\/api.w.org\/{rel}","templated":true}]}}