{"id":9436,"date":"2019-03-05T14:16:38","date_gmt":"2019-03-05T13:16:38","guid":{"rendered":"https:\/\/floore.se\/golvvarmeslang\/"},"modified":"2021-12-08T10:22:41","modified_gmt":"2021-12-08T09:22:41","slug":"underfloor-heating-pipes","status":"publish","type":"page","link":"https:\/\/floore.se\/en\/underfloor-heating-pipes\/","title":{"rendered":"Premium underfloor heating pipes"},"content":{"rendered":"<div id=\"cs-content\" class=\"cs-content\"><\/div>\n","protected":false},"excerpt":{"rendered":"<p>Floor\u00e9 underfloor heating pipes Premium underfloor heating pipes The Floor\u00e9 underfloor heating tubing is a dimensionally stable, high-quality pipe that is suitable for every type of water-based underfloor heating. The underfloor heating tubing can handle an operating temperature of up to 95\u00b0C and an operating pressure of 10 bar. The multi-layer pipe consists of a seamlessly welded aluminum pipe with &#8230; <a href=\"https:\/\/floore.se\/en\/underfloor-heating-pipes\/\" class=\"more-link\">Read More<\/a><\/p>\n","protected":false},"author":3,"featured_media":0,"parent":0,"menu_order":0,"comment_status":"closed","ping_status":"closed","template":"template-layout-full-width.php","meta":{"_acf_changed":false,"footnotes":""},"class_list":["post-9436","page","type-page","status-publish","hentry","no-post-thumbnail"],"acf":[],"yoast_head":"<!-- This site is optimized with the Yoast SEO Premium plugin v26.3 (Yoast SEO v27.5) - https:\/\/yoast.com\/product\/yoast-seo-premium-wordpress\/ -->\n<title>Premium underfloor heating pipes &#8211; Floor\u00e9 V\u00e4rmegolv<\/title>\n<meta name=\"robots\" content=\"index, follow, max-snippet:-1, max-image-preview:large, max-video-preview:-1\" \/>\n<link rel=\"canonical\" href=\"https:\/\/floore.se\/en\/underfloor-heating-pipes\/\" \/>\n<meta property=\"og:locale\" content=\"en_US\" \/>\n<meta property=\"og:type\" content=\"article\" \/>\n<meta property=\"og:title\" content=\"Premium underfloor heating pipes\" \/>\n<meta property=\"og:description\" content=\"Floor\u00e9 underfloor heating pipes Premium underfloor heating pipes The Floor\u00e9 underfloor heating tubing is a dimensionally stable, high-quality pipe that is suitable for every type of water-based underfloor heating. The underfloor heating tubing can handle an operating temperature of up to 95\u00b0C and an operating pressure of 10 bar. The multi-layer pipe consists of a seamlessly welded aluminum pipe with ... Read More\" \/>\n<meta property=\"og:url\" content=\"https:\/\/floore.se\/en\/underfloor-heating-pipes\/\" \/>\n<meta property=\"og:site_name\" content=\"Floor\u00e9 V\u00e4rmegolv\" \/>\n<meta property=\"article:modified_time\" content=\"2021-12-08T09:22:41+00:00\" \/>\n<meta name=\"twitter:label1\" content=\"Est. reading time\" \/>\n\t<meta name=\"twitter:data1\" content=\"5 minutes\" \/>\n<script type=\"application\/ld+json\" class=\"yoast-schema-graph\">{\"@context\":\"https:\\\/\\\/schema.org\",\"@graph\":[{\"@type\":\"WebPage\",\"@id\":\"https:\\\/\\\/floore.se\\\/en\\\/underfloor-heating-pipes\\\/\",\"url\":\"https:\\\/\\\/floore.se\\\/en\\\/underfloor-heating-pipes\\\/\",\"name\":\"Premium underfloor heating pipes &#8211; Floor\u00e9 V\u00e4rmegolv\",\"isPartOf\":{\"@id\":\"https:\\\/\\\/floore.se\\\/#website\"},\"datePublished\":\"2019-03-05T13:16:38+00:00\",\"dateModified\":\"2021-12-08T09:22:41+00:00\",\"breadcrumb\":{\"@id\":\"https:\\\/\\\/floore.se\\\/en\\\/underfloor-heating-pipes\\\/#breadcrumb\"},\"inLanguage\":\"en-US\",\"potentialAction\":[{\"@type\":\"ReadAction\",\"target\":[\"https:\\\/\\\/floore.se\\\/en\\\/underfloor-heating-pipes\\\/\"]}]},{\"@type\":\"BreadcrumbList\",\"@id\":\"https:\\\/\\\/floore.se\\\/en\\\/underfloor-heating-pipes\\\/#breadcrumb\",\"itemListElement\":[{\"@type\":\"ListItem\",\"position\":1,\"name\":\"Hem\",\"item\":\"https:\\\/\\\/floore.se\\\/en\\\/golvvarme-unik-vattenburen-golvvarme-floore-varmegolv\\\/\"},{\"@type\":\"ListItem\",\"position\":2,\"name\":\"Premium underfloor heating pipes\"}]},{\"@type\":\"WebSite\",\"@id\":\"https:\\\/\\\/floore.se\\\/#website\",\"url\":\"https:\\\/\\\/floore.se\\\/\",\"name\":\"Floor\u00e9 V\u00e4rmegolv\",\"description\":\"Vattenburen golvv\u00e4rme \u2013 ett av marknadens tunnaste\",\"potentialAction\":[{\"@type\":\"SearchAction\",\"target\":{\"@type\":\"EntryPoint\",\"urlTemplate\":\"https:\\\/\\\/floore.se\\\/?s={search_term_string}\"},\"query-input\":{\"@type\":\"PropertyValueSpecification\",\"valueRequired\":true,\"valueName\":\"search_term_string\"}}],\"inLanguage\":\"en-US\"}]}<\/script>\n<!-- \/ Yoast SEO Premium plugin. -->","yoast_head_json":{"title":"Premium underfloor heating pipes &#8211; Floor\u00e9 V\u00e4rmegolv","robots":{"index":"index","follow":"follow","max-snippet":"max-snippet:-1","max-image-preview":"max-image-preview:large","max-video-preview":"max-video-preview:-1"},"canonical":"https:\/\/floore.se\/en\/underfloor-heating-pipes\/","og_locale":"en_US","og_type":"article","og_title":"Premium underfloor heating pipes","og_description":"Floor\u00e9 underfloor heating pipes Premium underfloor heating pipes The Floor\u00e9 underfloor heating tubing is a dimensionally stable, high-quality pipe that is suitable for every type of water-based underfloor heating. The underfloor heating tubing can handle an operating temperature of up to 95\u00b0C and an operating pressure of 10 bar. The multi-layer pipe consists of a seamlessly welded aluminum pipe with ... Read More","og_url":"https:\/\/floore.se\/en\/underfloor-heating-pipes\/","og_site_name":"Floor\u00e9 V\u00e4rmegolv","article_modified_time":"2021-12-08T09:22:41+00:00","twitter_misc":{"Est. reading time":"5 minutes"},"schema":{"@context":"https:\/\/schema.org","@graph":[{"@type":"WebPage","@id":"https:\/\/floore.se\/en\/underfloor-heating-pipes\/","url":"https:\/\/floore.se\/en\/underfloor-heating-pipes\/","name":"Premium underfloor heating pipes &#8211; Floor\u00e9 V\u00e4rmegolv","isPartOf":{"@id":"https:\/\/floore.se\/#website"},"datePublished":"2019-03-05T13:16:38+00:00","dateModified":"2021-12-08T09:22:41+00:00","breadcrumb":{"@id":"https:\/\/floore.se\/en\/underfloor-heating-pipes\/#breadcrumb"},"inLanguage":"en-US","potentialAction":[{"@type":"ReadAction","target":["https:\/\/floore.se\/en\/underfloor-heating-pipes\/"]}]},{"@type":"BreadcrumbList","@id":"https:\/\/floore.se\/en\/underfloor-heating-pipes\/#breadcrumb","itemListElement":[{"@type":"ListItem","position":1,"name":"Hem","item":"https:\/\/floore.se\/en\/golvvarme-unik-vattenburen-golvvarme-floore-varmegolv\/"},{"@type":"ListItem","position":2,"name":"Premium underfloor heating pipes"}]},{"@type":"WebSite","@id":"https:\/\/floore.se\/#website","url":"https:\/\/floore.se\/","name":"Floor\u00e9 V\u00e4rmegolv","description":"Vattenburen golvv\u00e4rme \u2013 ett av marknadens tunnaste","potentialAction":[{"@type":"SearchAction","target":{"@type":"EntryPoint","urlTemplate":"https:\/\/floore.se\/?s={search_term_string}"},"query-input":{"@type":"PropertyValueSpecification","valueRequired":true,"valueName":"search_term_string"}}],"inLanguage":"en-US"}]}},"_links":{"self":[{"href":"https:\/\/floore.se\/en\/wp-json\/wp\/v2\/pages\/9436","targetHints":{"allow":["GET"]}}],"collection":[{"href":"https:\/\/floore.se\/en\/wp-json\/wp\/v2\/pages"}],"about":[{"href":"https:\/\/floore.se\/en\/wp-json\/wp\/v2\/types\/page"}],"author":[{"embeddable":true,"href":"https:\/\/floore.se\/en\/wp-json\/wp\/v2\/users\/3"}],"replies":[{"embeddable":true,"href":"https:\/\/floore.se\/en\/wp-json\/wp\/v2\/comments?post=9436"}],"version-history":[{"count":6,"href":"https:\/\/floore.se\/en\/wp-json\/wp\/v2\/pages\/9436\/revisions"}],"predecessor-version":[{"id":15101,"href":"https:\/\/floore.se\/en\/wp-json\/wp\/v2\/pages\/9436\/revisions\/15101"}],"wp:attachment":[{"href":"https:\/\/floore.se\/en\/wp-json\/wp\/v2\/media?parent=9436"}],"curies":[{"name":"wp","href":"https:\/\/api.w.org\/{rel}","templated":true}]}}