{"id":9433,"date":"2019-03-05T13:55:00","date_gmt":"2019-03-05T12:55:00","guid":{"rendered":"https:\/\/floore.se\/golvvarme-unik-vattenburen-golvvarme-floore-varmegolv\/"},"modified":"2026-01-07T10:23:07","modified_gmt":"2026-01-07T09:23:07","slug":"golvvarme-unik-vattenburen-golvvarme-floore-varmegolv","status":"publish","type":"page","link":"https:\/\/floore.se\/en\/","title":{"rendered":"Floor Heating &#8211; Unique Water-based underfloor heating &#8211; Floor\u00e9"},"content":{"rendered":"<div id=\"cs-content\" class=\"cs-content\"><\/div>\n","protected":false},"excerpt":{"rendered":"<p>Panels that you can easily lay yourself Suitable for all floors and floor surfacesEasy to cutNo special tools requiredCan be walked on immediately&nbsp;Floor\u00e9 in LK\u2019s booth at the ISH trade fair in Frankfurt From March 17\u201321, Floor\u00e9 will be joining LK at the world\u2019s leading trade fair for HVAC and water in Frankfurt&hellip;Warm feet &#8211; it\u2019s your right! We want &#8230; <a href=\"https:\/\/floore.se\/en\/\" class=\"more-link\">Read More<\/a><\/p>\n","protected":false},"author":3,"featured_media":0,"parent":0,"menu_order":0,"comment_status":"closed","ping_status":"closed","template":"template-blank-4.php","meta":{"_acf_changed":false,"footnotes":""},"class_list":["post-9433","page","type-page","status-publish","hentry","no-post-thumbnail"],"acf":[],"yoast_head":"<!-- This site is optimized with the Yoast SEO Premium plugin v26.3 (Yoast SEO v27.4) - https:\/\/yoast.com\/product\/yoast-seo-premium-wordpress\/ -->\n<title>Floor Heating - Unique Water-based underfloor heating - Floor\u00e9 &#8211; G\u00f6r det sj\u00e4lv<\/title>\n<meta name=\"description\" content=\"Enkelt att l\u00e4gga sj\u00e4lv. F\u00e4rdiga paket. Aluminiumt\u00e4ckta skivor med patent. Hj\u00e4lp med planering och ritning. Effektiv v\u00e4rme som hamnar n\u00e4ra dig.\" \/>\n<meta name=\"robots\" content=\"index, follow, max-snippet:-1, max-image-preview:large, max-video-preview:-1\" \/>\n<link rel=\"canonical\" href=\"https:\/\/floore.se\/en\/golvvarme-unik-vattenburen-golvvarme-floore-varmegolv\/\" \/>\n<meta property=\"og:locale\" content=\"en_US\" \/>\n<meta property=\"og:type\" content=\"article\" \/>\n<meta property=\"og:title\" content=\"Floor Heating - Unique Water-based underfloor heating - Floor\u00e9\" \/>\n<meta property=\"og:description\" content=\"Enkelt att l\u00e4gga sj\u00e4lv. F\u00e4rdiga paket. Aluminiumt\u00e4ckta skivor med patent. Hj\u00e4lp med planering och ritning. Effektiv v\u00e4rme som hamnar n\u00e4ra dig.\" \/>\n<meta property=\"og:url\" content=\"https:\/\/floore.se\/en\/golvvarme-unik-vattenburen-golvvarme-floore-varmegolv\/\" \/>\n<meta property=\"og:site_name\" content=\"Floor\u00e9 V\u00e4rmegolv\" \/>\n<meta property=\"article:modified_time\" content=\"2026-01-07T09:23:07+00:00\" \/>\n<meta name=\"twitter:label1\" content=\"Est. reading time\" \/>\n\t<meta name=\"twitter:data1\" content=\"17 minutes\" \/>\n<script type=\"application\/ld+json\" class=\"yoast-schema-graph\">{\"@context\":\"https:\\\/\\\/schema.org\",\"@graph\":[{\"@type\":\"WebPage\",\"@id\":\"https:\\\/\\\/floore.se\\\/en\\\/golvvarme-unik-vattenburen-golvvarme-floore-varmegolv\\\/\",\"url\":\"https:\\\/\\\/floore.se\\\/en\\\/golvvarme-unik-vattenburen-golvvarme-floore-varmegolv\\\/\",\"name\":\"Floor Heating - Unique Water-based underfloor heating - Floor\u00e9 &#8211; G\u00f6r det sj\u00e4lv\",\"isPartOf\":{\"@id\":\"https:\\\/\\\/floore.se\\\/#website\"},\"datePublished\":\"2019-03-05T12:55:00+00:00\",\"dateModified\":\"2026-01-07T09:23:07+00:00\",\"description\":\"Enkelt att l\u00e4gga sj\u00e4lv. F\u00e4rdiga paket. Aluminiumt\u00e4ckta skivor med patent. Hj\u00e4lp med planering och ritning. Effektiv v\u00e4rme som hamnar n\u00e4ra dig.\",\"breadcrumb\":{\"@id\":\"https:\\\/\\\/floore.se\\\/en\\\/golvvarme-unik-vattenburen-golvvarme-floore-varmegolv\\\/#breadcrumb\"},\"inLanguage\":\"en-US\",\"potentialAction\":[{\"@type\":\"ReadAction\",\"target\":[\"https:\\\/\\\/floore.se\\\/en\\\/golvvarme-unik-vattenburen-golvvarme-floore-varmegolv\\\/\"]}]},{\"@type\":\"BreadcrumbList\",\"@id\":\"https:\\\/\\\/floore.se\\\/en\\\/golvvarme-unik-vattenburen-golvvarme-floore-varmegolv\\\/#breadcrumb\",\"itemListElement\":[{\"@type\":\"ListItem\",\"position\":1,\"name\":\"Hem\",\"item\":\"https:\\\/\\\/floore.se\\\/en\\\/golvvarme-unik-vattenburen-golvvarme-floore-varmegolv\\\/\"},{\"@type\":\"ListItem\",\"position\":2,\"name\":\"Floor Heating &#8211; Unique Water-based underfloor heating &#8211; Floor\u00e9\"}]},{\"@type\":\"WebSite\",\"@id\":\"https:\\\/\\\/floore.se\\\/#website\",\"url\":\"https:\\\/\\\/floore.se\\\/\",\"name\":\"Floor\u00e9 V\u00e4rmegolv\",\"description\":\"Vattenburen golvv\u00e4rme \u2013 ett av marknadens tunnaste\",\"potentialAction\":[{\"@type\":\"SearchAction\",\"target\":{\"@type\":\"EntryPoint\",\"urlTemplate\":\"https:\\\/\\\/floore.se\\\/?s={search_term_string}\"},\"query-input\":{\"@type\":\"PropertyValueSpecification\",\"valueRequired\":true,\"valueName\":\"search_term_string\"}}],\"inLanguage\":\"en-US\"}]}<\/script>\n<!-- \/ Yoast SEO Premium plugin. -->","yoast_head_json":{"title":"Floor Heating - Unique Water-based underfloor heating - Floor\u00e9 &#8211; G\u00f6r det sj\u00e4lv","description":"Enkelt att l\u00e4gga sj\u00e4lv. F\u00e4rdiga paket. Aluminiumt\u00e4ckta skivor med patent. Hj\u00e4lp med planering och ritning. Effektiv v\u00e4rme som hamnar n\u00e4ra dig.","robots":{"index":"index","follow":"follow","max-snippet":"max-snippet:-1","max-image-preview":"max-image-preview:large","max-video-preview":"max-video-preview:-1"},"canonical":"https:\/\/floore.se\/en\/golvvarme-unik-vattenburen-golvvarme-floore-varmegolv\/","og_locale":"en_US","og_type":"article","og_title":"Floor Heating - Unique Water-based underfloor heating - Floor\u00e9","og_description":"Enkelt att l\u00e4gga sj\u00e4lv. F\u00e4rdiga paket. Aluminiumt\u00e4ckta skivor med patent. Hj\u00e4lp med planering och ritning. Effektiv v\u00e4rme som hamnar n\u00e4ra dig.","og_url":"https:\/\/floore.se\/en\/golvvarme-unik-vattenburen-golvvarme-floore-varmegolv\/","og_site_name":"Floor\u00e9 V\u00e4rmegolv","article_modified_time":"2026-01-07T09:23:07+00:00","twitter_misc":{"Est. reading time":"17 minutes"},"schema":{"@context":"https:\/\/schema.org","@graph":[{"@type":"WebPage","@id":"https:\/\/floore.se\/en\/golvvarme-unik-vattenburen-golvvarme-floore-varmegolv\/","url":"https:\/\/floore.se\/en\/golvvarme-unik-vattenburen-golvvarme-floore-varmegolv\/","name":"Floor Heating - Unique Water-based underfloor heating - Floor\u00e9 &#8211; G\u00f6r det sj\u00e4lv","isPartOf":{"@id":"https:\/\/floore.se\/#website"},"datePublished":"2019-03-05T12:55:00+00:00","dateModified":"2026-01-07T09:23:07+00:00","description":"Enkelt att l\u00e4gga sj\u00e4lv. F\u00e4rdiga paket. Aluminiumt\u00e4ckta skivor med patent. Hj\u00e4lp med planering och ritning. Effektiv v\u00e4rme som hamnar n\u00e4ra dig.","breadcrumb":{"@id":"https:\/\/floore.se\/en\/golvvarme-unik-vattenburen-golvvarme-floore-varmegolv\/#breadcrumb"},"inLanguage":"en-US","potentialAction":[{"@type":"ReadAction","target":["https:\/\/floore.se\/en\/golvvarme-unik-vattenburen-golvvarme-floore-varmegolv\/"]}]},{"@type":"BreadcrumbList","@id":"https:\/\/floore.se\/en\/golvvarme-unik-vattenburen-golvvarme-floore-varmegolv\/#breadcrumb","itemListElement":[{"@type":"ListItem","position":1,"name":"Hem","item":"https:\/\/floore.se\/en\/golvvarme-unik-vattenburen-golvvarme-floore-varmegolv\/"},{"@type":"ListItem","position":2,"name":"Floor Heating &#8211; Unique Water-based underfloor heating &#8211; Floor\u00e9"}]},{"@type":"WebSite","@id":"https:\/\/floore.se\/#website","url":"https:\/\/floore.se\/","name":"Floor\u00e9 V\u00e4rmegolv","description":"Vattenburen golvv\u00e4rme \u2013 ett av marknadens tunnaste","potentialAction":[{"@type":"SearchAction","target":{"@type":"EntryPoint","urlTemplate":"https:\/\/floore.se\/?s={search_term_string}"},"query-input":{"@type":"PropertyValueSpecification","valueRequired":true,"valueName":"search_term_string"}}],"inLanguage":"en-US"}]}},"_links":{"self":[{"href":"https:\/\/floore.se\/en\/wp-json\/wp\/v2\/pages\/9433","targetHints":{"allow":["GET"]}}],"collection":[{"href":"https:\/\/floore.se\/en\/wp-json\/wp\/v2\/pages"}],"about":[{"href":"https:\/\/floore.se\/en\/wp-json\/wp\/v2\/types\/page"}],"author":[{"embeddable":true,"href":"https:\/\/floore.se\/en\/wp-json\/wp\/v2\/users\/3"}],"replies":[{"embeddable":true,"href":"https:\/\/floore.se\/en\/wp-json\/wp\/v2\/comments?post=9433"}],"version-history":[{"count":12,"href":"https:\/\/floore.se\/en\/wp-json\/wp\/v2\/pages\/9433\/revisions"}],"predecessor-version":[{"id":20235,"href":"https:\/\/floore.se\/en\/wp-json\/wp\/v2\/pages\/9433\/revisions\/20235"}],"wp:attachment":[{"href":"https:\/\/floore.se\/en\/wp-json\/wp\/v2\/media?parent=9433"}],"curies":[{"name":"wp","href":"https:\/\/api.w.org\/{rel}","templated":true}]}}