{"id":9432,"date":"2019-03-05T13:54:18","date_gmt":"2019-03-05T12:54:18","guid":{"rendered":"https:\/\/floore.se\/receipt-of-goods\/"},"modified":"2024-03-12T11:26:35","modified_gmt":"2024-03-12T10:26:35","slug":"receipt-of-goods","status":"publish","type":"page","link":"https:\/\/floore.se\/en\/receipt-of-goods\/","title":{"rendered":"Receipt of goods"},"content":{"rendered":"<h2>Receipt of goods<\/h2>\n<p>On receipt of any goods, they must be checked and the consignment note signed. Any visible damage to the packaging or missing items\/packages must be reported immediately on delivery and noted on the receipt. Any hidden damage must be reported to the carrier within seven days, and supplemented with photographs of the packaging and goods.<br \/>\nCheck that the delivery note enclosed corresponds with the materials delivered. Any deviations must be reported within seven working days of the date of receipt.<\/p>\n","protected":false},"excerpt":{"rendered":"<p>Receipt of goods On receipt of any goods, they must be checked and the consignment note signed. Any visible damage to the packaging or missing items\/packages must be reported immediately on delivery and noted on the receipt. Any hidden damage must be reported to the carrier within seven days, and supplemented with photographs of the packaging and goods. Check that &#8230; <a href=\"https:\/\/floore.se\/en\/receipt-of-goods\/\" class=\"more-link\">Read More<\/a><\/p>\n","protected":false},"author":3,"featured_media":0,"parent":0,"menu_order":0,"comment_status":"closed","ping_status":"closed","template":"template-layout-full-width.php","meta":{"_acf_changed":false,"footnotes":""},"class_list":["post-9432","page","type-page","status-publish","hentry","no-post-thumbnail"],"acf":[],"yoast_head":"<!-- This site is optimized with the Yoast SEO Premium plugin v26.3 (Yoast SEO v27.5) - https:\/\/yoast.com\/product\/yoast-seo-premium-wordpress\/ -->\n<title>Receipt of goods &#8211; Floor\u00e9 V\u00e4rmegolv<\/title>\n<meta name=\"robots\" content=\"index, follow, max-snippet:-1, max-image-preview:large, max-video-preview:-1\" \/>\n<link rel=\"canonical\" href=\"https:\/\/floore.se\/en\/receipt-of-goods\/\" \/>\n<meta property=\"og:locale\" content=\"en_US\" \/>\n<meta property=\"og:type\" content=\"article\" \/>\n<meta property=\"og:title\" content=\"Receipt of goods\" \/>\n<meta property=\"og:description\" content=\"Receipt of goods On receipt of any goods, they must be checked and the consignment note signed. Any visible damage to the packaging or missing items\/packages must be reported immediately on delivery and noted on the receipt. Any hidden damage must be reported to the carrier within seven days, and supplemented with photographs of the packaging and goods. Check that ... Read More\" \/>\n<meta property=\"og:url\" content=\"https:\/\/floore.se\/en\/receipt-of-goods\/\" \/>\n<meta property=\"og:site_name\" content=\"Floor\u00e9 V\u00e4rmegolv\" \/>\n<meta property=\"article:modified_time\" content=\"2024-03-12T10:26:35+00:00\" \/>\n<meta name=\"twitter:label1\" content=\"Est. reading time\" \/>\n\t<meta name=\"twitter:data1\" content=\"1 minute\" \/>\n<script type=\"application\/ld+json\" class=\"yoast-schema-graph\">{\"@context\":\"https:\\\/\\\/schema.org\",\"@graph\":[{\"@type\":\"WebPage\",\"@id\":\"https:\\\/\\\/floore.se\\\/en\\\/receipt-of-goods\\\/\",\"url\":\"https:\\\/\\\/floore.se\\\/en\\\/receipt-of-goods\\\/\",\"name\":\"Receipt of goods &#8211; Floor\u00e9 V\u00e4rmegolv\",\"isPartOf\":{\"@id\":\"https:\\\/\\\/floore.se\\\/#website\"},\"datePublished\":\"2019-03-05T12:54:18+00:00\",\"dateModified\":\"2024-03-12T10:26:35+00:00\",\"breadcrumb\":{\"@id\":\"https:\\\/\\\/floore.se\\\/en\\\/receipt-of-goods\\\/#breadcrumb\"},\"inLanguage\":\"en-US\",\"potentialAction\":[{\"@type\":\"ReadAction\",\"target\":[\"https:\\\/\\\/floore.se\\\/en\\\/receipt-of-goods\\\/\"]}]},{\"@type\":\"BreadcrumbList\",\"@id\":\"https:\\\/\\\/floore.se\\\/en\\\/receipt-of-goods\\\/#breadcrumb\",\"itemListElement\":[{\"@type\":\"ListItem\",\"position\":1,\"name\":\"Hem\",\"item\":\"https:\\\/\\\/floore.se\\\/en\\\/golvvarme-unik-vattenburen-golvvarme-floore-varmegolv\\\/\"},{\"@type\":\"ListItem\",\"position\":2,\"name\":\"Receipt of goods\"}]},{\"@type\":\"WebSite\",\"@id\":\"https:\\\/\\\/floore.se\\\/#website\",\"url\":\"https:\\\/\\\/floore.se\\\/\",\"name\":\"Floor\u00e9 V\u00e4rmegolv\",\"description\":\"Vattenburen golvv\u00e4rme \u2013 ett av marknadens tunnaste\",\"potentialAction\":[{\"@type\":\"SearchAction\",\"target\":{\"@type\":\"EntryPoint\",\"urlTemplate\":\"https:\\\/\\\/floore.se\\\/?s={search_term_string}\"},\"query-input\":{\"@type\":\"PropertyValueSpecification\",\"valueRequired\":true,\"valueName\":\"search_term_string\"}}],\"inLanguage\":\"en-US\"}]}<\/script>\n<!-- \/ Yoast SEO Premium plugin. -->","yoast_head_json":{"title":"Receipt of goods &#8211; Floor\u00e9 V\u00e4rmegolv","robots":{"index":"index","follow":"follow","max-snippet":"max-snippet:-1","max-image-preview":"max-image-preview:large","max-video-preview":"max-video-preview:-1"},"canonical":"https:\/\/floore.se\/en\/receipt-of-goods\/","og_locale":"en_US","og_type":"article","og_title":"Receipt of goods","og_description":"Receipt of goods On receipt of any goods, they must be checked and the consignment note signed. Any visible damage to the packaging or missing items\/packages must be reported immediately on delivery and noted on the receipt. Any hidden damage must be reported to the carrier within seven days, and supplemented with photographs of the packaging and goods. Check that ... Read More","og_url":"https:\/\/floore.se\/en\/receipt-of-goods\/","og_site_name":"Floor\u00e9 V\u00e4rmegolv","article_modified_time":"2024-03-12T10:26:35+00:00","twitter_misc":{"Est. reading time":"1 minute"},"schema":{"@context":"https:\/\/schema.org","@graph":[{"@type":"WebPage","@id":"https:\/\/floore.se\/en\/receipt-of-goods\/","url":"https:\/\/floore.se\/en\/receipt-of-goods\/","name":"Receipt of goods &#8211; Floor\u00e9 V\u00e4rmegolv","isPartOf":{"@id":"https:\/\/floore.se\/#website"},"datePublished":"2019-03-05T12:54:18+00:00","dateModified":"2024-03-12T10:26:35+00:00","breadcrumb":{"@id":"https:\/\/floore.se\/en\/receipt-of-goods\/#breadcrumb"},"inLanguage":"en-US","potentialAction":[{"@type":"ReadAction","target":["https:\/\/floore.se\/en\/receipt-of-goods\/"]}]},{"@type":"BreadcrumbList","@id":"https:\/\/floore.se\/en\/receipt-of-goods\/#breadcrumb","itemListElement":[{"@type":"ListItem","position":1,"name":"Hem","item":"https:\/\/floore.se\/en\/golvvarme-unik-vattenburen-golvvarme-floore-varmegolv\/"},{"@type":"ListItem","position":2,"name":"Receipt of goods"}]},{"@type":"WebSite","@id":"https:\/\/floore.se\/#website","url":"https:\/\/floore.se\/","name":"Floor\u00e9 V\u00e4rmegolv","description":"Vattenburen golvv\u00e4rme \u2013 ett av marknadens tunnaste","potentialAction":[{"@type":"SearchAction","target":{"@type":"EntryPoint","urlTemplate":"https:\/\/floore.se\/?s={search_term_string}"},"query-input":{"@type":"PropertyValueSpecification","valueRequired":true,"valueName":"search_term_string"}}],"inLanguage":"en-US"}]}},"_links":{"self":[{"href":"https:\/\/floore.se\/en\/wp-json\/wp\/v2\/pages\/9432","targetHints":{"allow":["GET"]}}],"collection":[{"href":"https:\/\/floore.se\/en\/wp-json\/wp\/v2\/pages"}],"about":[{"href":"https:\/\/floore.se\/en\/wp-json\/wp\/v2\/types\/page"}],"author":[{"embeddable":true,"href":"https:\/\/floore.se\/en\/wp-json\/wp\/v2\/users\/3"}],"replies":[{"embeddable":true,"href":"https:\/\/floore.se\/en\/wp-json\/wp\/v2\/comments?post=9432"}],"version-history":[{"count":1,"href":"https:\/\/floore.se\/en\/wp-json\/wp\/v2\/pages\/9432\/revisions"}],"predecessor-version":[{"id":18527,"href":"https:\/\/floore.se\/en\/wp-json\/wp\/v2\/pages\/9432\/revisions\/18527"}],"wp:attachment":[{"href":"https:\/\/floore.se\/en\/wp-json\/wp\/v2\/media?parent=9432"}],"curies":[{"name":"wp","href":"https:\/\/api.w.org\/{rel}","templated":true}]}}