{"id":9391,"date":"2014-02-27T13:10:08","date_gmt":"2014-02-27T12:10:08","guid":{"rendered":"https:\/\/floore.se\/storre-utrymmen\/"},"modified":"2024-03-12T10:43:32","modified_gmt":"2024-03-12T09:43:32","slug":"larger-areas","status":"publish","type":"page","link":"https:\/\/floore.se\/en\/products\/larger-areas\/","title":{"rendered":"Underfloor heating at a square meter price"},"content":{"rendered":"<div id=\"cs-content\" class=\"cs-content\"><\/div>\n","protected":false},"excerpt":{"rendered":"<p>Underfloor heating at a square meter price All surfaces, all systems To make calculating the costs for underfloor heating projects easier, Floor\u00e9 offers a square meter price for Floor\u00e9 underfloor heating along with traditional embedding systems. Our square meter prices are given for different designs so that you can choose whether you want underfloor heating with a low installation height, &#8230; <a href=\"https:\/\/floore.se\/en\/products\/larger-areas\/\" class=\"more-link\">Read More<\/a><\/p>\n","protected":false},"author":3,"featured_media":0,"parent":9475,"menu_order":0,"comment_status":"closed","ping_status":"closed","template":"template-layout-full-width.php","meta":{"_acf_changed":false,"footnotes":""},"class_list":["post-9391","page","type-page","status-publish","hentry","no-post-thumbnail"],"acf":[],"yoast_head":"<!-- This site is optimized with the Yoast SEO Premium plugin v26.3 (Yoast SEO v27.5) - https:\/\/yoast.com\/product\/yoast-seo-premium-wordpress\/ -->\n<title>Floor\u00e9 projekt - St\u00f6rre golvv\u00e4rme l\u00f6sning - Floor\u00e9 v\u00e4rmegolv<\/title>\n<meta name=\"description\" content=\"V\u00e5ra golvv\u00e4rme experter hj\u00e4lper dig att projektera st\u00f6rre installationer av vattenburen golvv\u00e4rme med ritning, offert och val av produkter.\" \/>\n<meta name=\"robots\" content=\"index, follow, max-snippet:-1, max-image-preview:large, max-video-preview:-1\" \/>\n<link rel=\"canonical\" href=\"https:\/\/floore.se\/en\/products\/larger-areas\/\" \/>\n<meta property=\"og:locale\" content=\"en_US\" \/>\n<meta property=\"og:type\" content=\"article\" \/>\n<meta property=\"og:title\" content=\"Underfloor heating at a square meter price\" \/>\n<meta property=\"og:description\" content=\"V\u00e5ra golvv\u00e4rme experter hj\u00e4lper dig att projektera st\u00f6rre installationer av vattenburen golvv\u00e4rme med ritning, offert och val av produkter.\" \/>\n<meta property=\"og:url\" content=\"https:\/\/floore.se\/en\/products\/larger-areas\/\" \/>\n<meta property=\"og:site_name\" content=\"Floor\u00e9 V\u00e4rmegolv\" \/>\n<meta property=\"article:modified_time\" content=\"2024-03-12T09:43:32+00:00\" \/>\n<meta name=\"twitter:label1\" content=\"Est. reading time\" \/>\n\t<meta name=\"twitter:data1\" content=\"4 minutes\" \/>\n<script type=\"application\/ld+json\" class=\"yoast-schema-graph\">{\"@context\":\"https:\\\/\\\/schema.org\",\"@graph\":[{\"@type\":\"WebPage\",\"@id\":\"https:\\\/\\\/floore.se\\\/en\\\/products\\\/larger-areas\\\/\",\"url\":\"https:\\\/\\\/floore.se\\\/en\\\/products\\\/larger-areas\\\/\",\"name\":\"Floor\u00e9 projekt - St\u00f6rre golvv\u00e4rme l\u00f6sning - Floor\u00e9 v\u00e4rmegolv\",\"isPartOf\":{\"@id\":\"https:\\\/\\\/floore.se\\\/#website\"},\"datePublished\":\"2014-02-27T12:10:08+00:00\",\"dateModified\":\"2024-03-12T09:43:32+00:00\",\"description\":\"V\u00e5ra golvv\u00e4rme experter hj\u00e4lper dig att projektera st\u00f6rre installationer av vattenburen golvv\u00e4rme med ritning, offert och val av produkter.\",\"breadcrumb\":{\"@id\":\"https:\\\/\\\/floore.se\\\/en\\\/products\\\/larger-areas\\\/#breadcrumb\"},\"inLanguage\":\"en-US\",\"potentialAction\":[{\"@type\":\"ReadAction\",\"target\":[\"https:\\\/\\\/floore.se\\\/en\\\/products\\\/larger-areas\\\/\"]}]},{\"@type\":\"BreadcrumbList\",\"@id\":\"https:\\\/\\\/floore.se\\\/en\\\/products\\\/larger-areas\\\/#breadcrumb\",\"itemListElement\":[{\"@type\":\"ListItem\",\"position\":1,\"name\":\"Hem\",\"item\":\"https:\\\/\\\/floore.se\\\/en\\\/golvvarme-unik-vattenburen-golvvarme-floore-varmegolv\\\/\"},{\"@type\":\"ListItem\",\"position\":2,\"name\":\"Our products | Water-based underfloor heating\",\"item\":\"https:\\\/\\\/floore.se\\\/en\\\/products\\\/\"},{\"@type\":\"ListItem\",\"position\":3,\"name\":\"Underfloor heating at a square meter price\"}]},{\"@type\":\"WebSite\",\"@id\":\"https:\\\/\\\/floore.se\\\/#website\",\"url\":\"https:\\\/\\\/floore.se\\\/\",\"name\":\"Floor\u00e9 V\u00e4rmegolv\",\"description\":\"Vattenburen golvv\u00e4rme \u2013 ett av marknadens tunnaste\",\"potentialAction\":[{\"@type\":\"SearchAction\",\"target\":{\"@type\":\"EntryPoint\",\"urlTemplate\":\"https:\\\/\\\/floore.se\\\/?s={search_term_string}\"},\"query-input\":{\"@type\":\"PropertyValueSpecification\",\"valueRequired\":true,\"valueName\":\"search_term_string\"}}],\"inLanguage\":\"en-US\"}]}<\/script>\n<!-- \/ Yoast SEO Premium plugin. -->","yoast_head_json":{"title":"Floor\u00e9 projekt - St\u00f6rre golvv\u00e4rme l\u00f6sning - Floor\u00e9 v\u00e4rmegolv","description":"V\u00e5ra golvv\u00e4rme experter hj\u00e4lper dig att projektera st\u00f6rre installationer av vattenburen golvv\u00e4rme med ritning, offert och val av produkter.","robots":{"index":"index","follow":"follow","max-snippet":"max-snippet:-1","max-image-preview":"max-image-preview:large","max-video-preview":"max-video-preview:-1"},"canonical":"https:\/\/floore.se\/en\/products\/larger-areas\/","og_locale":"en_US","og_type":"article","og_title":"Underfloor heating at a square meter price","og_description":"V\u00e5ra golvv\u00e4rme experter hj\u00e4lper dig att projektera st\u00f6rre installationer av vattenburen golvv\u00e4rme med ritning, offert och val av produkter.","og_url":"https:\/\/floore.se\/en\/products\/larger-areas\/","og_site_name":"Floor\u00e9 V\u00e4rmegolv","article_modified_time":"2024-03-12T09:43:32+00:00","twitter_misc":{"Est. reading time":"4 minutes"},"schema":{"@context":"https:\/\/schema.org","@graph":[{"@type":"WebPage","@id":"https:\/\/floore.se\/en\/products\/larger-areas\/","url":"https:\/\/floore.se\/en\/products\/larger-areas\/","name":"Floor\u00e9 projekt - St\u00f6rre golvv\u00e4rme l\u00f6sning - Floor\u00e9 v\u00e4rmegolv","isPartOf":{"@id":"https:\/\/floore.se\/#website"},"datePublished":"2014-02-27T12:10:08+00:00","dateModified":"2024-03-12T09:43:32+00:00","description":"V\u00e5ra golvv\u00e4rme experter hj\u00e4lper dig att projektera st\u00f6rre installationer av vattenburen golvv\u00e4rme med ritning, offert och val av produkter.","breadcrumb":{"@id":"https:\/\/floore.se\/en\/products\/larger-areas\/#breadcrumb"},"inLanguage":"en-US","potentialAction":[{"@type":"ReadAction","target":["https:\/\/floore.se\/en\/products\/larger-areas\/"]}]},{"@type":"BreadcrumbList","@id":"https:\/\/floore.se\/en\/products\/larger-areas\/#breadcrumb","itemListElement":[{"@type":"ListItem","position":1,"name":"Hem","item":"https:\/\/floore.se\/en\/golvvarme-unik-vattenburen-golvvarme-floore-varmegolv\/"},{"@type":"ListItem","position":2,"name":"Our products | Water-based underfloor heating","item":"https:\/\/floore.se\/en\/products\/"},{"@type":"ListItem","position":3,"name":"Underfloor heating at a square meter price"}]},{"@type":"WebSite","@id":"https:\/\/floore.se\/#website","url":"https:\/\/floore.se\/","name":"Floor\u00e9 V\u00e4rmegolv","description":"Vattenburen golvv\u00e4rme \u2013 ett av marknadens tunnaste","potentialAction":[{"@type":"SearchAction","target":{"@type":"EntryPoint","urlTemplate":"https:\/\/floore.se\/?s={search_term_string}"},"query-input":{"@type":"PropertyValueSpecification","valueRequired":true,"valueName":"search_term_string"}}],"inLanguage":"en-US"}]}},"_links":{"self":[{"href":"https:\/\/floore.se\/en\/wp-json\/wp\/v2\/pages\/9391","targetHints":{"allow":["GET"]}}],"collection":[{"href":"https:\/\/floore.se\/en\/wp-json\/wp\/v2\/pages"}],"about":[{"href":"https:\/\/floore.se\/en\/wp-json\/wp\/v2\/types\/page"}],"author":[{"embeddable":true,"href":"https:\/\/floore.se\/en\/wp-json\/wp\/v2\/users\/3"}],"replies":[{"embeddable":true,"href":"https:\/\/floore.se\/en\/wp-json\/wp\/v2\/comments?post=9391"}],"version-history":[{"count":10,"href":"https:\/\/floore.se\/en\/wp-json\/wp\/v2\/pages\/9391\/revisions"}],"predecessor-version":[{"id":18518,"href":"https:\/\/floore.se\/en\/wp-json\/wp\/v2\/pages\/9391\/revisions\/18518"}],"up":[{"embeddable":true,"href":"https:\/\/floore.se\/en\/wp-json\/wp\/v2\/pages\/9475"}],"wp:attachment":[{"href":"https:\/\/floore.se\/en\/wp-json\/wp\/v2\/media?parent=9391"}],"curies":[{"name":"wp","href":"https:\/\/api.w.org\/{rel}","templated":true}]}}