{"id":9390,"date":"2014-02-24T11:40:42","date_gmt":"2014-02-24T10:40:42","guid":{"rendered":"https:\/\/floore.se\/vattenburen-golvvarme\/"},"modified":"2026-01-07T10:28:41","modified_gmt":"2026-01-07T09:28:41","slug":"kit-water-based-underfloor-heating","status":"publish","type":"page","link":"https:\/\/floore.se\/en\/products\/kit-water-based-underfloor-heating\/","title":{"rendered":"Floor\u00e9 Kit \u2013 with panels"},"content":{"rendered":"<div id=\"cs-content\" class=\"cs-content\"><\/div>\n","protected":false},"excerpt":{"rendered":"<p>Floor\u00e9 Kit \u2013 with panels Water-based underfloor heating \u2013 Complete kit pack for areas up to 24 m2 Floor\u00e9 Kits are construction kits specially designed for those who want to lay water-based underfloor heating themselves in individual rooms with floor areas up to 24 m\u00b2. Floor\u00e9 Kits come in three sizes: 6 m\u00b2, 9 m\u00b2, and 12 m\u00b2. If you &#8230; <a href=\"https:\/\/floore.se\/en\/products\/kit-water-based-underfloor-heating\/\" class=\"more-link\">Read More<\/a><\/p>\n","protected":false},"author":3,"featured_media":0,"parent":9475,"menu_order":0,"comment_status":"closed","ping_status":"open","template":"template-blank-4.php","meta":{"_acf_changed":false,"footnotes":""},"class_list":["post-9390","page","type-page","status-publish","hentry","no-post-thumbnail"],"acf":[],"yoast_head":"<!-- This site is optimized with the Yoast SEO Premium plugin v26.3 (Yoast SEO v27.5) - https:\/\/yoast.com\/product\/yoast-seo-premium-wordpress\/ -->\n<title>Vattenburen golvv\u00e4rme paket - F\u00e4rdiga golvv\u00e4rmepaket | Floor\u00e9<\/title>\n<meta name=\"description\" content=\"Vattenburen golvv\u00e4rme som du enkelt l\u00e4gger sj\u00e4lv. Floor\u00e9 erbjuder g\u00f6r-det-sj\u00e4lv paket upp till 36 kvm som inneh\u00e5ller material och utf\u00f6rlig monteringsmanual.\" \/>\n<meta name=\"robots\" content=\"index, follow, max-snippet:-1, max-image-preview:large, max-video-preview:-1\" \/>\n<link rel=\"canonical\" href=\"https:\/\/floore.se\/en\/products\/kit-water-based-underfloor-heating\/\" \/>\n<meta property=\"og:locale\" content=\"en_US\" \/>\n<meta property=\"og:type\" content=\"article\" \/>\n<meta property=\"og:title\" content=\"Floor\u00e9 Kit \u2013 with panels\" \/>\n<meta property=\"og:description\" content=\"Vattenburen golvv\u00e4rme som du enkelt l\u00e4gger sj\u00e4lv. Floor\u00e9 erbjuder g\u00f6r-det-sj\u00e4lv paket upp till 36 kvm som inneh\u00e5ller material och utf\u00f6rlig monteringsmanual.\" \/>\n<meta property=\"og:url\" content=\"https:\/\/floore.se\/en\/products\/kit-water-based-underfloor-heating\/\" \/>\n<meta property=\"og:site_name\" content=\"Floor\u00e9 V\u00e4rmegolv\" \/>\n<meta property=\"article:modified_time\" content=\"2026-01-07T09:28:41+00:00\" \/>\n<meta name=\"twitter:label1\" content=\"Est. reading time\" \/>\n\t<meta name=\"twitter:data1\" content=\"13 minutes\" \/>\n<script type=\"application\/ld+json\" class=\"yoast-schema-graph\">{\"@context\":\"https:\\\/\\\/schema.org\",\"@graph\":[{\"@type\":\"WebPage\",\"@id\":\"https:\\\/\\\/floore.se\\\/en\\\/products\\\/kit-water-based-underfloor-heating\\\/\",\"url\":\"https:\\\/\\\/floore.se\\\/en\\\/products\\\/kit-water-based-underfloor-heating\\\/\",\"name\":\"Vattenburen golvv\u00e4rme paket - F\u00e4rdiga golvv\u00e4rmepaket | Floor\u00e9\",\"isPartOf\":{\"@id\":\"https:\\\/\\\/floore.se\\\/#website\"},\"datePublished\":\"2014-02-24T10:40:42+00:00\",\"dateModified\":\"2026-01-07T09:28:41+00:00\",\"description\":\"Vattenburen golvv\u00e4rme som du enkelt l\u00e4gger sj\u00e4lv. Floor\u00e9 erbjuder g\u00f6r-det-sj\u00e4lv paket upp till 36 kvm som inneh\u00e5ller material och utf\u00f6rlig monteringsmanual.\",\"breadcrumb\":{\"@id\":\"https:\\\/\\\/floore.se\\\/en\\\/products\\\/kit-water-based-underfloor-heating\\\/#breadcrumb\"},\"inLanguage\":\"en-US\",\"potentialAction\":[{\"@type\":\"ReadAction\",\"target\":[\"https:\\\/\\\/floore.se\\\/en\\\/products\\\/kit-water-based-underfloor-heating\\\/\"]}]},{\"@type\":\"BreadcrumbList\",\"@id\":\"https:\\\/\\\/floore.se\\\/en\\\/products\\\/kit-water-based-underfloor-heating\\\/#breadcrumb\",\"itemListElement\":[{\"@type\":\"ListItem\",\"position\":1,\"name\":\"Hem\",\"item\":\"https:\\\/\\\/floore.se\\\/en\\\/golvvarme-unik-vattenburen-golvvarme-floore-varmegolv\\\/\"},{\"@type\":\"ListItem\",\"position\":2,\"name\":\"Our products | Water-based underfloor heating\",\"item\":\"https:\\\/\\\/floore.se\\\/en\\\/products\\\/\"},{\"@type\":\"ListItem\",\"position\":3,\"name\":\"Floor\u00e9 Kit \u2013 with panels\"}]},{\"@type\":\"WebSite\",\"@id\":\"https:\\\/\\\/floore.se\\\/#website\",\"url\":\"https:\\\/\\\/floore.se\\\/\",\"name\":\"Floor\u00e9 V\u00e4rmegolv\",\"description\":\"Vattenburen golvv\u00e4rme \u2013 ett av marknadens tunnaste\",\"potentialAction\":[{\"@type\":\"SearchAction\",\"target\":{\"@type\":\"EntryPoint\",\"urlTemplate\":\"https:\\\/\\\/floore.se\\\/?s={search_term_string}\"},\"query-input\":{\"@type\":\"PropertyValueSpecification\",\"valueRequired\":true,\"valueName\":\"search_term_string\"}}],\"inLanguage\":\"en-US\"}]}<\/script>\n<!-- \/ Yoast SEO Premium plugin. -->","yoast_head_json":{"title":"Vattenburen golvv\u00e4rme paket - F\u00e4rdiga golvv\u00e4rmepaket | Floor\u00e9","description":"Vattenburen golvv\u00e4rme som du enkelt l\u00e4gger sj\u00e4lv. Floor\u00e9 erbjuder g\u00f6r-det-sj\u00e4lv paket upp till 36 kvm som inneh\u00e5ller material och utf\u00f6rlig monteringsmanual.","robots":{"index":"index","follow":"follow","max-snippet":"max-snippet:-1","max-image-preview":"max-image-preview:large","max-video-preview":"max-video-preview:-1"},"canonical":"https:\/\/floore.se\/en\/products\/kit-water-based-underfloor-heating\/","og_locale":"en_US","og_type":"article","og_title":"Floor\u00e9 Kit \u2013 with panels","og_description":"Vattenburen golvv\u00e4rme som du enkelt l\u00e4gger sj\u00e4lv. Floor\u00e9 erbjuder g\u00f6r-det-sj\u00e4lv paket upp till 36 kvm som inneh\u00e5ller material och utf\u00f6rlig monteringsmanual.","og_url":"https:\/\/floore.se\/en\/products\/kit-water-based-underfloor-heating\/","og_site_name":"Floor\u00e9 V\u00e4rmegolv","article_modified_time":"2026-01-07T09:28:41+00:00","twitter_misc":{"Est. reading time":"13 minutes"},"schema":{"@context":"https:\/\/schema.org","@graph":[{"@type":"WebPage","@id":"https:\/\/floore.se\/en\/products\/kit-water-based-underfloor-heating\/","url":"https:\/\/floore.se\/en\/products\/kit-water-based-underfloor-heating\/","name":"Vattenburen golvv\u00e4rme paket - F\u00e4rdiga golvv\u00e4rmepaket | Floor\u00e9","isPartOf":{"@id":"https:\/\/floore.se\/#website"},"datePublished":"2014-02-24T10:40:42+00:00","dateModified":"2026-01-07T09:28:41+00:00","description":"Vattenburen golvv\u00e4rme som du enkelt l\u00e4gger sj\u00e4lv. Floor\u00e9 erbjuder g\u00f6r-det-sj\u00e4lv paket upp till 36 kvm som inneh\u00e5ller material och utf\u00f6rlig monteringsmanual.","breadcrumb":{"@id":"https:\/\/floore.se\/en\/products\/kit-water-based-underfloor-heating\/#breadcrumb"},"inLanguage":"en-US","potentialAction":[{"@type":"ReadAction","target":["https:\/\/floore.se\/en\/products\/kit-water-based-underfloor-heating\/"]}]},{"@type":"BreadcrumbList","@id":"https:\/\/floore.se\/en\/products\/kit-water-based-underfloor-heating\/#breadcrumb","itemListElement":[{"@type":"ListItem","position":1,"name":"Hem","item":"https:\/\/floore.se\/en\/golvvarme-unik-vattenburen-golvvarme-floore-varmegolv\/"},{"@type":"ListItem","position":2,"name":"Our products | Water-based underfloor heating","item":"https:\/\/floore.se\/en\/products\/"},{"@type":"ListItem","position":3,"name":"Floor\u00e9 Kit \u2013 with panels"}]},{"@type":"WebSite","@id":"https:\/\/floore.se\/#website","url":"https:\/\/floore.se\/","name":"Floor\u00e9 V\u00e4rmegolv","description":"Vattenburen golvv\u00e4rme \u2013 ett av marknadens tunnaste","potentialAction":[{"@type":"SearchAction","target":{"@type":"EntryPoint","urlTemplate":"https:\/\/floore.se\/?s={search_term_string}"},"query-input":{"@type":"PropertyValueSpecification","valueRequired":true,"valueName":"search_term_string"}}],"inLanguage":"en-US"}]}},"_links":{"self":[{"href":"https:\/\/floore.se\/en\/wp-json\/wp\/v2\/pages\/9390","targetHints":{"allow":["GET"]}}],"collection":[{"href":"https:\/\/floore.se\/en\/wp-json\/wp\/v2\/pages"}],"about":[{"href":"https:\/\/floore.se\/en\/wp-json\/wp\/v2\/types\/page"}],"author":[{"embeddable":true,"href":"https:\/\/floore.se\/en\/wp-json\/wp\/v2\/users\/3"}],"replies":[{"embeddable":true,"href":"https:\/\/floore.se\/en\/wp-json\/wp\/v2\/comments?post=9390"}],"version-history":[{"count":11,"href":"https:\/\/floore.se\/en\/wp-json\/wp\/v2\/pages\/9390\/revisions"}],"predecessor-version":[{"id":20237,"href":"https:\/\/floore.se\/en\/wp-json\/wp\/v2\/pages\/9390\/revisions\/20237"}],"up":[{"embeddable":true,"href":"https:\/\/floore.se\/en\/wp-json\/wp\/v2\/pages\/9475"}],"wp:attachment":[{"href":"https:\/\/floore.se\/en\/wp-json\/wp\/v2\/media?parent=9390"}],"curies":[{"name":"wp","href":"https:\/\/api.w.org\/{rel}","templated":true}]}}