{"id":11178,"date":"2019-11-14T11:33:20","date_gmt":"2019-11-14T10:33:20","guid":{"rendered":"https:\/\/floore.se\/?page_id=11178"},"modified":"2019-11-14T11:38:08","modified_gmt":"2019-11-14T10:38:08","slug":"installation-of-homevap-humidifier","status":"publish","type":"page","link":"https:\/\/floore.se\/en\/installation-of-homevap-humidifier\/","title":{"rendered":"Installation of HomEvap Humidifier"},"content":{"rendered":"<div id=\"cs-content\" class=\"cs-content\"><\/div>\n","protected":false},"excerpt":{"rendered":"<p>This is how HomEvap humidifiers work in your home The cold in Scandinavia during the winter season creates very dry air in our homes. When it gets colder than 5\u00b0C outside, the moisture content of the outdoor air drops. During the wintertime when we take in the cold, dry air in our homes and heat it up, the relative moisture &#8230; <a href=\"https:\/\/floore.se\/en\/installation-of-homevap-humidifier\/\" class=\"more-link\">Read More<\/a><\/p>\n","protected":false},"author":3,"featured_media":0,"parent":0,"menu_order":0,"comment_status":"closed","ping_status":"closed","template":"template-blank-4.php","meta":{"_acf_changed":false,"footnotes":""},"class_list":["post-11178","page","type-page","status-publish","hentry","no-post-thumbnail"],"acf":[],"yoast_head":"<!-- This site is optimized with the Yoast SEO Premium plugin v26.3 (Yoast SEO v27.5) - https:\/\/yoast.com\/product\/yoast-seo-premium-wordpress\/ -->\n<title>Installation of HomEvap Humidifier &#8211; Floor\u00e9 V\u00e4rmegolv<\/title>\n<meta name=\"robots\" content=\"index, follow, max-snippet:-1, max-image-preview:large, max-video-preview:-1\" \/>\n<link rel=\"canonical\" href=\"https:\/\/floore.se\/en\/installation-of-homevap-humidifier\/\" \/>\n<meta property=\"og:locale\" content=\"en_US\" \/>\n<meta property=\"og:type\" content=\"article\" \/>\n<meta property=\"og:title\" content=\"Installation of HomEvap Humidifier\" \/>\n<meta property=\"og:description\" content=\"This is how HomEvap humidifiers work in your home The cold in Scandinavia during the winter season creates very dry air in our homes. When it gets colder than 5\u00b0C outside, the moisture content of the outdoor air drops. During the wintertime when we take in the cold, dry air in our homes and heat it up, the relative moisture ... Read More\" \/>\n<meta property=\"og:url\" content=\"https:\/\/floore.se\/en\/installation-of-homevap-humidifier\/\" \/>\n<meta property=\"og:site_name\" content=\"Floor\u00e9 V\u00e4rmegolv\" \/>\n<meta property=\"article:modified_time\" content=\"2019-11-14T10:38:08+00:00\" \/>\n<script type=\"application\/ld+json\" class=\"yoast-schema-graph\">{\"@context\":\"https:\\\/\\\/schema.org\",\"@graph\":[{\"@type\":\"WebPage\",\"@id\":\"https:\\\/\\\/floore.se\\\/en\\\/installation-of-homevap-humidifier\\\/\",\"url\":\"https:\\\/\\\/floore.se\\\/en\\\/installation-of-homevap-humidifier\\\/\",\"name\":\"Installation of HomEvap Humidifier &#8211; Floor\u00e9 V\u00e4rmegolv\",\"isPartOf\":{\"@id\":\"https:\\\/\\\/floore.se\\\/#website\"},\"datePublished\":\"2019-11-14T10:33:20+00:00\",\"dateModified\":\"2019-11-14T10:38:08+00:00\",\"breadcrumb\":{\"@id\":\"https:\\\/\\\/floore.se\\\/en\\\/installation-of-homevap-humidifier\\\/#breadcrumb\"},\"inLanguage\":\"en-US\",\"potentialAction\":[{\"@type\":\"ReadAction\",\"target\":[\"https:\\\/\\\/floore.se\\\/en\\\/installation-of-homevap-humidifier\\\/\"]}]},{\"@type\":\"BreadcrumbList\",\"@id\":\"https:\\\/\\\/floore.se\\\/en\\\/installation-of-homevap-humidifier\\\/#breadcrumb\",\"itemListElement\":[{\"@type\":\"ListItem\",\"position\":1,\"name\":\"Hem\",\"item\":\"https:\\\/\\\/floore.se\\\/en\\\/golvvarme-unik-vattenburen-golvvarme-floore-varmegolv\\\/\"},{\"@type\":\"ListItem\",\"position\":2,\"name\":\"Installation of HomEvap Humidifier\"}]},{\"@type\":\"WebSite\",\"@id\":\"https:\\\/\\\/floore.se\\\/#website\",\"url\":\"https:\\\/\\\/floore.se\\\/\",\"name\":\"Floor\u00e9 V\u00e4rmegolv\",\"description\":\"Vattenburen golvv\u00e4rme \u2013 ett av marknadens tunnaste\",\"potentialAction\":[{\"@type\":\"SearchAction\",\"target\":{\"@type\":\"EntryPoint\",\"urlTemplate\":\"https:\\\/\\\/floore.se\\\/?s={search_term_string}\"},\"query-input\":{\"@type\":\"PropertyValueSpecification\",\"valueRequired\":true,\"valueName\":\"search_term_string\"}}],\"inLanguage\":\"en-US\"}]}<\/script>\n<!-- \/ Yoast SEO Premium plugin. -->","yoast_head_json":{"title":"Installation of HomEvap Humidifier &#8211; Floor\u00e9 V\u00e4rmegolv","robots":{"index":"index","follow":"follow","max-snippet":"max-snippet:-1","max-image-preview":"max-image-preview:large","max-video-preview":"max-video-preview:-1"},"canonical":"https:\/\/floore.se\/en\/installation-of-homevap-humidifier\/","og_locale":"en_US","og_type":"article","og_title":"Installation of HomEvap Humidifier","og_description":"This is how HomEvap humidifiers work in your home The cold in Scandinavia during the winter season creates very dry air in our homes. When it gets colder than 5\u00b0C outside, the moisture content of the outdoor air drops. During the wintertime when we take in the cold, dry air in our homes and heat it up, the relative moisture ... Read More","og_url":"https:\/\/floore.se\/en\/installation-of-homevap-humidifier\/","og_site_name":"Floor\u00e9 V\u00e4rmegolv","article_modified_time":"2019-11-14T10:38:08+00:00","schema":{"@context":"https:\/\/schema.org","@graph":[{"@type":"WebPage","@id":"https:\/\/floore.se\/en\/installation-of-homevap-humidifier\/","url":"https:\/\/floore.se\/en\/installation-of-homevap-humidifier\/","name":"Installation of HomEvap Humidifier &#8211; Floor\u00e9 V\u00e4rmegolv","isPartOf":{"@id":"https:\/\/floore.se\/#website"},"datePublished":"2019-11-14T10:33:20+00:00","dateModified":"2019-11-14T10:38:08+00:00","breadcrumb":{"@id":"https:\/\/floore.se\/en\/installation-of-homevap-humidifier\/#breadcrumb"},"inLanguage":"en-US","potentialAction":[{"@type":"ReadAction","target":["https:\/\/floore.se\/en\/installation-of-homevap-humidifier\/"]}]},{"@type":"BreadcrumbList","@id":"https:\/\/floore.se\/en\/installation-of-homevap-humidifier\/#breadcrumb","itemListElement":[{"@type":"ListItem","position":1,"name":"Hem","item":"https:\/\/floore.se\/en\/golvvarme-unik-vattenburen-golvvarme-floore-varmegolv\/"},{"@type":"ListItem","position":2,"name":"Installation of HomEvap Humidifier"}]},{"@type":"WebSite","@id":"https:\/\/floore.se\/#website","url":"https:\/\/floore.se\/","name":"Floor\u00e9 V\u00e4rmegolv","description":"Vattenburen golvv\u00e4rme \u2013 ett av marknadens tunnaste","potentialAction":[{"@type":"SearchAction","target":{"@type":"EntryPoint","urlTemplate":"https:\/\/floore.se\/?s={search_term_string}"},"query-input":{"@type":"PropertyValueSpecification","valueRequired":true,"valueName":"search_term_string"}}],"inLanguage":"en-US"}]}},"_links":{"self":[{"href":"https:\/\/floore.se\/en\/wp-json\/wp\/v2\/pages\/11178","targetHints":{"allow":["GET"]}}],"collection":[{"href":"https:\/\/floore.se\/en\/wp-json\/wp\/v2\/pages"}],"about":[{"href":"https:\/\/floore.se\/en\/wp-json\/wp\/v2\/types\/page"}],"author":[{"embeddable":true,"href":"https:\/\/floore.se\/en\/wp-json\/wp\/v2\/users\/3"}],"replies":[{"embeddable":true,"href":"https:\/\/floore.se\/en\/wp-json\/wp\/v2\/comments?post=11178"}],"version-history":[{"count":2,"href":"https:\/\/floore.se\/en\/wp-json\/wp\/v2\/pages\/11178\/revisions"}],"predecessor-version":[{"id":11180,"href":"https:\/\/floore.se\/en\/wp-json\/wp\/v2\/pages\/11178\/revisions\/11180"}],"wp:attachment":[{"href":"https:\/\/floore.se\/en\/wp-json\/wp\/v2\/media?parent=11178"}],"curies":[{"name":"wp","href":"https:\/\/api.w.org\/{rel}","templated":true}]}}