{"id":11163,"date":"2019-11-14T10:26:22","date_gmt":"2019-11-14T09:26:22","guid":{"rendered":"https:\/\/floore.se\/homevap-naturlig-luftfuktare-for-ett-halsosamt-hem\/"},"modified":"2019-11-14T12:00:02","modified_gmt":"2019-11-14T11:00:02","slug":"homevap-home-air-humidity","status":"publish","type":"page","link":"https:\/\/floore.se\/en\/homevap-home-air-humidity\/","title":{"rendered":"HomEvap keeps the optimal air humidity in your home."},"content":{"rendered":"<div id=\"cs-content\" class=\"cs-content\"><\/div>\n","protected":false},"excerpt":{"rendered":"<p>The optimal air humidity makes your home healthier HomEvap keeps the optimal air humidity in your home. The right air humidity is more important than you think. Improved health and comfort HomEvap is a preventive measure against the most common human diseases: the viral respiratory infections such as colds and influenza. HomEvap facilitates breathing, reduces asthma and allergy problems in &#8230; <a href=\"https:\/\/floore.se\/en\/homevap-home-air-humidity\/\" class=\"more-link\">Read More<\/a><\/p>\n","protected":false},"author":3,"featured_media":0,"parent":0,"menu_order":0,"comment_status":"closed","ping_status":"closed","template":"template-blank-4.php","meta":{"_acf_changed":false,"footnotes":""},"class_list":["post-11163","page","type-page","status-publish","hentry","no-post-thumbnail"],"acf":[],"yoast_head":"<!-- This site is optimized with the Yoast SEO Premium plugin v26.3 (Yoast SEO v27.3) - https:\/\/yoast.com\/product\/yoast-seo-premium-wordpress\/ -->\n<title>HomEvap keeps the optimal air humidity in your home. &#8211; Floor\u00e9 V\u00e4rmegolv<\/title>\n<meta name=\"robots\" content=\"index, follow, max-snippet:-1, max-image-preview:large, max-video-preview:-1\" \/>\n<link rel=\"canonical\" href=\"https:\/\/floore.se\/en\/homevap-home-air-humidity\/\" \/>\n<meta property=\"og:locale\" content=\"en_US\" \/>\n<meta property=\"og:type\" content=\"article\" \/>\n<meta property=\"og:title\" content=\"HomEvap keeps the optimal air humidity in your home.\" \/>\n<meta property=\"og:description\" content=\"The optimal air humidity makes your home healthier HomEvap keeps the optimal air humidity in your home. The right air humidity is more important than you think. Improved health and comfort HomEvap is a preventive measure against the most common human diseases: the viral respiratory infections such as colds and influenza. HomEvap facilitates breathing, reduces asthma and allergy problems in ... Read More\" \/>\n<meta property=\"og:url\" content=\"https:\/\/floore.se\/en\/homevap-home-air-humidity\/\" \/>\n<meta property=\"og:site_name\" content=\"Floor\u00e9 V\u00e4rmegolv\" \/>\n<meta property=\"article:modified_time\" content=\"2019-11-14T11:00:02+00:00\" \/>\n<meta name=\"twitter:label1\" content=\"Est. reading time\" \/>\n\t<meta name=\"twitter:data1\" content=\"1 minute\" \/>\n<script type=\"application\/ld+json\" class=\"yoast-schema-graph\">{\"@context\":\"https:\\\/\\\/schema.org\",\"@graph\":[{\"@type\":\"WebPage\",\"@id\":\"https:\\\/\\\/floore.se\\\/en\\\/homevap-home-air-humidity\\\/\",\"url\":\"https:\\\/\\\/floore.se\\\/en\\\/homevap-home-air-humidity\\\/\",\"name\":\"HomEvap keeps the optimal air humidity in your home. &#8211; Floor\u00e9 V\u00e4rmegolv\",\"isPartOf\":{\"@id\":\"https:\\\/\\\/floore.se\\\/#website\"},\"datePublished\":\"2019-11-14T09:26:22+00:00\",\"dateModified\":\"2019-11-14T11:00:02+00:00\",\"breadcrumb\":{\"@id\":\"https:\\\/\\\/floore.se\\\/en\\\/homevap-home-air-humidity\\\/#breadcrumb\"},\"inLanguage\":\"en-US\",\"potentialAction\":[{\"@type\":\"ReadAction\",\"target\":[\"https:\\\/\\\/floore.se\\\/en\\\/homevap-home-air-humidity\\\/\"]}]},{\"@type\":\"BreadcrumbList\",\"@id\":\"https:\\\/\\\/floore.se\\\/en\\\/homevap-home-air-humidity\\\/#breadcrumb\",\"itemListElement\":[{\"@type\":\"ListItem\",\"position\":1,\"name\":\"Hem\",\"item\":\"https:\\\/\\\/floore.se\\\/en\\\/golvvarme-unik-vattenburen-golvvarme-floore-varmegolv\\\/\"},{\"@type\":\"ListItem\",\"position\":2,\"name\":\"HomEvap keeps the optimal air humidity in your home.\"}]},{\"@type\":\"WebSite\",\"@id\":\"https:\\\/\\\/floore.se\\\/#website\",\"url\":\"https:\\\/\\\/floore.se\\\/\",\"name\":\"Floor\u00e9 V\u00e4rmegolv\",\"description\":\"Vattenburen golvv\u00e4rme \u2013 ett av marknadens tunnaste\",\"potentialAction\":[{\"@type\":\"SearchAction\",\"target\":{\"@type\":\"EntryPoint\",\"urlTemplate\":\"https:\\\/\\\/floore.se\\\/?s={search_term_string}\"},\"query-input\":{\"@type\":\"PropertyValueSpecification\",\"valueRequired\":true,\"valueName\":\"search_term_string\"}}],\"inLanguage\":\"en-US\"}]}<\/script>\n<!-- \/ Yoast SEO Premium plugin. -->","yoast_head_json":{"title":"HomEvap keeps the optimal air humidity in your home. &#8211; Floor\u00e9 V\u00e4rmegolv","robots":{"index":"index","follow":"follow","max-snippet":"max-snippet:-1","max-image-preview":"max-image-preview:large","max-video-preview":"max-video-preview:-1"},"canonical":"https:\/\/floore.se\/en\/homevap-home-air-humidity\/","og_locale":"en_US","og_type":"article","og_title":"HomEvap keeps the optimal air humidity in your home.","og_description":"The optimal air humidity makes your home healthier HomEvap keeps the optimal air humidity in your home. The right air humidity is more important than you think. Improved health and comfort HomEvap is a preventive measure against the most common human diseases: the viral respiratory infections such as colds and influenza. HomEvap facilitates breathing, reduces asthma and allergy problems in ... Read More","og_url":"https:\/\/floore.se\/en\/homevap-home-air-humidity\/","og_site_name":"Floor\u00e9 V\u00e4rmegolv","article_modified_time":"2019-11-14T11:00:02+00:00","twitter_misc":{"Est. reading time":"1 minute"},"schema":{"@context":"https:\/\/schema.org","@graph":[{"@type":"WebPage","@id":"https:\/\/floore.se\/en\/homevap-home-air-humidity\/","url":"https:\/\/floore.se\/en\/homevap-home-air-humidity\/","name":"HomEvap keeps the optimal air humidity in your home. &#8211; Floor\u00e9 V\u00e4rmegolv","isPartOf":{"@id":"https:\/\/floore.se\/#website"},"datePublished":"2019-11-14T09:26:22+00:00","dateModified":"2019-11-14T11:00:02+00:00","breadcrumb":{"@id":"https:\/\/floore.se\/en\/homevap-home-air-humidity\/#breadcrumb"},"inLanguage":"en-US","potentialAction":[{"@type":"ReadAction","target":["https:\/\/floore.se\/en\/homevap-home-air-humidity\/"]}]},{"@type":"BreadcrumbList","@id":"https:\/\/floore.se\/en\/homevap-home-air-humidity\/#breadcrumb","itemListElement":[{"@type":"ListItem","position":1,"name":"Hem","item":"https:\/\/floore.se\/en\/golvvarme-unik-vattenburen-golvvarme-floore-varmegolv\/"},{"@type":"ListItem","position":2,"name":"HomEvap keeps the optimal air humidity in your home."}]},{"@type":"WebSite","@id":"https:\/\/floore.se\/#website","url":"https:\/\/floore.se\/","name":"Floor\u00e9 V\u00e4rmegolv","description":"Vattenburen golvv\u00e4rme \u2013 ett av marknadens tunnaste","potentialAction":[{"@type":"SearchAction","target":{"@type":"EntryPoint","urlTemplate":"https:\/\/floore.se\/?s={search_term_string}"},"query-input":{"@type":"PropertyValueSpecification","valueRequired":true,"valueName":"search_term_string"}}],"inLanguage":"en-US"}]}},"_links":{"self":[{"href":"https:\/\/floore.se\/en\/wp-json\/wp\/v2\/pages\/11163","targetHints":{"allow":["GET"]}}],"collection":[{"href":"https:\/\/floore.se\/en\/wp-json\/wp\/v2\/pages"}],"about":[{"href":"https:\/\/floore.se\/en\/wp-json\/wp\/v2\/types\/page"}],"author":[{"embeddable":true,"href":"https:\/\/floore.se\/en\/wp-json\/wp\/v2\/users\/3"}],"replies":[{"embeddable":true,"href":"https:\/\/floore.se\/en\/wp-json\/wp\/v2\/comments?post=11163"}],"version-history":[{"count":3,"href":"https:\/\/floore.se\/en\/wp-json\/wp\/v2\/pages\/11163\/revisions"}],"predecessor-version":[{"id":11170,"href":"https:\/\/floore.se\/en\/wp-json\/wp\/v2\/pages\/11163\/revisions\/11170"}],"wp:attachment":[{"href":"https:\/\/floore.se\/en\/wp-json\/wp\/v2\/media?parent=11163"}],"curies":[{"name":"wp","href":"https:\/\/api.w.org\/{rel}","templated":true}]}}